{"id":25530,"date":"2022-03-30T09:23:18","date_gmt":"2022-03-30T09:23:18","guid":{"rendered":"https:\/\/www.erplybooks.com\/?page_id=25530"},"modified":"2023-07-05T12:26:43","modified_gmt":"2023-07-05T12:26:43","slug":"palgateatised","status":"publish","type":"page","link":"https:\/\/www.erplybooks.com\/et\/palgateatised\/","title":{"rendered":"Palgateatised"},"content":{"rendered":"<h3><span style=\"font-weight: 400;\">15. Palgateatised<\/span><\/h3>\n<p><span style=\"font-weight: 400;\">Palgateatise koostamiseks ava <strong>&#8220;Palk&#8221; &gt; &#8220;Palgaraport&#8221;<\/strong> ja tee topeltklikk valitud t\u00f6\u00f6taja peal. Avanenud aknas kuvatakse t\u00f6\u00f6taja palgakanded. Vali soovitud palgakande rida v\u00f5i mitu rida, tehes need siniseks ja vajuta <\/span><b>\u201cPrindi\u201d.<\/b><\/p>\n<p><img loading=\"lazy\" decoding=\"async\" class=\"alignnone wp-image-23737 size-full\" src=\"https:\/\/www.erplybooks.com\/wp-content\/uploads\/2021\/08\/Screenshot-2021-08-27-at-13.48.53.png\" alt=\"\" width=\"2728\" height=\"940\" srcset=\"https:\/\/www.erplybooks.com\/wp-content\/uploads\/2021\/08\/Screenshot-2021-08-27-at-13.48.53.png 2728w, https:\/\/www.erplybooks.com\/wp-content\/uploads\/2021\/08\/Screenshot-2021-08-27-at-13.48.53-1280x441.png 1280w, https:\/\/www.erplybooks.com\/wp-content\/uploads\/2021\/08\/Screenshot-2021-08-27-at-13.48.53-980x338.png 980w, https:\/\/www.erplybooks.com\/wp-content\/uploads\/2021\/08\/Screenshot-2021-08-27-at-13.48.53-480x165.png 480w\" sizes=\"auto, (min-width: 0px) and (max-width: 480px) 480px, (min-width: 481px) and (max-width: 980px) 980px, (min-width: 981px) and (max-width: 1280px) 1280px, (min-width: 1281px) 2728px, 100vw\" \/><\/p>\n<p><span style=\"font-weight: 400;\">Seej\u00e4rel avaneb uus leht t\u00f6\u00f6taja palgateatisega, mille saad PDF failina alla laadida ja t\u00f6\u00f6tajale saata.<\/span><\/p>\n<p>Kui soovid palgateatised k\u00f5igile t\u00f6\u00f6tajatele korraga saata, siis peale palgaarvestuse salvestamist avaneb aken, kus tuleb vajutada <strong>&#8220;E-mail&#8221;\u00a0<\/strong>nupule. Kui soovid hiljem v\u00e4lja saata palgateatised, siis saad seda samuti teha &#8220;Muuda&#8221; nupu kaudu (Veel &gt; e-mail)<\/p>\n<p><img loading=\"lazy\" decoding=\"async\" class=\"alignnone wp-image-23744\" src=\"https:\/\/www.erplybooks.com\/wp-content\/uploads\/2021\/08\/Screenshot-2021-08-27-at-14.40.21.png\" alt=\"\" width=\"400\" height=\"366\" \/><\/p>\n<p>J\u00e4rgneval lehel saad \u00fcle kontrollida k\u00f5ik palgateatised, vajutades iga t\u00f6\u00f6taja nime peal. Kui on t\u00f6\u00f6tajaid, kellel pole meiliaadressi kontaktikaardil m\u00e4\u00e4ratud, siis nende palgateatised laaditakse PDF failina alla. Seej\u00e4rel v\u00f5ib vajutada <strong>&#8220;Saada&#8221;<\/strong> nuppu.<\/p>\n<p>Kui soovid palgateatised hiljem saata, siis ava palgaraport, t<span style=\"font-weight: 400;\">ee alates ja kuni kuup\u00e4evad t\u00fchjaks, vali\u00a0<\/span><b>&#8220;Makse kuup\u00e4ev &#8211; Alates&#8221;<\/b><span style=\"font-weight: 400;\"> ja <\/span><b>&#8220;Makse kuup\u00e4ev &#8211; Kuni&#8221; <\/b><span style=\"font-weight: 400;\">ja vajuta <strong>&#8220;Otsi&#8221;<\/strong> nuppu ja siis <\/span><b>&#8220;Muuda&#8221;<\/b><span style=\"font-weight: 400;\"> nuppu. Siit saad alamen\u00fc\u00fcst valida <strong>&#8220;Veel&#8221; &gt; &#8220;E-mail&#8221;.<\/strong><\/span><\/p>\n<p>Kui soovid palgateatise saata ainult \u00fchele t\u00f6\u00f6tajale, siis toimi samamoodi, aga palgaraportit avades vali ka <strong>&#8220;T\u00f6\u00f6taja&#8221;.<\/strong><\/p>\n<p>&nbsp;<\/p>\n","protected":false},"excerpt":{"rendered":"<p>15. Palgateatised Palgateatise koostamiseks ava &#8220;Palk&#8221; &gt; &#8220;Palgaraport&#8221; ja tee topeltklikk valitud t\u00f6\u00f6taja peal. Avanenud aknas kuvatakse t\u00f6\u00f6taja palgakanded. Vali soovitud palgakande rida v\u00f5i mitu rida, tehes need siniseks ja vajuta \u201cPrindi\u201d. Seej\u00e4rel avaneb uus leht t\u00f6\u00f6taja palgateatisega, mille saad PDF failina alla laadida ja t\u00f6\u00f6tajale saata. Kui soovid palgateatised k\u00f5igile t\u00f6\u00f6tajatele korraga saata, siis [&hellip;]<\/p>\n","protected":false},"author":14,"featured_media":0,"parent":0,"menu_order":0,"comment_status":"closed","ping_status":"closed","template":"","meta":{"_et_pb_use_builder":"","_et_pb_old_content":"","_et_gb_content_width":"","footnotes":""},"categories":[457],"tags":[147,666],"class_list":["post-25530","page","type-page","status-publish","hentry","category-palk","tag-palk","tag-teatis"],"_links":{"self":[{"href":"https:\/\/www.erplybooks.com\/et\/wp-json\/wp\/v2\/pages\/25530","targetHints":{"allow":["GET"]}}],"collection":[{"href":"https:\/\/www.erplybooks.com\/et\/wp-json\/wp\/v2\/pages"}],"about":[{"href":"https:\/\/www.erplybooks.com\/et\/wp-json\/wp\/v2\/types\/page"}],"author":[{"embeddable":true,"href":"https:\/\/www.erplybooks.com\/et\/wp-json\/wp\/v2\/users\/14"}],"replies":[{"embeddable":true,"href":"https:\/\/www.erplybooks.com\/et\/wp-json\/wp\/v2\/comments?post=25530"}],"version-history":[{"count":0,"href":"https:\/\/www.erplybooks.com\/et\/wp-json\/wp\/v2\/pages\/25530\/revisions"}],"wp:attachment":[{"href":"https:\/\/www.erplybooks.com\/et\/wp-json\/wp\/v2\/media?parent=25530"}],"wp:term":[{"taxonomy":"category","embeddable":true,"href":"https:\/\/www.erplybooks.com\/et\/wp-json\/wp\/v2\/categories?post=25530"},{"taxonomy":"post_tag","embeddable":true,"href":"https:\/\/www.erplybooks.com\/et\/wp-json\/wp\/v2\/tags?post=25530"}],"curies":[{"name":"wp","href":"https:\/\/api.w.org\/{rel}","templated":true}]}}