{"id":25526,"date":"2022-03-30T09:13:05","date_gmt":"2022-03-30T09:13:05","guid":{"rendered":"https:\/\/www.erplybooks.com\/?page_id=25526"},"modified":"2023-07-05T12:21:03","modified_gmt":"2023-07-05T12:21:03","slug":"palgakannete-vaatamine","status":"publish","type":"page","link":"https:\/\/www.erplybooks.com\/et\/palgakannete-vaatamine\/","title":{"rendered":"Palgakannete vaatamine"},"content":{"rendered":"<h3><strong>12. Palgakannete vaatamine<\/strong><\/h3>\n<p>Salvestatud kandeid saab vaadata, kui avad <strong>&#8220;RMP&#8221; &gt; &#8220;Kanded&#8221;.\u00a0<\/strong>Vali t\u00fc\u00fcbiks <strong>&#8220;Palgakanded&#8221;<\/strong>, m\u00e4\u00e4ra periood ja vajuta <strong>&#8220;Otsi&#8221;<\/strong> nuppu<\/p>\n<p>&nbsp;<\/p>\n<p><img loading=\"lazy\" decoding=\"async\" class=\"alignnone wp-image-23827\" src=\"https:\/\/www.erplybooks.com\/wp-content\/uploads\/2021\/08\/Screenshot-2021-08-30-at-13.32.43-1.png\" alt=\"\" width=\"733\" height=\"282\" \/><\/p>\n<p>&nbsp;<\/p>\n","protected":false},"excerpt":{"rendered":"<p>12. Palgakannete vaatamine Salvestatud kandeid saab vaadata, kui avad &#8220;RMP&#8221; &gt; &#8220;Kanded&#8221;.\u00a0Vali t\u00fc\u00fcbiks &#8220;Palgakanded&#8221;, m\u00e4\u00e4ra periood ja vajuta &#8220;Otsi&#8221; nuppu &nbsp; &nbsp;<\/p>\n","protected":false},"author":14,"featured_media":0,"parent":0,"menu_order":0,"comment_status":"closed","ping_status":"closed","template":"","meta":{"_et_pb_use_builder":"","_et_pb_old_content":"","_et_gb_content_width":"","footnotes":""},"categories":[457],"tags":[561,147],"class_list":["post-25526","page","type-page","status-publish","hentry","category-palk","tag-kanded","tag-palk"],"_links":{"self":[{"href":"https:\/\/www.erplybooks.com\/et\/wp-json\/wp\/v2\/pages\/25526","targetHints":{"allow":["GET"]}}],"collection":[{"href":"https:\/\/www.erplybooks.com\/et\/wp-json\/wp\/v2\/pages"}],"about":[{"href":"https:\/\/www.erplybooks.com\/et\/wp-json\/wp\/v2\/types\/page"}],"author":[{"embeddable":true,"href":"https:\/\/www.erplybooks.com\/et\/wp-json\/wp\/v2\/users\/14"}],"replies":[{"embeddable":true,"href":"https:\/\/www.erplybooks.com\/et\/wp-json\/wp\/v2\/comments?post=25526"}],"version-history":[{"count":0,"href":"https:\/\/www.erplybooks.com\/et\/wp-json\/wp\/v2\/pages\/25526\/revisions"}],"wp:attachment":[{"href":"https:\/\/www.erplybooks.com\/et\/wp-json\/wp\/v2\/media?parent=25526"}],"wp:term":[{"taxonomy":"category","embeddable":true,"href":"https:\/\/www.erplybooks.com\/et\/wp-json\/wp\/v2\/categories?post=25526"},{"taxonomy":"post_tag","embeddable":true,"href":"https:\/\/www.erplybooks.com\/et\/wp-json\/wp\/v2\/tags?post=25526"}],"curies":[{"name":"wp","href":"https:\/\/api.w.org\/{rel}","templated":true}]}}