{"id":25518,"date":"2022-03-30T09:07:24","date_gmt":"2022-03-30T09:07:24","guid":{"rendered":"https:\/\/www.erplybooks.com\/?page_id=25518"},"modified":"2023-07-05T12:26:15","modified_gmt":"2023-07-05T12:26:15","slug":"palgamaksude-kontod","status":"publish","type":"page","link":"https:\/\/www.erplybooks.com\/et\/palgamaksude-kontod\/","title":{"rendered":"Palgamaksude kontod"},"content":{"rendered":"<h3><span style=\"font-weight: 400;\">5. Palgamaksude kontod<\/span><\/h3>\n<p><span style=\"font-weight: 400;\">Ava\u00a0<\/span><b>\u201cPalk\u201d &gt; \u201cPalgaarvestuse reeglid\u201d &gt; \u201cPalgamaksude kontod\u201d<\/b><span style=\"font-weight: 400;\">. <\/span><span style=\"font-weight: 400;\">Siin moodulis m\u00e4\u00e4ra maksude nimetused, t\u00fc\u00fcbid ja maksude kontod. <\/span><\/p>\n<p><img loading=\"lazy\" decoding=\"async\" class=\"alignnone size-full wp-image-21082\" src=\"https:\/\/www.erplybooks.com\/wp-content\/uploads\/2021\/05\/Screen-Shot-2021-05-06-at-12.06.28.png\" alt=\"\" width=\"1050\" height=\"236\" srcset=\"https:\/\/www.erplybooks.com\/wp-content\/uploads\/2021\/05\/Screen-Shot-2021-05-06-at-12.06.28.png 1050w, https:\/\/www.erplybooks.com\/wp-content\/uploads\/2021\/05\/Screen-Shot-2021-05-06-at-12.06.28-300x67.png 300w, https:\/\/www.erplybooks.com\/wp-content\/uploads\/2021\/05\/Screen-Shot-2021-05-06-at-12.06.28-1024x230.png 1024w, https:\/\/www.erplybooks.com\/wp-content\/uploads\/2021\/05\/Screen-Shot-2021-05-06-at-12.06.28-768x173.png 768w\" sizes=\"auto, (max-width: 1050px) 100vw, 1050px\" \/><\/p>\n<p>&nbsp;<\/p>\n<p><span style=\"font-weight: 400;\">Vajutades <\/span><b>\u201c+ Lisa\u201d<\/b><span style=\"font-weight: 400;\"> nuppu, saad lisada uusi ridu. Nime lahtrisse kirjuta maksu nimi (Sotsiaalmaks, Tulumaks jne). Summa lahtrisse pane maksum\u00e4\u00e4r (nt 2% puhul sisesta 0.02). Deebet ja kreedit lahtritest saad m\u00e4\u00e4rata kontod.\u00a0 T\u00fc\u00fcbi lahtrisse vali vastavalt sisestatud maksule t\u00fc\u00fcp:<\/span><\/p>\n<ul>\n<li style=\"font-weight: 400;\" aria-level=\"1\"><span style=\"font-weight: 400;\">T\u00f6\u00f6taja maks<\/span><\/li>\n<li style=\"font-weight: 400;\" aria-level=\"1\"><span style=\"font-weight: 400;\">T\u00f6\u00f6andja maks\u00a0<\/span><\/li>\n<li style=\"font-weight: 400;\" aria-level=\"1\"><span style=\"font-weight: 400;\">Maksuvaba \u2013 osa palgast, millelt tulumaksu maha ei arvutata<\/span><\/li>\n<li style=\"font-weight: 400;\" aria-level=\"1\"><span style=\"font-weight: 400;\">Koguseline maksuvaba summa \u2013 n\u00e4iteks maksuvaba summa vastavalt laste arvule<\/span><\/li>\n<li style=\"font-weight: 400;\" aria-level=\"1\"><span style=\"font-weight: 400;\">T\u00f6\u00f6taja maks \u2013 Kogus \u2013 maks, mille suurus s\u00f5ltub riigi maksuseadusest (LV, LT, AU)<\/span><\/li>\n<li style=\"font-weight: 400;\" aria-level=\"1\"><span style=\"font-weight: 400;\">T\u00f6\u00f6andja maks \u2013 Kogus \u2013 maks, mille suurus oleneb riigi maksuseadusest (LV, LT, AU)<\/span><\/li>\n<li style=\"font-weight: 400;\" aria-level=\"1\"><span style=\"font-weight: 400;\">Fikseeritud v\u00e4\u00e4rtus \u2013 alati \u00fche ja sama v\u00e4\u00e4rtusega maks<\/span><\/li>\n<li style=\"font-weight: 400;\" aria-level=\"1\"><span style=\"font-weight: 400;\">Tulumaks, millest ainult maksuvaba summa maha arvutatakse<\/span><\/li>\n<\/ul>\n<p>&nbsp;<\/p>\n<p><span style=\"font-weight: 400;\">\u201cAlt name\u201d lahtrisse vali unikaalne nimetus (N: incometax). Nimetus peab olema kokku kirjutatud.<\/span><\/p>\n","protected":false},"excerpt":{"rendered":"<p>5. Palgamaksude kontod Ava\u00a0\u201cPalk\u201d &gt; \u201cPalgaarvestuse reeglid\u201d &gt; \u201cPalgamaksude kontod\u201d. Siin moodulis m\u00e4\u00e4ra maksude nimetused, t\u00fc\u00fcbid ja maksude kontod. &nbsp; Vajutades \u201c+ Lisa\u201d nuppu, saad lisada uusi ridu. Nime lahtrisse kirjuta maksu nimi (Sotsiaalmaks, Tulumaks jne). Summa lahtrisse pane maksum\u00e4\u00e4r (nt 2% puhul sisesta 0.02). Deebet ja kreedit lahtritest saad m\u00e4\u00e4rata kontod.\u00a0 T\u00fc\u00fcbi lahtrisse vali [&hellip;]<\/p>\n","protected":false},"author":14,"featured_media":0,"parent":0,"menu_order":0,"comment_status":"closed","ping_status":"closed","template":"","meta":{"_et_pb_use_builder":"","_et_pb_old_content":"","_et_gb_content_width":"","footnotes":""},"categories":[457],"tags":[542,855,147],"class_list":["post-25518","page","type-page","status-publish","hentry","category-palk","tag-konto","tag-maks","tag-palk"],"_links":{"self":[{"href":"https:\/\/www.erplybooks.com\/et\/wp-json\/wp\/v2\/pages\/25518","targetHints":{"allow":["GET"]}}],"collection":[{"href":"https:\/\/www.erplybooks.com\/et\/wp-json\/wp\/v2\/pages"}],"about":[{"href":"https:\/\/www.erplybooks.com\/et\/wp-json\/wp\/v2\/types\/page"}],"author":[{"embeddable":true,"href":"https:\/\/www.erplybooks.com\/et\/wp-json\/wp\/v2\/users\/14"}],"replies":[{"embeddable":true,"href":"https:\/\/www.erplybooks.com\/et\/wp-json\/wp\/v2\/comments?post=25518"}],"version-history":[{"count":0,"href":"https:\/\/www.erplybooks.com\/et\/wp-json\/wp\/v2\/pages\/25518\/revisions"}],"wp:attachment":[{"href":"https:\/\/www.erplybooks.com\/et\/wp-json\/wp\/v2\/media?parent=25518"}],"wp:term":[{"taxonomy":"category","embeddable":true,"href":"https:\/\/www.erplybooks.com\/et\/wp-json\/wp\/v2\/categories?post=25518"},{"taxonomy":"post_tag","embeddable":true,"href":"https:\/\/www.erplybooks.com\/et\/wp-json\/wp\/v2\/tags?post=25518"}],"curies":[{"name":"wp","href":"https:\/\/api.w.org\/{rel}","templated":true}]}}