{"id":25504,"date":"2022-03-30T08:53:00","date_gmt":"2022-03-30T08:53:00","guid":{"rendered":"https:\/\/www.erplybooks.com\/?page_id=25504"},"modified":"2023-07-05T18:10:56","modified_gmt":"2023-07-05T18:10:56","slug":"toolepingud","status":"publish","type":"page","link":"https:\/\/www.erplybooks.com\/et\/toolepingud\/","title":{"rendered":"T\u00f6\u00f6lepingud"},"content":{"rendered":"<h3><span style=\"font-weight: 400;\">3. T\u00f6\u00f6lepingud<\/span><\/h3>\n<p><span style=\"font-weight: 400;\">Kui oled t\u00f6\u00f6taja kontaktandmed sisestanud ja tasude liigid m\u00e4\u00e4ranud, siis j\u00e4rgneva sammuna sisesta lepingute andmed. Ava <\/span><b>\u201cPalk\u201d &gt; \u201cPalgaarvestuse reeglid\u201d &gt; &#8220;Palgaarvestuse reeglid&#8221; (\u201cT\u00f6\u00f6lepingud\u201d).<\/b><\/p>\n<p><img loading=\"lazy\" decoding=\"async\" class=\"alignnone wp-image-24595 size-full\" src=\"https:\/\/www.erplybooks.com\/wp-content\/uploads\/2022\/01\/Screenshot-2022-01-06-at-11.26.28.png\" alt=\"\" width=\"2252\" height=\"558\" srcset=\"https:\/\/www.erplybooks.com\/wp-content\/uploads\/2022\/01\/Screenshot-2022-01-06-at-11.26.28.png 2252w, https:\/\/www.erplybooks.com\/wp-content\/uploads\/2022\/01\/Screenshot-2022-01-06-at-11.26.28-1280x317.png 1280w, https:\/\/www.erplybooks.com\/wp-content\/uploads\/2022\/01\/Screenshot-2022-01-06-at-11.26.28-980x243.png 980w, https:\/\/www.erplybooks.com\/wp-content\/uploads\/2022\/01\/Screenshot-2022-01-06-at-11.26.28-480x119.png 480w\" sizes=\"auto, (min-width: 0px) and (max-width: 480px) 480px, (min-width: 481px) and (max-width: 980px) 980px, (min-width: 981px) and (max-width: 1280px) 1280px, (min-width: 1281px) 2252px, 100vw\" \/><\/p>\n<p><span style=\"font-weight: 400;\">Palga arvestamiseks peab olema t\u00f6\u00f6taja siia moodulisse lisatud, vastasel juhul ei saa palkasid t\u00f6\u00f6tajale arvestada.<\/span><\/p>\n<p><span style=\"font-weight: 400;\">Lisa iga t\u00f6\u00f6taja kohta uus rida ja sisesta tema t\u00f6\u00f6lepingu andmed. Lisa t\u00f6\u00f6taja nimi, tasu liik ja lepingus m\u00e4\u00e4ratud brutopalk. Tunnipalga korral j\u00e4ta kuupalk nulliks. (Vt peat\u00fckk 11)<\/span><\/p>\n<p><span style=\"font-weight: 400;\">Kui t\u00f6\u00f6taja brutopalk muutub, siis \u00e4ra lisa uut rida, vaid muuda brutopalga summa ja salvesta.<\/span><\/p>\n<p><span style=\"font-weight: 400;\">Kui t\u00f6\u00f6taja on esitanud avalduse tulumaksuvaba miinimumi arvestamise kohta, siis m\u00e4\u00e4ra siia maksuvaba miinimumi summa, mis on avaldusel. Kui t\u00f6\u00f6taja pole avaldanud soovi maksuvaba miinimumi arvestamiseks, siis kirjuta siia 0. Lisa siia ka maksum\u00e4\u00e4rad, mida iga t\u00f6\u00f6taja puhul rakendada.\u00a0<\/span><\/p>\n<p>Eelnevas punktis kirjeldatud tasu liikidele m\u00e4\u00e4ratud maksu protsente kasutab programm siis, kui arvestad palgad k\u00e4sitsi. Kui oled aga t\u00f6\u00f6lepingute alla m\u00e4\u00e4ranud t\u00f6\u00f6tajale eraldi maksum\u00e4\u00e4rad, siis arvestatakse palgaarvestuses alati t\u00f6\u00f6tajale m\u00e4\u00e4ratud maksum\u00e4\u00e4rasid.<\/p>\n<p><span style=\"font-weight: 400;\">T\u00f6\u00f6lepingute moodulisse on vaja andmed sisestada, et tarkvara saaks selle p\u00f5hjal teha ise automaatse palgaarvestuse.<\/span><\/p>\n<p>&nbsp;<\/p>\n","protected":false},"excerpt":{"rendered":"<p>3. T\u00f6\u00f6lepingud Kui oled t\u00f6\u00f6taja kontaktandmed sisestanud ja tasude liigid m\u00e4\u00e4ranud, siis j\u00e4rgneva sammuna sisesta lepingute andmed. Ava \u201cPalk\u201d &gt; \u201cPalgaarvestuse reeglid\u201d &gt; &#8220;Palgaarvestuse reeglid&#8221; (\u201cT\u00f6\u00f6lepingud\u201d). Palga arvestamiseks peab olema t\u00f6\u00f6taja siia moodulisse lisatud, vastasel juhul ei saa palkasid t\u00f6\u00f6tajale arvestada. Lisa iga t\u00f6\u00f6taja kohta uus rida ja sisesta tema t\u00f6\u00f6lepingu andmed. Lisa t\u00f6\u00f6taja nimi, [&hellip;]<\/p>\n","protected":false},"author":14,"featured_media":0,"parent":0,"menu_order":0,"comment_status":"closed","ping_status":"closed","template":"","meta":{"_et_pb_use_builder":"","_et_pb_old_content":"","_et_gb_content_width":"","footnotes":""},"categories":[457],"tags":[898],"class_list":["post-25504","page","type-page","status-publish","hentry","category-palk","tag-tooleping"],"_links":{"self":[{"href":"https:\/\/www.erplybooks.com\/et\/wp-json\/wp\/v2\/pages\/25504","targetHints":{"allow":["GET"]}}],"collection":[{"href":"https:\/\/www.erplybooks.com\/et\/wp-json\/wp\/v2\/pages"}],"about":[{"href":"https:\/\/www.erplybooks.com\/et\/wp-json\/wp\/v2\/types\/page"}],"author":[{"embeddable":true,"href":"https:\/\/www.erplybooks.com\/et\/wp-json\/wp\/v2\/users\/14"}],"replies":[{"embeddable":true,"href":"https:\/\/www.erplybooks.com\/et\/wp-json\/wp\/v2\/comments?post=25504"}],"version-history":[{"count":0,"href":"https:\/\/www.erplybooks.com\/et\/wp-json\/wp\/v2\/pages\/25504\/revisions"}],"wp:attachment":[{"href":"https:\/\/www.erplybooks.com\/et\/wp-json\/wp\/v2\/media?parent=25504"}],"wp:term":[{"taxonomy":"category","embeddable":true,"href":"https:\/\/www.erplybooks.com\/et\/wp-json\/wp\/v2\/categories?post=25504"},{"taxonomy":"post_tag","embeddable":true,"href":"https:\/\/www.erplybooks.com\/et\/wp-json\/wp\/v2\/tags?post=25504"}],"curies":[{"name":"wp","href":"https:\/\/api.w.org\/{rel}","templated":true}]}}