{"id":25143,"date":"2022-03-15T13:03:28","date_gmt":"2022-03-15T13:03:28","guid":{"rendered":"https:\/\/www.erplybooks.com\/?page_id=25143"},"modified":"2026-04-21T08:33:52","modified_gmt":"2026-04-21T08:33:52","slug":"lao-vahekonto","status":"publish","type":"page","link":"https:\/\/www.erplybooks.com\/et\/juhendid\/lao-vahekonto\/","title":{"rendered":"Lao vahekonto"},"content":{"rendered":"<h1><span style=\"font-weight: 400;\">Lao vahekonto ja lisanduvad kulud<\/span><\/h1>\n<p>&nbsp;<\/p>\n<p><span style=\"font-weight: 400;\">Lattu kaupa arvele v\u00f5ttes on m\u00f5nikord vaja kauba omahinna hulka lisada selle kaubaga seotud kulud. ERPLY lao tarkvaras on selleks erinevad v\u00f5imalused. Selles juhendis vaatame, millised on need v\u00f5imalused ja kuidas laov\u00e4\u00e4rtust t\u00f5stvad lisanduvad kulud korrektselt ERPLY Books\u2019i saada. Kui kasutatakse ka ostu-saatelehtesid ja lisanduvad kulud m\u00e4rgitakse sinna, siis peab ka ostu-saatelehed ERPLY Booksi s\u00fcnkroniseerima, ei tohi olla linnukest seadistuse nr 1 ees S\u00e4tted &#8211; ERPLY Kassa &amp; Lao s\u00e4tted &#8211; Muud v\u00f5imalused.\u00a0<\/span><\/p>\n<p>&nbsp;<\/p>\n<h2>Mis on lisanduvad kulud ja kuidas need kauba hinnale lisada?<\/h2>\n<p>&nbsp;<\/p>\n<p><span style=\"font-weight: 400;\">Lisaks kaupa sisaldavatele arve ridadele on tarnijate kaubaarvetel sageli ka laoj\u00e4\u00e4ki mitte omavaid ridu. N\u00e4iteks transpordikulu. Selliste arvete puhul tuleb otsustada, kas see kulu peab sisalduma arvele v\u00f5etava kauba omahinnas v\u00f5i kantakse see otse kuludesse. Erply laos on igal tootel v\u00f5imalik m\u00e4\u00e4rata, kas see on laotoode v\u00f5i mitte. Erply laos saad m\u00e4\u00e4rata tootekaardil, kas tegemist on mitte laotoote v\u00f5i teenusega, kui vajutad luubi m\u00e4rgi peale:\u00a0<\/span><\/p>\n<p>&nbsp;<\/p>\n<p><img loading=\"lazy\" decoding=\"async\" class=\"alignnone wp-image-26994 \" src=\"https:\/\/www.erplybooks.com\/wp-content\/uploads\/2022\/05\/image4-6.png\" alt=\"\" width=\"916\" height=\"212\" \/><\/p>\n<p>&nbsp;<\/p>\n<p><span style=\"font-weight: 400;\">Seej\u00e4rel otsi toode ja vajuta nime taga olevale m\u00e4rgile:\u00a0<\/span><\/p>\n<p>&nbsp;<\/p>\n<p><img loading=\"lazy\" decoding=\"async\" class=\"alignnone wp-image-26982 \" src=\"https:\/\/www.erplybooks.com\/wp-content\/uploads\/2022\/05\/image2-8.png\" alt=\"\" width=\"744\" height=\"227\" \/><\/p>\n<p>&nbsp;<\/p>\n<p><span style=\"font-weight: 400;\">Kui toode on mitte-laotoode v\u00f5i teenus, siis see artikkel ei oma laov\u00e4\u00e4rtust.\u00a0 Mitte-laotooted s\u00fcngitakse ERPLY Books\u2019i ostu-m\u00fc\u00fcgi artiklite alla, kus saab m\u00e4\u00e4rata, milliseid kontosid tuleb kannetes kasutada, kui ostuarvel on see artikkel.\u00a0<\/span><\/p>\n<p>&nbsp;<\/p>\n<h2>Lao vahekonto seadistamine<\/h2>\n<p>&nbsp;<\/p>\n<p>Lao vahekontode seadistamiseks ava\u00a0<b>\u201cS\u00e4tted\u201d &gt; \u201cAlgandmed\u201d &gt; \u201cS\u00fcsteemikontod\u201d.\u00a0<\/b><\/p>\n<p>Lisa uus rida, kus vali s\u00fcsteemikonto t\u00fc\u00fcbiks &#8220;Lao vahekonto&#8221; ja vali soovitud konto ning salvesta. J\u00e4rgneval pildil on n\u00e4idatud lao vahekonto seadistamine transpordikulude jaoks.<\/p>\n<p><img loading=\"lazy\" decoding=\"async\" class=\"alignnone wp-image-27017\" src=\"https:\/\/www.erplybooks.com\/wp-content\/uploads\/2022\/05\/Screenshot-2022-05-24-at-13.32.27.png\" alt=\"\" width=\"600\" height=\"30\" \/><\/p>\n<p>&nbsp;<\/p>\n<h2>Lisanduvad kulud transpordikulu n\u00e4itel<\/h2>\n<p>&nbsp;<\/p>\n<p><span style=\"font-weight: 400;\">J\u00e4rgnevalt vaatame erinevaid n\u00e4iteid, kuidas ostuarvel olevat transpordikulu kajastada.<\/span><\/p>\n<p>&nbsp;<\/p>\n<p><b>1. Laov\u00e4\u00e4rtus &lt; netosumma<\/b><\/p>\n<p><span style=\"font-weight: 400;\">Esmalt vaatame olukorda, kus soovime, et ostuarvele lisatud transport kantakse otse kuluks ja see ei sisaldu kauba laohinnas. Transport on mitte-laotoode ja allolevalt pildilt n\u00e4eme, et seet\u00f5ttu on ka arve netov\u00e4\u00e4rtus suurem kui arvele v\u00f5etava kauba laohind.\u00a0<\/span><\/p>\n<p>&nbsp;<\/p>\n<p><img loading=\"lazy\" decoding=\"async\" class=\"alignnone wp-image-26976 \" src=\"https:\/\/www.erplybooks.com\/wp-content\/uploads\/2022\/05\/image1-8.png\" alt=\"\" width=\"1017\" height=\"504\" srcset=\"https:\/\/www.erplybooks.com\/wp-content\/uploads\/2022\/05\/image1-8-980x486.png 980w, https:\/\/www.erplybooks.com\/wp-content\/uploads\/2022\/05\/image1-8-480x238.png 480w\" sizes=\"auto, (min-width: 0px) and (max-width: 480px) 480px, (min-width: 481px) and (max-width: 980px) 980px, (min-width: 981px) 1017px, 100vw\" \/><\/p>\n<p>&nbsp;<\/p>\n<p><span style=\"font-weight: 400;\">Sellise ostuarve ERPLY Booksi s\u00fcnkimisel kasutatakse mitte-laotoote artiklit Transport ja tekivad kanded:<\/span><\/p>\n<p><span style=\"font-weight: 400;\">D: Ladu (laohind) &#8211; 120 EUR<\/span><\/p>\n<p><span style=\"font-weight: 400;\">D: Transpordi kulu (artiklile Transport lisatud raamatupidamiskonto) &#8211; 10 EUR<\/span><\/p>\n<p><span style=\"font-weight: 400;\">D: K\u00e4ibemaks (kokku &#8211; netosumma) &#8211; 26 EUR<\/span><\/p>\n<p><span style=\"font-weight: 400;\">K: V\u00f5lg tarnijale (kokku) &#8211; 156 EUR<\/span><\/p>\n<p>&nbsp;<\/p>\n<p><b>2. Laov\u00e4\u00e4rtus = Netosumma<\/b><\/p>\n<p><span style=\"font-weight: 400;\">J\u00e4rgmiseks vaatame olukorda, kus me soovime, et ostuarvele lisatud transport sisalduks kauba laohinnas. Selleks on meil vaja \u201cLisanduvad kulud\u201d lahtrisse sisestada transpordi ostuhind:<\/span><\/p>\n<p>&nbsp;<\/p>\n<p><img loading=\"lazy\" decoding=\"async\" class=\"alignnone wp-image-27006 \" src=\"https:\/\/www.erplybooks.com\/wp-content\/uploads\/2022\/05\/image6-5.png\" alt=\"\" width=\"995\" height=\"416\" srcset=\"https:\/\/www.erplybooks.com\/wp-content\/uploads\/2022\/05\/image6-5-980x410.png 980w, https:\/\/www.erplybooks.com\/wp-content\/uploads\/2022\/05\/image6-5-480x201.png 480w\" sizes=\"auto, (min-width: 0px) and (max-width: 480px) 480px, (min-width: 481px) and (max-width: 980px) 980px, (min-width: 981px) 995px, 100vw\" \/><\/p>\n<p>&nbsp;<\/p>\n<p><span style=\"font-weight: 400;\">Antud ostuarve ERPLY Books\u2019i s\u00fcnkimisel tekib kanne:<\/span><\/p>\n<p><span style=\"font-weight: 400;\">D: Ladu &#8211; 130 EUR<\/span><\/p>\n<p><span style=\"font-weight: 400;\">D: K\u00e4ibemaks &#8211; 26 EUR<\/span><\/p>\n<p><span style=\"font-weight: 400;\">K: V\u00f5lg tarnijale &#8211; 156 EUR<\/span><b><\/b><\/p>\n<p>&nbsp;<\/p>\n<p><b>3. Laov\u00e4\u00e4rtus &gt; netosumma<\/b><b><\/b><\/p>\n<p><span style=\"font-weight: 400;\">Kolmandal juhul soovime arvele v\u00f5etava kauba laohinnas kajastada transpordikulu arvet, mis saabub hiljem.\u00a0<\/span><\/p>\n<p>&nbsp;<\/p>\n<p><img loading=\"lazy\" decoding=\"async\" class=\"alignnone wp-image-27000 \" src=\"https:\/\/www.erplybooks.com\/wp-content\/uploads\/2022\/05\/image5-6.png\" alt=\"\" width=\"1005\" height=\"435\" srcset=\"https:\/\/www.erplybooks.com\/wp-content\/uploads\/2022\/05\/image5-6-980x424.png 980w, https:\/\/www.erplybooks.com\/wp-content\/uploads\/2022\/05\/image5-6-480x208.png 480w\" sizes=\"auto, (min-width: 0px) and (max-width: 480px) 480px, (min-width: 481px) and (max-width: 980px) 980px, (min-width: 981px) 1005px, 100vw\" \/><\/p>\n<p>&nbsp;<\/p>\n<p><span style=\"font-weight: 400;\">Sel juhul on laov\u00e4\u00e4rtus suurem kui netov\u00e4\u00e4rtus, sest transpordi maksumus saadetakse eraldi arvega. Oletame, et kaupa tuleb lattu 100 euro eest ja transport on 20 eurot. Transport peab tulema eraldi arvega, sest kui transport oleks sama arve peal, siis arve netosumma oleks ka 120 ja laov\u00e4\u00e4rtus v\u00f5rduks netosummaga ehk siis oleks tegu teise variandiga.\u00a0<\/span><span style=\"font-weight: 400;\">Seega kui kaup tuleb lattu, tuleb ostu-saatelehele lisada k\u00f5ik kaubad \u00e4ra, et KOKKU summa oleks korrektne. Kui saadetakse arve transpordi eest, tuleb see sama arve uuesti lahti v\u00f5tta ning lisada transpordikulu lisanduvate kulude alla.\u00a0\u00a0<\/span><\/p>\n<p>&nbsp;<\/p>\n<p><span style=\"font-weight: 400;\">Nende lisanduvate kulude v\u00f5rra t\u00f5useb ostuarve laov\u00e4\u00e4rtus, aga neto j\u00e4\u00e4b samaks, sest meie v\u00f5lga tarnija ees see ei tohi muuta. <\/span><span style=\"font-weight: 400;\">Kui me sellise arve ERPLY Books\u2019i s\u00fcngime, siis tekivad kanded:<\/span><\/p>\n<p><span style=\"font-weight: 400;\">D: Ladu (laov\u00e4\u00e4rtus) &#8211; 120 EUR<\/span><\/p>\n<p><span style=\"font-weight: 400;\">D: Ladu (lisanduva kulu summa) &#8211; 10 EUR<\/span><\/p>\n<p><span style=\"font-weight: 400;\">D: K\u00e4ibemaks (kokku &#8211; netosumma) &#8211; 24 EUR<\/span><\/p>\n<p><span style=\"font-weight: 400;\">K: Lao vahekonto (lisanduva kulu summa) &#8211; 10 EUR<\/span><\/p>\n<p><span style=\"font-weight: 400;\">K: V\u00f5lg tarnijale (kokku) &#8211; 144 EUR<\/span><\/p>\n<p>&nbsp;<\/p>\n<p><b>Oluline on meeles pidada, et sellisel juhul ei tohi mitte kunagi lisav\u00e4\u00e4rtusena kasutatud\u00a0 transpordi arvet ennast kanda transpordi kuludesse!<\/b><span style=\"font-weight: 400;\"> Kui seda teha, siis v\u00f5tate selle \u00fche kulu arvesse kaks korda ja lao vahekonto ei l\u00e4he nulli. Transpordikulu tuleb sisse v\u00f5tta j\u00e4rgmise kandega:<\/span><\/p>\n<p><span style=\"font-weight: 400;\">D: Lao vahekonto<\/span><\/p>\n<p><span style=\"font-weight: 400;\">D: K\u00e4ibemaks<\/span><\/p>\n<p><span style=\"font-weight: 400;\">K: V\u00f5lg tarnijale<\/span><\/p>\n<p><span style=\"font-weight: 400;\">Selle kande j\u00e4rel l\u00e4heb Lao vahekonto nulli.<\/span><\/p>\n<p>&nbsp;<\/p>\n<p>&nbsp;<\/p>\n<h2><b>Ostutagastused ja lao vahekonto<\/b><\/h2>\n<p>&nbsp;<\/p>\n<p><span style=\"font-weight: 400;\">Lao vahekonto on v\u00e4ga oluline ka ostutagastuste korrektse raamatupidamiskande jaoks.\u00a0<\/span><span style=\"font-weight: 400;\">Ostutagastus l\u00e4heb ERPLY lao tarkvarast v\u00e4lja FIFO meetodiga. Sellisel juhul v\u00f5ib tehingu tegelik kaubakulu erineda Ostutagastusel olevast ning Lao vahekontot kasutatakse \u00f5ige kaubakulu s\u00fcnkroniseerimiseks ERPLY Books\u2019i.<\/span><\/p>\n<p>&nbsp;<\/p>\n<h2>Lisanduvate kulude haldamine ERPLY Booksis<\/h2>\n<section class=\"text-token-text-primary w-full focus:outline-none [--shadow-height:45px] has-data-writing-block:pointer-events-none has-data-writing-block:-mt-(--shadow-height) has-data-writing-block:pt-(--shadow-height) [&amp;:has([data-writing-block])&gt;*]:pointer-events-auto scroll-mt-(--header-height)\" dir=\"auto\" data-turn-id=\"eba4c428-d074-40e7-a5e7-5fab0f85bb71\" data-testid=\"conversation-turn-1\" data-scroll-anchor=\"false\" data-turn=\"user\"><\/section>\n<section class=\"text-token-text-primary w-full focus:outline-none [--shadow-height:45px] has-data-writing-block:pointer-events-none has-data-writing-block:-mt-(--shadow-height) has-data-writing-block:pt-(--shadow-height) [&amp;:has([data-writing-block])&gt;*]:pointer-events-auto scroll-mt-[calc(var(--header-height)+min(200px,max(70px,20svh)))]\" dir=\"auto\" data-turn-id=\"request-WEB:a4fe5f5d-128b-46d8-a627-39ded6179c94-9\" data-testid=\"conversation-turn-2\" data-scroll-anchor=\"true\" data-turn=\"assistant\">\n<div class=\"text-base my-auto mx-auto pb-10 [--thread-content-margin:var(--thread-content-margin-xs,calc(var(--spacing)*4))] @w-sm\/main:[--thread-content-margin:var(--thread-content-margin-sm,calc(var(--spacing)*6))] @w-lg\/main:[--thread-content-margin:var(--thread-content-margin-lg,calc(var(--spacing)*16))] px-(--thread-content-margin)\">\n<div class=\"[--thread-content-max-width:40rem] @w-lg\/main:[--thread-content-max-width:48rem] mx-auto max-w-(--thread-content-max-width) flex-1 group\/turn-messages focus-visible:outline-hidden relative flex w-full min-w-0 flex-col agent-turn\">\n<div class=\"flex max-w-full flex-col gap-4 grow\">\n<div class=\"min-h-8 text-message relative flex w-full flex-col items-end gap-2 text-start break-words whitespace-normal outline-none keyboard-focused:focus-ring [.text-message+&amp;]:mt-1\" dir=\"auto\" tabindex=\"0\" data-message-author-role=\"assistant\" data-message-id=\"78882664-2088-494b-9ec7-557b5d8fd73b\" data-message-model-slug=\"gpt-5-3-mini\" data-turn-start-message=\"true\">\n<div class=\"flex w-full flex-col gap-1 empty:hidden\">\n<div class=\"markdown prose dark:prose-invert w-full wrap-break-word light markdown-new-styling\">\n<p data-start=\"0\" data-end=\"149\">T\u00e4iendavate kulude haldamine on v\u00f5imalik ka ERPLY Booksis. \u00a0Selle funktsiooni kasutamsieks tuleb m\u00e4rkida linnuke: <strong data-start=\"57\" data-end=\"121\" data-is-last-node=\"\">S\u00e4tted \u2192 \u00dcldised s\u00e4tted\u2192 Aktiveeri lisanduvate kulude plugin?<\/strong><\/p>\n<\/div>\n<\/div>\n<\/div>\n<\/div>\n<\/div>\n<\/div>\n<\/section>\n<p><img loading=\"lazy\" decoding=\"async\" class=\"alignnone size-full wp-image-37678\" src=\"https:\/\/www.erplybooks.com\/wp-content\/uploads\/2026\/04\/lisa-1-8.png\" alt=\"\" width=\"457\" height=\"75\" srcset=\"https:\/\/www.erplybooks.com\/wp-content\/uploads\/2026\/04\/lisa-1-8.png 457w, https:\/\/www.erplybooks.com\/wp-content\/uploads\/2026\/04\/lisa-1-8-300x49.png 300w\" sizes=\"auto, (max-width: 457px) 100vw, 457px\" \/><\/p>\n<p>&nbsp;<\/p>\n<p>Peale plugina aktiveerimist on v\u00f5imalik lisada Erply laost s\u00fcnkroniseeritud ostuarvetele lisanduvaid kulusid (ehk kolmas juhus, kus arve saabub eraldi). Selleks avage uus ostuarve, sisestage Arve nr veergu \u201e<strong>Lisanduvad kulud<\/strong>\u201c (ehk algne arve kuhu soovite lisanduvaid kulusid m\u00e4\u00e4rata), m\u00e4\u00e4rake sobiv hind, valige kontoks \u201eLao vahekonto\u201c ning salvestage ostuarve (rohelise nupuga). Ostuarve salvestamisel lisandub Erply lattu <strong>Lisanduvate kulude<\/strong> alla teie poolt sisestatud summa.<\/p>\n<p>&nbsp;<\/p>\n<p><img loading=\"lazy\" decoding=\"async\" class=\"alignnone size-full wp-image-37630\" src=\"https:\/\/www.erplybooks.com\/wp-content\/uploads\/2026\/04\/lisa-2-4.png\" alt=\"\" width=\"628\" height=\"327\" srcset=\"https:\/\/www.erplybooks.com\/wp-content\/uploads\/2026\/04\/lisa-2-4.png 628w, https:\/\/www.erplybooks.com\/wp-content\/uploads\/2026\/04\/lisa-2-4-480x250.png 480w\" sizes=\"auto, (min-width: 0px) and (max-width: 480px) 480px, (min-width: 481px) 628px, 100vw\" \/><\/p>\n<p data-start=\"0\" data-end=\"106\">P\u00e4rast arve sidumist on ERPLY Booksis v\u00f5imalik vaadata seotud arveid ka ostu- ja m\u00fc\u00fcgiarvete nimekirjades. Antud n\u00e4ites avage ostuarvete nimekiri (<strong data-start=\"147\" data-end=\"179\">Ost\u2192 Ostuarved<\/strong>) ning kontrolli veergu <strong data-start=\"203\" data-end=\"220\">\u201c\u00dchendused\u201d<\/strong>.<\/p>\n<p data-start=\"0\" data-end=\"106\"><img loading=\"lazy\" decoding=\"async\" class=\"alignnone size-full wp-image-37636\" src=\"https:\/\/www.erplybooks.com\/wp-content\/uploads\/2026\/04\/lisa-4-2.png\" alt=\"\" width=\"1861\" height=\"421\" srcset=\"https:\/\/www.erplybooks.com\/wp-content\/uploads\/2026\/04\/lisa-4-2.png 1861w, https:\/\/www.erplybooks.com\/wp-content\/uploads\/2026\/04\/lisa-4-2-1280x290.png 1280w, https:\/\/www.erplybooks.com\/wp-content\/uploads\/2026\/04\/lisa-4-2-980x222.png 980w, https:\/\/www.erplybooks.com\/wp-content\/uploads\/2026\/04\/lisa-4-2-480x109.png 480w\" sizes=\"auto, (min-width: 0px) and (max-width: 480px) 480px, (min-width: 481px) and (max-width: 980px) 980px, (min-width: 981px) and (max-width: 1280px) 1280px, (min-width: 1281px) 1861px, 100vw\" \/><\/p>\n<p data-start=\"0\" data-end=\"106\">Selle funktsionaalsuse kasutamiseks tuleb see esmalt ERPLY Booksi seadetes sisse l\u00fclitada. Minge <strong data-start=\"105\" data-end=\"133\">S\u00e4tted\u2192 \u00dcldised s\u00e4tted <\/strong>ning m\u00e4rkige linnukesega valik <strong data-start=\"163\" data-end=\"195\">\u201cN\u00e4ita dokumentide seoseid dokumendiotsingus?\u201d<\/strong>.<\/p>\n<p data-start=\"0\" data-end=\"106\"><img loading=\"lazy\" decoding=\"async\" class=\"alignnone size-full wp-image-37642\" src=\"https:\/\/www.erplybooks.com\/wp-content\/uploads\/2026\/04\/lisa-3-2.png\" alt=\"\" width=\"667\" height=\"166\" srcset=\"https:\/\/www.erplybooks.com\/wp-content\/uploads\/2026\/04\/lisa-3-2.png 667w, https:\/\/www.erplybooks.com\/wp-content\/uploads\/2026\/04\/lisa-3-2-480x119.png 480w\" sizes=\"auto, (min-width: 0px) and (max-width: 480px) 480px, (min-width: 481px) 667px, 100vw\" \/><\/p>\n<p>NB! P\u00e4rast atribuudi lisamist ei ole enam v\u00f5imalik selle meetodi abil lisada t\u00e4iendavaid kulusid vanadele arvele. Antud lahendus t\u00f6\u00f6tab ainult uute arvetega.<\/p>\n","protected":false},"excerpt":{"rendered":"<p>Lao vahekonto ja lisanduvad kulud &nbsp; Lattu kaupa arvele v\u00f5ttes on m\u00f5nikord vaja kauba omahinna hulka lisada selle kaubaga seotud kulud. ERPLY lao tarkvaras on selleks erinevad v\u00f5imalused. Selles juhendis vaatame, millised on need v\u00f5imalused ja kuidas laov\u00e4\u00e4rtust t\u00f5stvad lisanduvad kulud korrektselt ERPLY Books\u2019i saada. Kui kasutatakse ka ostu-saatelehtesid ja lisanduvad kulud m\u00e4rgitakse sinna, siis [&hellip;]<\/p>\n","protected":false},"author":22,"featured_media":0,"parent":3312,"menu_order":0,"comment_status":"closed","ping_status":"closed","template":"","meta":{"_et_pb_use_builder":"","_et_pb_old_content":"","_et_gb_content_width":"","footnotes":""},"categories":[449],"tags":[542,113,1379],"class_list":["post-25143","page","type-page","status-publish","hentry","category-juhendid","tag-konto","tag-ladu","tag-lisanduvad-kulud"],"_links":{"self":[{"href":"https:\/\/www.erplybooks.com\/et\/wp-json\/wp\/v2\/pages\/25143","targetHints":{"allow":["GET"]}}],"collection":[{"href":"https:\/\/www.erplybooks.com\/et\/wp-json\/wp\/v2\/pages"}],"about":[{"href":"https:\/\/www.erplybooks.com\/et\/wp-json\/wp\/v2\/types\/page"}],"author":[{"embeddable":true,"href":"https:\/\/www.erplybooks.com\/et\/wp-json\/wp\/v2\/users\/22"}],"replies":[{"embeddable":true,"href":"https:\/\/www.erplybooks.com\/et\/wp-json\/wp\/v2\/comments?post=25143"}],"version-history":[{"count":0,"href":"https:\/\/www.erplybooks.com\/et\/wp-json\/wp\/v2\/pages\/25143\/revisions"}],"up":[{"embeddable":true,"href":"https:\/\/www.erplybooks.com\/et\/wp-json\/wp\/v2\/pages\/3312"}],"wp:attachment":[{"href":"https:\/\/www.erplybooks.com\/et\/wp-json\/wp\/v2\/media?parent=25143"}],"wp:term":[{"taxonomy":"category","embeddable":true,"href":"https:\/\/www.erplybooks.com\/et\/wp-json\/wp\/v2\/categories?post=25143"},{"taxonomy":"post_tag","embeddable":true,"href":"https:\/\/www.erplybooks.com\/et\/wp-json\/wp\/v2\/tags?post=25143"}],"curies":[{"name":"wp","href":"https:\/\/api.w.org\/{rel}","templated":true}]}}