{"id":25106,"date":"2022-03-13T19:33:44","date_gmt":"2022-03-13T19:33:44","guid":{"rendered":"https:\/\/www.erplybooks.com\/?page_id=25106"},"modified":"2023-07-06T06:22:26","modified_gmt":"2023-07-06T06:22:26","slug":"ids-integratsioon","status":"publish","type":"page","link":"https:\/\/www.erplybooks.com\/et\/ids-integratsioon\/","title":{"rendered":"iDS integratsioon"},"content":{"rendered":"<h2><b>iDS integratsioon<\/b><\/h2>\n<p><span style=\"font-weight: 400;\">Sinu ettev\u00f5tte m\u00fc\u00fcgid ja ostud ning nende haldus mugavalt k\u00f5ik \u00fches kohas!<\/span><\/p>\n<h3><\/h3>\n<p><span style=\"font-weight: 400;\">iDS on tarkvaralahendus, mis sobib kaupluse, kassa, lao ja kaupmehe kogu tegevuse \u00e4riarvestuseks. See on paindliku \u00fclesehitusega ning v\u00f5imaldab seadistada andmeid endale sobivalt. Igal kasutajal on v\u00f5imalik seadistada ja koostada oma vajadustele vastavaid raporteid. Raporteid saab kuvada nii graafilises, tabel-, kui ka tavavaates. iDS tarkvaras on erilahendused ka lisaks muuseumitele, kauplustele ja toitlustusettev\u00f5tetele.\u00a0<\/span><\/p>\n<p><span style=\"font-weight: 400;\">Jaem\u00fc\u00fcgi moodulis saad:<\/span><\/p>\n<ul>\n<li style=\"font-weight: 400;\" aria-level=\"1\"><span style=\"font-weight: 400;\">juhtida kaupluse igap\u00e4evast t\u00f6\u00f6d<\/span><\/li>\n<li style=\"font-weight: 400;\" aria-level=\"1\"><span style=\"font-weight: 400;\">koostada tellimusi tarnijatele ning klientidele<\/span><\/li>\n<li style=\"font-weight: 400;\" aria-level=\"1\"><span style=\"font-weight: 400;\">hallata vahetusi ja t\u00f6\u00f6aega<\/span><\/li>\n<li style=\"font-weight: 400;\" aria-level=\"1\"><span style=\"font-weight: 400;\">luua ajalisi soodustusi ja pakkumisi<\/span>\n<ul>\n<li style=\"font-weight: 400;\" aria-level=\"2\"><span style=\"font-weight: 400;\">soodustuste saamiseks\/andmiseks saate kasutada nii eraldiseisvaid ja firma logoga kliendikaarte, kui ka ID kaarti v\u00f5i mTasku lahendust<\/span><\/li>\n<\/ul>\n<\/li>\n<\/ul>\n<p><span style=\"font-weight: 400;\">iDS kassa t\u00f6\u00f6tab ka juhul, kui internet peaks kaduma.<\/span><\/p>\n<p><span style=\"font-weight: 400;\">\u00c4rim\u00fc\u00fcgi lahendus v\u00f5imaldab:<\/span><\/p>\n<ul>\n<li style=\"font-weight: 400;\" aria-level=\"1\"><span style=\"font-weight: 400;\">koostada tellimusi, broneeringuid, hinnapakkumisi ning m\u00fc\u00fcgi edenedes vormistada neist lihtsalt kliendile arve<\/span><\/li>\n<li style=\"font-weight: 400;\" aria-level=\"1\"><span style=\"font-weight: 400;\">arvetele mugavalt peale kanda pangalaekumisi, j\u00e4lgides sel viisil klientide krediidik\u00e4itumist ning maksekindlust<\/span><\/li>\n<li style=\"font-weight: 400;\" aria-level=\"1\"><span style=\"font-weight: 400;\">klientidele m\u00e4\u00e4rata nii kliendip\u00f5hist, kui ka \u00fcldist allahindlust, mis rakendub kliendile dokumenti koostades automaatselt<\/span><\/li>\n<li style=\"font-weight: 400;\" aria-level=\"1\"><span style=\"font-weight: 400;\">k\u00f5iki oste ja tellimusi mugavalt j\u00e4lgida aruandlusest<\/span><\/li>\n<li style=\"font-weight: 400;\" aria-level=\"1\"><span style=\"font-weight: 400;\">kliendi tellimuste p\u00f5hjal saab mugavalt koostada ostutellimusi<\/span><\/li>\n<li style=\"font-weight: 400;\" aria-level=\"1\"><span style=\"font-weight: 400;\">koondarve klientide puhul koondarveid koostada nii arvem\u00fc\u00fcgi arvetele, kui automatiseeritult kassast kauba k\u00e4tte saanud, \u00fclekande klientidele<\/span><\/li>\n<li style=\"font-weight: 400;\" aria-level=\"1\"><span style=\"font-weight: 400;\">h\u00e4\u00e4lestada koondarvete automaatset koostamist vastavalt kliendi vajadustele<\/span><\/li>\n<li style=\"font-weight: 400;\" aria-level=\"1\"><span style=\"font-weight: 400;\">koostatud dokumente kliendile edastada nii emaili, kui ka e-arvete n\u00e4ol, l\u00e4bi valitud lepingu partneri (FitekIn, Finbite).\u00a0<\/span><\/li>\n<\/ul>\n<p><span style=\"font-weight: 400;\">Ostujuhtumine on \u00fclevaatlik ning n\u00e4itab \u00e4ra ja toob v\u00e4lja k\u00f5ik tellimused ja ostud, mis on kaubale vormistatud ning mille alusel tuleb tarnijale vormistada uus kauba tellimus. Koostatud tellimusi saab tarnijale edastada elektrooniliselt v\u00f5i email teel. Tellimused on alati n\u00e4htavad, leitavad ning aruandluses hallatavad.\u00a0<\/span><\/p>\n<p><strong>Kasutad ERPLY Booksi? Vaata, kuidas saab iDS kasutamine Sinu jaoks lisav\u00e4\u00e4rtust luua:<\/strong><\/p>\n<ul>\n<li style=\"font-weight: 400;\" aria-level=\"1\"><span style=\"font-weight: 400;\">iDS tarkvara v\u00f5imaldab koostada tarnijatele ning klientidele tellimusi, mille arveid saab hallata mugavalt ERPLY Booksi tarkvaras.<\/span><\/li>\n<li style=\"font-weight: 400;\" aria-level=\"1\"><span style=\"font-weight: 400;\">Kliendile dokumenti koostades rakenduvad kliendip\u00f5hised ja \u00fcldised allahindlused automaatselt.<\/span><\/li>\n<li style=\"font-weight: 400;\" aria-level=\"1\"><span style=\"font-weight: 400;\">K\u00f5iki tehtud tellimusi on v\u00f5imalik j\u00e4lgida aruandlusest ning kliendi tellimuste p\u00f5hjal saab koostada ostutellimusi.<\/span><\/li>\n<li style=\"font-weight: 400;\" aria-level=\"1\"><span style=\"font-weight: 400;\">iDS tarkvaras on v\u00f5imalus luua vajalik arv ladusid ning reaalajas j\u00e4lgida kaubaliikumist.<\/span><\/li>\n<li style=\"font-weight: 400;\" aria-level=\"1\"><span style=\"font-weight: 400;\">Tellimused on alati reaalajas n\u00e4htavad, leitavad ja aruandluses hallatavad.<\/span><\/li>\n<li style=\"font-weight: 400;\" aria-level=\"1\"><span style=\"font-weight: 400;\">Raamatupidajal on pidev \u00fclevaade ettev\u00f5tte t\u00f6\u00f6tajate t\u00f6\u00f6ajast.<\/span><\/li>\n<\/ul>\n<p><span style=\"font-weight: 400;\">Kasutad iDS-i? Vaata, kuidas saab ERPLY Booksi kasutamine Sinu jaoks lisav\u00e4\u00e4rtust luua:<\/span><\/p>\n<ul>\n<li style=\"font-weight: 400;\" aria-level=\"1\"><span style=\"font-weight: 400;\">Kogu ettev\u00f5tte poolt tehtud m\u00fc\u00fck l\u00e4heb automaatselt ERPLY Books tarkvarasse raamatupidamise tarbeks.<\/span>\n<ul>\n<li style=\"font-weight: 400;\" aria-level=\"2\"><span style=\"font-weight: 400;\">Samamoodi toimib tarkvara ka lao ostuarvetega<\/span><\/li>\n<\/ul>\n<\/li>\n<li style=\"font-weight: 400;\" aria-level=\"1\"><span style=\"font-weight: 400;\">K\u00f5ik raamatupidamiseks vajalikud m\u00fc\u00fcgi- ja ostuarved saab ERPLY Booksi tarkvara k\u00e4tte iDS-i tarkvarast automaatselt.<\/span><\/li>\n<li style=\"font-weight: 400;\" aria-level=\"1\"><span style=\"font-weight: 400;\">ERPLY Booksil on panga impordifunktsioon, mis v\u00f5imaldab automatiseerida kuni 100% k\u00f5igist maksetest.<\/span><\/li>\n<li style=\"font-weight: 400;\" aria-level=\"1\"><span style=\"font-weight: 400;\">Raamatupidajad saavad ostuarvete haldusega seotud protsesse automatiseerida tagades, et k\u00f5ik maksed j\u00f5uavad ERPLY Books&#8217;i automaatselt (k\u00f5rvaldades faila alla-fail \u00fcles manuaalse t\u00f6\u00f6) ja j\u00e4ttes manuaalseks t\u00f6\u00f6ks ainult maksed, mida s\u00fcsteem automaatselt k\u00e4sitleda ei suuda.<\/span><\/li>\n<li style=\"font-weight: 400;\" aria-level=\"1\"><span style=\"font-weight: 400;\">Igas suuruses ettev\u00f5tted, kes peavad k\u00e4sitlema pangamakseid, saavad makstavad ja saadavad arved automatiseerida.<\/span><\/li>\n<li style=\"font-weight: 400;\" aria-level=\"1\"><span style=\"font-weight: 400;\">Kui Teie ettev\u00f5tte raamatupidaja l\u00e4heb puhkusele, l\u00e4hevad maksed ikka Books&#8217; ja ERPLY Books teeb tema t\u00f6\u00f6d edasi tuvastades ja \u00fchendades nii palju makseid kui v\u00f5imalik.<\/span><\/li>\n<\/ul>\n<h2><\/h2>\n<h2><strong>iDS integreerimine<\/strong><\/h2>\n<p>Peagi tulemas&#8230;<\/p>\n<p><b>Kui teil on lisak\u00fcsimusi, v\u00f5tke meiega \u00fchendust aadressil <\/b><a href=\"mailto:info@erplybooks.com\"><b>info@erplybooks.com<\/b><\/a><b>.<\/b><\/p>\n","protected":false},"excerpt":{"rendered":"<p>iDS integratsioon Sinu ettev\u00f5tte m\u00fc\u00fcgid ja ostud ning nende haldus mugavalt k\u00f5ik \u00fches kohas! iDS on tarkvaralahendus, mis sobib kaupluse, kassa, lao ja kaupmehe kogu tegevuse \u00e4riarvestuseks. See on paindliku \u00fclesehitusega ning v\u00f5imaldab seadistada andmeid endale sobivalt. Igal kasutajal on v\u00f5imalik seadistada ja koostada oma vajadustele vastavaid raporteid. Raporteid saab kuvada nii graafilises, tabel-, kui [&hellip;]<\/p>\n","protected":false},"author":21,"featured_media":0,"parent":0,"menu_order":23,"comment_status":"closed","ping_status":"closed","template":"","meta":{"_et_pb_use_builder":"","_et_pb_old_content":"","_et_gb_content_width":"","footnotes":""},"categories":[459],"tags":[911,770],"class_list":["post-25106","page","type-page","status-publish","hentry","category-integratsioonid","tag-ids","tag-integratsioonid"],"_links":{"self":[{"href":"https:\/\/www.erplybooks.com\/et\/wp-json\/wp\/v2\/pages\/25106","targetHints":{"allow":["GET"]}}],"collection":[{"href":"https:\/\/www.erplybooks.com\/et\/wp-json\/wp\/v2\/pages"}],"about":[{"href":"https:\/\/www.erplybooks.com\/et\/wp-json\/wp\/v2\/types\/page"}],"author":[{"embeddable":true,"href":"https:\/\/www.erplybooks.com\/et\/wp-json\/wp\/v2\/users\/21"}],"replies":[{"embeddable":true,"href":"https:\/\/www.erplybooks.com\/et\/wp-json\/wp\/v2\/comments?post=25106"}],"version-history":[{"count":0,"href":"https:\/\/www.erplybooks.com\/et\/wp-json\/wp\/v2\/pages\/25106\/revisions"}],"wp:attachment":[{"href":"https:\/\/www.erplybooks.com\/et\/wp-json\/wp\/v2\/media?parent=25106"}],"wp:term":[{"taxonomy":"category","embeddable":true,"href":"https:\/\/www.erplybooks.com\/et\/wp-json\/wp\/v2\/categories?post=25106"},{"taxonomy":"post_tag","embeddable":true,"href":"https:\/\/www.erplybooks.com\/et\/wp-json\/wp\/v2\/tags?post=25106"}],"curies":[{"name":"wp","href":"https:\/\/api.w.org\/{rel}","templated":true}]}}