{"id":25060,"date":"2022-10-12T08:02:51","date_gmt":"2022-10-12T08:02:51","guid":{"rendered":"https:\/\/www.erplybooks.com\/?page_id=25060"},"modified":"2023-07-05T17:44:11","modified_gmt":"2023-07-05T17:44:11","slug":"moderan-integratsioon","status":"publish","type":"page","link":"https:\/\/www.erplybooks.com\/et\/moderan-integratsioon\/","title":{"rendered":"Moderan integratsioon"},"content":{"rendered":"<h2><strong>Moderan integratsioon<\/strong><\/h2>\n<p><span style=\"font-weight: 400;\">Ainus Exceli tabel, mida vajad selleks, et j\u00e4lgida, koguda ja hallata oma kinnisvaraportfelli toimivust!<\/span><\/p>\n<p>&nbsp;<\/p>\n<p><span style=\"font-weight: 400;\">Moderan on veebip\u00f5hine \u00e4rikinnisvara haldus ettev\u00f5te, mis annab reaalajas \u00fclevaate k\u00f5ikidest teie kinnisvaraobjektidest ning iga rendi muutus\/uuendus kajastub automaatselt virtuaalse portfelli statistikas. Moderaniga\u00a0saad hallata oma \u00e4ripindu, rendilepinguid, kommunaalteenuseid ning aruandlust. See on lahendus kinnisvara omanikele kasvatada kinnisvara v\u00e4\u00e4rtust l\u00e4bi automatiseerimise ja l\u00e4bipaistvuse, hoides sellega aega kokku. Sarnaselt ERPLY Booksile on Moderani tarkvara samuti ligip\u00e4\u00e4setav igal ajal ja igas kohas.<\/span><\/p>\n<p><span style=\"font-weight: 400;\">Moderani tarkvara on loodud spetsiaalselt \u00e4rikinnisvara haldamise ainulaadsete vajaduste jaoks.\u00a0<\/span><span style=\"font-weight: 400;\">See integratsioon sobib k\u00f5ikidele kinnisvarafirmadele, kes juba kasutavad Moderani v\u00f5i plaanivad kasutama hakata, et arendada oma \u00e4ripindade juhtimist ja ka nendele kes kasutavad (v\u00f5i plaanivad hakata kasutama) ERPLY \u00a0Booksi tarkvara raamatupidamise jaoks.\u00a0<\/span><span style=\"font-weight: 400;\">Moderan-ERPLY Books integratsiooni kasutamine on meie kasutajate aega s\u00e4\u00e4stnud iga kuu 1 tunnist kuni 1 p\u00e4evani. Lisaks t\u00e4hendab selline automatiseerimine aja ja raha kokkuhoidu, mis kulub andmete sisestamisest tulenevate inimlike vigade parandamisele.\u00a0<\/span><span style=\"font-weight: 400;\">See sisaldab t\u00f6\u00f6riistu kinnisvara ja pindade haldamiseks, rendihindade arvutamiseks ja kommunaalteenuste arvutamise automatiseerimiseks.\u00a0<\/span><\/p>\n<p><span style=\"font-weight: 400;\">K\u00f5ik \u00e4rikinnisvara omanikud seisavad sama v\u00e4ljakutsete ees:<img loading=\"lazy\" decoding=\"async\" class=\"alignright\" src=\"https:\/\/www.erplybooks.com\/wp-content\/uploads\/2021\/08\/Moderan-Solutions.png\" width=\"557\" height=\"450\" \/><\/span><\/p>\n<ul>\n<li style=\"font-weight: 400;\" aria-level=\"1\"><span style=\"font-weight: 400;\">Ruumide muutused &#8211; erinevalt elamukinnisvarast on \u00e4ripinnad tihti \u00fcmberstruktureeritud ja ruumide suurused on ajas muutuvad<\/span><\/li>\n<li style=\"font-weight: 400;\" aria-level=\"1\"><span style=\"font-weight: 400;\">T\u00e4htajad &#8211; alati on vaja j\u00e4lgida liisingu t\u00e4htaegasid, indekseerimise aknaid, etteteatamise t\u00e4htaegu, kindlustusn\u00f5udeid jms<\/span><\/li>\n<li style=\"font-weight: 400;\" aria-level=\"1\"><span style=\"font-weight: 400;\">Kasulikkuse arvutused &#8211; need peavad peegeldama vabu kohti, erandeid ning \u00fc\u00fcrniku ja ruumi vahetusi<\/span><\/li>\n<\/ul>\n<p><span style=\"font-weight: 400;\">Moderan pakub Teile \u00fchte standardiseeritud paindlikku keskkonda, kus on v\u00f5imalik n\u00e4ha ja hallata k\u00f5iki atribuute \u00fches kohas ning samuti j\u00e4lgida t\u00e4htaegasid automaatselt.\u00a0<\/span><\/p>\n<p><span style=\"font-weight: 400;\">Moderani kinnisvara haldustarkvara funktsioonid on:<\/span><\/p>\n<ul>\n<li style=\"font-weight: 400;\" aria-level=\"1\"><span style=\"font-weight: 400;\">\u00dclevaade varadest<\/span><\/li>\n<li style=\"font-weight: 400;\" aria-level=\"1\"><span style=\"font-weight: 400;\">Rendipindade haldus<\/span><\/li>\n<li style=\"font-weight: 400;\" aria-level=\"1\"><span style=\"font-weight: 400;\">Rendilepingute haldus<\/span><\/li>\n<li style=\"font-weight: 400;\" aria-level=\"1\"><span style=\"font-weight: 400;\">Kommunaalkulude arvutamine<\/span><\/li>\n<li style=\"font-weight: 400;\" aria-level=\"1\"><span style=\"font-weight: 400;\">T\u00e4htaegade haldus<\/span><\/li>\n<li style=\"font-weight: 400;\" aria-level=\"1\"><span style=\"font-weight: 400;\">Rendihalduse aruanded<\/span><\/li>\n<li style=\"font-weight: 400;\" aria-level=\"1\"><span style=\"font-weight: 400;\">Klienditugi<\/span><\/li>\n<\/ul>\n<p><strong>Kasutad ERPLY Booksi? Vaata, kuidas saab Moderani kasutamine Sinu jaoks lisav\u00e4\u00e4rtust luua:<\/strong><\/p>\n<ul>\n<li style=\"font-weight: 400;\" aria-level=\"1\"><span style=\"font-weight: 400;\">Moderani tarkvara on ligip\u00e4\u00e4setav k\u00f5ikjalt just nagu ERPLY Books. M\u00f5lemad tarkvarad vajavad vaid veebilehitsejat ja interneti\u00fchendust.<\/span><\/li>\n<li style=\"font-weight: 400;\" aria-level=\"1\"><span style=\"font-weight: 400;\">T\u00e4ielik kontroll oma kinnisvaraandmete \u00fcle administraatorimooduliga, olenemata sellest, kes haldusteenust pakub.<\/span><\/li>\n<li style=\"font-weight: 400;\" aria-level=\"1\"><span style=\"font-weight: 400;\">Moderan aitab teie t\u00f6\u00f6protsesse standardiseerida ja t\u00e4iustada, mis suurendab teie ettev\u00f5tte t\u00f6\u00f6 l\u00e4bipaistvust ja t\u00f5husust.<\/span><\/li>\n<li style=\"font-weight: 400;\" aria-level=\"1\"><span style=\"font-weight: 400;\">Moderani tarkvara andmed on alati ajakohased ja t\u00e4psed.<\/span><\/li>\n<li style=\"font-weight: 400;\" aria-level=\"1\"><span style=\"font-weight: 400;\">Tarkvaral on v\u00f5imas mootor, et hallata \u00fc\u00fcrnikega kokku lepitud lugematuid erandeid.<\/span><\/li>\n<li style=\"font-weight: 400;\" aria-level=\"1\"><span style=\"font-weight: 400;\">Arvutusi tehakse iga p\u00e4ev. Kui keegi kolib kuu jooksul sisse v\u00f5i v\u00e4lja, on see juba arvesse v\u00f5etud ja kajastub ERPLY Booksi tarkvaras.<\/span><\/li>\n<\/ul>\n<p><strong>Kasutad Moderani? Vaata, kuidas saab ERPLY Booksi kasutamine Sinu jaoks lisav\u00e4\u00e4rtust luua:<\/strong><\/p>\n<ul>\n<li style=\"font-weight: 400;\" aria-level=\"1\"><span style=\"font-weight: 400;\">Rentnikega seotud raamatupidamise haldamiseks s\u00fcnkroonitakse k\u00f5ik vajalikud rentniku andmed ERPLY Booksiga.<\/span><\/li>\n<li><span style=\"font-weight: 400;\">Sul on v\u00f5imalus saata ERPLY Booksist t\u00e4ielik \u00fclevaade \u00fc\u00fcri ja kommunaalteenuste arvetest<\/span><\/li>\n<li style=\"font-weight: 400;\" aria-level=\"1\"><span style=\"font-weight: 400;\">ERPLY Booksi abil ei pea te enam erinevatest Exceli failidest andmeid k\u00e4sitsi koguma, mis s\u00e4\u00e4stab teie meeskonnale v\u00e4\u00e4rtuslikku aega.<\/span><\/li>\n<li style=\"font-weight: 400;\" aria-level=\"1\"><span style=\"font-weight: 400;\">ERPLY Booksil on panga impordifunktsioon, mis v\u00f5imaldab automatiseerida kuni 100% k\u00f5igist maksetest.<\/span><\/li>\n<li style=\"font-weight: 400;\" aria-level=\"1\"><span style=\"font-weight: 400;\">Raamatupidajad saavad ostuarvete haldusega seotud protsesse automatiseerida tagades, et k\u00f5ik maksed j\u00f5uavad ERPLY Booksi automaatselt (k\u00f5rvaldades fail alla-fail \u00fcles manuaalse t\u00f6\u00f6) ja j\u00e4ttes manuaalseks t\u00f6\u00f6ks ainult maksed, mida s\u00fcsteem automaatselt k\u00e4sitleda ei suuda.<\/span><\/li>\n<li style=\"font-weight: 400;\" aria-level=\"1\"><span style=\"font-weight: 400;\">Igas suuruses ettev\u00f5tted, kes peavad k\u00e4sitlema pangamakseid, saavad makstavad ja saadavad arved automatiseerida.<\/span><\/li>\n<li style=\"font-weight: 400;\" aria-level=\"1\"><span style=\"font-weight: 400;\">Kui Teie ettev\u00f5tte raamatupidaja l\u00e4heb puhkusele, l\u00e4hevad maksed ikka Booksi ja ERPLY Books teeb tema t\u00f6\u00f6d edasi tuvastades ja \u00fchendades nii palju makseid kui v\u00f5imalik.<\/span><\/li>\n<li><span style=\"font-weight: 400;\">Moderan teeb k\u00f5ik \u00fc\u00fcri ja kommunaalide arvutused automaatselt. ERPLY Books juhib k\u00f5iki arvete automatiseerimisega seonduvat (maksum\u00e4\u00e4rad, saatmine suuremates mahtudes, postitamine jne).\u00a0<\/span><\/li>\n<\/ul>\n<h2><\/h2>\n<h2><strong>Moderani integreerimine<\/strong><\/h2>\n<p><span style=\"font-weight: 400;\">Need kaks tarkvara \u00fchendatakse omavahel l\u00e4bi ERPLY Books API.\u00a0<\/span><\/p>\n<ol>\n<li style=\"font-weight: 400;\" aria-level=\"1\"><span style=\"font-weight: 400;\">Esiteks, API liidese saad ERPLY Booksist.<\/span><\/li>\n<li style=\"font-weight: 400;\" aria-level=\"1\"><span style=\"font-weight: 400;\">Ava <\/span><b>S\u00e4tted -&gt; API seaded<\/b><span style=\"font-weight: 400;\"> ja sealt leiad API liidese.\u00a0<\/span><\/li>\n<\/ol>\n<p><img loading=\"lazy\" decoding=\"async\" class=\"alignnone wp-image-28824 \" src=\"https:\/\/www.erplybooks.com\/wp-content\/uploads\/2022\/10\/Screenshot-2022-10-12-at-11.19.08.png\" alt=\"\" width=\"412\" height=\"174\" \/><\/p>\n<p><span style=\"font-weight: 400;\">Seej\u00e4rel avage Moderani Admini vahelehelt Integratsiooni seadete leht:<\/span><\/p>\n<ol>\n<li style=\"font-weight: 400;\" aria-level=\"1\"><span style=\"font-weight: 400;\">Lubage ERPLY integratsioon<\/span><\/li>\n<li style=\"font-weight: 400;\" aria-level=\"1\"><span style=\"font-weight: 400;\">Lisage ERPLY API v\u00f5ti ja valige vara mida soovite linkida. Kui Teil on mitu omandit ja vastavalt mitu ERPLY andmebaasi, siis tuleb seadistada API v\u00f5tme-omaduse kombinatsioon iga jaoks eraldi.\u00a0<\/span><\/li>\n<li style=\"font-weight: 400;\" aria-level=\"1\"><span style=\"font-weight: 400;\">Kaardi rent, tasud ja kommunaalkulude liigid koos ERPLY artikli koodidega ning vajadusel saate lisada t\u00f5lked.\u00a0<\/span><\/li>\n<\/ol>\n<p><span style=\"font-weight: 400;\">Kui Teil tekib k\u00fcsimusi, siis palun kontakteeruda Moderani klienditoega <\/span><a href=\"mailto:support@moderan.freshdesk.com\"><span style=\"font-weight: 400;\">support@moderan.freshdesk.com<\/span><\/a><span style=\"font-weight: 400;\"> v\u00f5i ERPLY Books klienditoega <\/span><a href=\"mailto:info@erplybooks.com\"><span style=\"font-weight: 400;\">info@erplybooks.com<\/span><\/a><span style=\"font-weight: 400;\">.<\/span><\/p>\n<p><img loading=\"lazy\" decoding=\"async\" class=\"alignnone size-medium\" src=\"https:\/\/www.erplybooks.com\/wp-content\/uploads\/2021\/07\/Moderan_ERPLY_Integration.png\" width=\"1826\" height=\"976\" \/><\/p>\n<p>&nbsp;<\/p>\n<p><b>Kui teil on lisak\u00fcsimusi, v\u00f5tke meiega \u00fchendust aadressil <\/b><a href=\"mailto:info@erplybooks.com\"><b>info@erplybooks.com<\/b><\/a><\/p>\n","protected":false},"excerpt":{"rendered":"<p>Moderan integratsioon Ainus Exceli tabel, mida vajad selleks, et j\u00e4lgida, koguda ja hallata oma kinnisvaraportfelli toimivust! &nbsp; Moderan on veebip\u00f5hine \u00e4rikinnisvara haldus ettev\u00f5te, mis annab reaalajas \u00fclevaate k\u00f5ikidest teie kinnisvaraobjektidest ning iga rendi muutus\/uuendus kajastub automaatselt virtuaalse portfelli statistikas. Moderaniga\u00a0saad hallata oma \u00e4ripindu, rendilepinguid, kommunaalteenuseid ning aruandlust. See on lahendus kinnisvara omanikele kasvatada kinnisvara v\u00e4\u00e4rtust [&hellip;]<\/p>\n","protected":false},"author":22,"featured_media":0,"parent":0,"menu_order":0,"comment_status":"closed","ping_status":"closed","template":"","meta":{"_et_pb_use_builder":"","_et_pb_old_content":"","_et_gb_content_width":"","footnotes":""},"categories":[459],"tags":[770,868],"class_list":["post-25060","page","type-page","status-publish","hentry","category-integratsioonid","tag-integratsioonid","tag-moderan-2"],"_links":{"self":[{"href":"https:\/\/www.erplybooks.com\/et\/wp-json\/wp\/v2\/pages\/25060","targetHints":{"allow":["GET"]}}],"collection":[{"href":"https:\/\/www.erplybooks.com\/et\/wp-json\/wp\/v2\/pages"}],"about":[{"href":"https:\/\/www.erplybooks.com\/et\/wp-json\/wp\/v2\/types\/page"}],"author":[{"embeddable":true,"href":"https:\/\/www.erplybooks.com\/et\/wp-json\/wp\/v2\/users\/22"}],"replies":[{"embeddable":true,"href":"https:\/\/www.erplybooks.com\/et\/wp-json\/wp\/v2\/comments?post=25060"}],"version-history":[{"count":0,"href":"https:\/\/www.erplybooks.com\/et\/wp-json\/wp\/v2\/pages\/25060\/revisions"}],"wp:attachment":[{"href":"https:\/\/www.erplybooks.com\/et\/wp-json\/wp\/v2\/media?parent=25060"}],"wp:term":[{"taxonomy":"category","embeddable":true,"href":"https:\/\/www.erplybooks.com\/et\/wp-json\/wp\/v2\/categories?post=25060"},{"taxonomy":"post_tag","embeddable":true,"href":"https:\/\/www.erplybooks.com\/et\/wp-json\/wp\/v2\/tags?post=25060"}],"curies":[{"name":"wp","href":"https:\/\/api.w.org\/{rel}","templated":true}]}}