{"id":24919,"date":"2022-02-11T13:05:35","date_gmt":"2022-02-11T13:05:35","guid":{"rendered":"https:\/\/www.erplybooks.com\/?page_id=24919"},"modified":"2023-08-21T12:25:15","modified_gmt":"2023-08-21T12:25:15","slug":"fitekin-integratsioon","status":"publish","type":"page","link":"https:\/\/www.erplybooks.com\/et\/fitekin-integratsioon\/","title":{"rendered":"Fitekin integratsioon"},"content":{"rendered":"<h2><strong>Fitekin integratsioon (endine Fitek)<\/strong><\/h2>\n<p><span style=\"font-weight: 400;\">S\u00e4\u00e4sta enda aega raamatupidamises, automatiseerides ostuarvetega seotud protsessid Fitekin&#8217;is!<\/span><\/p>\n<p>&nbsp;<\/p>\n<p><span style=\"font-weight: 400;\">Fitekin on internetip\u00f5hine ostuarvete halduss\u00fcsteem, mis lihtsustab e-arvete, PDF- arvete ja paberarvete haldamist, kuna s\u00fcsteem v\u00f5imaldab ostuarvete kinnitamist, kulude jaotamist ja nende protsesside automatiseerimist.\u00a0<\/span><\/p>\n<p><span style=\"font-weight: 400;\">Fitekin v\u00f5imaldab arvetehaldust k\u00f5ikjalt, mis pakub v\u00f5imalust kaugt\u00f6\u00f6ks. Ainuke eeldus, et Teil on olemas interneti\u00fchendusega nutitelefon, tahvel v\u00f5i arvuti.\u00a0<\/span><\/p>\n<p><span style=\"font-weight: 400;\">Arvehalduss\u00fcsteemis Fitekin kinnitatud ja konteeritud arved saadetakse raamatupidamistarkvarasse (ERP) v\u00f5i vajadusel ka m\u00f5nda teise kliendi infos\u00fcsteemi. Ostuarvete halduss\u00fcsteemi lahendus muudab kogu ostuarvete k\u00e4sitlemise protsessi kiireks, lihtsaks ja \u00fclevaatlikuks. Arved koos infoga s\u00e4ilitatakse seaduses ette n\u00e4htud ajale. Seega saab FitekIni tarkvara kasutada ka ostuarvete arhiivina, mis muudab arvete arhiivist otsimise ka kiireks ja lihtsaks.<\/span><\/p>\n<p><span style=\"font-weight: 400;\"><strong>Fitekin on peamiselt m\u00f5eldud ettev\u00f5tetele, millel on:<\/strong>\u00a0<\/span><\/p>\n<ul>\n<li style=\"font-weight: 400;\" aria-level=\"1\"><span style=\"font-weight: 400;\">Rohkem kui 300 ostuarvet kuus<\/span><\/li>\n<li style=\"font-weight: 400;\" aria-level=\"1\"><span style=\"font-weight: 400;\">Kuus v\u00f5i rohkem inimest ettev\u00f5ttes\/asutuses, kes tegelevad arvete kinnitamisega<\/span><\/li>\n<li style=\"font-weight: 400;\" aria-level=\"1\"><span style=\"font-weight: 400;\">Eri paikades asuvad arved ja nende kinnitajad<\/span><\/li>\n<\/ul>\n<p><strong>Kasutad ERPLY Booksi? Vaata, kuidas saab Fitekini kasutamine Sinu jaoks lisav\u00e4\u00e4rtust luua:<\/strong><\/p>\n<ul>\n<li style=\"font-weight: 400;\" aria-level=\"1\"><span style=\"font-weight: 400;\">S\u00e4\u00e4stad enda ja oma kolleegide aega, automatiseerides ostuarvete halduse ja sellega seotud protsessid.<\/span><\/li>\n<li style=\"font-weight: 400;\" aria-level=\"1\"><span style=\"font-weight: 400;\">Arvete haldus on v\u00f5imalik k\u00f5ikjalt, kus on olemas interneti\u00fchendus je veebibrauser.<\/span><\/li>\n<li style=\"font-weight: 400;\" aria-level=\"1\"><span style=\"font-weight: 400;\">Reaalajas \u00fclevaade ettev\u00f5tte ostuarvetest.<\/span><\/li>\n<li style=\"font-weight: 400;\" aria-level=\"1\"><span style=\"font-weight: 400;\">Arved s\u00e4ilitatakse seaduses etten\u00e4htud ajale, mis t\u00e4hendab, et Fitekini tarkvara saab kasutada ka kui arvete arhiivina.<\/span><\/li>\n<li style=\"font-weight: 400;\" aria-level=\"1\"><span style=\"font-weight: 400;\">Lihtne ligip\u00e4\u00e4s arvete arhiivile &#8211; vajalikud andmed on kiirelt leitavad, enamlevinud otsingud on v\u00f5imalik salvestada.<\/span><\/li>\n<li style=\"font-weight: 400;\" aria-level=\"1\"><span style=\"font-weight: 400;\">T\u00e4nu v\u00e4iksemale kogusele manuaalsele t\u00f6\u00f6le on s\u00fcsteemis v\u00e4hem vigu, mis v\u00f5imaldab paremat andmete kvaliteeti.<\/span><\/li>\n<li style=\"font-weight: 400;\" aria-level=\"1\"><span style=\"font-weight: 400;\">Ostuarvete \u00f5igeaegne k\u00e4sitlemine on \u00fcheks eelduseks heale maksek\u00e4itumisele ja koost\u00f6\u00f6le tarnijatega.<\/span><\/li>\n<\/ul>\n<p><strong>Kasutad Fitekini? Vaata, kuidas saab ERPLY Booksi kasutamine Sinu jaoks lisav\u00e4\u00e4rtust luua:<\/strong><\/p>\n<ul>\n<li style=\"font-weight: 400;\" aria-level=\"1\"><span style=\"font-weight: 400;\">Riigikassa, SAP ja riigi raamatupidamislahendusega on ERPLY Booksi kasutada ka riigiasutusel, sest t\u00e4nasel p\u00e4eval on v\u00f5imalik riigisektorile saata vaid e-arveid.<\/span><\/li>\n<li style=\"font-weight: 400;\" aria-level=\"1\"><span style=\"font-weight: 400;\">ERPLY Booksil on panga impordifunktsioon, mis v\u00f5imaldab automatiseerida kuni 100% k\u00f5igist maksetest.<\/span><\/li>\n<li style=\"font-weight: 400;\" aria-level=\"1\"><span style=\"font-weight: 400;\">Raamatupidajad saavad ostuarvete haldusega seotud protsesse automatiseerida tagades, et k\u00f5ik maksed j\u00f5uavad ERPLY Books&#8217;i automaatselt (k\u00f5rvaldades fail alla-fail \u00fcles manuaalse t\u00f6\u00f6) ja j\u00e4ttes manuaalseks t\u00f6\u00f6ks ainult maksed, mida s\u00fcsteem automaatselt k\u00e4sitleda ei suuda.<\/span><\/li>\n<li style=\"font-weight: 400;\" aria-level=\"1\"><span style=\"font-weight: 400;\">Igas suuruses ettev\u00f5tted, kes peavad k\u00e4sitlema pangamakseid, saavad makstavad ja saadavad arved automatiseerida<\/span><\/li>\n<li style=\"font-weight: 400;\" aria-level=\"1\"><span style=\"font-weight: 400;\">Kui Teie ettev\u00f5tte raamatupidaja l\u00e4heb puhkusele, l\u00e4hevad maksed ikka Books&#8217; ja ERPLY Books teeb tema t\u00f6\u00f6d edasi tuvastades ja \u00fchendades nii palju makseid kui v\u00f5imalik.<\/span><\/li>\n<\/ul>\n<p><span style=\"font-weight: 400;\">Lihtsalt et anda ettekujutlus, mida failide alla laadimine ja \u00fcleslaadimine saab teha. Oletame, et peate \u2026.(get payments)&#8230; kolm korda p\u00e4evas. 52 n\u00e4dalat, viis p\u00e4eva n\u00e4dalas. See t\u00e4hendab 52*5*3=780 korda. \u00dctleme, et panka sisselogimine, siis faili alla laadimine ja siis \u00fcles laadimine Books&#8217;i tarkvarasse v\u00f5tab aega keskmiselt umbes 2 minutit. See t\u00e4hendab, et saate s\u00e4\u00e4sta 26 tundi iga aasta lihtsalt eemaldades manuaalselt alla- ja \u00fcleslaadimise protsessi. Samuti eemaldab see l\u00f5puks vajaduse aeg-ajalt v\u00e4rskendada CSV\/muu vormingu v\u00e4ljundeid. N\u00e4iteks PayPal on aastatel 2015\u20132022 muutnud oma CSV-failivormingut rohkem kui kolm korda.<\/span><\/p>\n<p>&nbsp;<\/p>\n<h2><strong>Fitekini integreerimine<\/strong><\/h2>\n<p>&nbsp;<\/p>\n<p><span style=\"font-weight: 400;\">Ava &#8221;<\/span><b>S\u00e4tted -&gt; Integratsioonid&#8221;<\/b><span style=\"font-weight: 400;\"> ja otsi Unifiedpost ning vajuta \u2018<\/span><b>\u2019Halda\u2019\u2019<\/b><span style=\"font-weight: 400;\"> nuppu<\/span><b>.\u00a0<\/b><span style=\"font-weight: 400;\">Avaneb aken, kuhu sisesta oma kasutajanimi ja parool ja salvesta.<\/span><\/p>\n<p>&nbsp;<\/p>\n<p><img loading=\"lazy\" decoding=\"async\" class=\"alignnone \" src=\"https:\/\/www.erplybooks.com\/wp-content\/uploads\/2022\/03\/Screenshot-2022-03-07-at-10.35.33.png\" width=\"333\" height=\"233\" \/><\/p>\n<p>&nbsp;<\/p>\n<p><span style=\"font-weight: 400;\">Kasutajanime ja parooli saad Unifiedpostist ning t\u00e4psemat infot nende kohta saad Unifiedposti kasutajatoelt. Kui kasutajanimi ja parool on lisatud, on integratsioon loodud.\u00a0<\/span><\/p>\n<p><span style=\"font-weight: 400;\">Liikudes &#8221;<\/span><b>Aruanded -&gt; M\u00fc\u00fcgiarved&#8221; <\/b><span style=\"font-weight: 400;\">ja avades soovitud m\u00fc\u00fcgiarve, on all paremas nurgas \u00fcmbriku nupule vajutades v\u00f5imalik see otse <\/span><span style=\"font-weight: 400;\">Fitekile (Unifiedpostile) <\/span><span style=\"font-weight: 400;\">saata. Vajuta linnukesele \u2018<\/span><b>\u2019Saada\u2019\u2019<\/b><span style=\"font-weight: 400;\"> nupul ja vali sealt <\/span><span style=\"font-weight: 400;\"><strong>\u2018\u2019Fitek\u2019\u2019<\/strong>.<\/span><span style=\"font-weight: 400;\">\u00a0<\/span><\/p>\n<p><span style=\"font-weight: 400;\">Kirjuta pealehe otsingukasti <\/span><b>Globaalsed Parameetrid.<\/b><span style=\"font-weight: 400;\"> Seal on olemas global nimega <\/span><b>ATTRIBUTE_GLOBAL_ADD_EINVOICE__SERVIDE_ID<\/b><span style=\"font-weight: 400;\">. See global on oluline, sest Unifiedpostile on vajalik, et oleks \u00fchtne klientide andmebaas avalikule sektorile. Kui tegu on avaliku sektori organisatsiooniga, siis on vajalik tunnus, mis eristab millisest organisatsioonist arve saadetakse. <\/span><\/p>\n<p><span style=\"font-weight: 400;\">Kliendi andmetesse on <\/span><b>\u2018\u2019Identifikaatori\u2019\u2019<\/b><span style=\"font-weight: 400;\"> lahtrisse vaja sisestada tunnus. Kliendi andmed leiad kui avad &#8221;<\/span><b>M\u00fc\u00fck-&gt; Kontaktid&#8221; <\/b><span style=\"font-weight: 400;\">ja<\/span> <span style=\"font-weight: 400;\">vajutad nime ees olevale <\/span><b>i<\/b><span style=\"font-weight: 400;\"> t\u00e4hele. Tunnuse lahtrisse lisa k\u00f5igepealt enda ettev\u00f5tte registrikood ja seej\u00e4rel lisa veel kliendi registrikood (eraisiku puhul isikukood). N\u00fc\u00fcd on klienti v\u00f5imalik eristada identifikaatori j\u00e4rgi.\u00a0<\/span><\/p>\n<p>&nbsp;<\/p>\n<p><img loading=\"lazy\" decoding=\"async\" class=\"alignnone \" src=\"https:\/\/www.erplybooks.com\/wp-content\/uploads\/2022\/03\/Screenshot-2022-03-07-at-10.35.44.png\" width=\"323\" height=\"195\" \/><\/p>\n<p>&nbsp;<\/p>\n<p><img loading=\"lazy\" decoding=\"async\" class=\"alignnone \" src=\"https:\/\/www.erplybooks.com\/wp-content\/uploads\/2022\/03\/Screenshot-2022-03-07-at-10.50.40.png\" width=\"453\" height=\"306\" \/><\/p>\n<p>&nbsp;<\/p>\n<ul>\n<li><b>GLOBAL_USE_EINVOICE_VERSION12 &#8211; <\/b><span style=\"font-weight: 400;\">kui seda globalit ei ole lisatud, siis vaikimisi saadame meie Unifiedposti arve versiooniga 1.1. Siinkohal peaksid uurima oma Unifiedpost haldurilt, mis versiooniga e-arveid te kasutate. Eesti e-arvete standardis on hetkel kasutusel kolm erinevat versiooni (1.0, 1.1 ja 1.2).\u00a0<\/span><\/li>\n<li><b>GLOBAL_ADD_ALL_BANK_ACCOUNTS_EINVOICE<\/b><span style=\"font-weight: 400;\"> &#8211; selle globaliga lisatakse e-arvele k\u00f5ik erinevad pangakontod, mis on lisatud firma andmete all (&#8221;<strong>S\u00e4tted -&gt; Firma andmed&#8221;<\/strong>). Kui seda globalit pole, siis lisatakse vaid \u00fcks ehk siis peamine, mis on linnukesega vaikimisi m\u00e4rgitud.\u00a0<\/span><\/li>\n<li><b>GLOBAL_ADD_ATTACHMENT_TO_EINVOICE &#8211; <\/b><span style=\"font-weight: 400;\">selle globaliga lisatakse arvele ka PDF fail.<\/span><\/li>\n<\/ul>\n<p><span style=\"font-weight: 400;\">Kui ettev\u00f5ttel on Unifiedpost mingis oma serveris, nt suured kliendid kasutavad eraldi Unifiedposti serverit, millel on oma URL, siis saab seda saab seadistada nii:\u00a0<\/span><\/p>\n<ul>\n<li><span style=\"font-weight: 400;\">Name= <\/span><b>ATTRIBUTE_GLOBAL_FITEK_LIVE_URL<\/b><\/li>\n<li><span style=\"font-weight: 400;\">Value= vastav URL<\/span><\/li>\n<li><span style=\"font-weight: 400;\">Vaikimisi URL on <\/span><a href=\"https:\/\/www.arved.ee\/b2b\/services\/iWS-Invoices?wsdl\"><span style=\"font-weight: 400;\">\u00a0<\/span><span style=\"font-weight: 400;\">https:\/\/www.arved.ee\/b2b\/services\/iWS-Invoices?wsdl<\/span><\/a><\/li>\n<\/ul>\n<p><span style=\"font-weight: 400;\">Kui integratsioon on tehtud, siis &#8221;<\/span><b>S\u00e4tted -&gt; Integratsioonid&#8221; <\/b><span style=\"font-weight: 400;\">alt otsi v\u00e4lja Unifiedpost ja vajuta <\/span><b>\u2018\u2019S\u00fcnkroniseeri\u2019\u2019<\/b><span style=\"font-weight: 400;\">\u00a0 ja siin saad s\u00fcnkroniseerida ostuarved. Kui saadad m\u00fc\u00fcgiarveid, siis seda saab teha arve peal (kirjeldatud \u00fcleval pool) v\u00f5i kasutades Invoice Scheduleri. Loe Invoice Schedulerist l\u00e4hemalt <\/span><a href=\"https:\/\/www.erplybooks.com\/manuals\/invoice-scheduler\/\"><span style=\"font-weight: 400;\">SIIT<\/span><\/a><span style=\"font-weight: 400;\">.\u00a0<\/span><\/p>\n<p><span style=\"font-weight: 400;\">Kui on soov kasutada ostuarveid Unifiedpostis ja \u00fchendada ERPLY Booksi kontoplaan, siis avades &#8221;<\/span><b>RMP -&gt; Kontoplaan&#8221;,<\/b><span style=\"font-weight: 400;\"> saab kontode CSV faili alla laadida ja seej\u00e4rel Unifiedposti abiga need Unifiedposti laadida.<\/span><\/p>\n<p><strong>Kui teil on lisak\u00fcsimusi, v\u00f5tke meiega \u00fchendust aadressil <a href=\"mailto:info@erplybooks.com\">info@erplybooks.com<\/a>.\u00a0<\/strong><\/p>\n<p>&nbsp;<\/p>\n","protected":false},"excerpt":{"rendered":"<p>Fitekin integratsioon (endine Fitek) S\u00e4\u00e4sta enda aega raamatupidamises, automatiseerides ostuarvetega seotud protsessid Fitekin&#8217;is! &nbsp; Fitekin on internetip\u00f5hine ostuarvete halduss\u00fcsteem, mis lihtsustab e-arvete, PDF- arvete ja paberarvete haldamist, kuna s\u00fcsteem v\u00f5imaldab ostuarvete kinnitamist, kulude jaotamist ja nende protsesside automatiseerimist.\u00a0 Fitekin v\u00f5imaldab arvetehaldust k\u00f5ikjalt, mis pakub v\u00f5imalust kaugt\u00f6\u00f6ks. Ainuke eeldus, et Teil on olemas interneti\u00fchendusega nutitelefon, tahvel [&hellip;]<\/p>\n","protected":false},"author":21,"featured_media":0,"parent":0,"menu_order":0,"comment_status":"closed","ping_status":"closed","template":"","meta":{"_et_pb_use_builder":"","_et_pb_old_content":"","_et_gb_content_width":"","footnotes":""},"categories":[459],"tags":[767,750],"class_list":["post-24919","page","type-page","status-publish","hentry","category-integratsioonid","tag-fitekin-2","tag-integratsioon-2"],"_links":{"self":[{"href":"https:\/\/www.erplybooks.com\/et\/wp-json\/wp\/v2\/pages\/24919","targetHints":{"allow":["GET"]}}],"collection":[{"href":"https:\/\/www.erplybooks.com\/et\/wp-json\/wp\/v2\/pages"}],"about":[{"href":"https:\/\/www.erplybooks.com\/et\/wp-json\/wp\/v2\/types\/page"}],"author":[{"embeddable":true,"href":"https:\/\/www.erplybooks.com\/et\/wp-json\/wp\/v2\/users\/21"}],"replies":[{"embeddable":true,"href":"https:\/\/www.erplybooks.com\/et\/wp-json\/wp\/v2\/comments?post=24919"}],"version-history":[{"count":0,"href":"https:\/\/www.erplybooks.com\/et\/wp-json\/wp\/v2\/pages\/24919\/revisions"}],"wp:attachment":[{"href":"https:\/\/www.erplybooks.com\/et\/wp-json\/wp\/v2\/media?parent=24919"}],"wp:term":[{"taxonomy":"category","embeddable":true,"href":"https:\/\/www.erplybooks.com\/et\/wp-json\/wp\/v2\/categories?post=24919"},{"taxonomy":"post_tag","embeddable":true,"href":"https:\/\/www.erplybooks.com\/et\/wp-json\/wp\/v2\/tags?post=24919"}],"curies":[{"name":"wp","href":"https:\/\/api.w.org\/{rel}","templated":true}]}}