{"id":24357,"date":"2021-11-02T11:59:22","date_gmt":"2021-11-02T11:59:22","guid":{"rendered":"https:\/\/www.erplybooks.com\/?page_id=24357"},"modified":"2023-07-05T08:59:20","modified_gmt":"2023-07-05T08:59:20","slug":"emailipohine-topeltautentimine","status":"publish","type":"page","link":"https:\/\/www.erplybooks.com\/et\/juhendid\/emailipohine-topeltautentimine\/","title":{"rendered":"Emailip\u00f5hine topeltautentimine"},"content":{"rendered":"<h1><strong>Emailip\u00f5hine topeltautentimine<\/strong><\/h1>\n<p>&nbsp;<\/p>\n<p><span style=\"font-weight: 400;\">Topeltautentimine v\u00f5imaldab anda ERPLY Booksi sisselogimisel t\u00e4iendava turvalisuse. Kasutajal peab olema ERPLY Books konto parool ja ligip\u00e4\u00e4s oma emaili kontole (n\u00e4iteks kui keegi p\u00e4\u00e4seb Teie kontole ligi, siis on automaatselt v\u00f5imalik teada saada m\u00f5lema konto andmed). Topeltautentimist on v\u00f5imalik seadistada nii kasutajap\u00f5hiselt kui ka ettev\u00f5ttep\u00f5hiselt.\u00a0<\/span><\/p>\n<ul>\n<li><span style=\"font-weight: 400;\">\u00a0Kasutajap\u00f5hine autentimine<\/span><\/li>\n<\/ul>\n<p><span style=\"font-weight: 400;\">Selleks avage <\/span><b>\u201cS\u00e4tted\u201d &gt; \u201cKasutaja seaded\u201d<\/b><span style=\"font-weight: 400;\">\u00a0<\/span><\/p>\n<p><span style=\"font-weight: 400;\">Kasutaja seadete alt saate valida emailip\u00f5hise autentimise. Seadistuse aktiveerimiseks m\u00e4\u00e4rake selle ette linnuke ja salvestage.\u00a0<\/span><\/p>\n<p><img loading=\"lazy\" decoding=\"async\" class=\"alignnone wp-image-24332 size-full\" src=\"https:\/\/www.erplybooks.com\/wp-content\/uploads\/2021\/11\/1.png\" alt=\"\" width=\"602\" height=\"103\" srcset=\"https:\/\/www.erplybooks.com\/wp-content\/uploads\/2021\/11\/1.png 602w, https:\/\/www.erplybooks.com\/wp-content\/uploads\/2021\/11\/1-480x82.png 480w\" sizes=\"auto, (min-width: 0px) and (max-width: 480px) 480px, (min-width: 481px) 602px, 100vw\" \/><\/p>\n<ul>\n<li><span style=\"font-weight: 400;\">Ettev\u00f5ttep\u00f5hine autentimine<\/span><\/li>\n<\/ul>\n<p><span style=\"font-weight: 400;\">Selleks avage <\/span><b>\u201cS\u00e4tted\u201d &gt; \u201c\u00dcldised s\u00e4tted\u201d &gt; \u201cMuud v\u00f5imalused\u201d\u00a0<\/b><\/p>\n<p><b>\u201cMuud v\u00f5imalused\u201d<\/b><span style=\"font-weight: 400;\"> all saate valida <\/span><b>\u201cKasuta emailip\u00f5hist topeltautentimist?\u201d. <\/b><span style=\"font-weight: 400;\">Seadistuse aktiveerimiseks m\u00e4\u00e4rake selle ette linnuke ja salvestage.\u00a0<\/span><\/p>\n<p>&nbsp;<\/p>\n<p><img loading=\"lazy\" decoding=\"async\" class=\"alignnone wp-image-24342 size-full\" src=\"https:\/\/www.erplybooks.com\/wp-content\/uploads\/2021\/11\/Uldised-satted.png\" alt=\"\" width=\"629\" height=\"231\" srcset=\"https:\/\/www.erplybooks.com\/wp-content\/uploads\/2021\/11\/Uldised-satted.png 629w, https:\/\/www.erplybooks.com\/wp-content\/uploads\/2021\/11\/Uldised-satted-480x176.png 480w\" sizes=\"auto, (min-width: 0px) and (max-width: 480px) 480px, (min-width: 481px) 629px, 100vw\" \/><\/p>\n<p><span style=\"font-weight: 400;\">Kui olete muudatused salvestanud, siis kontole uuesti sisse logides kuvab programm Teile j\u00e4rgneva teate:<\/span><\/p>\n<p>&nbsp;<\/p>\n<p><img loading=\"lazy\" decoding=\"async\" class=\"alignnone wp-image-24352 size-full\" src=\"https:\/\/www.erplybooks.com\/wp-content\/uploads\/2021\/11\/Konto-aktiveerimine.png\" alt=\"\" width=\"530\" height=\"280\" srcset=\"https:\/\/www.erplybooks.com\/wp-content\/uploads\/2021\/11\/Konto-aktiveerimine.png 530w, https:\/\/www.erplybooks.com\/wp-content\/uploads\/2021\/11\/Konto-aktiveerimine-480x254.png 480w\" sizes=\"auto, (min-width: 0px) and (max-width: 480px) 480px, (min-width: 481px) 530px, 100vw\" \/><\/p>\n<p><span style=\"font-weight: 400;\">Enda emaili kontrollides on programm Teile saatnud kinnituskirja konto aktiveerimiseks (sisse logimiseks). Klikkides meilile saadetud lingile saate turvaliselt oma kontole sisse logida. Tuleb arvestada, et sisse tuleb logida samas brauseris, kus parasjagu viibite, kuna muidu on vajalik lingi kopeerimine ja sisenemine teisest brauserist.\u00a0<\/span><\/p>\n<p>&nbsp;<\/p>\n<p><img loading=\"lazy\" decoding=\"async\" class=\"alignnone wp-image-24337 size-full\" src=\"https:\/\/www.erplybooks.com\/wp-content\/uploads\/2021\/11\/Untitled.png\" alt=\"\" width=\"754\" height=\"153\" srcset=\"https:\/\/www.erplybooks.com\/wp-content\/uploads\/2021\/11\/Untitled.png 754w, https:\/\/www.erplybooks.com\/wp-content\/uploads\/2021\/11\/Untitled-480x97.png 480w\" sizes=\"auto, (min-width: 0px) and (max-width: 480px) 480px, (min-width: 481px) 754px, 100vw\" \/><\/p>\n","protected":false},"excerpt":{"rendered":"<p>Emailip\u00f5hine topeltautentimine &nbsp; Topeltautentimine v\u00f5imaldab anda ERPLY Booksi sisselogimisel t\u00e4iendava turvalisuse. Kasutajal peab olema ERPLY Books konto parool ja ligip\u00e4\u00e4s oma emaili kontole (n\u00e4iteks kui keegi p\u00e4\u00e4seb Teie kontole ligi, siis on automaatselt v\u00f5imalik teada saada m\u00f5lema konto andmed). Topeltautentimist on v\u00f5imalik seadistada nii kasutajap\u00f5hiselt kui ka ettev\u00f5ttep\u00f5hiselt.\u00a0 \u00a0Kasutajap\u00f5hine autentimine Selleks avage \u201cS\u00e4tted\u201d &gt; \u201cKasutaja [&hellip;]<\/p>\n","protected":false},"author":20,"featured_media":0,"parent":3312,"menu_order":0,"comment_status":"closed","ping_status":"closed","template":"","meta":{"_et_pb_use_builder":"","_et_pb_old_content":"","_et_gb_content_width":"","footnotes":""},"categories":[450],"tags":[808,809,593],"class_list":["post-24357","page","type-page","status-publish","hentry","category-seadistused","tag-2fa","tag-autentimine","tag-e-mail-2"],"_links":{"self":[{"href":"https:\/\/www.erplybooks.com\/et\/wp-json\/wp\/v2\/pages\/24357","targetHints":{"allow":["GET"]}}],"collection":[{"href":"https:\/\/www.erplybooks.com\/et\/wp-json\/wp\/v2\/pages"}],"about":[{"href":"https:\/\/www.erplybooks.com\/et\/wp-json\/wp\/v2\/types\/page"}],"author":[{"embeddable":true,"href":"https:\/\/www.erplybooks.com\/et\/wp-json\/wp\/v2\/users\/20"}],"replies":[{"embeddable":true,"href":"https:\/\/www.erplybooks.com\/et\/wp-json\/wp\/v2\/comments?post=24357"}],"version-history":[{"count":0,"href":"https:\/\/www.erplybooks.com\/et\/wp-json\/wp\/v2\/pages\/24357\/revisions"}],"up":[{"embeddable":true,"href":"https:\/\/www.erplybooks.com\/et\/wp-json\/wp\/v2\/pages\/3312"}],"wp:attachment":[{"href":"https:\/\/www.erplybooks.com\/et\/wp-json\/wp\/v2\/media?parent=24357"}],"wp:term":[{"taxonomy":"category","embeddable":true,"href":"https:\/\/www.erplybooks.com\/et\/wp-json\/wp\/v2\/categories?post=24357"},{"taxonomy":"post_tag","embeddable":true,"href":"https:\/\/www.erplybooks.com\/et\/wp-json\/wp\/v2\/tags?post=24357"}],"curies":[{"name":"wp","href":"https:\/\/api.w.org\/{rel}","templated":true}]}}