{"id":2375,"date":"2016-10-14T18:20:51","date_gmt":"2016-10-14T18:20:51","guid":{"rendered":"http:\/\/www.erplybooks.com\/?page_id=2375"},"modified":"2024-07-19T12:16:48","modified_gmt":"2024-07-19T12:16:48","slug":"pangaimport-erply-booksis","status":"publish","type":"page","link":"https:\/\/www.erplybooks.com\/et\/juhendid\/pangaimport-erply-booksis\/","title":{"rendered":"Pangaimport"},"content":{"rendered":"<h1>Pangaimport<\/h1>\r\n<p>&nbsp;<\/p>\r\n<p>Pangaimport ERPLY Books&#8217;is v\u00f5imaldab maksete ja laekumiste automaatse \u00fchendamise <strong>arvete, kontaktide v\u00f5i kontodega<\/strong>.\u00a0<span style=\"font-weight: 400;\">Samuti saab juurde lisada projekte. Pangaimport teeb laekumiste ja maksete haldamise Sulle lihtsaks!<\/span><\/p>\r\n<p><span style=\"font-weight: 400;\">Protsessi v\u00f5imalikult automaatseks muutmiseks tuleb koostada <a href=\"https:\/\/www.erplybooks.com\/et\/juhendid\/pangareeglid\/\">pangareeglid<\/a>. Pangareeglite abil \u00fchendatakse maksed soovitava v\u00e4\u00e4rtusega. Tarkvara kontrollib<\/span><span style=\"font-weight: 400;\"> k\u00f5ik laekumised ja maksmised \u00fcle ning seob need \u00f5igete arvetega (kliendi-hankija nime, registrikoodi, viitenumbri ja k\u00f5ikide muude v\u00f5imalike tingimuste abil). Arve mitteleidmisel seotakse makse kontodega (selle jaoks saab ka ise erinevaid reegleid koostada). <\/span><\/p>\r\n<p style=\"text-align: justify;\"><span style=\"font-weight: 400;\">Need maksed, mida ei lingita automaatselt, saad siduda, kas <\/span><span style=\"font-weight: 400;\">k\u00e4sitsi v\u00f5i koostada<\/span><span style=\"font-weight: 400;\"> pangareegli, mille alusel seotakse vastav rida j\u00e4rgmine kord automaatselt.\u00a0<\/span><span style=\"font-weight: 400;\">Statistika kohaselt on v\u00e4hemalt <strong>90% tehingutest automaatselt tuvastatavad<\/strong>.<\/span><\/p>\r\n<p style=\"text-align: justify;\"><span style=\"font-weight: 400;\">Pangaimpordi moodulisse saad minna<\/span><span style=\"font-weight: 400;\"><strong>\u00a0<\/strong>\u00fc<\/span><span style=\"font-weight: 400;\">lamen\u00fc\u00fcst <strong>&#8220;M\u00fc\u00fck&#8221; &gt;\u00a0 &#8220;Pangaimport&#8221; \/<\/strong><\/span><span style=\"font-weight: 400;\">\u00a0<strong>&#8220;Ost&#8221; &gt; &#8220;Pangaimport&#8221;,\u00a0<\/strong>pealehe nupu kaudu <strong>&#8220;Pangaimport&#8221; <\/strong>v\u00f5i\u00a0pealehe<\/span><span style=\"font-weight: 400;\">\u00a0otsingukastist, otsides m\u00e4rks\u00f5na <strong>&#8220;Pangaimport&#8221;.<\/strong><\/span><\/p>\r\n<p>Moodul n\u00e4eb v\u00e4lja j\u00e4rgmine:<\/p>\r\n<p>&nbsp;<\/p>\r\n<p><img loading=\"lazy\" decoding=\"async\" class=\"alignnone size-full wp-image-20976\" src=\"https:\/\/www.erplybooks.com\/wp-content\/uploads\/2021\/04\/Screen-Shot-2021-04-22-at-14.27.40.png\" alt=\"\" width=\"1427\" height=\"458\" srcset=\"https:\/\/www.erplybooks.com\/wp-content\/uploads\/2021\/04\/Screen-Shot-2021-04-22-at-14.27.40.png 1427w, https:\/\/www.erplybooks.com\/wp-content\/uploads\/2021\/04\/Screen-Shot-2021-04-22-at-14.27.40-300x96.png 300w, https:\/\/www.erplybooks.com\/wp-content\/uploads\/2021\/04\/Screen-Shot-2021-04-22-at-14.27.40-1024x329.png 1024w, https:\/\/www.erplybooks.com\/wp-content\/uploads\/2021\/04\/Screen-Shot-2021-04-22-at-14.27.40-768x246.png 768w\" sizes=\"auto, (max-width: 1427px) 100vw, 1427px\" \/><\/p>\r\n<div class=\"flow-message\" data-nr=\"4386\">\r\n<div class=\"sc-eNQAEJ message-content bIINrl\">\r\n<p>&nbsp;<\/p>\r\n<p>&nbsp;<\/p>\r\n<p><span style=\"font-weight: 400;\">Pangaimpordi sooritamiseks laadi pangast alla pangav\u00e4ljav\u00f5te <strong>XML<\/strong> v\u00f5i<strong> CSV<\/strong> failiformaadis ning laadi fail (<strong>seda vahepeal avamata!<\/strong>) \u00fcles pangaimpordi moodulis. Selleks vajuta nuppu <strong>&#8220;Vali fail&#8221;<\/strong> ja j\u00e4rgmises aknas vajuta uuesti nuppu <strong>&#8220;Vali fail&#8221;<\/strong> ning vali pangast alla laetud fail. J\u00e4rgmistel ridadel vali \u00f5ige pank ning \u00f5ige raamatupidamise konto, kus selle panga tehinguid kajastad. Vajuta\u00a0<strong>&#8220;Ava&#8221;<\/strong> nuppu.<\/span><\/p>\r\n<p>&nbsp;<\/p>\r\n<p><img loading=\"lazy\" decoding=\"async\" class=\"alignnone wp-image-22644\" src=\"https:\/\/www.erplybooks.com\/wp-content\/uploads\/2021\/07\/Screenshot-2021-07-09-at-12.04.56.png\" alt=\"\" width=\"400\" height=\"239\" \/><\/p>\r\n<p>&nbsp;<\/p>\r\n<p><span style=\"font-weight: 400;\">Seej\u00e4rel seob programm automaatselt maksed, mida ta suudab tuvastada. \u00dclej\u00e4\u00e4nud maksed saad sisestada k\u00e4sitsi.<\/span><\/p>\r\n<p>K\u00f5iki eba\u00f5nnestunuid makseid saab vaadata <strong>&#8220;Aruanded&#8221;<\/strong> -&gt; <strong>&#8220;Raha sisse\/v\u00e4lja&#8221;<\/strong>. Dokumendi staatuseks valige <strong>&#8220;Eba\u00f5nnestunud&#8221;<\/strong> ning vajutage <strong>&#8220;Otsi&#8221;<\/strong>. <strong>NB!<\/strong> Seda saab kasutada juhul, kui <strong>\u00fcldiste s\u00e4tete<\/strong> alt on aktiveeritud reegel <strong>&#8220;32. Salvesta fail pangaimpordi?&#8221;<\/strong>.<\/p>\r\n<p>&nbsp;<\/p>\r\n<p><img loading=\"lazy\" decoding=\"async\" class=\"alignnone wp-image-29162 size-full\" src=\"https:\/\/www.erplybooks.com\/wp-content\/uploads\/2022\/11\/Screenshot-2022-11-09-at-11.41.32.png\" alt=\"\" width=\"2868\" height=\"992\" srcset=\"https:\/\/www.erplybooks.com\/wp-content\/uploads\/2022\/11\/Screenshot-2022-11-09-at-11.41.32.png 2868w, https:\/\/www.erplybooks.com\/wp-content\/uploads\/2022\/11\/Screenshot-2022-11-09-at-11.41.32-1280x443.png 1280w, https:\/\/www.erplybooks.com\/wp-content\/uploads\/2022\/11\/Screenshot-2022-11-09-at-11.41.32-980x339.png 980w, https:\/\/www.erplybooks.com\/wp-content\/uploads\/2022\/11\/Screenshot-2022-11-09-at-11.41.32-480x166.png 480w\" sizes=\"auto, (min-width: 0px) and (max-width: 480px) 480px, (min-width: 481px) and (max-width: 980px) 980px, (min-width: 981px) and (max-width: 1280px) 1280px, (min-width: 1281px) 2868px, 100vw\" \/><\/p>\r\n<\/div>\r\n<\/div>\r\n<p>&nbsp;<\/p>\r\n<p>Maksed seotakse automaatselt arvetega j\u00e4rgmiste tunnuste alusel:<\/p>\r\n<ul>\r\n<li><strong>Registrikood &#8211; <\/strong>kui see on m\u00e4\u00e4ratud pangav\u00e4ljav\u00f5ttel.<\/li>\r\n<li><strong>Kliendi\/hankija nimi &#8211; <\/strong>kui see on m\u00e4\u00e4ratud pangav\u00e4ljav\u00f5ttel.<\/li>\r\n<li><strong>Viitenumber &#8211;<\/strong> kui see on m\u00e4\u00e4ratud pangav\u00e4ljav\u00f5ttel ja arvel Books&#8217;is k\u00fcljes.<\/li>\r\n<li><strong>\u00d5pitud nimi &#8211; <\/strong>kui oled \u00fche korra sidunud laekumise selliselt, et Mari Mets maksab Kalle Kuuse eest, siis j\u00e4rgmine kord kui Mari maksab, otsib Books Kalle Kuuse arveid.<\/li>\r\n<li><strong>Eraldi lisatud reeglid &#8211; <\/strong>nt. saad lisada, et tegu on kliendiga X, kui pangav\u00e4ljav\u00f5ttel kirjelduse sees on tekst Y.<\/li>\r\n<li>Kui oled lisanud <strong>reegli, kuidas aruandva isiku arveid leida<\/strong>, siis selle \u00fchendamise teeb ta enne nime j\u00e4rgi otsinguid.<\/li>\r\n<li>Viimasena kontrollib, <strong>kas leiab arve numbrid kirjeldusest<\/strong>. Sealjuures suudab Books arvestada, kui arve numbrid on eraldatud koma v\u00f5i semikooloniga.<\/li>\r\n<\/ul>\r\n<p>&nbsp;<\/p>\r\n<p>Et rohkem pangamaksete ridasid oleksid pangaimpordis automaatselt tuvastatavad, lisa\u00a0<a href=\"https:\/\/www.erplybooks.com\/et\/juhendid\/pangareeglid\/\">pangareegleid<\/a>.<\/p>\r\n<p>&nbsp;<\/p>\r\n<h3>Maksete lisamine<\/h3>\r\n<h5><strong>1. Maksete sidumine arvetega<\/strong><\/h5>\r\n<p style=\"text-align: justify;\"><span style=\"font-weight: 400;\">Ava\u00a0<strong>\u201cPangaimport\u201d <\/strong>ja laadi pangav\u00e4ljav\u00f5tte fail s\u00fcsteemi. Programm on automaatselt \u00e4ra \u00fchendanud need arved maksetega, mis on kindlasti \u00f5iged (nende ees on rohelised m\u00e4rgid).<\/span><\/p>\r\n<p style=\"text-align: justify;\"><span style=\"font-weight: 400;\">\u00dclej\u00e4\u00e4nud arvete maksete puhul tuleb \u00fcle kontrollida summad, kontonumbrid ja muu informatsioon ja maksed arvetega siduda k\u00e4sitsi:<\/span><\/p>\r\n<ul style=\"text-align: justify;\">\r\n<li style=\"list-style-type: none;\">\r\n<ul style=\"text-align: justify;\">\r\n<li style=\"font-weight: 400;\">Kliki maksele ning k\u00f5rval paremal asuvast kastist muuda \u00e4ra makset\u00fc\u00fcp <strong>\u201cM\u00fc\u00fcgiarve&#8221;<\/strong>-ks<\/li>\r\n<li>Vajuta <strong>&#8220;Otsi arve(d), mis tasuti&#8221;<\/strong><\/li>\r\n<li style=\"font-weight: 400;\">Avaneb uus aken, kus t\u00e4hista linnukesega makstud arved ning seej\u00e4rel vajuta <strong>\u201cLingi makse arve(te)ga\u201d<\/strong><\/li>\r\n<\/ul>\r\n<\/li>\r\n<\/ul>\r\n<p style=\"text-align: justify;\"><b>Makse linkimine arvega:<\/b><\/p>\r\n<ol style=\"text-align: justify;\">\r\n<li style=\"list-style-type: none;\">\r\n<ul style=\"text-align: justify;\">\r\n<li style=\"font-weight: 400;\">Kui makstud summa on v\u00f5rdne summaga arvel, siis lingitakse k\u00f5ik vastavad arved<\/li>\r\n<li style=\"font-weight: 400;\">Kui makstud summa on suurem kui summa arvel, siis lingitakse k\u00f5ik arved ning tekib ka ettemaks<\/li>\r\n<li style=\"font-weight: 400;\">Kui makstud summa on v\u00e4iksem kui summa arvel, siis lingitakse arve makstud summa ulatuses<\/li>\r\n<li style=\"font-weight: 400;\"><span style=\"font-weight: 400;\">Kui makstud summa on v\u00e4iksem kui null, siis kuvatakse veateade. (See t\u00e4hendab et Sul on j\u00e4\u00e4nud midagi linkimata. Negatiivsel maksel ei saa olla positiivset arvet. Sel juhul tuleb makse k\u00e4sitsi sisestada.)<\/span><\/li>\r\n<\/ul>\r\n<\/li>\r\n<\/ol>\r\n<p style=\"text-align: justify;\"><b>Linkimine kreeditarvega:<\/b><\/p>\r\n<ol style=\"text-align: justify;\">\r\n<li style=\"list-style-type: none;\">\r\n<ul style=\"text-align: justify;\">\r\n<li style=\"font-weight: 400;\"><span style=\"font-weight: 400;\">Kui makstud summa on v\u00f5rdne arve summaga, siis lingitakse k\u00f5ik arved.<\/span><\/li>\r\n<li style=\"font-weight: 400;\">Kui makstud summa on suurem kui arve summa, siis lingitakse makseid nii palju kui v\u00f5imalik.<\/li>\r\n<li style=\"font-weight: 400;\">Kui makstud summa on v\u00e4iksem kui arve summa, siis kuvatakse veateade. Sinu poolt on j\u00e4\u00e4nud midagi sisestamata v\u00f5i on mingi muu viga tekkinud.<\/li>\r\n<\/ul>\r\n<\/li>\r\n<\/ol>\r\n<p style=\"text-align: justify;\"><b>Arvete linkimine pangaimpordis uue meetodiga:<\/b><span style=\"font-weight: 400;\"> Enam ei jaotata maksmata summasid eraldi, vaid k\u00f5ikide maksmata arvete summasid vaadatakse tervikuna.<\/span><\/p>\r\n<p>&nbsp;<\/p>\r\n<h5><strong>2. Ettemaksete lisamine:<\/strong><\/h5>\r\n<p><strong>Ettemaks ilma dokumendita: <\/strong><\/p>\r\n<ul>\r\n<li style=\"list-style-type: none;\">\r\n<ul>\r\n<li style=\"text-align: justify;\"><span style=\"font-weight: 400;\">Kui tegemist on panka laekunud ettemaksuga, siis tuleb paremal pool asuvas lisainformatsiooni lahtris valida kliendi\/hankija nimi ning s\u00fcsteem m\u00e4\u00e4rab laekumise\/makse automaatselt ettemaksu kontole.\u00a0<\/span><\/li>\r\n<\/ul>\r\n<\/li>\r\n<\/ul>\r\n<p><strong>Ettemaks ettemaksuarve v\u00f5i tellimuse eest:<\/strong><\/p>\r\n<ul>\r\n<li style=\"list-style-type: none;\">\r\n<ul>\r\n<li style=\"list-style-type: none;\">\r\n<ul>\r\n<li style=\"font-weight: 400;\"><span style=\"font-weight: 400;\">Kui on soov siduda ettemaks ettemaksuarve v\u00f5i tellimusega, siis tuleb pangaimpordis vajutada paremat hiireklahvi makse peal ja valida \u201cOtsi arved, mis tasuti (tellimus)\u201d v\u00f5i \u201cOtsi arved, mis tasuti (ettemaksuarve)\u201d.<\/span><\/li>\r\n<\/ul>\r\n<\/li>\r\n<\/ul>\r\n<\/li>\r\n<\/ul>\r\n<p>&nbsp;<\/p>\r\n<h5><strong>3. Muud maksed<\/strong><\/h5>\r\n<p style=\"text-align: justify;\"><span style=\"font-weight: 400;\">Need on tehingud, mida programm ei oska automaatselt siduda arvetega. Seal hulgas on igakuised pangakulud, intressitulud, laenud jne. Taoliste tehingute kinnitamiseks pangaimpordis on vaja koostada pangareeglid. Pangareegli koostamise kohta loe l\u00e4hemalt <a href=\"https:\/\/www.erplybooks.com\/et\/juhendid\/pangareeglid\/\">siit<\/a>!<\/span><\/p>\r\n<p>&nbsp;<\/p>\r\n<h5><strong>4. Multitehingud<\/strong><\/h5>\r\n<p style=\"text-align: justify;\"><span style=\"font-weight: 400;\">Multitehingud on olukorrad, kus \u00fche maksega tekib mitu tehingut. N\u00e4iteks tasub klient 20 eurose arve asemel 40, seega tekib tal 20 eurone arve tasumine ja 20 eurone ettemakse. Sellises olukorras oskab ERPLY Books ettemaksuks j\u00e4\u00e4va summa automaatselt m\u00e4\u00e4rata ettemaksu kontole.\u00a0<\/span><\/p>\r\n<p>&nbsp;<\/p>\r\n<h3>Tehingute kustutamine<\/h3>\r\n<p>Juhul, kui mingid tehingud on pangaimpordis eba\u00f5nnestunud, siis on neid v\u00f5imalik kustutada (automaatsete importide puhul nagu n\u00e4iteks Swedbank, Nordigeni kaudu imporditud).<\/p>\r\n<p>1. Tehingute kustutamiseks mine <strong>Aruanded -&gt; Raha sisse\/v\u00e4lja<\/strong><\/p>\r\n<p>2. Vali tehingud mis on eba\u00f5nnestunud (m\u00e4rgi linnukesega). Saad otsida ka dokumendi staatuse j\u00e4rgi valides &#8221;Eba\u00f5nnestunud&#8221;<\/p>\r\n<p>&nbsp;<\/p>\r\n<p class=\"p1\"><img loading=\"lazy\" decoding=\"async\" class=\"alignnone wp-image-29162 size-full\" src=\"https:\/\/www.erplybooks.com\/wp-content\/uploads\/2022\/11\/Screenshot-2022-11-09-at-11.41.32.png\" alt=\"\" width=\"2868\" height=\"992\" srcset=\"https:\/\/www.erplybooks.com\/wp-content\/uploads\/2022\/11\/Screenshot-2022-11-09-at-11.41.32.png 2868w, https:\/\/www.erplybooks.com\/wp-content\/uploads\/2022\/11\/Screenshot-2022-11-09-at-11.41.32-1280x443.png 1280w, https:\/\/www.erplybooks.com\/wp-content\/uploads\/2022\/11\/Screenshot-2022-11-09-at-11.41.32-980x339.png 980w, https:\/\/www.erplybooks.com\/wp-content\/uploads\/2022\/11\/Screenshot-2022-11-09-at-11.41.32-480x166.png 480w\" sizes=\"auto, (min-width: 0px) and (max-width: 480px) 480px, (min-width: 481px) and (max-width: 980px) 980px, (min-width: 981px) and (max-width: 1280px) 1280px, (min-width: 1281px) 2868px, 100vw\" \/><\/p>\r\n<p>&nbsp;<\/p>\r\n<p>3. Seej\u00e4rel vali all paremal nurgas <strong>Veel -&gt; Kustuta<\/strong><\/p>\r\n<p>&nbsp;<\/p>\r\n<p><img loading=\"lazy\" decoding=\"async\" class=\"alignnone wp-image-29168 size-full\" src=\"https:\/\/www.erplybooks.com\/wp-content\/uploads\/2022\/11\/Screenshot-2022-11-09-at-11.47.33.png\" alt=\"\" width=\"2868\" height=\"992\" srcset=\"https:\/\/www.erplybooks.com\/wp-content\/uploads\/2022\/11\/Screenshot-2022-11-09-at-11.47.33.png 2868w, https:\/\/www.erplybooks.com\/wp-content\/uploads\/2022\/11\/Screenshot-2022-11-09-at-11.47.33-1280x443.png 1280w, https:\/\/www.erplybooks.com\/wp-content\/uploads\/2022\/11\/Screenshot-2022-11-09-at-11.47.33-980x339.png 980w, https:\/\/www.erplybooks.com\/wp-content\/uploads\/2022\/11\/Screenshot-2022-11-09-at-11.47.33-480x166.png 480w\" sizes=\"auto, (min-width: 0px) and (max-width: 480px) 480px, (min-width: 481px) and (max-width: 980px) 980px, (min-width: 981px) and (max-width: 1280px) 1280px, (min-width: 1281px) 2868px, 100vw\" \/><\/p>\r\n<p>&nbsp;<\/p>\r\n<h3 style=\"text-align: justify;\">Pangareeglite lisamine<\/h3>\r\n<p style=\"text-align: justify;\"><span style=\"font-weight: 400;\">Pangareeglite lisamine aitab muuta ERPLY Books\u2019i kasutamist veelgi mugavamaks. Nende lisamine \u00a0on m\u00f5eldud eelk\u00f5ige muude tehingute automatiseerimiseks. Nt osad tehingud, mida programm ei oska automaatselt kuhugi liigitada (intressitulud, \u00a0varieeruvad pangakulude kirjeldused, sularaha pankaviimiste kirjeldused jne). <\/span><span style=\"font-weight: 400;\">Pangareeglite koostamise kohta loe l\u00e4hemalt <a href=\"https:\/\/www.erplybooks.com\/et\/juhendid\/pangareeglid\/\">siit<\/a>!<\/span><\/p>\r\n<p>&nbsp;<\/p>\r\n<h3 style=\"text-align: justify;\">Projekti m\u00e4\u00e4ramine<\/h3>\r\n<p style=\"text-align: justify;\"><span style=\"font-weight: 400;\">ERPLY Books v\u00f5imaldab erinevaid tulu- ja kulukeskuseid (projekte). Neid saab m\u00e4\u00e4rata lehel\u00a0 <strong>&#8220;S\u00e4tted&#8221; &gt; &#8220;Algandmed&#8221; &gt; &#8220;Projektid&#8221;<\/strong>.<\/span><\/p>\r\n<p>&nbsp;<\/p>\r\n<h3 style=\"text-align: justify;\">K\u00e4ibemaksu m\u00e4\u00e4ramine<\/h3>\r\n<p style=\"text-align: justify;\"><span style=\"font-weight: 400;\">K\u00e4ibemaksu v\u00f5ib m\u00e4\u00e4rata erinevate p\u00fcsikulude automatiseerimiseks l\u00e4bi pangareeglite. N\u00e4iteks igakuiselt tasud mingi teenuse eest (kuumakse tarkvara kasutamise eest), siis saad selle puhul m\u00e4\u00e4rata, et see on 20% EU k\u00e4ibemaks.<\/span><\/p>\r\n<p>&nbsp;<\/p>\r\n<h3 style=\"text-align: justify;\">Arve loomine<\/h3>\r\n<p style=\"text-align: justify;\"><span style=\"font-weight: 400;\">Pangaimpordis toimub arve loomine j\u00e4rgnevalt: vajuta parema hiireklikiga arvele ning vali \u201csisestage kuludokument.\u201d Sellega avaneb uus aken, kus saad arve koostada.<\/span><\/p>\r\n<p>&nbsp;<\/p>\r\n<h3 style=\"text-align: justify;\">N\u00fcansid erinevate pankadega<\/h3>\r\n<ul style=\"text-align: justify;\">\r\n<li style=\"list-style-type: none;\">\r\n<ul style=\"text-align: justify;\">\r\n<li style=\"font-weight: 400;\"><span style=\"font-weight: 400;\"><strong>Swedbank<\/strong> &#8211; toetab nii XML kui CSV formaati.\u00a0<\/span><span style=\"font-weight: 400;\">Kui CSV \u00fcleslaadimisel saad veateate, siis kontrolli ega pole laadinud eraisiku pangav\u00e4ljav\u00f5tet ERPLY Books&#8217;i.<\/span><\/li>\r\n<li style=\"font-weight: 400;\"><strong>SEB<\/strong> &#8211; toetab CSV formaati.<\/li>\r\n<li style=\"font-weight: 400;\"><span style=\"font-weight: 400;\"><strong>Nordea<\/strong> &#8211; toetab nii CSV kui XML formaati.<\/span><\/li>\r\n<li style=\"font-weight: 400;\"><span style=\"font-weight: 400;\"><strong>Danske<\/strong> &#8211;\u00a0toetab nii CSV kui XML formaati.<\/span><\/li>\r\n<li style=\"font-weight: 400;\"><span style=\"font-weight: 400;\"><strong>LHV<\/strong> &#8211;\u00a0toetab nii CSV kui XML formaati. Kui kasutad CSV formaati, siis kontrolli, et oled valinud korrektse panga.<\/span><\/li>\r\n<li style=\"font-weight: 400;\"><span style=\"font-weight: 400;\"><strong>Krediidipank<\/strong> &#8211; XML.<\/span><\/li>\r\n<li style=\"font-weight: 400;\"><span style=\"font-weight: 400;\"><strong>Bigbank<\/strong> &#8211; XML.<\/span><\/li>\r\n<li style=\"font-weight: 400;\"><span style=\"font-weight: 400;\"><strong>DNS<\/strong> &#8211; XML.<\/span><\/li>\r\n<\/ul>\r\n<\/li>\r\n<\/ul>\r\n<p>&nbsp;<\/p>\r\n<p>NB! Kui pank pakub nii XML kui CSV formaati pangav\u00e4ljav\u00f5tete puhul, siis eelista XML formaati.<\/p>\r\n<p>Lisaks eelpool mainitule on v\u00f5imalik, et tuleb ette olukordi ka teitsuguste pangav\u00e4ljav\u00f5tete kasutamisel. ERPLY Books&#8217;is on v\u00f5imalik ka j\u00e4rgnevad variandid<\/p>\r\n<ul>\r\n<li style=\"list-style-type: none;\">\r\n<ul>\r\n<li style=\"font-weight: 400; text-align: justify;\"><span style=\"font-weight: 400;\"><strong>PayPal<\/strong> &#8211; toetab CSV formaati. Olenevalt seadistustest ei pruugi vaikimisi seadistatud v\u00e4ljav\u00f5te sobida. Probleemide korral v\u00f5ta \u00fchendust meie klienditoega <a href=\"mailto:support@erplybooks.com\">support@erplybooks.com<\/a>.<\/span><\/li>\r\n<li style=\"font-weight: 400; text-align: justify;\">Oled ise koostanud pangav\u00e4ljav\u00f5tte CSV formaadis &#8211; sel juhul seadista ise kohandatud pangav\u00e4ljav\u00f5te v\u00f5i v\u00f5ta \u00fchendust meie klienditoega <a href=\"mailto:support@erplybooks.com\">support@erplybooks.com<\/a>.<\/li>\r\n<li style=\"font-weight: 400; text-align: justify;\"><strong>Swedbank Factoring<\/strong> &#8211; t\u00e4psemalt faktooringu kohta juhendist:\u00a0<a href=\"https:\/\/www.erplybooks.com\/et\/juhendid\/faktooring\/\">Faktooringu kasutamine ERPLY Books&#8217;i kliendile<\/a>.<\/li>\r\n<li style=\"font-weight: 400; text-align: justify;\"><strong>Avalik sektor<\/strong>: PVF.<\/li>\r\n<\/ul>\r\n<\/li>\r\n<\/ul>\r\n<p>&nbsp;<\/p>\r\n<h3>Pangaimpordi j\u00e4rjekord<\/h3>\r\n<p><span style=\"font-weight: 400;\">Selleks, et pangaimport seoks arveid kindlas j\u00e4rjekorras <\/span><b>a) viivisarved b) <\/b><b>maksekorraldusel viidatud arve v\u00f5i k\u00f5ige vanem tasumata arve<\/b><span style=\"font-weight: 400;\">, tuleks peale panna <\/span><b>Globaalne Atribuut<\/b><span style=\"font-weight: 400;\">.<\/span><\/p>\r\n<p><span style=\"font-weight: 400;\">Selle lisamiseks mine pealehele ning otsi <\/span><b>Globaalsed Atribuudid<\/b><span style=\"font-weight: 400;\">.<\/span><\/p>\r\n<ul>\r\n<li><b>Nime<\/b><span style=\"font-weight: 400;\"> veergu lisa: <\/span><span style=\"font-weight: 400;\">GLOBAL_BANK_IMPORT_CONNECT_PENALTY_FIRST<\/span><\/li>\r\n<li><b>V\u00e4\u00e4rtuste<\/b><span style=\"font-weight: 400;\"> veergu: true<\/span><\/li>\r\n<\/ul>\r\n<p><span style=\"font-weight: 400;\">Peale muudatuste tegemist salvesta need ja logi v\u00e4lja\/sisse, et muudatused rakenduksid.<\/span><\/p>\r\n","protected":false},"excerpt":{"rendered":"<p>Pangaimport &nbsp; Pangaimport ERPLY Books&#8217;is v\u00f5imaldab maksete ja laekumiste automaatse \u00fchendamise arvete, kontaktide v\u00f5i kontodega.\u00a0Samuti saab juurde lisada projekte. Pangaimport teeb laekumiste ja maksete haldamise Sulle lihtsaks! Protsessi v\u00f5imalikult automaatseks muutmiseks tuleb koostada pangareeglid. Pangareeglite abil \u00fchendatakse maksed soovitava v\u00e4\u00e4rtusega. Tarkvara kontrollib k\u00f5ik laekumised ja maksmised \u00fcle ning seob need \u00f5igete arvetega (kliendi-hankija nime, registrikoodi, [&hellip;]<\/p>\n","protected":false},"author":1,"featured_media":0,"parent":3312,"menu_order":40,"comment_status":"closed","ping_status":"closed","template":"","meta":{"_et_pb_use_builder":"","_et_pb_old_content":"","_et_gb_content_width":"","footnotes":""},"categories":[456],"tags":[149],"class_list":["post-2375","page","type-page","status-publish","hentry","category-pank","tag-pangaimport"],"_links":{"self":[{"href":"https:\/\/www.erplybooks.com\/et\/wp-json\/wp\/v2\/pages\/2375","targetHints":{"allow":["GET"]}}],"collection":[{"href":"https:\/\/www.erplybooks.com\/et\/wp-json\/wp\/v2\/pages"}],"about":[{"href":"https:\/\/www.erplybooks.com\/et\/wp-json\/wp\/v2\/types\/page"}],"author":[{"embeddable":true,"href":"https:\/\/www.erplybooks.com\/et\/wp-json\/wp\/v2\/users\/1"}],"replies":[{"embeddable":true,"href":"https:\/\/www.erplybooks.com\/et\/wp-json\/wp\/v2\/comments?post=2375"}],"version-history":[{"count":0,"href":"https:\/\/www.erplybooks.com\/et\/wp-json\/wp\/v2\/pages\/2375\/revisions"}],"up":[{"embeddable":true,"href":"https:\/\/www.erplybooks.com\/et\/wp-json\/wp\/v2\/pages\/3312"}],"wp:attachment":[{"href":"https:\/\/www.erplybooks.com\/et\/wp-json\/wp\/v2\/media?parent=2375"}],"wp:term":[{"taxonomy":"category","embeddable":true,"href":"https:\/\/www.erplybooks.com\/et\/wp-json\/wp\/v2\/categories?post=2375"},{"taxonomy":"post_tag","embeddable":true,"href":"https:\/\/www.erplybooks.com\/et\/wp-json\/wp\/v2\/tags?post=2375"}],"curies":[{"name":"wp","href":"https:\/\/api.w.org\/{rel}","templated":true}]}}