{"id":23601,"date":"2021-08-25T13:34:51","date_gmt":"2021-08-25T13:34:51","guid":{"rendered":"https:\/\/www.erplybooks.com\/wemply-integratsioon\/"},"modified":"2023-07-05T18:18:58","modified_gmt":"2023-07-05T18:18:58","slug":"wemply-integratsioon","status":"publish","type":"page","link":"https:\/\/www.erplybooks.com\/et\/wemply-integratsioon\/","title":{"rendered":"Wemply integratsioon"},"content":{"rendered":"<h2><strong>Wemply integratsioon<\/strong><\/h2>\n<p><span style=\"font-weight: 400;\">Muutke aja j\u00e4lgimine, puhkus ja t\u00f6\u00f6tajate t\u00f6\u00f6tundide arvestus kiireks ja mugavaks!<\/span><\/p>\n<p>&nbsp;<\/p>\n<p><span style=\"font-weight: 400;\">Wemply on mugav reaalajas veebip\u00f5hine aja j\u00e4lgimise tarkvara, mis automatiseerib t\u00f6\u00f6tundide arvutamist. Wemplys on v\u00f5imalik sisestada t\u00f6\u00f6tajate t\u00f6\u00f6aegu ja puudumisi (puhkused, haiguslehed jne).<\/span><\/p>\n<p><span style=\"font-weight: 400;\">Sellel on palju v\u00f5imalusi oma t\u00f6\u00f6tajate t\u00f6\u00f6aja j\u00e4lgimiseks, nt:<\/span><\/p>\n<ul>\n<li style=\"font-weight: 400;\" aria-level=\"1\"><span style=\"font-weight: 400;\">T\u00f6\u00f6tunnitabelid \u2013 planeerige t\u00f6\u00f6tamisaegade tabel ja v\u00f5rrelge seda hiljem tegeliku t\u00f6\u00f6aja tabeliga.<\/span><\/li>\n<li style=\"font-weight: 400;\" aria-level=\"1\"><span style=\"font-weight: 400;\">GPS-positsioneerimine \u2013 annab t\u00f5estust, et t\u00f6\u00f6tajad on t\u00f6\u00f6kohas.<\/span><\/li>\n<li style=\"font-weight: 400;\" aria-level=\"1\"><span style=\"font-weight: 400;\">Kaardis\u00fcsteem \u2013 kuulikindel s\u00f5rmej\u00e4lje alternatiiv t\u00f6\u00f6le registreerimiseks jne.<\/span><\/li>\n<\/ul>\n<p><span style=\"font-weight: 400;\">Wemply aja j\u00e4lgimise tarkvara on h\u00f5lpsasti kasutatav ja igal pool juurdep\u00e4\u00e4setav. Wemply vajab ainult Interneti-\u00fchendust ja veebilehitsejat. Mugav ja kasutajas\u00f5bralik keskkond v\u00f5imaldab lihtsat \u00fclevaadet t\u00f6\u00f6tajate t\u00f6\u00f6aegadest. Wemplyl on andmete hankimiseks erinevad v\u00f5imalused. N\u00e4iteks saab t\u00f6\u00f6tunde koguda taimeri, kalendri, t\u00f6\u00f6aegadeplaani v\u00f5i t\u00f6\u00f6aja vaate abil. Kiire seadistamine, lihtne haldamine, t\u00f5hus j\u00e4lgimine.<\/span><\/p>\n<p><strong>Kasutad ERPLY Books&#8217;i? Vaata, kuidas saab Wemply kasutamine Sinu jaoks lisav\u00e4\u00e4rtust luua:<\/strong><\/p>\n<ul>\n<li style=\"font-weight: 400;\" aria-level=\"1\"><span style=\"font-weight: 400;\">Wemply tarkvara on k\u00e4ttesaadav igal pool just nagu ERPLY Books. M\u00f5lemad tarkvarad vajavad vaid interneti\u00fchendust ja veebilehitsejat.<\/span><\/li>\n<li style=\"font-weight: 400;\" aria-level=\"1\"><span style=\"font-weight: 400;\">Wemply kalender annab kiirelt \u00fclevaate ettev\u00f5tte ressursside kasutamisest ja t\u00f6\u00f6tajate t\u00f6\u00f6graafikust. Ettev\u00f5tte ressursside planeerimine aitab v\u00e4ltida sama ressursi kattuvaid broneeringuid.<\/span><\/li>\n<li style=\"font-weight: 400;\" aria-level=\"1\"><span style=\"font-weight: 400;\">J\u00e4lgi enda t\u00f6\u00f6tajate t\u00f6\u00f6aega. Puhkusele minnes saab t\u00f6\u00f6taja koostada puhkusetaotluse. Otsene juht saab puhkusesoovi kinnitada ning t\u00f6\u00f6taja saab alustada pakkimist.\u00a0<\/span><\/li>\n<li style=\"font-weight: 400;\" aria-level=\"1\"><span style=\"font-weight: 400;\">\u00dclevaade kogu t\u00f6\u00f6protsessist &#8211; staatused aitavad saada \u00fclevaate objektide\/projektidega seotud \u00fclesannetest alates algusest kuni l\u00f5puni.<\/span><\/li>\n<li style=\"font-weight: 400;\" aria-level=\"1\"><span style=\"font-weight: 400;\">K\u00f5ik t\u00f6\u00f6tajate dokumendid, tervisekontrolli andmed, isiklikud asjad, koolituspaberid ja k\u00f5ik muu saab Wemplyga digitaliseerida.<\/span><\/li>\n<\/ul>\n<p><strong>Kasutad Wemplyt? Vaata, kuidas saab ERPLY Booksi kasutamine Sinu jaoks lisav\u00e4\u00e4rtust luua:<\/strong><\/p>\n<ul>\n<li style=\"font-weight: 400;\" aria-level=\"1\"><span style=\"font-weight: 400;\">Wemply ja ERPLY Booksi integreerimisega saadetakse t\u00f6\u00f6tajate t\u00f6\u00f6aeg otse raamatupidamistarkvarasse.\u00a0<\/span><\/li>\n<li style=\"font-weight: 400;\" aria-level=\"1\"><span style=\"font-weight: 400;\">ERPLY Booksi palgamoodul v\u00f5imaldab kasutada Wemply andmeid, et:<\/span>\n<ul>\n<li style=\"font-weight: 400;\" aria-level=\"2\"><span style=\"font-weight: 400;\">arvutada t\u00f6\u00f6tajate palka<\/span><\/li>\n<li style=\"font-weight: 400;\" aria-level=\"2\"><span style=\"font-weight: 400;\">arvutada tasumisele kuuluvad riigimaksud<\/span><\/li>\n<li style=\"font-weight: 400;\" aria-level=\"2\"><span style=\"font-weight: 400;\">saata t\u00f6\u00f6tajatele palgalehti<\/span><\/li>\n<li style=\"font-weight: 400;\" aria-level=\"2\"><span style=\"font-weight: 400;\">esitada maksu- ja tolliametile TSD deklaratsioon<\/span><\/li>\n<li style=\"font-weight: 400;\" aria-level=\"2\"><span style=\"font-weight: 400;\">m\u00e4\u00e4rata puhkusetasu, haigush\u00fcvitise ja muude olukordade valemid.<\/span><\/li>\n<\/ul>\n<\/li>\n<li style=\"font-weight: 400;\" aria-level=\"1\"><span style=\"font-weight: 400;\">Automatiseerige oma ettev\u00f5tte palgaarvestusprotsess ERPLY Booksi ja Wemply integratsiooniga.<\/span><\/li>\n<\/ul>\n<h2><\/h2>\n<h2><b>Wemply integreerimine<\/b><\/h2>\n<p><span style=\"font-weight: 400;\"><a href=\"https:\/\/wemply.com\">Logi<\/a> Wemply\u2019sse sisse ja vali men\u00fc\u00fcst \u201c<\/span><b>Seadista\u201d &gt; \u201cSeaded\u201d &gt; \u201cAPI V\u00f5tmed\u201d<\/b><span style=\"font-weight: 400;\">. N\u00fc\u00fcd genereeri endale API v\u00f5ti, vajutades paremal lillat kasti <\/span><b>\u201cLisa\u201d<\/b><span style=\"font-weight: 400;\">, sisesta API v\u00f5tme nimi ning <\/span><b>\u201cSalvesta\u201d<\/b><span style=\"font-weight: 400;\">.\u00a0<\/span><\/p>\n<p><span style=\"font-weight: 400;\">Ava ERPLY Books\u2019is <\/span><b>\u201cS\u00e4tted\u201d &gt; \u201cIntegratsioonid\u201d &gt; \u201cWemply\u201d<\/b><span style=\"font-weight: 400;\">.<\/span><\/p>\n<p><img loading=\"lazy\" decoding=\"async\" class=\"alignnone wp-image-23583 size-full\" src=\"https:\/\/www.erplybooks.com\/wp-content\/uploads\/2021\/08\/Wemply1.png\" alt=\"Wemply\" width=\"2880\" height=\"1366\" srcset=\"https:\/\/www.erplybooks.com\/wp-content\/uploads\/2021\/08\/Wemply1.png 2880w, https:\/\/www.erplybooks.com\/wp-content\/uploads\/2021\/08\/Wemply1-1280x607.png 1280w, https:\/\/www.erplybooks.com\/wp-content\/uploads\/2021\/08\/Wemply1-980x465.png 980w, https:\/\/www.erplybooks.com\/wp-content\/uploads\/2021\/08\/Wemply1-480x228.png 480w\" sizes=\"auto, (min-width: 0px) and (max-width: 480px) 480px, (min-width: 481px) and (max-width: 980px) 980px, (min-width: 981px) and (max-width: 1280px) 1280px, (min-width: 1281px) 2880px, 100vw\" \/><\/p>\n<p>&nbsp;<\/p>\n<p><span style=\"font-weight: 400;\">J\u00e4rgmiseks kleebi Wemply\u2019st saadud <\/span><b>API Secret<\/b><span style=\"font-weight: 400;\"> ja <\/span><b>API ID<\/b><span style=\"font-weight: 400;\"> avanenud aknasse vastavatesse lahtritesse.<\/span><\/p>\n<p><img loading=\"lazy\" decoding=\"async\" class=\"alignnone wp-image-23589\" src=\"https:\/\/www.erplybooks.com\/wp-content\/uploads\/2021\/08\/Wemply2.png\" alt=\"\" width=\"411\" height=\"280\" \/><\/p>\n<p><span style=\"font-weight: 400;\">Automaatse s\u00fcnkroniseerimise jaoks muuda tarkvara keel inglise keelseks. Seej\u00e4rel pane pealehel otsingu lahtrisse <\/span><b>\u201cAutomatic sync for integrations\u201d<\/b><span style=\"font-weight: 400;\">. Vajuta <\/span><b>\u201c+ Add\u201d<\/b><span style=\"font-weight: 400;\">, lisa soovitud nimi <\/span><b>\u201cName\u201d<\/b><span style=\"font-weight: 400;\"> lahtrisse, <\/span><b>\u201cType\u201d<\/b><span style=\"font-weight: 400;\"> lahtrisse vali <\/span><b>\u201cPARTNER_WEMPLY\u201d<\/b><span style=\"font-weight: 400;\">. Lahtrisse <\/span><b>\u201cAlignment\u201d<\/b><span style=\"font-weight: 400;\"> (j\u00e4rjekord), kirjuta, mis tunnil soovid, et s\u00fcnkroniseerimine toimuks. Arvestus toimub Iirimaa aja j\u00e4rgi ja s\u00fcnkroniseerimine toimub Eesti aja j\u00e4rgi 2h hiljem (kella keeramisel 1h hiljem). Seega kui m\u00e4\u00e4rad ajaks n\u00e4iteks kell 23.00, siis s\u00fcnkroniseerimine toimub 01.00 \u00f6\u00f6sel. <\/span><b>\u201cHow many hours\u201d<\/b><span style=\"font-weight: 400;\"> lahtrisse kirjuta, mitu tundi tagasi soovid s\u00fcnkroniseerida. N\u00e4iteks, kui soovid, et tarkvara s\u00fcnkroniseeriks alati viimased 3 p\u00e4eva, siis kirjuta lahtrisse \u201c72\u201d. <\/span><\/p>\n<p><img loading=\"lazy\" decoding=\"async\" class=\"alignnone size-full wp-image-23595\" src=\"https:\/\/www.erplybooks.com\/wp-content\/uploads\/2021\/08\/Wemply3.png\" alt=\"\" width=\"2434\" height=\"376\" srcset=\"https:\/\/www.erplybooks.com\/wp-content\/uploads\/2021\/08\/Wemply3.png 2434w, https:\/\/www.erplybooks.com\/wp-content\/uploads\/2021\/08\/Wemply3-1280x198.png 1280w, https:\/\/www.erplybooks.com\/wp-content\/uploads\/2021\/08\/Wemply3-980x151.png 980w, https:\/\/www.erplybooks.com\/wp-content\/uploads\/2021\/08\/Wemply3-480x74.png 480w\" sizes=\"auto, (min-width: 0px) and (max-width: 480px) 480px, (min-width: 481px) and (max-width: 980px) 980px, (min-width: 981px) and (max-width: 1280px) 1280px, (min-width: 1281px) 2434px, 100vw\" \/><\/p>\n<p><span style=\"font-weight: 400;\">Wemply\u2019st s\u00fcnkroniseeritud andmete vaatamiseks mine ERPLY Books\u2019is <\/span><b>\u201cPalk\u201d<\/b><span style=\"font-weight: 400;\"> &gt; <\/span><b>\u201cT\u00f6\u00f6ajad\u201d &gt; <\/b><span style=\"font-weight: 400;\">\u00a0<\/span><b>\u201cT\u00f6\u00f6ajad\u201d<\/b><span style=\"font-weight: 400;\">. Andmete p\u00f5hjal genereeritakse automaatselt palgaarvestus. Loe ERPLY Books\u2019i palgaarvestuse ja pakutavate v\u00f5imaluste kohta rohkem <\/span><a href=\"https:\/\/www.erplybooks.com\/et\/juhendid\/palgamoodul-erply-booksis\/\"><span style=\"font-weight: 400;\">siit<\/span><\/a><span style=\"font-weight: 400;\">.<\/span><\/p>\n<p><b>Kui teil on lisak\u00fcsimusi, v\u00f5tke meiega \u00fchendust aadressil <\/b><a href=\"mailto:info@erplybooks.com\"><b>info@erplybooks.com<\/b><\/a><b>.<\/b><\/p>\n","protected":false},"excerpt":{"rendered":"<p>Wemply integratsioon Muutke aja j\u00e4lgimine, puhkus ja t\u00f6\u00f6tajate t\u00f6\u00f6tundide arvestus kiireks ja mugavaks! &nbsp; Wemply on mugav reaalajas veebip\u00f5hine aja j\u00e4lgimise tarkvara, mis automatiseerib t\u00f6\u00f6tundide arvutamist. Wemplys on v\u00f5imalik sisestada t\u00f6\u00f6tajate t\u00f6\u00f6aegu ja puudumisi (puhkused, haiguslehed jne). Sellel on palju v\u00f5imalusi oma t\u00f6\u00f6tajate t\u00f6\u00f6aja j\u00e4lgimiseks, nt: T\u00f6\u00f6tunnitabelid \u2013 planeerige t\u00f6\u00f6tamisaegade tabel ja v\u00f5rrelge seda hiljem [&hellip;]<\/p>\n","protected":false},"author":18,"featured_media":0,"parent":0,"menu_order":0,"comment_status":"closed","ping_status":"closed","template":"","meta":{"_et_pb_use_builder":"","_et_pb_old_content":"","_et_gb_content_width":"","footnotes":""},"categories":[459],"tags":[770,904],"class_list":["post-23601","page","type-page","status-publish","hentry","category-integratsioonid","tag-integratsioonid","tag-wemply-2"],"_links":{"self":[{"href":"https:\/\/www.erplybooks.com\/et\/wp-json\/wp\/v2\/pages\/23601","targetHints":{"allow":["GET"]}}],"collection":[{"href":"https:\/\/www.erplybooks.com\/et\/wp-json\/wp\/v2\/pages"}],"about":[{"href":"https:\/\/www.erplybooks.com\/et\/wp-json\/wp\/v2\/types\/page"}],"author":[{"embeddable":true,"href":"https:\/\/www.erplybooks.com\/et\/wp-json\/wp\/v2\/users\/18"}],"replies":[{"embeddable":true,"href":"https:\/\/www.erplybooks.com\/et\/wp-json\/wp\/v2\/comments?post=23601"}],"version-history":[{"count":0,"href":"https:\/\/www.erplybooks.com\/et\/wp-json\/wp\/v2\/pages\/23601\/revisions"}],"wp:attachment":[{"href":"https:\/\/www.erplybooks.com\/et\/wp-json\/wp\/v2\/media?parent=23601"}],"wp:term":[{"taxonomy":"category","embeddable":true,"href":"https:\/\/www.erplybooks.com\/et\/wp-json\/wp\/v2\/categories?post=23601"},{"taxonomy":"post_tag","embeddable":true,"href":"https:\/\/www.erplybooks.com\/et\/wp-json\/wp\/v2\/tags?post=23601"}],"curies":[{"name":"wp","href":"https:\/\/api.w.org\/{rel}","templated":true}]}}