{"id":23238,"date":"2021-08-12T05:55:17","date_gmt":"2021-08-12T05:55:17","guid":{"rendered":"https:\/\/www.erplybooks.com\/voog-integration\/"},"modified":"2023-08-10T09:11:27","modified_gmt":"2023-08-10T09:11:27","slug":"voog-integratsioon","status":"publish","type":"page","link":"https:\/\/www.erplybooks.com\/et\/voog-integratsioon\/","title":{"rendered":"Voog integratsioon"},"content":{"rendered":"<h2><b>Voog integratsioon<\/b><\/h2>\n<p><span style=\"font-weight: 400;\">Loo Voogi abiga lihtsalt t\u00f5eliselt unikaalne koduleht v\u00f5i e-pood!<\/span><\/p>\n<p>&nbsp;<\/p>\n<p><span style=\"font-weight: 400;\">Voog on platvorm, mis v\u00f5imaldab mugavate ja lihtsalt kasutatavate vahenditega luua ja hallata e-poode ja veebilehti. Seadistage oma uus koduleht v\u00f5i veebipood minutitega. Voogi abiga on v\u00e4ga lihtne alustada. Lihtne ja v\u00f5imas k\u00f5ik koos \u2013 digiagentuurid saavad hallata suuri, ainulaadseid ja keerulisi kliendisaite.<\/span><\/p>\n<p><span style=\"font-weight: 400;\">Voog pakub palju kohandatud kodulehe p\u00f5hjasid, mida saate vastavalt enda soovile ja vajadusele muuta. Need aitavad teil iseseisvalt ilusaid kodulehti luua. Lisaks kohandatavatele kujundusmallidele saate kogu lehe k\u00e4sitsi kujundada. V\u00f5i saate t\u00f5eliselt ainulaadse veebilehe jaoks ka k\u00f5ik nullist ise kujundada. Iga\u00fcks saab nullist \u00fcles ehitada kvaliteetse e-poe v\u00f5i kodulehe. Voos on SEO-s\u00f5bralikud veebisaidid, kasutajas\u00f5bralik kujundus ja arendajas\u00f5bralik keskkond.<\/span><\/p>\n<p><strong>Kasutad ERPLY Booksi? Vaata, kuidas saab Voogi kasutamine Sinu jaoks lisav\u00e4\u00e4rtust luua:<\/strong><\/p>\n<ul>\n<li style=\"font-weight: 400;\" aria-level=\"1\"><span style=\"font-weight: 400;\">T\u00e4ielik tellimuste haldamine \u2013 saate klientidele saata automaatseid arveid ja maksekviitungeid. Iga m\u00fc\u00fcgi kohta saabub teatis.<\/span><\/li>\n<li style=\"font-weight: 400;\" aria-level=\"1\"><span style=\"font-weight: 400;\">\u00dclemaailmne saatmine \u2013 saate seadistada saatmise, pakkudes erineva hinnaga tarneviise. V\u00f5i kui soovite, saate m\u00fc\u00fca ka vaid enda riigis.<\/span><\/li>\n<li style=\"font-weight: 400;\" aria-level=\"1\"><span style=\"font-weight: 400;\">Voogi platvormi on lihtne kasutada, kuid pakub siiski palju eeliseid ja funktsioone igale kliendile. Olenemata sellest, kas loote veebipoodi, kodulehte v\u00f5i isiklikku blogi.<\/span><\/li>\n<\/ul>\n<p><strong>Kasutad Voogi? Vaata, kuidas saab ERPLY Booksi kasutamine Sinu jaoks lisav\u00e4\u00e4rtust luua:<\/strong><\/p>\n<ul>\n<li style=\"font-weight: 400;\" aria-level=\"1\"><span style=\"font-weight: 400;\">Klientide makseid saate hallata ERPLY Booksis pangaimpordi kaudu.<\/span><\/li>\n<li style=\"font-weight: 400;\" aria-level=\"1\"><span style=\"font-weight: 400;\">Kui m\u00f5nel kliendil on pretensioone v\u00f5i muid p\u00e4ringuid, saab neid tehinguid lihtsasti j\u00e4lgida ERPLY Booksis \u2013 koostada kreeditarve, tagastada raha jne.<\/span><\/li>\n<li style=\"font-weight: 400;\" aria-level=\"1\"><span style=\"font-weight: 400;\">Kui tellimust ei \u00f5nnestunud edukalt sisse anda, saab selle t\u00fchistada ERPLY Booksi poolel.<\/span><\/li>\n<\/ul>\n<h2><\/h2>\n<h2><b>Voog integreerimine<\/b><\/h2>\n<p><span style=\"font-weight: 400;\">Voog platvormil saab lihtsasti rajada enda e-poe, kus on tellimuste t\u00e4ielik haldus ja maksete vastuv\u00f5tmine. Voog integratsioon v\u00f5imaldab kajastada k\u00f5ik e-poe dokumendid ja arved ka ERPLY Books\u2019is, kus saab seej\u00e4rel hallata oma Voog tellimuste m\u00fc\u00fcgiprotsessi.<\/span><\/p>\n<p><span style=\"font-weight: 400;\">K\u00f5ik e-poe tellimused n\u00e4evad v\u00e4lja j\u00e4rgnevalt<\/span><span style=\"font-weight: 400;\">:<\/span><\/p>\n<ul>\n<li style=\"font-weight: 400;\" aria-level=\"1\"><span style=\"font-weight: 400;\">(Voog) Klient soovib midagi ja j\u00f5uab kodulehele &#8211; k\u00f5ik tooted k\u00e4ivad l\u00e4bi Voogi, ehk ERPLY Books v\u00f5tab tooted Voogist mitte vastupidi.\u00a0<\/span><\/li>\n<li style=\"font-weight: 400;\" aria-level=\"1\"><span style=\"font-weight: 400;\">(Voog) klient kinnitab tellimuse;<\/span><\/li>\n<li style=\"font-weight: 400;\" aria-level=\"1\"><span style=\"font-weight: 400;\">(Voog, ERPLY Books) J\u00e4rgmiseks ootame laekumist. Kui klient maksab l\u00e4bi Voogi krediitkaardiga, siis haldab laekumist Voog. Kui klient maksab panga\u00fclekandega, siis saab seda hallata l\u00e4bi pangaimpordi ERPLY Books\u2019is.\u00a0<\/span><\/li>\n<li style=\"font-weight: 400;\" aria-level=\"1\"><span style=\"font-weight: 400;\">(ERPLY Books) Kui tellimus on laekunud, saab kaubad pakkida\/teenus osutada ja tellimusest arve luua. Selle jaoks saab ERPLY Books\u2019is v\u00e4lja v\u00f5tta tellimused, mis on makstud, kuid millest pole arvet koostatud.\u00a0<\/span><\/li>\n<li style=\"font-weight: 400;\" aria-level=\"1\"><span style=\"font-weight: 400;\">(ERPLY Books) Kui kliendil on pretensioone jm j\u00e4relp\u00e4rimist, saab neid tehinguid j\u00e4lgida puhtalt ERPLY Books\u2019is &#8211; koostada arvest kreeditarve, tagastada raha jne.\u00a0<\/span><\/li>\n<li style=\"font-weight: 400;\" aria-level=\"1\"><span style=\"font-weight: 400;\">(ERPLY Books) Kui tellimus ei laekugi, siis saab selle Books\u2019i poolel t\u00fchistada (muuta staatus eba\u00f5nnestunuks). <\/span><\/li>\n<\/ul>\n<p><b>Kuidas \u00fchendada?<\/b><\/p>\n<p><span style=\"font-weight: 400;\">Esmalt logi sisse enda Voog veebilehele. Seej\u00e4rel j\u00f5uad juhtimispaneeli, vajuta \u00fcleval paremal nurgas enda e-maili peale, rippmen\u00fc\u00fcst vali <\/span><b>\u201cMinu profiil\u201d<\/b><span style=\"font-weight: 400;\">. Avanenud aknas leiad API v\u00f5tme lahtrist <\/span><b>\u201cAPI v\u00f5ti\u201d<\/b><span style=\"font-weight: 400;\">, mida on \u00fchendamiseks vaja. Selle puudumisel vajuta allpool n\u00e4idatud ikoonil, et endale uus API v\u00f5ti genereerida. Kopeeri sealt API v\u00f5ti.<\/span><\/p>\n<p><img loading=\"lazy\" decoding=\"async\" class=\"alignnone wp-image-23252\" src=\"https:\/\/www.erplybooks.com\/wp-content\/uploads\/2021\/08\/voog-api-voti.png\" alt=\"Voog integratsioon\" width=\"582\" height=\"44\" srcset=\"https:\/\/www.erplybooks.com\/wp-content\/uploads\/2021\/08\/voog-api-voti.png 582w, https:\/\/www.erplybooks.com\/wp-content\/uploads\/2021\/08\/voog-api-voti-480x36.png 480w\" sizes=\"auto, (min-width: 0px) and (max-width: 480px) 480px, (min-width: 481px) 582px, 100vw\" \/><\/p>\n<p><span style=\"font-weight: 400;\">Seej\u00e4rel logi sisse ERPLY Books\u2019i tarkvarasse:<\/span><\/p>\n<ol>\n<li style=\"font-weight: 400;\" aria-level=\"1\"><span style=\"font-weight: 400;\">Uue konto loomiseks mine <\/span><b>\u201cRMP\u201d &gt; \u201cKontoplaan\u201d<\/b><span style=\"font-weight: 400;\"> ja vajuta all paremal nurgas <\/span><b>\u201c+\u201d<\/b><span style=\"font-weight: 400;\"> nuppu. Seej\u00e4rel loo kontod erinevate laekumiste viiside jaoks (nt PayPal. Stripe, Maksekeskus jne).<\/span><\/li>\n<li style=\"font-weight: 400;\" aria-level=\"1\"><span style=\"font-weight: 400;\">Kui soovid tellimused s\u00fcnkida arvetena, siis kirjuta pealehe otsingu lahtrisse <\/span><b>\u201cGlobaalsed Atribuudid\u201d<\/b><span style=\"font-weight: 400;\">. Avanenud moodulis vajuta <\/span><b>\u201c+ Lisa\u201d <\/b><span style=\"font-weight: 400;\">ning nime lahtrisse sisesta <\/span><b>\u201cGLOBAL_VOOG_SYNC_AS_INVOICE\u201d<\/b><span style=\"font-weight: 400;\"> ja v\u00e4\u00e4rtuse lahtrisse <\/span><b>\u201ctrue\u201d.<\/b><\/li>\n<li style=\"font-weight: 400;\" aria-level=\"1\"><span style=\"font-weight: 400;\">Peale integratsiooni loomist mine\u00a0 <\/span><b>\u201cS\u00e4tted\u201d &gt; \u201cAlgandmed\u201d &gt; \u201cS\u00fcsteemikontod\u201d<\/b><span style=\"font-weight: 400;\">. Avanenud aknas on n\u00e4ha s\u00fcsteemikonto t\u00fc\u00fcbid, kus on ka Voog oma. Seal tuleb vahetada konto number vastavalt sellele, kuhu klient soovib, et laekumine tuleks. Seej\u00e4rel vajutage all paremas nurgas rohelist salvestamise ikooni.<\/span><\/li>\n<li style=\"font-weight: 400;\" aria-level=\"1\"><span style=\"font-weight: 400;\">Juhul kui tellimus on Voost kustutatud, siis see tuleb k\u00e4sitsi ka Books\u2019is \u00e4ra kustutada.<\/span><\/li>\n<li style=\"font-weight: 400;\" aria-level=\"1\"><span style=\"font-weight: 400;\">Automaatse s\u00fcnkroniseerimise jaoks muuda tarkvara keel inglise keelseks. Seej\u00e4rel pane pealehel otsingu lahtrisse <\/span><b>\u201cAutomatic sync for integrations\u201d<\/b><span style=\"font-weight: 400;\">. Vajuta <\/span><b>\u201c+ Add\u201d<\/b><span style=\"font-weight: 400;\">, lisa soovitud nimi <\/span><b>\u201cName\u201d<\/b><span style=\"font-weight: 400;\"> lahtrisse, <\/span><b>\u201cType\u201d<\/b><span style=\"font-weight: 400;\"> lahtrisse vali <\/span><b>\u201cPARTNER_VOOG\u201d<\/b><span style=\"font-weight: 400;\">. Lahtrisse <\/span><b>\u201cAlignment\u201d<\/b><span style=\"font-weight: 400;\"> (j\u00e4rjekord), kirjuta, mis tunnil soovid, et s\u00fcnkroniseerimine toimuks. Arvestus toimub Iirimaa aja j\u00e4rgi ja s\u00fcnkroniseerimine toimub Eesti aja j\u00e4rgi 2h hiljem (kella keeramisel 1h hiljem). Seega kui m\u00e4\u00e4rad ajaks n\u00e4iteks kell 23.00, siis s\u00fcnkroniseerimine toimub 01.00 \u00f6\u00f6sel. <\/span><b>\u201cHow many hours\u201d<\/b><span style=\"font-weight: 400;\"> lahtrisse kirjuta, mitu tundi tagasi soovid s\u00fcnkroniseerida. N\u00e4iteks, kui soovid, et tarkvara s\u00fcnkroniseeriks alati viimased 3 p\u00e4eva, siis kirjuta lahtrisse \u201c72\u201d.<\/span><\/li>\n<li style=\"font-weight: 400;\" aria-level=\"1\"><span style=\"font-weight: 400;\">Edasi vajuta <\/span><b>\u201cS\u00e4tted\u201d &gt; \u201cIntegratsioonid\u201d<\/b><span style=\"font-weight: 400;\">, vajuta Voog ikooni taga olevat nuppu <\/span><b>\u201cHalda\u201d<\/b><span style=\"font-weight: 400;\"> ja lisa sinna varem kopeeritud API v\u00f5ti. Lahtrisse <\/span><b>\u201c<\/b><b>Voog poe nimi<\/b><b>\u201d<\/b><span style=\"font-weight: 400;\"> lisa enda veebilehe domeen koos eesliitega \u201chttps\u201d (n\u00e4iteks: https:\/\/www.erplybooks.com).<\/span><\/li>\n<\/ol>\n<p><img loading=\"lazy\" decoding=\"async\" class=\"alignnone wp-image-23266 \" src=\"https:\/\/www.erplybooks.com\/wp-content\/uploads\/2021\/08\/Screenshot-2021-08-12-at-09.05.43.png\" alt=\"Voog integratsioon\" width=\"389\" height=\"262\" \/><\/p>\n<p><b>Kui teil on lisak\u00fcsimusi, v\u00f5tke meiega \u00fchendust aadressil <\/b><a href=\"mailto:info@erplybooks.com\"><b>info@erplybooks.com<\/b><\/a><b>.<\/b><\/p>\n","protected":false},"excerpt":{"rendered":"<p>Voog integratsioon Loo Voogi abiga lihtsalt t\u00f5eliselt unikaalne koduleht v\u00f5i e-pood! &nbsp; Voog on platvorm, mis v\u00f5imaldab mugavate ja lihtsalt kasutatavate vahenditega luua ja hallata e-poode ja veebilehti. Seadistage oma uus koduleht v\u00f5i veebipood minutitega. Voogi abiga on v\u00e4ga lihtne alustada. Lihtne ja v\u00f5imas k\u00f5ik koos \u2013 digiagentuurid saavad hallata suuri, ainulaadseid ja keerulisi kliendisaite. [&hellip;]<\/p>\n","protected":false},"author":18,"featured_media":0,"parent":0,"menu_order":0,"comment_status":"closed","ping_status":"closed","template":"","meta":{"_et_pb_use_builder":"","_et_pb_old_content":"","_et_gb_content_width":"","footnotes":""},"categories":[459],"tags":[750,749],"class_list":["post-23238","page","type-page","status-publish","hentry","category-integratsioonid","tag-integratsioon-2","tag-voog-2"],"_links":{"self":[{"href":"https:\/\/www.erplybooks.com\/et\/wp-json\/wp\/v2\/pages\/23238","targetHints":{"allow":["GET"]}}],"collection":[{"href":"https:\/\/www.erplybooks.com\/et\/wp-json\/wp\/v2\/pages"}],"about":[{"href":"https:\/\/www.erplybooks.com\/et\/wp-json\/wp\/v2\/types\/page"}],"author":[{"embeddable":true,"href":"https:\/\/www.erplybooks.com\/et\/wp-json\/wp\/v2\/users\/18"}],"replies":[{"embeddable":true,"href":"https:\/\/www.erplybooks.com\/et\/wp-json\/wp\/v2\/comments?post=23238"}],"version-history":[{"count":0,"href":"https:\/\/www.erplybooks.com\/et\/wp-json\/wp\/v2\/pages\/23238\/revisions"}],"wp:attachment":[{"href":"https:\/\/www.erplybooks.com\/et\/wp-json\/wp\/v2\/media?parent=23238"}],"wp:term":[{"taxonomy":"category","embeddable":true,"href":"https:\/\/www.erplybooks.com\/et\/wp-json\/wp\/v2\/categories?post=23238"},{"taxonomy":"post_tag","embeddable":true,"href":"https:\/\/www.erplybooks.com\/et\/wp-json\/wp\/v2\/tags?post=23238"}],"curies":[{"name":"wp","href":"https:\/\/api.w.org\/{rel}","templated":true}]}}