{"id":22929,"date":"2021-07-28T12:31:35","date_gmt":"2021-07-28T12:31:35","guid":{"rendered":"https:\/\/www.erplybooks.com\/?page_id=22929"},"modified":"2023-07-06T06:25:33","modified_gmt":"2023-07-06T06:25:33","slug":"erply-integratsioon","status":"publish","type":"page","link":"https:\/\/www.erplybooks.com\/et\/erply-integratsioon\/","title":{"rendered":"ERPLY integratsioon"},"content":{"rendered":"<h1><span style=\"font-weight: 400;\">ERPLY Kassa ja Lao integratsioon<\/span><\/h1>\n<p>&nbsp;<\/p>\n<p><span style=\"font-weight: 400;\">ERPLY <a href=\"http:\/\/ee.erply.com\">majandustarkvaral<\/a> on k\u00f5ige mitmek\u00fclgsem kassa- ja laohaldustarkvara eduka jaekaubanduse juhtimiseks ja kasvatamiseks. ERPLY\u2019ga on uute poodide lisamine kiire ja lihtne, luues m\u00fc\u00fcgikeskse ettev\u00f5tte platvormi ning aidates Sul rohkem m\u00fc\u00fca!<\/span><\/p>\n<p><span style=\"font-weight: 400;\">ERPLY pilvep\u00f5hine kassa- ja laotarkvara t\u00f6\u00f6tab k\u00f5igis seadmetes ning toimib nii interneti\u00fchendusega kui ka ilma. T\u00e4nu sellele p\u00e4\u00e4sevad kasutajad ligi ka interneti\u00fchenduse katkemise korral. Lisaks saab edasi teostada ka m\u00fc\u00fcgitehinguid, mille andmed \u00fchenduse taastumisel pilvega s\u00fcnkroniseeritakse.\u00a0<\/span><\/p>\n<p><span style=\"font-weight: 400;\">Books\u2019i ja ERPLY integratsioon\u00a0on terviklik ERP lahendus jae- ja hulgikaubandusele. Integratsioon muudab arvete ning laekumiste s\u00fcnkroniseerimise ja raamatupidamise haldamise eriti mugavaks. K\u00f5ik ERPLY\u2019s tehtud raamatupidamisega seotud tegevused kajastuvad automaatselt Books\u2019is.<\/span><\/p>\n<p><span style=\"font-weight: 400;\">Terviklik lahendus nii alustavale, v\u00e4ikesele kui suurettev\u00f5ttele. V\u00e4ikesele ja alustavale ettev\u00f5ttele sobivad vaikimisi seadistatud reeglid. Tegutsevale v\u00f5i suurettev\u00f5ttele on sadu erinevaid v\u00f5imalusi, mida saab vastavalt ettev\u00f5tte suurusele sobivaks seadistada\/juurutada. N\u00e4iteks:<\/span><\/p>\n<ul>\n<li style=\"list-style-type: none;\">\n<ul>\n<li style=\"font-weight: 400;\" aria-level=\"1\"><span style=\"font-weight: 400;\">kui kliendid maksavad tellimuste alusel, siis saab lisada selle jaoks eraldi reeglid. Esiteks s\u00fcnkroniseeri k\u00f5ik tellimused, aga n\u00e4iteks v\u00e4lista ettemaksuarved ja teiseks seo pangaimport automaatselt tellimustega;<\/span><\/li>\n<li style=\"font-weight: 400;\" aria-level=\"1\"><span style=\"font-weight: 400;\">kui on vaja n\u00e4ha dimensioonide nimekirjas eraldi kassaterminale, siis selle seadistuse saab aktiveerida vaid \u00fche linnukesega;<\/span><\/li>\n<li style=\"font-weight: 400;\" aria-level=\"1\"><span style=\"font-weight: 400;\">ei soovi n\u00e4ha identifitseerimata erakliendi arveid eraldi, vaid p\u00e4evakoondina. Selle jaoks saab teha eraldi seadistuse, mille tulemusel on k\u00f5ik identifitseeritud klientide arved eraldi v\u00e4lja toodud ning anon\u00fc\u00fcmne eraklient \u00fche arvega p\u00e4eva kohta.<\/span><\/li>\n<\/ul>\n<\/li>\n<\/ul>\n<p><span style=\"font-weight: 400;\">T\u00e4nu ERPLY Books\u2019i pikaajalisele kogemusele oleme kokku puutunud v\u00e4ga erinevate vajadustega ja suure t\u00f5en\u00e4osusega lahendab s\u00fcsteem k\u00f5ik Sinu mured.<\/span><\/p>\n<h2><\/h2>\n<h2><\/h2>\n<h2><span style=\"font-weight: 400;\">ERPLY Kassa ja Lao integratsiooniga:<\/span><\/h2>\n<p>&nbsp;<\/p>\n<ul>\n<li style=\"list-style-type: none;\">\n<ul>\n<li style=\"font-weight: 400;\" aria-level=\"1\"><a href=\"https:\/\/www.erplybooks.com\/et\/automaatne-sunkroniseerimine\/\"><span style=\"font-weight: 400;\">s\u00fcnkroniseeritakse<\/span><\/a><span style=\"font-weight: 400;\"> andmed automaatselt Sinu valitud aja tagant ilma \u00fchegi lisategevuseta;<\/span><\/li>\n<li style=\"font-weight: 400;\" aria-level=\"1\"><span style=\"font-weight: 400;\">m\u00e4\u00e4ra erinevatele ERPLY\u2019s tehtud tehingutele kontod, millel automaatselt kajastatakse s\u00fcnkroniseeritud andmed Books\u2019is;<\/span><\/li>\n<li style=\"font-weight: 400;\" aria-level=\"1\"><span style=\"font-weight: 400;\">m\u00e4\u00e4ra toote- ja kliendigruppidele eraldi kontod, millel tehingud kajastatakse Books\u2019is;<\/span><\/li>\n<li style=\"font-weight: 400;\" aria-level=\"1\"><span style=\"font-weight: 400;\">on v\u00f5imalik m\u00e4\u00e4rata <\/span><a href=\"https:\/\/www.erplybooks.com\/et\/muud-voimalused\/\"><span style=\"font-weight: 400;\">lisareegleid<\/span><\/a><span style=\"font-weight: 400;\">, n\u00e4iteks \u201c\u00e4ra s\u00fcnkroniseeri saatelehti\u201d;<\/span><\/li>\n<li style=\"font-weight: 400;\" aria-level=\"1\"><span style=\"font-weight: 400;\">on <\/span><b>99% automatiseeritud<\/b> <a href=\"https:\/\/www.erplybooks.com\/et\/juhendid\/pangaimport-erply-booksis\/\"><span style=\"font-weight: 400;\">pangaimport<\/span><\/a><span style=\"font-weight: 400;\">, l\u00e4bi mille makseid ja laekumisi hallata.<\/span><\/li>\n<\/ul>\n<\/li>\n<\/ul>\n<p>&nbsp;<\/p>\n<h2>ERPLY integratsiooni seadistamine:<\/h2>\n<p>&nbsp;<\/p>\n<p><span style=\"font-weight: 400;\">Vaata t\u00e4pseid samme, kuidas ERPLY \u00fchendus luua <\/span><a href=\"https:\/\/www.erplybooks.com\/et\/uhenduse-loomine\/\"><span style=\"font-weight: 400;\">siit<\/span><\/a><span style=\"font-weight: 400;\">.<\/span><\/p>\n<p><span style=\"font-weight: 400;\">T\u00e4psem info ERPLY Kassa ja Lao integratsiooni kohta leiad <\/span><a href=\"https:\/\/www.erplybooks.com\/et\/erply-ladu-integratsioon\/\"><span style=\"font-weight: 400;\">siit<\/span><\/a><span style=\"font-weight: 400;\">. Juurutuse soovi v\u00f5i muude k\u00fcsimuste korral v\u00f5ta meiega \u00fchendust <\/span><span style=\"font-weight: 400;\">info@erplybooks.com<\/span><span style=\"font-weight: 400;\"> .<\/span><\/p>\n","protected":false},"excerpt":{"rendered":"<p>ERPLY Kassa ja Lao integratsioon &nbsp; ERPLY majandustarkvaral on k\u00f5ige mitmek\u00fclgsem kassa- ja laohaldustarkvara eduka jaekaubanduse juhtimiseks ja kasvatamiseks. ERPLY\u2019ga on uute poodide lisamine kiire ja lihtne, luues m\u00fc\u00fcgikeskse ettev\u00f5tte platvormi ning aidates Sul rohkem m\u00fc\u00fca! ERPLY pilvep\u00f5hine kassa- ja laotarkvara t\u00f6\u00f6tab k\u00f5igis seadmetes ning toimib nii interneti\u00fchendusega kui ka ilma. T\u00e4nu sellele p\u00e4\u00e4sevad kasutajad [&hellip;]<\/p>\n","protected":false},"author":19,"featured_media":0,"parent":0,"menu_order":51,"comment_status":"closed","ping_status":"closed","template":"","meta":{"_et_pb_use_builder":"","_et_pb_old_content":"","_et_gb_content_width":"","footnotes":""},"categories":[459],"tags":[750],"class_list":["post-22929","page","type-page","status-publish","hentry","category-integratsioonid","tag-integratsioon-2"],"_links":{"self":[{"href":"https:\/\/www.erplybooks.com\/et\/wp-json\/wp\/v2\/pages\/22929","targetHints":{"allow":["GET"]}}],"collection":[{"href":"https:\/\/www.erplybooks.com\/et\/wp-json\/wp\/v2\/pages"}],"about":[{"href":"https:\/\/www.erplybooks.com\/et\/wp-json\/wp\/v2\/types\/page"}],"author":[{"embeddable":true,"href":"https:\/\/www.erplybooks.com\/et\/wp-json\/wp\/v2\/users\/19"}],"replies":[{"embeddable":true,"href":"https:\/\/www.erplybooks.com\/et\/wp-json\/wp\/v2\/comments?post=22929"}],"version-history":[{"count":0,"href":"https:\/\/www.erplybooks.com\/et\/wp-json\/wp\/v2\/pages\/22929\/revisions"}],"wp:attachment":[{"href":"https:\/\/www.erplybooks.com\/et\/wp-json\/wp\/v2\/media?parent=22929"}],"wp:term":[{"taxonomy":"category","embeddable":true,"href":"https:\/\/www.erplybooks.com\/et\/wp-json\/wp\/v2\/categories?post=22929"},{"taxonomy":"post_tag","embeddable":true,"href":"https:\/\/www.erplybooks.com\/et\/wp-json\/wp\/v2\/tags?post=22929"}],"curies":[{"name":"wp","href":"https:\/\/api.w.org\/{rel}","templated":true}]}}