{"id":22880,"date":"2021-08-02T12:20:48","date_gmt":"2021-08-02T12:20:48","guid":{"rendered":"https:\/\/www.erplybooks.com\/?page_id=22880"},"modified":"2023-07-05T07:36:22","modified_gmt":"2023-07-05T07:36:22","slug":"costpocket","status":"publish","type":"page","link":"https:\/\/www.erplybooks.com\/et\/costpocket\/","title":{"rendered":"CostPocket ja ERPLY Books"},"content":{"rendered":"<h1>CostPocket ja ERPLY Books<\/h1>\n<p>&nbsp;<\/p>\n<p><span style=\"font-weight: 400;\"><a href=\"https:\/\/costpocket.com\/et\">CostPocket<\/a> on lihtne kulude haldamise <\/span><span style=\"font-weight: 400;\">tarkvara<\/span><span style=\"font-weight: 400;\">, mis aitab hoida kokku kuni <strong>63%<\/strong> sellele kuluvast ajast. CostPocket pakub oma klientidele nii robot digiteerimist kui ka inimese poolt kontrollitud digiteerimist. Lisaks on CostPocketiga v\u00f5imalik vastu v\u00f5tta e-arveid (1\u20ac eest kuus saab vastu v\u00f5tta 100 e-arvet).<\/span><\/p>\n<p><span style=\"font-weight: 400;\">K\u00e4sitle t\u0161ekke ja arveid l\u00e4bi CostPocketi, mis tegeleb Sinu eest andmesisestusega ja edastab kogu info dokumendi pealt ERPLY Books\u2019i.<\/span><\/p>\n<p>&nbsp;<\/p>\n<h3>Kellele on CostPocket m\u00f5eldud?<\/h3>\n<p><span style=\"font-weight: 400;\">M\u00f5eldud k\u00f5ikidele ettev\u00f5tetele, kellel on kuludokumente. CostPocketit on v\u00e4ga lihtne kasutada ning tarkvara on eriti populaarne v\u00e4iksemate ettev\u00f5tete seas (alla 25 inimese).<\/span><\/p>\n<p>&nbsp;<\/p>\n<h3>ERPLY Books\u2019i ja CostPocketi integratsioon<\/h3>\n<p><span style=\"font-weight: 400;\">CostPocketi \u00e4piga on v\u00f5imalik pilti teha pabert\u0161ekkidest ja -arvetest. CostPocket digiteerib need \u00e4ra ja saadab edasi ERPLY Books\u2019i. E-mailile saadetud dokumentide jaoks on igal ettev\u00f5ttel unikaalne ERPLY Books\u2019i e-maili aadress, kuhu saab dokumente (PDF arved, Bolt, Uber, Amazon, FB, Google jne) edastada. Seej\u00e4rel saab ERPLY Books\u2019is teostada kogu \u00fclej\u00e4\u00e4nud raamatupidamise.<\/span><\/p>\n<p><span style=\"font-weight: 400;\">Lisaks on n\u00fc\u00fcd ERPLY Books\u2019i liidestustega v\u00f5imalik kasutada <a href=\"https:\/\/www.erplybooks.com\/et\/juhendid\/finantsaruanded\/\">aruandeid<\/a>: l\u00e4hetus ja kuluaruandeid.<\/span><\/p>\n<p>&nbsp;<\/p>\n<h3>Seadistamine<\/h3>\n<p><span style=\"font-weight: 400;\">ERPLY Books\u2019i ja CostPocketi seadistamiseks on vajalik aktiivne kasutajakonto m\u00f5lemas tarkvaras. Loe t\u00e4pseid samme seadistamise kohta <\/span><span style=\"font-weight: 400;\"><a href=\"https:\/\/costpocket.com\/et\/learn\/erplybooks\">siit<\/a><\/span><span style=\"font-weight: 400;\">.\u00a0<\/span><\/p>\n<p><span style=\"font-weight: 400;\">T\u00e4psemate k\u00fcsimuste korral v\u00f5ta meiega \u00fchendust <\/span><span style=\"font-weight: 400;\"><a href=\"mailto:info@erplybooks.com\">info@erplybooks.com<\/a><\/span><span style=\"font-weight: 400;\">.<\/span><\/p>\n<p>&nbsp;<\/p>\n<p><img loading=\"lazy\" decoding=\"async\" class=\"alignnone wp-image-22881\" src=\"https:\/\/www.erplybooks.com\/wp-content\/uploads\/2021\/07\/Logo-Blue.png\" alt=\"CostPocket\" width=\"292\" height=\"125\" \/>\u00a0 \u00a0 <img loading=\"lazy\" decoding=\"async\" class=\" wp-image-9986 alignright\" src=\"https:\/\/www.erplybooks.com\/wp-content\/uploads\/2016\/10\/erplybooks.png\" alt=\"\" width=\"477\" height=\"136\" \/><\/p>\n<p>&nbsp;<\/p>\n","protected":false},"excerpt":{"rendered":"<p>CostPocket ja ERPLY Books &nbsp; CostPocket on lihtne kulude haldamise tarkvara, mis aitab hoida kokku kuni 63% sellele kuluvast ajast. CostPocket pakub oma klientidele nii robot digiteerimist kui ka inimese poolt kontrollitud digiteerimist. Lisaks on CostPocketiga v\u00f5imalik vastu v\u00f5tta e-arveid (1\u20ac eest kuus saab vastu v\u00f5tta 100 e-arvet). K\u00e4sitle t\u0161ekke ja arveid l\u00e4bi CostPocketi, mis [&hellip;]<\/p>\n","protected":false},"author":18,"featured_media":0,"parent":0,"menu_order":28,"comment_status":"closed","ping_status":"closed","template":"","meta":{"_et_pb_use_builder":"","_et_pb_old_content":"","_et_gb_content_width":"","footnotes":""},"categories":[459],"tags":[754,750],"class_list":["post-22880","page","type-page","status-publish","hentry","category-integratsioonid","tag-costpocket-2","tag-integratsioon-2"],"_links":{"self":[{"href":"https:\/\/www.erplybooks.com\/et\/wp-json\/wp\/v2\/pages\/22880","targetHints":{"allow":["GET"]}}],"collection":[{"href":"https:\/\/www.erplybooks.com\/et\/wp-json\/wp\/v2\/pages"}],"about":[{"href":"https:\/\/www.erplybooks.com\/et\/wp-json\/wp\/v2\/types\/page"}],"author":[{"embeddable":true,"href":"https:\/\/www.erplybooks.com\/et\/wp-json\/wp\/v2\/users\/18"}],"replies":[{"embeddable":true,"href":"https:\/\/www.erplybooks.com\/et\/wp-json\/wp\/v2\/comments?post=22880"}],"version-history":[{"count":0,"href":"https:\/\/www.erplybooks.com\/et\/wp-json\/wp\/v2\/pages\/22880\/revisions"}],"wp:attachment":[{"href":"https:\/\/www.erplybooks.com\/et\/wp-json\/wp\/v2\/media?parent=22880"}],"wp:term":[{"taxonomy":"category","embeddable":true,"href":"https:\/\/www.erplybooks.com\/et\/wp-json\/wp\/v2\/categories?post=22880"},{"taxonomy":"post_tag","embeddable":true,"href":"https:\/\/www.erplybooks.com\/et\/wp-json\/wp\/v2\/tags?post=22880"}],"curies":[{"name":"wp","href":"https:\/\/api.w.org\/{rel}","templated":true}]}}