{"id":22653,"date":"2021-07-11T17:35:13","date_gmt":"2021-07-11T17:35:13","guid":{"rendered":"https:\/\/www.erplybooks.com\/jaatmekaitlus-erply-booksis\/"},"modified":"2023-07-05T11:19:03","modified_gmt":"2023-07-05T11:19:03","slug":"jaatmekaitlus-erply-booksis","status":"publish","type":"page","link":"https:\/\/www.erplybooks.com\/et\/jaatmekaitlus-erply-booksis\/","title":{"rendered":"J\u00e4\u00e4tmek\u00e4itlus ERPLY Books\u2019is"},"content":{"rendered":"<h1><img loading=\"lazy\" decoding=\"async\" class=\"alignnone size-full wp-image-29757\" src=\"https:\/\/www.erplybooks.com\/wp-content\/uploads\/2023\/01\/Sektoripohine-homepage-1-2.png\" alt=\"\" width=\"1640\" height=\"250\" srcset=\"https:\/\/www.erplybooks.com\/wp-content\/uploads\/2023\/01\/Sektoripohine-homepage-1-2.png 1640w, https:\/\/www.erplybooks.com\/wp-content\/uploads\/2023\/01\/Sektoripohine-homepage-1-2-1280x195.png 1280w, https:\/\/www.erplybooks.com\/wp-content\/uploads\/2023\/01\/Sektoripohine-homepage-1-2-980x149.png 980w, https:\/\/www.erplybooks.com\/wp-content\/uploads\/2023\/01\/Sektoripohine-homepage-1-2-480x73.png 480w\" sizes=\"auto, (min-width: 0px) and (max-width: 480px) 480px, (min-width: 481px) and (max-width: 980px) 980px, (min-width: 981px) and (max-width: 1280px) 1280px, (min-width: 1281px) 1640px, 100vw\" \/><\/h1>\n<h1>J\u00e4\u00e4tmek\u00e4itlus ERPLY Books\u2019is<\/h1>\n<p>&nbsp;<\/p>\n<p><span style=\"font-weight: 400;\">ERPLY Books on multifunktsionaalne majandustarkvara, millesse on integreeritud palju erinevaid lahendusi, sealhulgas ka j\u00e4\u00e4tmek\u00e4itlus. Kasutades erinevaid sisseehitatud protsesse, pluginaid ja standardfunktsioone, on v\u00f5imalik k\u00f5ik j\u00e4\u00e4tmek\u00e4itlusettev\u00f5tte protsessid Books&#8217;is lahendada.\u00a0<\/span><\/p>\n<p><span style=\"font-weight: 400;\">Kuna ERPLY Books on ennek\u00f5ike t\u00e4isfunktsionaalne raamatupidamistarkvara, siis saab liita juurde ka k\u00f5ik muud \u00e4riprotsesside haldusv\u00f5imalused:\u00a0<\/span><\/p>\n<ul>\n<li style=\"list-style-type: none;\">\n<ul>\n<li style=\"font-weight: 400;\" aria-level=\"1\"><span style=\"font-weight: 400;\">Automaatne laekumiste-maksmiste haldus koos automaatsete maksemeenutuste jms funktsioonidega<\/span><\/li>\n<li style=\"font-weight: 400;\" aria-level=\"1\"><span style=\"font-weight: 400;\">Ostuarvete postkast, millega saab ostuarvete haldust automatiseerida kuni 80%. Sellele k\u00e4ib juurde ka kinnitusring<\/span><\/li>\n<li style=\"font-weight: 400;\" aria-level=\"1\"><span style=\"font-weight: 400;\">Kogu m\u00fc\u00fcgi-ostus\u00fcsteemi automaatne raamatupidamine<\/span><\/li>\n<li style=\"font-weight: 400;\" aria-level=\"1\"><span style=\"font-weight: 400;\">Kogu muu raamatupidamine<\/span><\/li>\n<li style=\"font-weight: 400;\" aria-level=\"1\"><span style=\"font-weight: 400;\">K\u00e4ibemaksuhaldus<\/span><\/li>\n<li style=\"font-weight: 400;\" aria-level=\"1\"><span style=\"font-weight: 400;\">Juhtimisaruandlus<\/span><\/li>\n<li style=\"font-weight: 400;\" aria-level=\"1\"><span style=\"font-weight: 400;\">Eelarvemoodul<\/span><\/li>\n<li style=\"font-weight: 400;\" aria-level=\"1\"><span style=\"font-weight: 400;\">Perioodilised arved (kui k\u00e4ite n\u00e4iteks pr\u00fcgi vedamas ja on vaja klientidele arved v\u00e4lja saata) ja palju muud<\/span><\/li>\n<\/ul>\n<\/li>\n<\/ul>\n<p>&nbsp;<\/p>\n<h2><span style=\"font-weight: 400;\">V\u00f5ta vastu j\u00e4\u00e4tmeid nii, et klient maksab j\u00e4\u00e4tmete eest<\/span><\/h2>\n<p><span style=\"font-weight: 400;\">Selle jaoks kasutame m\u00fc\u00fcgiarvest automaatse ostuarve loomise pluginat. Protsess j\u00e4rgnev:\u00a0<\/span><\/p>\n<ul>\n<li style=\"list-style-type: none;\">\n<ul>\n<li style=\"font-weight: 400;\" aria-level=\"1\"><span style=\"font-weight: 400;\">Kui sisestada n-\u00f6 kassa m\u00fc\u00fcgiarve (st saab teha ka n-\u00f6 tavalisi m\u00fc\u00fcgiarveid, kuhu need\u00a0 muudatused ei kandu), siis teeb s\u00fcsteem m\u00fc\u00fcgiarve teenuse artikliga<\/span><\/li>\n<li style=\"font-weight: 400;\" aria-level=\"1\"><span style=\"font-weight: 400;\">Valitud artiklid aga kasutab \u00e4ra ostusaatelehe peal, mis samas hinnas arvele v\u00f5etakse (s\u00fcsteem teeb selle automaatselt)<\/span><\/li>\n<\/ul>\n<\/li>\n<\/ul>\n<p><span style=\"font-weight: 400;\">Kui soovis, saab juurde tellida ERPLY kassalahenduse, mis v\u00f5imaldab mugavamat andmesisestust, \u00fchendust kaarditerminaliga jne. Ilma kassalahenduseta k\u00e4ib sisestus otse arvutist ERPLY Books&#8217;i ja kaarditerminali tuleb summa k\u00e4sitsi sisestada.\u00a0<\/span><\/p>\n<p>&nbsp;<\/p>\n<h2><span style=\"font-weight: 400;\">V\u00f5ta vastu j\u00e4\u00e4tmeid nii, et maksad kliendile<\/span><\/h2>\n<p><span style=\"font-weight: 400;\">Selle jaoks lisame ostuarve Books&#8217;i, millega \u00fchelt poolt v\u00f5tame arvele j\u00e4\u00e4tmed ja teiselt poolt tekitame kohustuse kliendi ees. Kohustused saab tasuda lihtsasti, kasutades panga maksefaili funktsionaalsust:\u00a0<\/span><\/p>\n<ul>\n<li style=\"list-style-type: none;\">\n<ul>\n<li style=\"font-weight: 400;\" aria-level=\"1\"><span style=\"font-weight: 400;\">korra tunnis\/p\u00e4evas\/ise soovitud intervalliga v\u00f5ta v\u00e4lja ostuarved:<\/span><\/li>\n<li style=\"font-weight: 400;\" aria-level=\"1\"><span style=\"font-weight: 400;\">vali need arved;<\/span><\/li>\n<li style=\"font-weight: 400;\" aria-level=\"1\"><span style=\"font-weight: 400;\">saada panka;<\/span><\/li>\n<li style=\"font-weight: 400;\" aria-level=\"1\"><span style=\"font-weight: 400;\">s\u00fcsteem \u201ckinnitab\u201d need ostuarved, nii et neid enam topelt panka ei saadetaks.<\/span><\/li>\n<\/ul>\n<\/li>\n<\/ul>\n<p>&nbsp;<\/p>\n<h2>Platsihaldus<\/h2>\n<p>ERPLY Books sisaldab k\u00f5ike, mida vajate selle jaoks, et laoplatsi peal toimetada. K\u00f5ik j\u00e4rgnev t\u00f6\u00f6tab nii arvutis mobiilis kui ka tahvelarvutis:<br \/>\n&#8211; auto tuleb sisse: lisa kaal, hankija, auto numbrim\u00e4rk (ja vajadusel loome automaat\u00fchenduse kaaluga ja kaameraprogrammiga, et pilte arhiveerida)<br \/>\n&#8211; lisa mure\/artikkel: stiilis 50kg vaske eraldi reana v\u00f5i 5% mustust eraldi reana<br \/>\n&#8211; platsil olev isik saab kinnitada, et auto on \u00fcle vaadatud<br \/>\n&#8211; auto l\u00e4heb uuesti kaalu peale<br \/>\n&#8211; kaaludokumendi printimine<br \/>\n&#8211; auto l\u00e4heb v\u00e4lja: loo dokument, kas saateleht v\u00f5i arve<\/p>\n<p>&nbsp;<\/p>\n<h2><span style=\"font-weight: 400;\">J\u00e4\u00e4tmek\u00e4itlus komponentide haldustarkvara<\/span><\/h2>\n<p><span style=\"font-weight: 400;\">Kui on olukord, kus tuuakse m\u00f5\u00f5detavaid komponente stiilis roostevaba metall, mis sisaldab niklit, kroomi, mol\u00fcbdeeni ja vaske, siis saab roostevaba metalli arvele v\u00f5ttes m\u00e4\u00e4rata. N\u00e4iteks 100 tonni metalli kohta saab kirja panna, et sellest 7% on nikkel, 5% on kroom jne. M\u00e4\u00e4rata saab kuni kaheksa komponenti ja j\u00e4lgida ise nii t\u00e4pselt kui soovid. See t\u00e4hendab seda, et kui tuleb uus laadung lattu, siis valid olemasoleva artikli, kuhu on juba osakaalud m\u00e4\u00e4ratud. Kuid k\u00f5iki osakaale saab muuta ja sellele vastavalt ka siis aruandluses n\u00e4ha, kui palju mingit komponenti peaks \u201cplatsil\u201d olemas olema.\u00a0<\/span><\/p>\n<p><span style=\"font-weight: 400;\">Lahendus t\u00f6\u00f6tab j\u00e4rgnevalt:\u00a0<\/span><\/p>\n<ul>\n<li style=\"font-weight: 400;\" aria-level=\"1\"><span style=\"font-weight: 400;\">Ostu hetkel saab valida toote ja m\u00e4\u00e4rata, mis protsentides see sisaldab vastavaid komponente (n\u00e4iteks, et tuli 100 tonni roostevaba terast, milles niklisisaldus oli 7%, mol\u00fcbdeeni 5% \u2026).<\/span><\/li>\n<li style=\"font-weight: 400;\" aria-level=\"1\"><span style=\"font-weight: 400;\">Kui valitud protsentidele vastavat toodet pole, siis s\u00fcsteem annab sellest m\u00e4rku ja saab \u00fche nupulevajutusega vastava toote luua.<\/span><\/li>\n<li style=\"font-weight: 400;\" aria-level=\"1\"><span style=\"font-weight: 400;\">Aruannetes saab j\u00e4lgida, palju on ostetud, m\u00fc\u00fcdud kogused komponentide l\u00f5ikes. Seega saab ka komponendi saldot n\u00e4ha.<\/span><\/li>\n<li style=\"font-weight: 400;\" aria-level=\"1\"><span style=\"font-weight: 400;\">Kuna on t\u00e4pselt teada, mis kombinatsioonides ja seega ka osakaaludes on komponente ostetud ja m\u00fc\u00fcdud, saab ka m\u00fc\u00fcgi hetkel lihtsamini n\u00e4ha, kuidas saada kindel kombinatsioon (stiilis vaja saata kuni 5% vaske v\u00f5i vaja saata v\u00e4hemalt 10% niklit).\u00a0<\/span><\/li>\n<\/ul>\n<p>&nbsp;<\/p>\n<h2><span style=\"font-weight: 400;\">J\u00e4\u00e4tmete t\u00f6\u00f6tlemine<\/span><\/h2>\n<p><span style=\"font-weight: 400;\">J\u00e4\u00e4tmete t\u00f6\u00f6tlemine t\u00e4hendab olukorda, kus X tonni materjali t\u00f6\u00f6deldakse uueks materjaliks ja sellest saab Y tonni \u00fchte materjali, Z tonni teist materjali jne. Selle loomine k\u00e4ib l\u00e4bi ostusaatelehe, kuhu lisame positiivsed ja negatiivsed read. Plugin v\u00f5imaldab seda lihtsasti teha, valides baasmaterjali (n\u00e4iteks \u00fcldine ehitusmaterjal), toodangumaterjali (n\u00e4iteks killustik) ja koguse. \u00dclej\u00e4\u00e4nu tehakse s\u00fcsteemi poolt. Sellega tekib ka info, kui palju on materjali uueks materjaliks t\u00f6\u00f6deldud, mis on vajalik j\u00e4\u00e4tmearuande jaoks.\u00a0<\/span><\/p>\n<p>&nbsp;<\/p>\n<h2>J\u00e4\u00e4tmek\u00e4itlust toetavad funktsioonid<\/h2>\n<p>&nbsp;<\/p>\n<h3><span style=\"font-weight: 400;\">J\u00e4\u00e4tmeartiklid<\/span><\/h3>\n<p><span style=\"font-weight: 400;\">Iga erinev j\u00e4\u00e4tmeliik on artikkel, mille \u00fcle peetakse arvestust. Sealhulgas ka t\u00f6\u00f6deldud artiklid. N\u00e4iteks ehitusj\u00e4\u00e4tmed on \u00fcks \u00fcldine artikkel. Selle t\u00f6\u00f6deldud kruus on eraldi artikkel.\u00a0<\/span><\/p>\n<p><span style=\"font-weight: 400;\">Igale artiklile saab m\u00e4\u00e4rata:\u00a0<\/span><\/p>\n<ul>\n<li style=\"list-style-type: none;\">\n<ul>\n<li style=\"font-weight: 400;\" aria-level=\"1\"><span style=\"font-weight: 400;\">Nimi<\/span><\/li>\n<li style=\"font-weight: 400;\" aria-level=\"1\"><span style=\"font-weight: 400;\">Kood<\/span><\/li>\n<li style=\"font-weight: 400;\" aria-level=\"1\"><span style=\"font-weight: 400;\">Komponendid (vt eraldi komponentide lahendust)<\/span><\/li>\n<li style=\"font-weight: 400;\" aria-level=\"1\"><span style=\"font-weight: 400;\">Kategooria\/grupp<\/span><\/li>\n<li style=\"font-weight: 400;\" aria-level=\"1\"><span style=\"font-weight: 400;\">J\u00e4\u00e4tmekategooria (v\u00f5imalus ise m\u00e4\u00e4rata kategooriad kas enda v\u00f5i j\u00e4\u00e4tmearuande jaoks)<\/span><\/li>\n<li style=\"font-weight: 400;\" aria-level=\"1\"><span style=\"font-weight: 400;\">Lisaatribuudid vastavalt vajadusele<\/span><\/li>\n<\/ul>\n<\/li>\n<\/ul>\n<p>&nbsp;<\/p>\n<h3><span style=\"font-weight: 400;\">J\u00e4\u00e4tmete laoarvestus<\/span><\/h3>\n<p><span style=\"font-weight: 400;\">J\u00e4\u00e4tmete laoarvestus k\u00e4ib koondsumma alusel \u2013 ostud l\u00e4hevad kulusse ning s\u00fcsteem kuvab palju on laoj\u00e4\u00e4k. Kui soovis, saab juurde lisada ERPLY laomooduli, mis toob FIFO arvestuse. Partiip\u00f5hine arvestus on samuti k\u00e4ttesaadav ERPLY laomoodulis.\u00a0<\/span><\/p>\n<p>&nbsp;<\/p>\n<h3><span style=\"font-weight: 400;\">J\u00e4\u00e4tmearuanne<\/span><\/h3>\n<p><span style=\"font-weight: 400;\">J\u00e4\u00e4tmearuanne on aruanne, mis kirjeldab, kui palju j\u00e4\u00e4tmeid tuli sisse, kui palju neist loodi erineva kategooriaga uusi materjale, kui palju loovutati\/m\u00fc\u00fcdi erinevatele isikutele koondina ja detailselt jne. Filtrid annavad v\u00f5imaluse vaadata k\u00e4ibemaksuliikide ja riikide l\u00f5ikes. Eraldi saab grupeerida j\u00e4\u00e4tmekategooriaid, komponente jne. Rohkem infot j\u00e4\u00e4tmearuande kohta leiad <a href=\"https:\/\/www.erplybooks.com\/et\/jaatmearuanne-2\/\">siit<\/a>.\u00a0<\/span><\/p>\n<p>&nbsp;<\/p>\n<h3><span style=\"font-weight: 400;\">J\u00e4\u00e4tmehoidlad<\/span><\/h3>\n<p><span style=\"font-weight: 400;\">Hoidlatearvestus on arvestus, kus saab n\u00e4ha, palju k\u00f5ik erinevad hoidmisalad t\u00e4idetud on. N\u00e4iteks mahutab hoidla X 500 tonni liiva ja hetkel on seal 200 tonni, seega peaks mahutama veel 300. Hoidlad saab m\u00e4\u00e4rata eraldi dimensioonidena ning k\u00f5igile operatsioonidele saab m\u00e4\u00e4rata vastava dimensiooni. P\u00e4rast saab hoidlate l\u00f5ikes v\u00f5tta v\u00e4lja graafiku, kus kuvatakse hoidlas olev kogus ja eraldi joonena mahutavus.\u00a0<\/span><\/p>\n<p>&nbsp;<\/p>\n<h3>Saldoteatised koguste kohta<\/h3>\n<p>Kui soovite v\u00f5rrelda m\u00fc\u00fcdud\/ostetud koguseid osakondade l\u00f5ikes korra aastas, siis selle jaoks saab kasutada aruannete emailile saatmise funktsionaalsust. Funktsioon t\u00f6\u00f6tab selliselt, et seadistame \u00e4ra aruande aruandegeneraatoris, kus on olemas k\u00f5ik teie tegevuspartnerid ja neile m\u00fc\u00fcdud\/neilt ostetud kogused j\u00e4\u00e4tmekoodide l\u00f5ikes perioodis. &#8221;Veel&#8221; nupu alla tekib emaili saatmise nupp. Vastavalt seadistusele saadab see automaatselt igale partnerile emaili koos kogustega. Rohkem infot aruannete meili teavituste kohta saad lugeda <a href=\"https:\/\/www.erplybooks.com\/et\/juhendid\/aruandegeneraatori-valjatruki-valja-saatmine-emailiga\/\">siit<\/a><\/p>\n<p>&nbsp;<\/p>\n<h2><span style=\"font-weight: 400;\">J\u00e4\u00e4tmek\u00e4itlus kulude arvestus<\/span><\/h2>\n<p><b>Kulud \u00fcldiselt<\/b><\/p>\n<p><span style=\"font-weight: 400;\">Kuna ERPLY Books on t\u00e4isfunktsionaalne raamatupidamistarkvara, siis annab see ka v\u00f5imaluse arvestada erinevaid kulukategooriaid ning seda t\u00e4pselt selliselt nagu Sul tarvis on. Kulud jaotatakse kategooriateks, mille nimetus s\u00fcsteemis on projektigrupp.\u00a0<\/span><\/p>\n<p><span style=\"font-weight: 400;\">Kulud jaotuvad \u00fcldiselt kolmeks:\u00a0<\/span><\/p>\n<ul>\n<li style=\"list-style-type: none;\">\n<ul>\n<li style=\"font-weight: 400;\" aria-level=\"1\"><span style=\"font-weight: 400;\">Kaubakulu<\/span><\/li>\n<li style=\"font-weight: 400;\" aria-level=\"1\"><span style=\"font-weight: 400;\">T\u00f6\u00f6tajatega seotud kulud<\/span><\/li>\n<li style=\"font-weight: 400;\" aria-level=\"1\"><span style=\"font-weight: 400;\">Muud kulud<\/span><\/li>\n<\/ul>\n<\/li>\n<\/ul>\n<p><b>Kaubakulud<\/b><\/p>\n<p><span style=\"font-weight: 400;\">Kaubakulude arvestuse jaoks tuleb juurde v\u00f5tta ERPLY lao moodul. Sellisel juhul on kaubakulude arvestus FIFO p\u00f5hine ja kulud saavad k\u00fclge samad dimensioonid, mis arvegi.\u00a0<\/span><\/p>\n<p><span style=\"font-weight: 400;\">Vaikimisi konteeritakse ostuarve (st j\u00e4\u00e4tmete saamine kliendilt) kohe kuluks &#8211; ehk kaubakulu tekib ostuga.\u00a0<\/span><\/p>\n<p><b>Muud kulud<\/b><\/p>\n<p><span style=\"font-weight: 400;\">Muud kulud sisestatakse \u00fcldiselt k\u00e4sitsi v\u00f5i automaatreeglitega (ostuarved, pangakulud jne). Seega saab neile, kas m\u00e4\u00e4rata automaatseid reegleid v\u00f5i m\u00e4\u00e4rata dimensioonid k\u00e4sitsi.\u00a0<\/span><\/p>\n<p><span style=\"font-weight: 400;\">Automaatselt saab s\u00fcsteem j\u00e4lgida j\u00e4rgmisi dimensioone:\u00a0<\/span><\/p>\n<ul>\n<li style=\"list-style-type: none;\">\n<ul>\n<li style=\"font-weight: 400;\" aria-level=\"1\"><span style=\"font-weight: 400;\">Riik (m\u00e4\u00e4ratakse kliendi\/hankija pealt)<\/span><\/li>\n<li style=\"font-weight: 400;\" aria-level=\"1\"><span style=\"font-weight: 400;\">Artikkel<\/span><\/li>\n<li style=\"font-weight: 400;\" aria-level=\"1\"><span style=\"font-weight: 400;\">Artikligrupp<\/span><\/li>\n<li style=\"font-weight: 400;\" aria-level=\"1\"><span style=\"font-weight: 400;\">Kontakt<\/span><\/li>\n<li style=\"font-weight: 400;\" aria-level=\"1\"><span style=\"font-weight: 400;\">Ladu (m\u00e4\u00e4ratakse t\u00f6\u00f6taja pealt)<\/span><\/li>\n<\/ul>\n<\/li>\n<\/ul>\n<p><b>T\u00f6\u00f6tajatega seotud kulud<\/b><\/p>\n<p><span style=\"font-weight: 400;\">T\u00f6\u00f6tajate kulude m\u00e4\u00e4ramine on v\u00f5imalik kahte moodi:\u00a0<\/span><\/p>\n<ul>\n<li style=\"list-style-type: none;\">\n<ul>\n<li style=\"font-weight: 400;\" aria-level=\"1\"><span style=\"font-weight: 400;\">K\u00e4sitsi nagu muud kulud<\/span><\/li>\n<li style=\"font-weight: 400;\" aria-level=\"1\"><span style=\"font-weight: 400;\">V\u00f5imalus tellida artiklist artikli moodulile lisaplugin, kuhu saab m\u00e4\u00e4rata iga dokumendiga seotud ajakulu ning selle alusel automaatselt teha kulude jaotus korra kuus vastavalt lisatud t\u00f6\u00f6aegadele<\/span><\/li>\n<\/ul>\n<\/li>\n<\/ul>\n<p><b>Kuluaruanded<\/b><\/p>\n<p><span style=\"font-weight: 400;\">Kulusid saab vaadelda k\u00f5ikidel erinevatel viisidel, mida ette kujutad. See t\u00e4hendab k\u00f5iki variante tavakasumiaruandest, kulude loetelust dimensioonide l\u00f5ikes kuni graafikuteni stiilis kulude kuude ja artiklite l\u00f5ikes, juuli kulud tegevuste l\u00f5ikes jne.\u00a0<\/span><\/p>\n<p>&nbsp;<\/p>\n<h2><span style=\"font-weight: 400;\">Algandmete import<\/span><\/h2>\n<p>&nbsp;<\/p>\n<p><span style=\"font-weight: 400;\">Selle jaoks, et j\u00e4\u00e4tmehalduss\u00fcsteemi kasutada, on tarvis algandmed sisse importida. Kui alustada aasta keskel, on tarvis importida ka tolle aasta tehingud.\u00a0<\/span><\/p>\n<p><span style=\"font-weight: 400;\">Algsaldode import (k\u00f5ik v\u00e4ljav\u00f5tted v\u00f5imalik importida Excelist):\u00a0<\/span><\/p>\n<ul>\n<li style=\"list-style-type: none;\">\n<ul>\n<li style=\"font-weight: 400;\" aria-level=\"1\"><span style=\"font-weight: 400;\">Tooted<\/span><\/li>\n<li style=\"font-weight: 400;\" aria-level=\"1\"><span style=\"font-weight: 400;\">Kliendibaas<\/span><\/li>\n<li style=\"font-weight: 400;\" aria-level=\"1\"><span style=\"font-weight: 400;\">Laekumata arved (kui soovite ka laekumisi hallata)<\/span><\/li>\n<li style=\"font-weight: 400;\" aria-level=\"1\"><span style=\"font-weight: 400;\">Maksmata ostuarved<\/span><\/li>\n<li style=\"font-weight: 400;\" aria-level=\"1\"><span style=\"font-weight: 400;\">Kontode algsaldod (kui soovite ka raamatupidamismoodulit)<\/span><\/li>\n<\/ul>\n<\/li>\n<\/ul>\n<p><span style=\"font-weight: 400;\">K\u00e4esoleva aasta tehingute import:<\/span><\/p>\n<ul>\n<li style=\"list-style-type: none;\">\n<ul>\n<li style=\"font-weight: 400;\" aria-level=\"1\"><span style=\"font-weight: 400;\">Ostude nimekiri (hankija, toode, kogus, hind)<\/span><\/li>\n<li style=\"font-weight: 400;\" aria-level=\"1\"><span style=\"font-weight: 400;\">M\u00fc\u00fckide nimekiri (klient, toode, kogus, hind)<\/span><\/li>\n<li style=\"font-weight: 400;\" aria-level=\"1\"><span style=\"font-weight: 400;\">J\u00e4\u00e4tmete t\u00f6\u00f6tlemine. Selle jaoks on kaks v\u00f5imalust:\u00a0<\/span>\n<ul>\n<li style=\"list-style-type: none;\">\n<ul>\n<li style=\"font-weight: 400;\" aria-level=\"2\"><span style=\"font-weight: 400;\">Omavahel seostamata tehingud: eraldi mahakandmiste ja arvelev\u00f5tmiste import<\/span><\/li>\n<li style=\"font-weight: 400;\" aria-level=\"2\"><span style=\"font-weight: 400;\">Omavahel seostatud tehingud: \u00fches reas on tehingu kood (identifikaator, millega tunneme \u00e4ra, mis on omavahel seotud, sest v\u00f5ib olla mitu-mitu seost (mitmest j\u00e4\u00e4tmeliigist tekib \u00fcks v\u00f5i mitu teist toodet), toode, kogus (negatiivne t\u00e4hendab baastoodet, positiivne t\u00e4hendab l\u00f5pptoodet)<\/span><\/li>\n<\/ul>\n<\/li>\n<\/ul>\n<\/li>\n<\/ul>\n<\/li>\n<\/ul>\n<p>&nbsp;<\/p>\n<h2><span style=\"font-weight: 400;\">Kilod tonnideks plugin<\/span><\/h2>\n<p>&nbsp;<\/p>\n<p><span style=\"font-weight: 400;\">Kui \u00fcldarvestus k\u00e4ib tonnides, aga sisestada on soov kilodes, siis saab eraldi juurde v\u00f5tta KG&gt;T plugina, mis v\u00f5imaldab sisestada koguse kilodes, kuid s\u00fcsteem salvestab l\u00f5pptulemuse 1000 korda v\u00e4iksemana tonnides.\u00a0<\/span><\/p>\n<p>&nbsp;<\/p>\n<h2><span style=\"font-weight: 400;\">Mobiilne<\/span><\/h2>\n<p>&nbsp;<\/p>\n<p><span style=\"font-weight: 400;\">K\u00f5ik t\u00f6\u00f6protsessid saab teha mobiilist v\u00f5i tahvelarvutist. Selle jaoks on olemas mobiilne t\u00f6\u00f6mees ehk rakendus, mille abil saab mobiilist liigutada artikleid \u00fchest hoidlast teise, m\u00fc\u00fca \u00e4ra j\u00e4\u00e4tmeid ja teha muid operatsioone.\u00a0<\/span><\/p>\n<p>&nbsp;<\/p>\n<h2><span style=\"font-weight: 400;\">Lepingute moodul<\/span><\/h2>\n<p>&nbsp;<\/p>\n<p><span style=\"font-weight: 400;\">Lepingute moodul v\u00f5imaldab j\u00e4lgida nagu, nimestki selgub, lepinguid. Saad lisada nii ostu- kui m\u00fc\u00fcgilepingud. Lepingutest saab luua arve, saab j\u00e4lgida, palju on lepingud t\u00e4idetud, kui palju on oodatavad mahud j\u00e4rgmistel perioodidel jne.\u00a0<\/span><\/p>\n<p>T\u00e4nu lepingute moodulile on v\u00f5imalik teha\u00a0<i>b\u00f6rsiv\u00e4list hedgingut<\/i>\u00a0oma p\u00f5hitegevuse jaoks.\u00a0<i>Hedgingu<\/i>\u00a0p\u00f5him\u00f5te seisneb finantsriskide maandamises, mis tulenevad hinnamuutustest.\u00a0<i>Hedgingu\u00a0<\/i>puhul tuleb leida teine osapool, kes soovib samuti omalt poolt v\u00e4hendada enda riski seoses hinnamuutustega (soovib kindlal kuup\u00e4eval kindla hinnaga m\u00fc\u00fca sinu ettev\u00f5ttele mingit kaupa).<\/p>\n<p>Rohkem infot lepingute mooduli ja\u00a0<em>hedingu\u00a0<\/em>kohta saad lugeda <a href=\"https:\/\/www.erplybooks.com\/et\/juhendid\/lepingute-moodul\/\">siit<\/a>.<\/p>\n<p>&nbsp;<\/p>\n<h2><span style=\"font-weight: 400;\">API<\/span><\/h2>\n<p><span style=\"font-weight: 400;\">ERPLY Books&#8217;i t\u00e4isfunktsionaalne API v\u00f5imaldab Sul \u00fchendada olemasolevad infos\u00fcsteemid lithsasti Books&#8217;iga. L\u00e4hemalt loe <\/span><a href=\"https:\/\/www.erplybooks.com\/et\/api\/\"><span style=\"font-weight: 400;\">siit<\/span><\/a><span style=\"font-weight: 400;\">.\u00a0<\/span><\/p>\n","protected":false},"excerpt":{"rendered":"<p>J\u00e4\u00e4tmek\u00e4itlus ERPLY Books\u2019is &nbsp; ERPLY Books on multifunktsionaalne majandustarkvara, millesse on integreeritud palju erinevaid lahendusi, sealhulgas ka j\u00e4\u00e4tmek\u00e4itlus. Kasutades erinevaid sisseehitatud protsesse, pluginaid ja standardfunktsioone, on v\u00f5imalik k\u00f5ik j\u00e4\u00e4tmek\u00e4itlusettev\u00f5tte protsessid Books&#8217;is lahendada.\u00a0 Kuna ERPLY Books on ennek\u00f5ike t\u00e4isfunktsionaalne raamatupidamistarkvara, siis saab liita juurde ka k\u00f5ik muud \u00e4riprotsesside haldusv\u00f5imalused:\u00a0 Automaatne laekumiste-maksmiste haldus koos automaatsete maksemeenutuste jms [&hellip;]<\/p>\n","protected":false},"author":13,"featured_media":0,"parent":0,"menu_order":0,"comment_status":"closed","ping_status":"closed","template":"","meta":{"_et_pb_use_builder":"","_et_pb_old_content":"","_et_gb_content_width":"","footnotes":""},"categories":[818],"tags":[833,816,1195],"class_list":["post-22653","page","type-page","status-publish","hentry","category-jaatmekaitlusettevote","tag-jaatmed","tag-jaatmekaitlus","tag-tarkvara-et"],"_links":{"self":[{"href":"https:\/\/www.erplybooks.com\/et\/wp-json\/wp\/v2\/pages\/22653","targetHints":{"allow":["GET"]}}],"collection":[{"href":"https:\/\/www.erplybooks.com\/et\/wp-json\/wp\/v2\/pages"}],"about":[{"href":"https:\/\/www.erplybooks.com\/et\/wp-json\/wp\/v2\/types\/page"}],"author":[{"embeddable":true,"href":"https:\/\/www.erplybooks.com\/et\/wp-json\/wp\/v2\/users\/13"}],"replies":[{"embeddable":true,"href":"https:\/\/www.erplybooks.com\/et\/wp-json\/wp\/v2\/comments?post=22653"}],"version-history":[{"count":0,"href":"https:\/\/www.erplybooks.com\/et\/wp-json\/wp\/v2\/pages\/22653\/revisions"}],"wp:attachment":[{"href":"https:\/\/www.erplybooks.com\/et\/wp-json\/wp\/v2\/media?parent=22653"}],"wp:term":[{"taxonomy":"category","embeddable":true,"href":"https:\/\/www.erplybooks.com\/et\/wp-json\/wp\/v2\/categories?post=22653"},{"taxonomy":"post_tag","embeddable":true,"href":"https:\/\/www.erplybooks.com\/et\/wp-json\/wp\/v2\/tags?post=22653"}],"curies":[{"name":"wp","href":"https:\/\/api.w.org\/{rel}","templated":true}]}}