{"id":22561,"date":"2021-07-08T05:22:31","date_gmt":"2021-07-08T05:22:31","guid":{"rendered":"https:\/\/www.erplybooks.com\/?p=22561"},"modified":"2023-07-11T08:44:26","modified_gmt":"2023-07-11T08:44:26","slug":"majandustarkvara-keskmisele-ettevottele","status":"publish","type":"page","link":"https:\/\/www.erplybooks.com\/et\/majandustarkvara-keskmisele-ettevottele\/","title":{"rendered":"Majandustarkvara keskmisele ettev\u00f5ttele"},"content":{"rendered":"<p><span style=\"font-weight: 400;\">ERPLY Books professionaalne <\/span><span style=\"font-weight: 400;\">majandustarkvara<\/span><span style=\"font-weight: 400;\"> sobib keskmise suurusega ettev\u00f5tetele ja k\u00f5ikidele raamatupidamisfirmadele. Tarkvara lihtsustab raamatupidamisprotsesse ning aitab hallata mitut ettev\u00f5tet \u00fches kohas. Registreeri enda ettev\u00f5ttele ERPLY Books\u2019i konto ning korralda oma raamatupidamine koos meiega!<\/span><\/p>\n<p><span style=\"font-weight: 400;\">ERPLY Books majandustarkvaras on olemas k\u00f5ik vajalik professionaalse raamatupidamise korraldamiseks &#8211; pearaamat, ostuarved, k\u00e4ibemaks jms. Lisaks baasfunktsioonidele toetab ERPLY Books k\u00f5iki ettev\u00f5tte p\u00f5hiprotsesside automatiseerimiseks vajaminevaid lahendusi:<\/span><\/p>\n<ul>\n<li style=\"font-weight: 400;\" aria-level=\"1\"><span style=\"font-weight: 400;\">veebip\u00f5hine platvorm;<\/span><\/li>\n<li style=\"font-weight: 400;\" aria-level=\"1\"><span style=\"font-weight: 400;\">klientidele ligip\u00e4\u00e4su andmine;<\/span><\/li>\n<li style=\"font-weight: 400;\" aria-level=\"1\"><span style=\"font-weight: 400;\"><a href=\"https:\/\/www.erplybooks.com\/et\/ostuarvete-postkast\/\">Ostuarvete postkast<\/a><\/span><span style=\"font-weight: 400;\">;<\/span><\/li>\n<li style=\"font-weight: 400;\" aria-level=\"1\"><span style=\"font-weight: 400;\"><a href=\"https:\/\/www.erplybooks.com\/et\/juhendid\/pangaimport-erply-booksis\/\">pangaimport ja pangaliides<\/a><\/span><span style=\"font-weight: 400;\">;<\/span><\/li>\n<li style=\"font-weight: 400;\" aria-level=\"1\"><span style=\"font-weight: 400;\">andmete massimport;<\/span><\/li>\n<li style=\"font-weight: 400;\" aria-level=\"1\"><span style=\"font-weight: 400;\">k\u00e4ibemaksu automaatreeglid;\u00a0<\/span><\/li>\n<li style=\"font-weight: 400;\" aria-level=\"1\"><span style=\"font-weight: 400;\">e-arvete automaatne t\u00f6\u00f6tlemine ja palju muud.<\/span><\/li>\n<\/ul>\n<p><span style=\"font-weight: 400;\">Lisaks sellele on olemas erinevad pluginad ja funktsioonid, mida saab kasutusele v\u00f5tta:\u00a0<\/span><\/p>\n<ul>\n<li style=\"font-weight: 400;\" aria-level=\"1\"><span style=\"font-weight: 400;\">perioodilised arved;<\/span><\/li>\n<li style=\"font-weight: 400;\" aria-level=\"1\"><span style=\"font-weight: 400;\">kande mallid;<\/span><\/li>\n<li style=\"font-weight: 400;\" aria-level=\"1\"><span style=\"font-weight: 400;\">e-poe liidesed m\u00fc\u00fcgi automaatseks impordiks koos tellimuste automaatprotsessiga, mis v\u00f5imaldab t\u00f6\u00f6delda tellimusi otse ERPLY Books\u2019is;<\/span><\/li>\n<li style=\"font-weight: 400;\" aria-level=\"1\"><span style=\"font-weight: 400;\">vajadusel erinevad lao liidesed ja palju muud.<\/span><\/li>\n<\/ul>\n<p><span style=\"font-weight: 400;\">ERPLY Books\u2019i veebip\u00f5hine majandustarkvara on ligip\u00e4\u00e4setav <\/span><b>igast kohast ja seadmest<\/b><span style=\"font-weight: 400;\">, kus on interneti\u00fchendus. T\u00e4nu sellele on ettev\u00f5tte tegevuse j\u00e4lgimine ja raamatupidamise kontrollimine mugav ning turvaline.<\/span><\/p>\n<p><span style=\"font-weight: 400;\">ERPLY Books\u2019is on raamatupidajal v\u00f5imalus jagada enda klientidele ligip\u00e4\u00e4su <\/span><span style=\"font-weight: 400;\"><a href=\"https:\/\/www.erplybooks.com\/et\/juhendid\/kasutajate-haldus\/\">privileege<\/a><\/span><span style=\"font-weight: 400;\">. See v\u00f5imaldab tarkvaras mitmel kasutajal korraga toimetada. N\u00e4iteks v\u00f5ib klient sisestada m\u00fc\u00fcgiarveid ja vaadata aruandeid, samal ajal kui raamatupidajad t\u00e4idavad muid kohustusi.<\/span><\/p>\n<p><span style=\"font-weight: 400;\">ERPLY Books\u2019is saad tarkvara vastavalt enda vajadustele v\u00f5imalikult personaalseks muuta. On v\u00f5imalik lisada <\/span><span style=\"font-weight: 400;\"><a href=\"https:\/\/www.erplybooks.com\/et\/pangareeglid-pangavaljavotte-automatiseerimiseks\/\">reegleid<\/a><\/span><span style=\"font-weight: 400;\">, luua <\/span><span style=\"font-weight: 400;\"><a href=\"https:\/\/www.erplybooks.com\/et\/juhendid\/aruandegeneraator\/\">aruandegeneraatoris<\/a><\/span><span style=\"font-weight: 400;\"> Sulle vajaminevaid aruandeid ja <\/span><span style=\"font-weight: 400;\">automatiseerida panka<\/span><span style=\"font-weight: 400;\">. Samuti v\u00f5imaldab ERPLY Books\u2019i paindlikkus ettev\u00f5tte kasvades tarkvara vastavalt oma vajadustele kohandada ja laiendada, lisades erinevaid <\/span><span style=\"font-weight: 400;\"><a href=\"https:\/\/www.erplybooks.com\/et\/juhendid\/projektid-erply-booksis\/\">projekte<\/a><\/span><span style=\"font-weight: 400;\"> ja <\/span><span style=\"font-weight: 400;\"><a href=\"https:\/\/www.erplybooks.com\/et\/juhendid\/projektigrupid\/\">projektigruppe<\/a><\/span><span style=\"font-weight: 400;\">. Kokkuv\u00f5ttes loob see rohkem v\u00f5imalusi ja dimensioone aruannete kajastamiseks.\u00a0<\/span><\/p>\n<p><span style=\"font-weight: 400;\">ERPLY Books\u2019i ostuarvete postkastiga on v\u00f5imalik oma ostuarveid automatiseerida ja s\u00e4\u00e4sta <\/span><b>80%<\/b><span style=\"font-weight: 400;\"> ostuarvete haldamisele kuluvast ajast. K\u00f5ik dokumendid salvestatakse \u00fchte kohta ja arhiveeritakse. Arvete koostamisel on abiks PDF lugeja ja e-arvete automaatne t\u00f6\u00f6tlemine.<\/span><\/p>\n<p><span style=\"font-weight: 400;\">ERPLY Books v\u00f5imaldab siduda <\/span><span style=\"font-weight: 400;\"><a href=\"https:\/\/www.erplybooks.com\/et\/kaibemaksu-liigid\/\">k\u00e4ibemaksu<\/a><\/span><span style=\"font-weight: 400;\"> erinevate artiklitega. Lisaks toetab majandustarkvara k\u00f5iki k\u00e4ibemaksu erisusi. Vastavalt EU arve t\u00fc\u00fcbile on v\u00f5imalik lisada ka k\u00e4ibemaksureeglid, et protsess oleks automaatne ja mugav.\u00a0<\/span><\/p>\n<p><span style=\"font-weight: 400;\">Registreeru <\/span><span style=\"font-weight: 400;\"><a href=\"https:\/\/app.erplybooks.com\/register?origin=erplybooks&amp;lang=et\">siin<\/a><\/span><span style=\"font-weight: 400;\">, saada arve v\u00e4lja vaid minutiga ja arene koos ERPLY Books\u2019iga:<\/span><\/p>\n<ol>\n<li style=\"font-weight: 400;\" aria-level=\"1\"><span style=\"font-weight: 400;\">M\u00e4\u00e4ra oma firma pangakonto (S\u00e4tted \u2013&gt; Firma andmed)<\/span><\/li>\n<li style=\"font-weight: 400;\" aria-level=\"1\"><span style=\"font-weight: 400;\">Lae \u00fcles enda ettev\u00f5tte logo arve kujundamiseks (S\u00e4tted \u2013&gt; Algandmed \u2013&gt; Arve kohandamine)<\/span><\/li>\n<li style=\"font-weight: 400;\" aria-level=\"1\"><span style=\"font-weight: 400;\">Saada v\u00e4lja oma esimene arve (M\u00fc\u00fck \u2013&gt; M\u00fc\u00fcgiarved)<\/span><\/li>\n<li style=\"font-weight: 400;\" aria-level=\"1\"><span style=\"font-weight: 400;\">Lisa reegleid ja funktsioone, et automatiseerida tarkvara t\u00f6\u00f6d (S\u00e4tted \u2013&gt; \u00dcldised s\u00e4tted)<\/span><\/li>\n<li style=\"font-weight: 400;\" aria-level=\"1\"><span style=\"font-weight: 400;\">J\u00e4tka ettev\u00f5tte arengut koos ERPLY Books\u2019iga!<\/span><\/li>\n<\/ol>\n<p><span style=\"font-weight: 400;\">Selle jaoks, et paremini aru saada, kuidas ERPLY Books saab Sinu protsesside automatiseerimisel ja p\u00f5hitegevusele keskendumisele kaasa aidata, k\u00fcsi tasuta demo <\/span><span style=\"font-weight: 400;\">info@erplybooks.com<\/span><span style=\"font-weight: 400;\">. Leiame koos sobivaimad lahendused!<\/span><\/p>\n","protected":false},"excerpt":{"rendered":"<p>ERPLY Books professionaalne majandustarkvara sobib keskmise suurusega ettev\u00f5tetele ja k\u00f5ikidele raamatupidamisfirmadele. Tarkvara lihtsustab raamatupidamisprotsesse ning aitab hallata mitut ettev\u00f5tet \u00fches kohas. Registreeri enda ettev\u00f5ttele ERPLY Books\u2019i konto ning korralda oma raamatupidamine koos meiega! ERPLY Books majandustarkvaras on olemas k\u00f5ik vajalik professionaalse raamatupidamise korraldamiseks &#8211; pearaamat, ostuarved, k\u00e4ibemaks jms. Lisaks baasfunktsioonidele toetab ERPLY Books k\u00f5iki ettev\u00f5tte [&hellip;]<\/p>\n","protected":false},"author":19,"featured_media":0,"parent":0,"menu_order":0,"comment_status":"closed","ping_status":"closed","template":"","meta":{"_et_pb_use_builder":"","_et_pb_old_content":"","_et_gb_content_width":"","footnotes":""},"categories":[1165],"tags":[847,173,846,821],"class_list":["post-22561","page","type-page","status-publish","hentry","category-tarkvara","tag-ettevote","tag-raamatupidamine","tag-raamatupidamistarkvara","tag-tarkvara"],"_links":{"self":[{"href":"https:\/\/www.erplybooks.com\/et\/wp-json\/wp\/v2\/pages\/22561","targetHints":{"allow":["GET"]}}],"collection":[{"href":"https:\/\/www.erplybooks.com\/et\/wp-json\/wp\/v2\/pages"}],"about":[{"href":"https:\/\/www.erplybooks.com\/et\/wp-json\/wp\/v2\/types\/page"}],"author":[{"embeddable":true,"href":"https:\/\/www.erplybooks.com\/et\/wp-json\/wp\/v2\/users\/19"}],"replies":[{"embeddable":true,"href":"https:\/\/www.erplybooks.com\/et\/wp-json\/wp\/v2\/comments?post=22561"}],"version-history":[{"count":0,"href":"https:\/\/www.erplybooks.com\/et\/wp-json\/wp\/v2\/pages\/22561\/revisions"}],"wp:attachment":[{"href":"https:\/\/www.erplybooks.com\/et\/wp-json\/wp\/v2\/media?parent=22561"}],"wp:term":[{"taxonomy":"category","embeddable":true,"href":"https:\/\/www.erplybooks.com\/et\/wp-json\/wp\/v2\/categories?post=22561"},{"taxonomy":"post_tag","embeddable":true,"href":"https:\/\/www.erplybooks.com\/et\/wp-json\/wp\/v2\/tags?post=22561"}],"curies":[{"name":"wp","href":"https:\/\/api.w.org\/{rel}","templated":true}]}}