{"id":22560,"date":"2021-07-08T05:03:40","date_gmt":"2021-07-08T05:03:40","guid":{"rendered":"https:\/\/www.erplybooks.com\/?p=22560"},"modified":"2023-07-07T10:08:54","modified_gmt":"2023-07-07T10:08:54","slug":"raamatupidamisprogramm-vaikeettevottele","status":"publish","type":"page","link":"https:\/\/www.erplybooks.com\/et\/raamatupidamisprogramm-vaikeettevottele\/","title":{"rendered":"Raamatupidamisprogramm v\u00e4ikeettev\u00f5ttele"},"content":{"rendered":"<p><span style=\"font-weight: 400;\">ERPLY Books on <\/span><span style=\"font-weight: 400;\">raamatupidamisprogramm<\/span><span style=\"font-weight: 400;\">, mis aitab igap\u00e4evase raamatupidamisega iseseisvalt toime tulla. <\/span><b>Registreeri tasuta<\/b><span style=\"font-weight: 400;\"> ERPLY Books\u2019i konto ning korralda oma <\/span><span style=\"font-weight: 400;\">v\u00e4ikeettev\u00f5tte raamatupidamine<\/span><span style=\"font-weight: 400;\"> koos meiega! \u00dche minutiga j\u00f5uad registreerimisest arve saatmiseni. 90% tegevustest saad tarkvaras ise tehtud, vajadusel saab abi k\u00fcsida ERPLY Books\u2019i raamatupidajatelt. V\u00e4ikeettev\u00f5ttele m\u00f5eldud lahendus v\u00f5imaldab Sul oma raamatupidamine lihtsasti korraldada. Ettev\u00f5tte laienedes v\u00f5i vajaduste suurenedes on v\u00f5imalik pakett suurema vastu v\u00e4lja vahetada.<\/span><\/p>\n<p><span style=\"font-weight: 400;\">Mugav ja lihtne lahendus <\/span><b>alates 0\u20ac\/kuus<\/b><span style=\"font-weight: 400;\">!<\/span><\/p>\n<p><span style=\"font-weight: 400;\">ERPLY Books\u2019i lahendus toetab k\u00f5iki v\u00e4ikeettev\u00f5ttele vajaminevaid funktsioone:<\/span><\/p>\n<ul>\n<li style=\"font-weight: 400;\" aria-level=\"1\"><span style=\"font-weight: 400;\">m\u00fc\u00fcgiarvete koostamine;<\/span><\/li>\n<li style=\"font-weight: 400;\" aria-level=\"1\"><span style=\"font-weight: 400;\">ostuarvete haldamine;<\/span><\/li>\n<li style=\"font-weight: 400;\" aria-level=\"1\"><span style=\"font-weight: 400;\">e-arvete automaatne t\u00f6\u00f6tlemine;<\/span><\/li>\n<li style=\"font-weight: 400;\" aria-level=\"1\"><span style=\"font-weight: 400;\">pangaimport ja pangaliides;<\/span><\/li>\n<li style=\"font-weight: 400;\" aria-level=\"1\"><span style=\"font-weight: 400;\">palgaarvestus;<\/span><\/li>\n<li style=\"font-weight: 400;\" aria-level=\"1\"><span style=\"font-weight: 400;\">aruandlus.<\/span><\/li>\n<\/ul>\n<p><span style=\"font-weight: 400;\">ERPLY Books\u2019i <\/span><a href=\"https:\/\/www.erplybooks.com\/et\/juhendid\/muugiarved-erply-booksis\/\"><span style=\"font-weight: 400;\">m\u00fc\u00fcgiarvete moodul<\/span><\/a><span style=\"font-weight: 400;\"> on mugav lahendus m\u00fc\u00fcgiarvete haldamiseks. Moodul v\u00f5imaldab Sul suures mahus andmeid importida. Tarkvara koostab neist PDF ja HTML failid, mida on mugav kliendile edasi saata.\u00a0<\/span><\/p>\n<p><span style=\"font-weight: 400;\">ERPLY Books\u2019i <\/span><a href=\"https:\/\/www.erplybooks.com\/et\/ostuarvete-postkast\/\"><span style=\"font-weight: 400;\">ostuarvete postkastiga<\/span><\/a><span style=\"font-weight: 400;\">, s\u00e4\u00e4stad kuni <\/span><b>80%<\/b><span style=\"font-weight: 400;\"> ostuarvete haldamisele kuluvast ajast. Ettev\u00f5tte saab ERPLY Books\u2019ist isikliku e-maili, kuhu kliendid ja hankijad saavad saata ostuarved, mis automaatselt salvestuvad. Ostuarvete postkastiga on k\u00f5ik dokumendid \u00fches kohas ja arhiveeritud.<\/span><\/p>\n<p><span style=\"font-weight: 400;\">ERPLY Books toetab k\u00f5iki e-arve operaatoreid. E-arvete automaatne t\u00f6\u00f6tlemine hoiab k\u00e4sitsi sisestamise arvelt aega kokku. ERPLY Books\u2019iga on v\u00f5imalik m\u00fc\u00fcgiarved otse e-arve operaatorile saata.<\/span><\/p>\n<p><span style=\"font-weight: 400;\">Pangatehingute kiiret <\/span><a href=\"https:\/\/www.erplybooks.com\/et\/juhendid\/pangaimport-erply-booksis\/\"><span style=\"font-weight: 400;\">importi<\/span><\/a><span style=\"font-weight: 400;\"> saab ERPLY Books\u2019is teostada <\/span><b>pangav\u00e4ljav\u00f5tte failiga<\/b><span style=\"font-weight: 400;\">. ERPLY Books toetab pangav\u00e4ljav\u00f5tte faili importimist \u00fcle kogu maailma ja ka <\/span><span style=\"font-weight: 400;\">PayPal\u2019i pangav\u00e4ljav\u00f5tte importimist<\/span><span style=\"font-weight: 400;\">. Lae fail pangaimpordi kaudu s\u00fcsteemi ning maksed \u00fchendatakse automaatselt <\/span><b>90% t\u00e4psusega<\/b><span style=\"font-weight: 400;\"> arvetega. Pangatehingute ja raamatupidamise t\u00e4isautomaatseks sidumiseks on ERPLY Books\u2019i <\/span><b>pangaliides<\/b><span style=\"font-weight: 400;\">. See t\u00e4hendab, et pank ja tarkvara suhtlevad omavahel, importides tehingud automaatselt ERPLY Books\u2019i. T\u00e4isautomaatne pangaliides toimib paljude pankadega &#8211; Swedbank, SEB, LHV, Coop, Nordea, Danske, OP Bank.<\/span><\/p>\n<p><span style=\"font-weight: 400;\">ERPLY Books\u2019iga saab koostada v\u00e4ikeettev\u00f5ttele vajalikud igap\u00e4evased aruanded nagu pearaamat, k\u00e4ibeandmik, kasumiaruanne ja rahavoogude aruanne.\u00a0<\/span><\/p>\n<p><span style=\"font-weight: 400;\">ERPLY Books teeb ka <\/span><a href=\"https:\/\/www.erplybooks.com\/et\/juhendid\/palgamoodul-erply-booksis\/\"><span style=\"font-weight: 400;\">palgaarvestuse <\/span><\/a><span style=\"font-weight: 400;\">imelihtsaks. M\u00e4\u00e4ra palgareeglid, t\u00f6\u00f6tajate kontaktandmed, erinevad palgaliigid, maksum\u00e4\u00e4rad, kogutud puhkuse seis, haiguslehel oldud p\u00e4evade arv ning arvesta kord kuus m\u00f5ne nupuvajutusega palgad.<\/span><\/p>\n<p><span style=\"font-weight: 400;\">Komplekteeri vajaminevatest funktsioonidest enda ettev\u00f5ttele sobivaim pakett ja maksa ainult moodulite eest, mida p\u00e4riselt kasutad!<\/span><\/p>\n<p><span style=\"font-weight: 400;\">Registreeru <\/span><span style=\"font-weight: 400;\"><a href=\"https:\/\/app.erplybooks.com\/register?origin=erplybooks&amp;lang=et\">siin<\/a><\/span><span style=\"font-weight: 400;\"> ja saada arve v\u00e4lja vaid minutiga:\u00a0<\/span><\/p>\n<ol>\n<li style=\"font-weight: 400;\" aria-level=\"1\"><span style=\"font-weight: 400;\">M\u00e4\u00e4ra oma firma pangakonto (S\u00e4tted \u2013&gt; Firma andmed)<\/span><\/li>\n<li style=\"font-weight: 400;\" aria-level=\"1\"><span style=\"font-weight: 400;\">Lae \u00fcles enda ettev\u00f5tte logo arve kujundamiseks (S\u00e4tted \u2013&gt; Algandmed \u2013&gt; Arve kohandamine)<\/span><\/li>\n<li style=\"font-weight: 400;\" aria-level=\"1\"><span style=\"font-weight: 400;\">Saada v\u00e4lja oma esimene arve (M\u00fc\u00fck \u2013&gt; M\u00fc\u00fcgiarved)<\/span><\/li>\n<\/ol>\n<p>&nbsp;<\/p>\n<p><span style=\"font-weight: 400;\">Kasuta ERPLY Books\u2019i ja muuda oma raamatupidamine automaatseks!\u00a0<\/span><\/p>\n<p><span style=\"font-weight: 400;\">K\u00fcsimuste korral kirjutage <\/span><span style=\"font-weight: 400;\">info@erplybooks.com<\/span><span style=\"font-weight: 400;\">. <\/span><\/p>\n","protected":false},"excerpt":{"rendered":"<p>ERPLY Books on raamatupidamisprogramm, mis aitab igap\u00e4evase raamatupidamisega iseseisvalt toime tulla. Registreeri tasuta ERPLY Books\u2019i konto ning korralda oma v\u00e4ikeettev\u00f5tte raamatupidamine koos meiega! \u00dche minutiga j\u00f5uad registreerimisest arve saatmiseni. 90% tegevustest saad tarkvaras ise tehtud, vajadusel saab abi k\u00fcsida ERPLY Books\u2019i raamatupidajatelt. V\u00e4ikeettev\u00f5ttele m\u00f5eldud lahendus v\u00f5imaldab Sul oma raamatupidamine lihtsasti korraldada. Ettev\u00f5tte laienedes v\u00f5i vajaduste [&hellip;]<\/p>\n","protected":false},"author":18,"featured_media":0,"parent":0,"menu_order":0,"comment_status":"closed","ping_status":"closed","template":"","meta":{"_et_pb_use_builder":"","_et_pb_old_content":"","_et_gb_content_width":"","footnotes":""},"categories":[1165],"tags":[847,173,846],"class_list":["post-22560","page","type-page","status-publish","hentry","category-tarkvara","tag-ettevote","tag-raamatupidamine","tag-raamatupidamistarkvara"],"_links":{"self":[{"href":"https:\/\/www.erplybooks.com\/et\/wp-json\/wp\/v2\/pages\/22560","targetHints":{"allow":["GET"]}}],"collection":[{"href":"https:\/\/www.erplybooks.com\/et\/wp-json\/wp\/v2\/pages"}],"about":[{"href":"https:\/\/www.erplybooks.com\/et\/wp-json\/wp\/v2\/types\/page"}],"author":[{"embeddable":true,"href":"https:\/\/www.erplybooks.com\/et\/wp-json\/wp\/v2\/users\/18"}],"replies":[{"embeddable":true,"href":"https:\/\/www.erplybooks.com\/et\/wp-json\/wp\/v2\/comments?post=22560"}],"version-history":[{"count":0,"href":"https:\/\/www.erplybooks.com\/et\/wp-json\/wp\/v2\/pages\/22560\/revisions"}],"wp:attachment":[{"href":"https:\/\/www.erplybooks.com\/et\/wp-json\/wp\/v2\/media?parent=22560"}],"wp:term":[{"taxonomy":"category","embeddable":true,"href":"https:\/\/www.erplybooks.com\/et\/wp-json\/wp\/v2\/categories?post=22560"},{"taxonomy":"post_tag","embeddable":true,"href":"https:\/\/www.erplybooks.com\/et\/wp-json\/wp\/v2\/tags?post=22560"}],"curies":[{"name":"wp","href":"https:\/\/api.w.org\/{rel}","templated":true}]}}