{"id":2256,"date":"2016-10-14T16:25:22","date_gmt":"2016-10-14T13:25:22","guid":{"rendered":"http:\/\/www.erplybooks.com\/?page_id=2256"},"modified":"2023-07-05T08:52:10","modified_gmt":"2023-07-05T08:52:10","slug":"mitme-osakonnaga-kliendid","status":"publish","type":"page","link":"https:\/\/www.erplybooks.com\/et\/juhendid\/mitme-osakonnaga-kliendid\/","title":{"rendered":"Mitme osakonnaga kliendid ERPLY Books\u2019is"},"content":{"rendered":"<h1>Mitme osakonnaga kliendid<\/h1>\n<table style=\"width: 1161px;\">\n<tbody>\n<tr style=\"height: 121px;\">\n<td style=\"width: 618.890625px; height: 121px;\">&nbsp;<\/p>\n<p><span style=\"font-weight: 400;\">Juhul kui Sinu ettev\u00f5ttel on mitme osakonnaga kliendid, siis k\u00e4esolevas juhendis selgitame, kuidas ERPLY Books\u2019i peamisi funktsioone kasutada. <\/span><\/p>\n<p><span style=\"font-weight: 400;\">Lihtsaim v\u00f5imalus on teha igale osakonnale oma kliendi kaart. <\/span><span style=\"font-weight: 400;\">ERPLY Books eeldab, et panete k\u00f5igile samadele ettev\u00f5tetele \u00fchesuguse registrikoodi &#8211; selle alusel suudab ERPLY Books neid erinevates kohtades koondina n\u00e4idata.<\/span><\/p>\n<p>&nbsp;<\/td>\n<td style=\"width: 526.125px; height: 121px;\"><img loading=\"lazy\" decoding=\"async\" class=\"aligncenter wp-image-18614\" src=\"https:\/\/www.erplybooks.com\/wp-content\/uploads\/2020\/10\/osakonnad.png\" alt=\"Mitme osakonnaga kliendid\" width=\"418\" height=\"293\" \/><\/td>\n<\/tr>\n<\/tbody>\n<\/table>\n<p>&nbsp;<\/p>\n<h3 style=\"text-align: justify;\">Arvete ja laekumiste\/maksmiste otsing<\/h3>\n<p style=\"text-align: justify;\"><span style=\"font-weight: 400;\">Arvete ja raha liikumise moodulites saab otsida tehinguid nime osa j\u00e4rgi. N\u00e4iteks kui Sul on Selverid klientideks, siis v\u00f5ib panna lihtsalt kliendi lahtrisse &#8220;Selver&#8221;. Seej\u00e4rel v\u00f5ib programm pakkuda mingit esimest valikut &#8211; kustuta see \u00e4ra ja vajuta hiirega mujale &#8211; siis ERPLY Books j\u00e4tab vaid &#8220;Selver&#8221; sinna k\u00fclge. Seej\u00e4rel otsingut sooritades annab k\u00f5ik kliendid, kelle nime sees on &#8220;Selver.&#8221;<\/span><\/p>\n<p>&nbsp;<\/p>\n<h3 style=\"text-align: justify;\">Kliendi\/hankija raport<\/h3>\n<p style=\"text-align: justify;\"><span style=\"font-weight: 400;\">Kliendi ja hankija raportis saab otsida kliente nime osa j\u00e4rgi &#8211; seal kliendi valik \u00fcksiku kliendi suhtes puudubki. Lisaks on seal olemas &#8220;grupeeri registrikoodi alusel.&#8221; Seda valides n\u00e4itab ta kliendi\/hankija v\u00f5lga kokku &#8211; nii saab ka saldoteatise\/maksemeenutuse saata k\u00f5ikide osakondade kohta korraga.<\/span><\/p>\n<p>&nbsp;<\/p>\n<h3 style=\"text-align: justify;\">Pangaimport<\/h3>\n<p style=\"text-align: justify;\"><span style=\"font-weight: 400;\">Pangaimport lingib arveid ka registrikoodi alusel &#8211; seega kui pangav\u00e4ljav\u00f5ttes (mis Eestis \u00fcldjuhul on ilusti olemas) on olemas registrikood, siis k\u00e4ib arvetega \u00fchendamine sama automaatselt kui nime j\u00e4rgi otsides.<\/span><\/p>\n<p>&nbsp;<\/p>\n<h3 style=\"text-align: justify;\">1000 EUR aruanne<\/h3>\n<p style=\"text-align: justify;\"><span style=\"font-weight: 400;\">Aruandesse grupeeritakse automaatselt \u00fche registrikoodiga ettev\u00f5tted \u00fchte kontakti. Seega, kui registrikoodid on m\u00e4\u00e4ratud, siis 1000 EUR aruanne genereeritakse automaatselt korrektselt.<\/span><\/p>\n","protected":false},"excerpt":{"rendered":"<p>Mitme osakonnaga kliendid &nbsp; Juhul kui Sinu ettev\u00f5ttel on mitme osakonnaga kliendid, siis k\u00e4esolevas juhendis selgitame, kuidas ERPLY Books\u2019i peamisi funktsioone kasutada. Lihtsaim v\u00f5imalus on teha igale osakonnale oma kliendi kaart. ERPLY Books eeldab, et panete k\u00f5igile samadele ettev\u00f5tetele \u00fchesuguse registrikoodi &#8211; selle alusel suudab ERPLY Books neid erinevates kohtades koondina n\u00e4idata. &nbsp; &nbsp; Arvete [&hellip;]<\/p>\n","protected":false},"author":1,"featured_media":0,"parent":3312,"menu_order":38,"comment_status":"closed","ping_status":"closed","template":"","meta":{"_et_pb_use_builder":"","_et_pb_old_content":"","_et_gb_content_width":"","footnotes":""},"categories":[452],"tags":[802,801],"class_list":["post-2256","page","type-page","status-publish","hentry","category-muuk","tag-klient","tag-osakonnad"],"_links":{"self":[{"href":"https:\/\/www.erplybooks.com\/et\/wp-json\/wp\/v2\/pages\/2256","targetHints":{"allow":["GET"]}}],"collection":[{"href":"https:\/\/www.erplybooks.com\/et\/wp-json\/wp\/v2\/pages"}],"about":[{"href":"https:\/\/www.erplybooks.com\/et\/wp-json\/wp\/v2\/types\/page"}],"author":[{"embeddable":true,"href":"https:\/\/www.erplybooks.com\/et\/wp-json\/wp\/v2\/users\/1"}],"replies":[{"embeddable":true,"href":"https:\/\/www.erplybooks.com\/et\/wp-json\/wp\/v2\/comments?post=2256"}],"version-history":[{"count":0,"href":"https:\/\/www.erplybooks.com\/et\/wp-json\/wp\/v2\/pages\/2256\/revisions"}],"up":[{"embeddable":true,"href":"https:\/\/www.erplybooks.com\/et\/wp-json\/wp\/v2\/pages\/3312"}],"wp:attachment":[{"href":"https:\/\/www.erplybooks.com\/et\/wp-json\/wp\/v2\/media?parent=2256"}],"wp:term":[{"taxonomy":"category","embeddable":true,"href":"https:\/\/www.erplybooks.com\/et\/wp-json\/wp\/v2\/categories?post=2256"},{"taxonomy":"post_tag","embeddable":true,"href":"https:\/\/www.erplybooks.com\/et\/wp-json\/wp\/v2\/tags?post=2256"}],"curies":[{"name":"wp","href":"https:\/\/api.w.org\/{rel}","templated":true}]}}