{"id":2253,"date":"2016-10-14T16:21:48","date_gmt":"2016-10-14T13:21:48","guid":{"rendered":"http:\/\/www.erplybooks.com\/?page_id=2253"},"modified":"2026-03-25T14:49:32","modified_gmt":"2026-03-25T14:49:32","slug":"faktooring","status":"publish","type":"page","link":"https:\/\/www.erplybooks.com\/et\/juhendid\/faktooring\/","title":{"rendered":"Faktooring"},"content":{"rendered":"<h1>Faktooring<\/h1>\n<p>&nbsp;<\/p>\n<p style=\"text-align: justify;\"><span style=\"font-weight: 400;\">Faktooring ja selle kasutamisest ERPLY Books&#8217;is annab \u00fclevaate allolev juhend. Toetame faktooringut Nordeas, Danskes ja Swedbankis.\u00a0<\/span><\/p>\n<p>&nbsp;<\/p>\n<h2 style=\"text-align: justify;\">Faktooringulahendus<\/h2>\n<p>&nbsp;<\/p>\n<p style=\"text-align: justify;\"><span style=\"font-weight: 400;\">Faktooringulahendus sisaldab endas j\u00e4rgmisi vajadusi: <\/span><\/p>\n<ul style=\"text-align: justify;\">\n<li style=\"font-weight: 400;\"><span style=\"font-weight: 400;\">Klientide haldamine, kellega faktooritakse<\/span><\/li>\n<li style=\"font-weight: 400;\"><span style=\"font-weight: 400;\">Arvete valimine, mida soovid faktoorida<\/span><\/li>\n<li style=\"font-weight: 400;\"><span style=\"font-weight: 400;\">Faktooritud arvete tasumine p\u00f5hiosas<\/span><\/li>\n<li style=\"font-weight: 400;\"><span style=\"font-weight: 400;\">Faktooritud arvete j\u00e4\u00e4gi tasumine<\/span><\/li>\n<li style=\"font-weight: 400;\"><span style=\"font-weight: 400;\">Faktooringukonto haldamine<\/span><\/li>\n<\/ul>\n<p>&nbsp;<\/p>\n<h2 style=\"text-align: justify;\">Faktooringukonto<\/h2>\n<p>&nbsp;<\/p>\n<p style=\"text-align: justify;\"><span style=\"font-weight: 400;\">K\u00f5ikide faktooringutehingute jaoks on m\u00f5istlik kasutada eraldi faktooringukontot. Selle konto valid siis kui m\u00e4rgid arveid tasutuks kui ka siis kui see summa panka laekub. Sellisel juhul selle v\u00e4\u00e4rtus kasvab (ehk Sul on n\u00f5ue panga vastu) kui arveid makstuks m\u00e4rgid ning v\u00e4heneb kui pank raha \u00fcle kannab.<\/span><\/p>\n<p>Uue faktooringukonto saad lisada kui avad pealehel <strong>RMP -&gt; Kontoplaan.\u00a0<\/strong>Uue konto lisamiseks vajuta all paremas nurgas sinist <strong>+<\/strong> m\u00e4rki.<\/p>\n<p>&nbsp;<\/p>\n<h2 style=\"text-align: justify;\">Milliseid kliente faktooritakse?<\/h2>\n<p>&nbsp;<\/p>\n<p style=\"text-align: justify;\"><span style=\"font-weight: 400;\">Kui oled ka <a href=\"http:\/\/ee.erply.com\">ERPLY Kassa ja Ladu<\/a> klient ning olete valinud s\u00e4tetest, et kasutate faktooringut, siis s\u00fcnkroniseerime automaatselt ka ERPLY Books\u2019i vastavad kliendid. Selle jaoks tuleb panna ERPLY seadete alla tingimus <strong>ATTRIBUTE_PAYS_VIA_FACTORING<\/strong>. <\/span><\/p>\n<p style=\"text-align: justify;\"><span style=\"font-weight: 400;\">Kui soovid neid tingimusi muuta, siis saad neid teha ka otse ERPLY Books&#8217;is. Selle jaoks otsi pealehelt \u201ckliendi atribuudid\u201d. Sinna saad lisada\/kustutada soovitud kliendid. Tingimus faktooringu kasutamiseks on <strong>ATTRIBUTE_PAYS_VIA_FACTORING<\/strong>. <\/span><\/p>\n<p style=\"text-align: justify;\"><span style=\"font-weight: 400;\">Kui oled ka ERPLY Kassa ja Ladu kasutaja ning oled valinud s\u00e4ttetest, et kasutad faktooringut, siis s\u00fcnkroniseerime automaatselt ka ERPLY Books\u2019i vastavad kliendid. <\/span><\/p>\n<p>&nbsp;<\/p>\n<h2 style=\"text-align: justify;\">Faktooringu protsess<\/h2>\n<p>&nbsp;<\/p>\n<p><span style=\"font-weight: 400;\">Arvete faktoorimiseks on kaks v\u00f5imalust:\u00a0<\/span><\/p>\n<ol>\n<li><span style=\"font-weight: 400;\"> Mine <\/span><b>\u201cM\u00fc\u00fck\u201d -&gt; \u201cLaekumata arved\u201d<\/b><span style=\"font-weight: 400;\"> ning seal vali arved, mida saad faktoorida. Antud aruanne sisaldab k\u00f5iki laekumata arveid &#8211; s\u00f5ltumata sellest, kas klienti faktooritakse v\u00f5i mitte.<\/span><\/li>\n<\/ol>\n<ul>\n<li>Tee linnuke arvetele, mida soovid faktoorida<\/li>\n<li>Vali all paremal nurgast<strong> &#8221;Veel -&gt; Faktooring&#8221;<\/strong><\/li>\n<\/ul>\n<p>&nbsp;<\/p>\n<p><img loading=\"lazy\" decoding=\"async\" class=\"alignnone wp-image-29057 size-full\" src=\"https:\/\/www.erplybooks.com\/wp-content\/uploads\/2022\/10\/Screenshot-2022-10-28-at-13.05.52.png\" alt=\"\" width=\"1916\" height=\"831\" srcset=\"https:\/\/www.erplybooks.com\/wp-content\/uploads\/2022\/10\/Screenshot-2022-10-28-at-13.05.52.png 1916w, https:\/\/www.erplybooks.com\/wp-content\/uploads\/2022\/10\/Screenshot-2022-10-28-at-13.05.52-1280x555.png 1280w, https:\/\/www.erplybooks.com\/wp-content\/uploads\/2022\/10\/Screenshot-2022-10-28-at-13.05.52-980x425.png 980w, https:\/\/www.erplybooks.com\/wp-content\/uploads\/2022\/10\/Screenshot-2022-10-28-at-13.05.52-480x208.png 480w\" sizes=\"auto, (min-width: 0px) and (max-width: 480px) 480px, (min-width: 481px) and (max-width: 980px) 980px, (min-width: 981px) and (max-width: 1280px) 1280px, (min-width: 1281px) 1916px, 100vw\" \/><\/p>\n<p>&nbsp;<\/p>\n<ol start=\"2\">\n<li><span style=\"font-weight: 400;\"> Selleks, et n\u00e4ha ainult nende klientide arveid, keda faktooritakse (ja \u00fcksnes neid arveid, mida pole veel faktooringusse saadetud), tuleb minna pealehele ja seal vajutada <\/span><b>\u201cFaktooring\u201d<\/b><span style=\"font-weight: 400;\">. Selle nupu saab lisada ERPLY Booksi klienditugi. Vastav p\u00e4ring tuleb esitada support@erplybooks.com.<\/span><\/li>\n<\/ol>\n<p><span style=\"font-weight: 400;\">Liikudes sinna, avanevad k\u00f5ik v\u00f5imalikud faktooritavad arved. Toimi j\u00e4rgnevalt:<\/span><\/p>\n<ol>\n<li style=\"font-weight: 400;\" aria-level=\"2\"><span style=\"font-weight: 400;\">Vali arved, mida soovid faktoorida;<\/span><\/li>\n<li style=\"font-weight: 400;\" aria-level=\"2\"><span style=\"font-weight: 400;\">Seej\u00e4rel vajuta<\/span><b> \u201cVeel\u201d -&gt; \u201cFaktooring\u201d<\/b><span style=\"font-weight: 400;\">;<\/span><\/li>\n<li style=\"font-weight: 400;\" aria-level=\"2\"><span style=\"font-weight: 400;\">ERPLY Books laeb alla faili, mille saad \u00fcles laadida oma panka;<\/span><\/li>\n<li style=\"font-weight: 400;\" aria-level=\"2\"><span style=\"font-weight: 400;\">Esmalt mine panka ja laadi fail sinna &#8211; alles siis oleme kindlad, et v\u00f5ime Booksis \u00f6elda, et arved on faktooringusse saadetud;<\/span><\/li>\n<li style=\"font-weight: 400;\" aria-level=\"2\"><span style=\"font-weight: 400;\">ERPLY Booksis avanes faili laadimise peale aken, kus saad kinnitada faktooringu vajalikus ulatuses;<\/span>\n<ol>\n<li style=\"font-weight: 400;\" aria-level=\"3\"><span style=\"font-weight: 400;\">Esmalt kinnita &#8211; see kinnitab arved ning neid enam ei n\u00e4idata faktooringus (et v\u00e4listada topelt panka saatmist);<\/span><\/li>\n<li style=\"font-weight: 400;\" aria-level=\"3\"><span style=\"font-weight: 400;\">Seej\u00e4rel v\u00f5id arved makstuks m\u00e4rkida, selle jaoks saad ka makstuks m\u00e4rkimise protsendi valida. Makstuks m\u00e4rkimise soovi peale valmistab ERPLY Books valitud protsendi ulatuses maksed ette ning saad need seej\u00e4rel kinnitada ning salvestada. NB: eelnevalt veenduge, et maksekontoks valisite pangaimpordis faktooringukonto!<\/span><\/li>\n<\/ol>\n<\/li>\n<\/ol>\n<p>&nbsp;<\/p>\n<h2 style=\"text-align: justify;\">Kuidas lisada maksmisi k\u00e4sitsi?<\/h2>\n<p>&nbsp;<\/p>\n<p><span style=\"font-weight: 400;\">Selle jaoks tuleb minna <\/span><b>\u201cM\u00fc\u00fck -&gt; M\u00fc\u00fcgiarved -&gt; Laekumata arved\u201d. <\/b><span style=\"font-weight: 400;\">J\u00e4rgmiseks tuleb m\u00e4rkida arve ette linnuke, mida soovid tasuda ning all paremalt valida<\/span><b> \u201cLisa makse\u201d<\/b><span style=\"font-weight: 400;\">, <\/span><\/p>\n<p>&nbsp;<\/p>\n<p><img loading=\"lazy\" decoding=\"async\" class=\"alignnone wp-image-29069 size-full\" src=\"https:\/\/www.erplybooks.com\/wp-content\/uploads\/2022\/10\/Screenshot-2022-10-28-at-13.18.24.png\" alt=\"\" width=\"1906\" height=\"601\" srcset=\"https:\/\/www.erplybooks.com\/wp-content\/uploads\/2022\/10\/Screenshot-2022-10-28-at-13.18.24.png 1906w, https:\/\/www.erplybooks.com\/wp-content\/uploads\/2022\/10\/Screenshot-2022-10-28-at-13.18.24-1280x404.png 1280w, https:\/\/www.erplybooks.com\/wp-content\/uploads\/2022\/10\/Screenshot-2022-10-28-at-13.18.24-980x309.png 980w, https:\/\/www.erplybooks.com\/wp-content\/uploads\/2022\/10\/Screenshot-2022-10-28-at-13.18.24-480x151.png 480w\" sizes=\"auto, (min-width: 0px) and (max-width: 480px) 480px, (min-width: 481px) and (max-width: 980px) 980px, (min-width: 981px) and (max-width: 1280px) 1280px, (min-width: 1281px) 1906px, 100vw\" \/><\/p>\n<p>&nbsp;<\/p>\n<p><span style=\"font-weight: 400;\">Seej\u00e4rel t\u00e4itke vastavalt lahtrid. Kontoks tuleb valida faktooringukogumiskonto:<\/span><\/p>\n<p>&nbsp;<\/p>\n<p><img loading=\"lazy\" decoding=\"async\" class=\"alignnone wp-image-29063 \" src=\"https:\/\/www.erplybooks.com\/wp-content\/uploads\/2022\/10\/Screenshot-2022-10-28-at-13.19.08.png\" alt=\"\" width=\"435\" height=\"264\" \/><\/p>\n<p>&nbsp;<\/p>\n<h3 style=\"text-align: justify;\">Mida teha kui minu panga faktooringulahendust ei toetata?<\/h3>\n<p>&nbsp;<\/p>\n<p><span style=\"font-weight: 400;\">Kui Sinu panga faktooringulahendust ei toetata, siis saad siiski seda ERPLY\u2019s kasutada, kuid pead k\u00e4sitsi panka saatma arved, mida on vaja faktoorida.<\/span><\/p>\n<p><span style=\"font-weight: 400;\">Samas soovitame k\u00fcsida hinnapakkumine Sinu panga juurutamiseks. P\u00e4ringu palume saata emailile info@erplybooks.com.<\/span><\/p>\n<p>&nbsp;<\/p>\n<h3 style=\"text-align: justify;\">Kas faktooringukontol peab olema saldo?<\/h3>\n<p>&nbsp;<\/p>\n<p style=\"text-align: justify;\"><span style=\"font-weight: 400;\">Faktooringukontol on saldo parajasti, kui pank pole veel oma kohustusi t\u00e4itnud Sinu ees. K\u00fcll aga kui n\u00f5uet pole ja on nullist erinev saldo kogumiskontol, siis v\u00f5ib viga otsida pearaamatust. Loogika j\u00e4rgi selles vahemikus, kus saldo oli nullis ja kust saldo enam nulli ei jookse, peab olema viga. <\/span><\/p>\n","protected":false},"excerpt":{"rendered":"<p>Faktooring &nbsp; Faktooring ja selle kasutamisest ERPLY Books&#8217;is annab \u00fclevaate allolev juhend. Toetame faktooringut Nordeas, Danskes ja Swedbankis.\u00a0 &nbsp; Faktooringulahendus &nbsp; Faktooringulahendus sisaldab endas j\u00e4rgmisi vajadusi: Klientide haldamine, kellega faktooritakse Arvete valimine, mida soovid faktoorida Faktooritud arvete tasumine p\u00f5hiosas Faktooritud arvete j\u00e4\u00e4gi tasumine Faktooringukonto haldamine &nbsp; Faktooringukonto &nbsp; K\u00f5ikide faktooringutehingute jaoks on m\u00f5istlik kasutada eraldi [&hellip;]<\/p>\n","protected":false},"author":1,"featured_media":0,"parent":3312,"menu_order":31,"comment_status":"closed","ping_status":"closed","template":"","meta":{"_et_pb_use_builder":"","_et_pb_old_content":"","_et_gb_content_width":"","footnotes":""},"categories":[452],"tags":[800],"class_list":["post-2253","page","type-page","status-publish","hentry","category-muuk","tag-faktooring"],"_links":{"self":[{"href":"https:\/\/www.erplybooks.com\/et\/wp-json\/wp\/v2\/pages\/2253","targetHints":{"allow":["GET"]}}],"collection":[{"href":"https:\/\/www.erplybooks.com\/et\/wp-json\/wp\/v2\/pages"}],"about":[{"href":"https:\/\/www.erplybooks.com\/et\/wp-json\/wp\/v2\/types\/page"}],"author":[{"embeddable":true,"href":"https:\/\/www.erplybooks.com\/et\/wp-json\/wp\/v2\/users\/1"}],"replies":[{"embeddable":true,"href":"https:\/\/www.erplybooks.com\/et\/wp-json\/wp\/v2\/comments?post=2253"}],"version-history":[{"count":0,"href":"https:\/\/www.erplybooks.com\/et\/wp-json\/wp\/v2\/pages\/2253\/revisions"}],"up":[{"embeddable":true,"href":"https:\/\/www.erplybooks.com\/et\/wp-json\/wp\/v2\/pages\/3312"}],"wp:attachment":[{"href":"https:\/\/www.erplybooks.com\/et\/wp-json\/wp\/v2\/media?parent=2253"}],"wp:term":[{"taxonomy":"category","embeddable":true,"href":"https:\/\/www.erplybooks.com\/et\/wp-json\/wp\/v2\/categories?post=2253"},{"taxonomy":"post_tag","embeddable":true,"href":"https:\/\/www.erplybooks.com\/et\/wp-json\/wp\/v2\/tags?post=2253"}],"curies":[{"name":"wp","href":"https:\/\/api.w.org\/{rel}","templated":true}]}}