{"id":2209,"date":"2016-10-14T15:27:14","date_gmt":"2016-10-14T15:27:14","guid":{"rendered":"http:\/\/www.erplybooks.com\/?page_id=2209"},"modified":"2023-07-06T06:57:09","modified_gmt":"2023-07-06T06:57:09","slug":"arve-saatmine-e-mailiga","status":"publish","type":"page","link":"https:\/\/www.erplybooks.com\/et\/juhendid\/arve-saatmine-e-mailiga\/","title":{"rendered":"Arve saatmine e-mailiga ERPLY Books\u2019ist"},"content":{"rendered":"<h1>Arve saatmine e-mailiga<\/h1>\n<p>&nbsp;<\/p>\n<p style=\"text-align: justify;\">K\u00e4esolev juhend selgitab, kuidas toimib arve saatmine e-mailiga ERPLY Books&#8217;is ja kuidas muuta saadetava e-maili sisu. Arve saatmiseks v\u00f5ib kasutada ka muid teenuseid, mis pakuvad e-maili saatmise v\u00f5imalust (n\u00e4iteks \u00a0Gmail), kui laadida arve ERPLY Books\u2019ist endale arvutisse ja lisada see manusena saadetavale kirjale juurde.<\/p>\n<p>&nbsp;<\/p>\n<h2 style=\"text-align: justify;\">Kus asub arve saatmise v\u00f5imalus ERPLY Books\u2019is?<\/h2>\n<p style=\"text-align: justify;\">Arveid saab e-mailiga saata mitmest kohast.<\/p>\n<ol style=\"text-align: justify;\">\n<li><strong>Variant<\/strong><\/li>\n<\/ol>\n<p>Ava soovitud arve ning vajuta alamen\u00fc\u00fcs \u00fcmbriku nupule. Seej\u00e4rel avaneb uus aken, kus saab m\u00e4\u00e4rata saadetava arve e-maili sisu ning s\u00fcsteem teavitab Sind (paremale alla nurka ilmub pisike kast), kui arve on juba kliendile e-mailiga saadetud.<br \/>\n<img loading=\"lazy\" decoding=\"async\" class=\"alignnone wp-image-24202 size-full\" src=\"https:\/\/www.erplybooks.com\/wp-content\/uploads\/2021\/09\/Screenshot-2021-09-23-at-15.57.37.png\" alt=\"\" width=\"2830\" height=\"1552\" srcset=\"https:\/\/www.erplybooks.com\/wp-content\/uploads\/2021\/09\/Screenshot-2021-09-23-at-15.57.37.png 2830w, https:\/\/www.erplybooks.com\/wp-content\/uploads\/2021\/09\/Screenshot-2021-09-23-at-15.57.37-1280x702.png 1280w, https:\/\/www.erplybooks.com\/wp-content\/uploads\/2021\/09\/Screenshot-2021-09-23-at-15.57.37-980x537.png 980w, https:\/\/www.erplybooks.com\/wp-content\/uploads\/2021\/09\/Screenshot-2021-09-23-at-15.57.37-480x263.png 480w\" sizes=\"auto, (min-width: 0px) and (max-width: 480px) 480px, (min-width: 481px) and (max-width: 980px) 980px, (min-width: 981px) and (max-width: 1280px) 1280px, (min-width: 1281px) 2830px, 100vw\" \/><\/p>\n<p><strong>2. Variant<\/strong><\/p>\n<p>Ava <strong>&#8220;M\u00fc\u00fck&#8221;<\/strong> <strong>&gt; &#8220;M\u00fc\u00fcgiarved&#8221; &gt; &#8220;Laekumata arved&#8221;<\/strong>. M\u00e4rgista linnukesega soovitud arved ja vajuta alamen\u00fc\u00fcst nupule <strong>&#8220;Veel&#8221; &gt; &#8220;Saada e-mail&#8221;<\/strong>. Sellisel juhul saadetakse arve otse kliendi e-mailile.<br \/>\n<img loading=\"lazy\" decoding=\"async\" class=\"alignnone size-full wp-image-2211\" src=\"https:\/\/www.erplybooks.com\/wp-content\/uploads\/2016\/10\/laekumata-arved2.jpg\" alt=\"laekumata-arved2\" width=\"1288\" height=\"590\" \/><\/p>\n<p>&nbsp;<\/p>\n<p style=\"text-align: justify;\">Kui ilmub veateade, mis kirjeldab, et kliendile pole m\u00e4\u00e4ratud e-maili aadressi, siis tuleb esmalt minna lehele <strong>&#8220;M\u00fc\u00fck&#8221; \/ &#8220;Ost&#8221;<\/strong> <strong>&gt; &#8220;Kontaktid&#8221;<\/strong> ja lisada soovitud kliendile \u00f5ige e-maili aadress (kliendi nime ees asuvast nupust <strong>\u2018i\u2019<\/strong> p\u00e4\u00e4seb kliendi kaardile. Peale muudatuste tegemist tuleb salvestada).<\/p>\n<p style=\"text-align: justify;\"><img loading=\"lazy\" decoding=\"async\" class=\"alignnone size-full wp-image-2212\" src=\"https:\/\/www.erplybooks.com\/wp-content\/uploads\/2016\/10\/kontaktid.jpg\" alt=\"kontaktid\" width=\"705\" height=\"245\" \/><\/p>\n<p style=\"text-align: justify;\"><strong>3. Variant<\/strong><\/p>\n<p style=\"text-align: justify;\"><strong>&#8220;M\u00fc\u00fck&#8221; &gt; &#8220;M\u00fc\u00fcgiarved&#8221; &gt; &#8220;M\u00fc\u00fcgiarved&#8221;<\/strong> (k\u00f5ik on sama, mis eelmise n\u00e4ite puhul).<\/p>\n<p>&nbsp;<\/p>\n<h2 style=\"text-align: justify;\">Kus saab muuta e-maili sisu?<\/h2>\n<p style=\"text-align: justify;\">Arve saatmisel kuvatava e-maili sisu saab muuta lehel <strong>&#8220;S\u00e4tted&#8221; &gt; &#8220;\u00dcldised s\u00e4tted&#8221;<\/strong> asuvas kastis <strong>&#8220;Arve e-maili tekst&#8221;.<\/strong> Vaikimisi kuvatakse arve e-maili tekstina: M\u00fc\u00fcgiarve, PDF: (koos lingiga arve PDF versioonile) ja Link: (arve HTML lingiga). Arve e-maili tekst v\u00f5ib olla Sinu poolt lisatud tekst v\u00f5i HTML koodina sisestatud kindlad parameetrid, mida s\u00fcsteem peab kirja sisusse tagastama.<\/p>\n<p style=\"text-align: justify;\"><img loading=\"lazy\" decoding=\"async\" class=\"alignnone wp-image-24196 size-full\" src=\"https:\/\/www.erplybooks.com\/wp-content\/uploads\/2021\/09\/Screenshot-2021-09-23-at-16.09.53.png\" alt=\"\" width=\"2466\" height=\"1054\" srcset=\"https:\/\/www.erplybooks.com\/wp-content\/uploads\/2021\/09\/Screenshot-2021-09-23-at-16.09.53.png 2466w, https:\/\/www.erplybooks.com\/wp-content\/uploads\/2021\/09\/Screenshot-2021-09-23-at-16.09.53-1280x547.png 1280w, https:\/\/www.erplybooks.com\/wp-content\/uploads\/2021\/09\/Screenshot-2021-09-23-at-16.09.53-980x419.png 980w, https:\/\/www.erplybooks.com\/wp-content\/uploads\/2021\/09\/Screenshot-2021-09-23-at-16.09.53-480x205.png 480w\" sizes=\"auto, (min-width: 0px) and (max-width: 480px) 480px, (min-width: 481px) and (max-width: 980px) 980px, (min-width: 981px) and (max-width: 1280px) 1280px, (min-width: 1281px) 2466px, 100vw\" \/><\/p>\n<p>&nbsp;<\/p>\n<h2 style=\"text-align: justify;\">Mida saab lisada arve e-maili teksti juurde?<\/h2>\n<p style=\"text-align: justify;\">Kui Sa ei soovi vaikimisi kuvatavat tekstisisu kasutada, siis v\u00f5id lisada enda poolt soovitud teksti (milleks v\u00f5ib olla nt. signatuur) v\u00f5i kindlad parameetrid, mille alusel s\u00fcsteem tagastab tekstile juurde kindlad v\u00e4\u00e4rtused. Parameetrid, mida saab kasutada on:<\/p>\n<ol style=\"text-align: justify;\">\n<li>|USER| &#8211; tagastab kirja saatja nime<\/li>\n<li>|NUMBER| &#8211; tagastab arve numbri<\/li>\n<li>|CUSTOMER| &#8211; tagastab kliendi nime<\/li>\n<li>|HTML_LINK| &#8211; tagastab arve HTML lingi<\/li>\n<li>|PDF_LINK| &#8211; tagastab arve PDF lingi<\/li>\n<li>|EINVOICE_LINK| &#8211; tagastab e-arve lingi<\/li>\n<li>|USERNAME| &#8211; tagastab kasutaja e-mailiaadressi<\/li>\n<\/ol>\n<p style=\"text-align: justify;\">Lisaks, kuna arve emaili tekst on HTML kood, siis saab kasutada ka k\u00f5iki HTML v\u00f5imalusi:<\/p>\n<ol style=\"text-align: justify;\">\n<li>&lt;br&gt;&lt;br&gt; &#8211; j\u00e4tab e-mailis kahe parameetri\/s\u00f5na vahele t\u00fchja rea<\/li>\n<li>&lt;br&gt; &#8211; jagab e-mailis kaks v\u00e4\u00e4rtust eri ridadele (ei j\u00e4ta t\u00fchja rida vahele)<\/li>\n<li>&#8230;<\/li>\n<\/ol>\n<p style=\"text-align: justify;\">Nt. soovid lisaks vaikimisi kuvatavale teksti sisule lisada juurde oma meiliaadress (reavahega). See tuleb sellisel juhul kirjutada kasti j\u00e4rgnevalt:<br \/>\n<img loading=\"lazy\" decoding=\"async\" class=\"alignnone size-full wp-image-2214\" src=\"https:\/\/www.erplybooks.com\/wp-content\/uploads\/2016\/10\/arve-tekst.jpg\" alt=\"arve-tekst\" width=\"426\" height=\"216\" \/><\/p>\n<p style=\"text-align: right;\"><em>Uuendatud 23.09.2021<\/em><\/p>\n","protected":false},"excerpt":{"rendered":"<p>Arve saatmine e-mailiga &nbsp; K\u00e4esolev juhend selgitab, kuidas toimib arve saatmine e-mailiga ERPLY Books&#8217;is ja kuidas muuta saadetava e-maili sisu. Arve saatmiseks v\u00f5ib kasutada ka muid teenuseid, mis pakuvad e-maili saatmise v\u00f5imalust (n\u00e4iteks \u00a0Gmail), kui laadida arve ERPLY Books\u2019ist endale arvutisse ja lisada see manusena saadetavale kirjale juurde. &nbsp; Kus asub arve saatmise v\u00f5imalus ERPLY [&hellip;]<\/p>\n","protected":false},"author":1,"featured_media":0,"parent":3312,"menu_order":16,"comment_status":"closed","ping_status":"closed","template":"","meta":{"_et_pb_use_builder":"","_et_pb_old_content":"","_et_gb_content_width":"","footnotes":""},"categories":[452],"tags":[589,593,943],"class_list":["post-2209","page","type-page","status-publish","hentry","category-muuk","tag-arve","tag-e-mail-2","tag-saatmine"],"_links":{"self":[{"href":"https:\/\/www.erplybooks.com\/et\/wp-json\/wp\/v2\/pages\/2209","targetHints":{"allow":["GET"]}}],"collection":[{"href":"https:\/\/www.erplybooks.com\/et\/wp-json\/wp\/v2\/pages"}],"about":[{"href":"https:\/\/www.erplybooks.com\/et\/wp-json\/wp\/v2\/types\/page"}],"author":[{"embeddable":true,"href":"https:\/\/www.erplybooks.com\/et\/wp-json\/wp\/v2\/users\/1"}],"replies":[{"embeddable":true,"href":"https:\/\/www.erplybooks.com\/et\/wp-json\/wp\/v2\/comments?post=2209"}],"version-history":[{"count":0,"href":"https:\/\/www.erplybooks.com\/et\/wp-json\/wp\/v2\/pages\/2209\/revisions"}],"up":[{"embeddable":true,"href":"https:\/\/www.erplybooks.com\/et\/wp-json\/wp\/v2\/pages\/3312"}],"wp:attachment":[{"href":"https:\/\/www.erplybooks.com\/et\/wp-json\/wp\/v2\/media?parent=2209"}],"wp:term":[{"taxonomy":"category","embeddable":true,"href":"https:\/\/www.erplybooks.com\/et\/wp-json\/wp\/v2\/categories?post=2209"},{"taxonomy":"post_tag","embeddable":true,"href":"https:\/\/www.erplybooks.com\/et\/wp-json\/wp\/v2\/tags?post=2209"}],"curies":[{"name":"wp","href":"https:\/\/api.w.org\/{rel}","templated":true}]}}