{"id":2193,"date":"2016-10-14T15:02:34","date_gmt":"2016-10-14T12:02:34","guid":{"rendered":"http:\/\/www.erplybooks.com\/?page_id=2193"},"modified":"2023-07-05T06:53:12","modified_gmt":"2023-07-05T06:53:12","slug":"maksefaili-koostamise-eriparad","status":"publish","type":"page","link":"https:\/\/www.erplybooks.com\/et\/juhendid\/maksefaili-koostamise-eriparad\/","title":{"rendered":"Maksefaili koostamise erip\u00e4rad"},"content":{"rendered":"<h1>Maksefaili koostamise erip\u00e4rad<\/h1>\n<p>&nbsp;<\/p>\n<p style=\"text-align: justify;\">K\u00e4esolevas juhendis on tutvustamisel maksefaili koostamise erip\u00e4rad. ERPLY Books v\u00f5imaldab koostada maksefaili hankija arvete (ka palkade, ettemaksude jms) tasumiseks. Vaata t\u00e4psemalt j\u00e4rgnevast videost:<\/p>\n<p>&nbsp;<\/p>\n<p>Videot vaadates v\u00f5ib s\u00f5ltuvalt ettev\u00f5ttest j\u00e4\u00e4da vastuseta veel kaks vajalikku k\u00fcsimust:<\/p>\n<ol style=\"text-align: justify;\">\n<li>Millised arved ma olen juba panka saatnud?<\/li>\n<li>Kas on v\u00f5imalik koostada maksefaili vastavalt arve t\u00e4htajale mitte t\u00e4nase kuup\u00e4eva j\u00e4rgi?<\/li>\n<\/ol>\n<p>&nbsp;<\/p>\n<p style=\"text-align: justify;\">Kuna tegu on ettev\u00f5ttep\u00f5histe seadistustega, tuleb nende kohta reeglid lisada. Seda saab teha globaalse atribuudiga. Pane programm ajutiselt inglise keele peale ning otsi pealehelt <strong>\u201cglobal attributes\u201d<\/strong>.<\/p>\n<p style=\"text-align: justify;\">Seej\u00e4rel:<\/p>\n<ol style=\"text-align: justify;\">\n<li><strong>Millised arved olen panka saatnud?<\/strong><\/li>\n<\/ol>\n<p style=\"text-align: justify;\">Panka saatmise tingimust j\u00e4lgitakse parajasti siis kui on olemas atribuut nimega <strong>ATTRIBUTE_GLOBAL_AUTOMATIC_CONFIRM_PAID<\/strong>.<\/p>\n<p>&nbsp;<\/p>\n<p style=\"text-align: justify;\">Tulemus peaks olema j\u00e4rgnev:<\/p>\n<p style=\"text-align: justify;\"><img loading=\"lazy\" decoding=\"async\" class=\"alignnone wp-image-2194 size-full\" src=\"https:\/\/www.erplybooks.com\/wp-content\/uploads\/2016\/10\/global-parameteres.png\" alt=\"maksefaili koostamise erip\u00e4rad\" width=\"934\" height=\"206\" \/><\/p>\n<p style=\"text-align: justify;\">Seej\u00e4rel on m\u00f5istlik peale panna kinnitamise funktsionaalsus. <strong>&#8220;S\u00e4tted&#8221;<\/strong> -&gt; firma andmed ja linnukene <strong>\u201ckasuta dokumentide kinnitamist&#8221;.<\/strong><\/p>\n<p style=\"text-align: justify;\">Protsess:<\/p>\n<ul style=\"text-align: justify;\">\n<li>Kui koostad ostuarve, siis see on vaikimisi kinnitamata staatusega.<\/li>\n<li>Staatust saad muuta otse ostuarve peal (pannes staatuse lahtrisse \u201ckinnitatud\u201d).<\/li>\n<li>Staatuse massmuutmine on v\u00f5imalik aruanded -&gt; ostuarved, kus saab valida soovitud ostuarved ja vajutada <strong>\u201cMuu\u201d -&gt; \u201cKinnita\u201d<\/strong>.<\/li>\n<li>Maksmata ostuarvete all n\u00e4itab ainult kinnitatud arveid.<\/li>\n<li>Kui lisad mingi ostuarve maksefaili, siis p\u00e4rast faili koostamist muudab programm automaatselt dokumendi staatust: <strong>\u201cKinnitatud ja maksefail koostatud\u201d<\/strong><\/li>\n<li>Kuna maksmata ostuarved n\u00e4itavad ainult kinnitatud dokumente, siis neid sinna enam ei kuvata.<\/li>\n<li>Kui on soov mingit arvet ikkagi uuesti tasuda, midagi juhtus maksefailiga vms, siis saab arve avada ja sinna k\u00e4sitsi uus staatus lisada.<\/li>\n<\/ul>\n<p>&nbsp;<\/p>\n<ol style=\"text-align: justify;\" start=\"2\">\n<li><strong>Arve t\u00e4htaja j\u00e4rgi maksefaili koostamine<\/strong><\/li>\n<\/ol>\n<p style=\"text-align: justify;\">Selle jaoks lisa j\u00e4rgmine tingimus:<\/p>\n<p style=\"text-align: justify;\"><strong>ATTRIBUTE_GLOBAL_DEADLINE_PAYMENT_EXPORT<\/strong><\/p>\n<p style=\"text-align: justify;\">Tulemus peaks olema j\u00e4rgnev:<\/p>\n<p style=\"text-align: justify;\"><img loading=\"lazy\" decoding=\"async\" class=\"alignnone size-full wp-image-2195\" src=\"https:\/\/www.erplybooks.com\/wp-content\/uploads\/2016\/10\/global-parameteres-2.png\" alt=\"global-parameteres-2\" width=\"897\" height=\"197\" \/><\/p>\n<p style=\"text-align: justify;\">Seej\u00e4rel valides maksmata ostuarvete alt arved, lisab ERPLY Books neile maksekuup\u00e4evaks kas arve makset\u00e4htaja v\u00f5i t\u00e4nase kuup\u00e4eva (kui makset\u00e4htaeg on minevikus).<\/p>\n<p style=\"text-align: justify;\">NB: Kui \u00fchele hankijale minevad maksed l\u00e4hevad eri kuup\u00e4evadega, siis tehakse ka mitu makset hankijale mitte ei koondata neid kokku.<\/p>\n","protected":false},"excerpt":{"rendered":"<p>Maksefaili koostamise erip\u00e4rad &nbsp; K\u00e4esolevas juhendis on tutvustamisel maksefaili koostamise erip\u00e4rad. ERPLY Books v\u00f5imaldab koostada maksefaili hankija arvete (ka palkade, ettemaksude jms) tasumiseks. Vaata t\u00e4psemalt j\u00e4rgnevast videost: &nbsp; Videot vaadates v\u00f5ib s\u00f5ltuvalt ettev\u00f5ttest j\u00e4\u00e4da vastuseta veel kaks vajalikku k\u00fcsimust: Millised arved ma olen juba panka saatnud? Kas on v\u00f5imalik koostada maksefaili vastavalt arve t\u00e4htajale mitte [&hellip;]<\/p>\n","protected":false},"author":1,"featured_media":0,"parent":3312,"menu_order":37,"comment_status":"closed","ping_status":"closed","template":"","meta":{"_et_pb_use_builder":"","_et_pb_old_content":"","_et_gb_content_width":"","footnotes":""},"categories":[456],"tags":[716,715],"class_list":["post-2193","page","type-page","status-publish","hentry","category-pank","tag-koostamine","tag-maksefail"],"_links":{"self":[{"href":"https:\/\/www.erplybooks.com\/et\/wp-json\/wp\/v2\/pages\/2193","targetHints":{"allow":["GET"]}}],"collection":[{"href":"https:\/\/www.erplybooks.com\/et\/wp-json\/wp\/v2\/pages"}],"about":[{"href":"https:\/\/www.erplybooks.com\/et\/wp-json\/wp\/v2\/types\/page"}],"author":[{"embeddable":true,"href":"https:\/\/www.erplybooks.com\/et\/wp-json\/wp\/v2\/users\/1"}],"replies":[{"embeddable":true,"href":"https:\/\/www.erplybooks.com\/et\/wp-json\/wp\/v2\/comments?post=2193"}],"version-history":[{"count":0,"href":"https:\/\/www.erplybooks.com\/et\/wp-json\/wp\/v2\/pages\/2193\/revisions"}],"up":[{"embeddable":true,"href":"https:\/\/www.erplybooks.com\/et\/wp-json\/wp\/v2\/pages\/3312"}],"wp:attachment":[{"href":"https:\/\/www.erplybooks.com\/et\/wp-json\/wp\/v2\/media?parent=2193"}],"wp:term":[{"taxonomy":"category","embeddable":true,"href":"https:\/\/www.erplybooks.com\/et\/wp-json\/wp\/v2\/categories?post=2193"},{"taxonomy":"post_tag","embeddable":true,"href":"https:\/\/www.erplybooks.com\/et\/wp-json\/wp\/v2\/tags?post=2193"}],"curies":[{"name":"wp","href":"https:\/\/api.w.org\/{rel}","templated":true}]}}