{"id":21896,"date":"2021-06-28T08:05:21","date_gmt":"2021-06-28T08:05:21","guid":{"rendered":"https:\/\/www.erplybooks.com\/?page_id=21896"},"modified":"2023-07-07T06:56:02","modified_gmt":"2023-07-07T06:56:02","slug":"aruandlus-vana","status":"publish","type":"page","link":"https:\/\/www.erplybooks.com\/et\/aruandlus-vana\/","title":{"rendered":"Aruandlus"},"content":{"rendered":"<h2><span style=\"color: #00ccff;\"><strong>Aruandlus<\/strong><\/span><\/h2>\n<p>&nbsp;<\/p>\n<p>ERPLY Books\u2019i <strong>aruandlus<\/strong> teeb korrektsete aruannete esitamise imelihtsaks ja sobib k\u00f5igile osapooltele:<\/p>\n<ul>\n<li><strong>raamatupidajale <\/strong>raamatupidamisaruanded &#8211; pearaamat, bilanss, k\u00e4ibeandmik jne;<\/li>\n<li><strong>riigile <\/strong>maksuaruanded &#8211; k\u00e4ibedeklaratsioon, VD aruanne, TSD jne;<\/li>\n<li><strong>juhile<\/strong> juhtimisaruanded &#8211; personaliseeritud aruanded, tulemuslikkuse suhtarvude graafikud jne.<\/li>\n<\/ul>\n<p>ERPLY Books&#8217;is on v\u00f5imalik koostada raamatupidamise aastaaruandeks vajalikke p\u00f5hiaruandeid &#8211; kasumiaruanne, rahavoogude aruanne, omakapitali muutuste aruanne, bilanss. Samuti on ERPLY Books\u2019i aruannete valikus erinevad raamatupidamisaruanded &#8211; kannete register, p\u00e4evaraamat, pearaamat, k\u00e4ibeandmik.<\/p>\n<p>ERPLY Books katab ka k\u00f5ik vajalikud maksuaruanded. Intrastat aruanded, INF 3, k\u00e4ibedeklaratsioon, TSD, VD aruanne ja palju muud &#8211; k\u00f5ik aruanded koostab raamatupidamistarkvara maksuametile loetaval kujul.<\/p>\n<p>Lisaks olemasolevatele p\u00f5hjadele on v\u00f5imalik imelihtsalt ka <strong>ise aruanne genereerida<\/strong>. Aruandegeneraator kujundab olemasolevate andmete ja valitud v\u00e4ljundite p\u00f5hjal ise aruande. T\u00e4nu sellele on aruandegeneraatori funktsioonid suurep\u00e4raseks lahenduseks <strong>ettev\u00f5tte juhtidele<\/strong>. Lisaks saab koostada graafikuid, mille alusel on v\u00f5imalik ettev\u00f5tte tulemuslikkust hinnata. Selleks on vaja tarkvarale lihtsalt k\u00e4sk anda. Nii on n\u00e4iteks v\u00f5imalik kuvada osakondade kulud p\u00e4evade l\u00f5ikes v\u00f5i ROE, ROA, ROR suhtarvud.<\/p>\n<p>Aruandegeneraatoris on olemas ka <strong>kontrollj\u00e4lg<\/strong>, mis v\u00f5imaldab vaadata andmete t\u00f6\u00f6tlusk\u00e4iku. ERPLY Books\u2019i salvestub kogu infovoog, mis muudab selle v\u00f5imalikuks. Nii saab igal ajal vaadata muudetud ja kustutatud andmeid. Lisaks on tarkvaras <strong>drill-down funktsioon<\/strong>, mis v\u00f5imaldab otse aruande kaudu liikuda p\u00f5hjalikuma informatsioonini &#8211; n\u00e4iteks kontonumbrite ja arvete juurde.<\/p>\n<p>ERPLY Books\u2019i paindlik aruandlus sobib nii v\u00e4ikesele kui suurele ettev\u00f5ttele. Tutvu ERPLY Books\u2019i aruandegeneraatoriga t\u00e4psemalt <span style=\"color: #00ccff;\">siin<\/span>!<\/p>\n","protected":false},"excerpt":{"rendered":"<p>Aruandlus &nbsp; ERPLY Books\u2019i aruandlus teeb korrektsete aruannete esitamise imelihtsaks ja sobib k\u00f5igile osapooltele: raamatupidajale raamatupidamisaruanded &#8211; pearaamat, bilanss, k\u00e4ibeandmik jne; riigile maksuaruanded &#8211; k\u00e4ibedeklaratsioon, VD aruanne, TSD jne; juhile juhtimisaruanded &#8211; personaliseeritud aruanded, tulemuslikkuse suhtarvude graafikud jne. ERPLY Books&#8217;is on v\u00f5imalik koostada raamatupidamise aastaaruandeks vajalikke p\u00f5hiaruandeid &#8211; kasumiaruanne, rahavoogude aruanne, omakapitali muutuste aruanne, bilanss. [&hellip;]<\/p>\n","protected":false},"author":19,"featured_media":0,"parent":0,"menu_order":11,"comment_status":"closed","ping_status":"closed","template":"","meta":{"_et_pb_use_builder":"","_et_pb_old_content":"","_et_gb_content_width":"","footnotes":""},"categories":[451],"tags":[815],"class_list":["post-21896","page","type-page","status-publish","hentry","category-aruandlus","tag-aruandlus"],"_links":{"self":[{"href":"https:\/\/www.erplybooks.com\/et\/wp-json\/wp\/v2\/pages\/21896","targetHints":{"allow":["GET"]}}],"collection":[{"href":"https:\/\/www.erplybooks.com\/et\/wp-json\/wp\/v2\/pages"}],"about":[{"href":"https:\/\/www.erplybooks.com\/et\/wp-json\/wp\/v2\/types\/page"}],"author":[{"embeddable":true,"href":"https:\/\/www.erplybooks.com\/et\/wp-json\/wp\/v2\/users\/19"}],"replies":[{"embeddable":true,"href":"https:\/\/www.erplybooks.com\/et\/wp-json\/wp\/v2\/comments?post=21896"}],"version-history":[{"count":0,"href":"https:\/\/www.erplybooks.com\/et\/wp-json\/wp\/v2\/pages\/21896\/revisions"}],"wp:attachment":[{"href":"https:\/\/www.erplybooks.com\/et\/wp-json\/wp\/v2\/media?parent=21896"}],"wp:term":[{"taxonomy":"category","embeddable":true,"href":"https:\/\/www.erplybooks.com\/et\/wp-json\/wp\/v2\/categories?post=21896"},{"taxonomy":"post_tag","embeddable":true,"href":"https:\/\/www.erplybooks.com\/et\/wp-json\/wp\/v2\/tags?post=21896"}],"curies":[{"name":"wp","href":"https:\/\/api.w.org\/{rel}","templated":true}]}}