{"id":21825,"date":"2021-06-27T14:07:10","date_gmt":"2021-06-27T14:07:10","guid":{"rendered":"https:\/\/www.erplybooks.com\/?page_id=21825"},"modified":"2023-07-11T09:00:17","modified_gmt":"2023-07-11T09:00:17","slug":"andmeladu","status":"publish","type":"page","link":"https:\/\/www.erplybooks.com\/et\/andmeladu\/","title":{"rendered":"Andmeladu"},"content":{"rendered":"<h1><span style=\"font-weight: 400;\">Andmeladu<\/span><\/h1>\n<p>&nbsp;<\/p>\n<p><span style=\"font-weight: 400;\">ERPLY Books andmeladu saab kasutada API kadu. See v\u00f5imaldab s\u00fcnkroniseerida\u00a0<\/span><span style=\"font-weight: 400;\">andmed oma andmelattu kahel erineval viisil:\u00a0<\/span><\/p>\n<ol>\n<li style=\"font-weight: 400;\" aria-level=\"1\"><span style=\"font-weight: 400;\">Aruandegeneraator<\/span><\/li>\n<li style=\"font-weight: 400;\" aria-level=\"1\"><span style=\"font-weight: 400;\">K\u00fcsida pearaamatu API kaudu<\/span><\/li>\n<\/ol>\n<p><span style=\"font-weight: 400;\">Antud juhendis kirjeldame, kuidas andmeladu pearaamatu API-ga kasutada. Aruandegeneraatori API-st ligip\u00e4\u00e4semiseks vaata juhendit <a href=\"https:\/\/www.erplybooks.com\/et\/report-generator-api-documentation\/\">siit<\/a>.\u00a0<\/span><\/p>\n<p>&nbsp;<\/p>\n<h3><span style=\"font-weight: 400;\">Pearaamatu API \u00fcldinfo<\/span><\/h3>\n<p><b>Andmelao p\u00e4ring on j\u00e4rgmine:<\/b><\/p>\n<p><span style=\"font-weight: 400;\">N\u00e4idis URL:<\/span><span style=\"font-weight: 400;\"> https:\/\/api.erplybooks.com\/api\/account_entries\/v2<\/span><\/p>\n<p><span style=\"font-weight: 400;\">Request Method:<\/span><span style=\"font-weight: 400;\"> GET<\/span><\/p>\n<p>&nbsp;<\/p>\n<p><strong>Parameetrid:<\/strong><\/p>\n<table style=\"width: 826px;\">\n<tbody>\n<tr>\n<td style=\"width: 155.931px;\"><span style=\"font-weight: 400;\">accountId<\/span><\/td>\n<td style=\"width: 167.347px;\"><span style=\"font-weight: 400;\">String<\/span><\/td>\n<td style=\"width: 481.611px;\"><span style=\"font-weight: 400;\">Konto id-d. Mitme lisamiseks eralda id-d vertikaalse kriipsuga |<\/span><\/td>\n<\/tr>\n<tr>\n<td style=\"width: 155.931px;\"><span style=\"font-weight: 400;\">customerId<\/span><\/td>\n<td style=\"width: 167.347px;\"><span style=\"font-weight: 400;\">String<\/span><\/td>\n<td style=\"width: 481.611px;\"><span style=\"font-weight: 400;\">Kliendi\/Hankija id-d. Mitme lisamiseks eralda id-d vertikaalse kriipsuga |<\/span><\/td>\n<\/tr>\n<tr>\n<td style=\"width: 155.931px;\"><span style=\"font-weight: 400;\">dateFrom<\/span><\/td>\n<td style=\"width: 167.347px;\"><span style=\"font-weight: 400;\">String<\/span><\/td>\n<td style=\"width: 481.611px;\"><span style=\"font-weight: 400;\">yyyy-MM-dd<\/span><\/td>\n<\/tr>\n<tr>\n<td style=\"width: 155.931px;\"><span style=\"font-weight: 400;\">dateTo<\/span><\/td>\n<td style=\"width: 167.347px;\"><span style=\"font-weight: 400;\">String<\/span><\/td>\n<td style=\"width: 481.611px;\"><span style=\"font-weight: 400;\">yyyy-MM-dd<\/span><\/td>\n<\/tr>\n<tr>\n<td style=\"width: 155.931px;\"><span style=\"font-weight: 400;\">projectId<\/span><\/td>\n<td style=\"width: 167.347px;\"><span style=\"font-weight: 400;\">String<\/span><\/td>\n<td style=\"width: 481.611px;\"><span style=\"font-weight: 400;\">Dimensiooni id-d. Mitme lisamiseks eralda id-d vertikaalse kriipsuga |<\/span><\/td>\n<\/tr>\n<tr>\n<td style=\"width: 155.931px;\"><span style=\"font-weight: 400;\">taxRateId<\/span><\/td>\n<td style=\"width: 167.347px;\"><span style=\"font-weight: 400;\">long<\/span><\/td>\n<td style=\"width: 481.611px;\"><span style=\"font-weight: 400;\">K\u00e4ibemaksu id<\/span><\/td>\n<\/tr>\n<tr>\n<td style=\"width: 155.931px;\"><span style=\"font-weight: 400;\">typeCode<\/span><\/td>\n<td style=\"width: 167.347px;\"><span style=\"font-weight: 400;\">String<\/span><\/td>\n<td style=\"width: 481.611px;\"><span style=\"font-weight: 400;\">Kande t\u00fc\u00fcp<\/span><\/td>\n<\/tr>\n<tr>\n<td style=\"width: 155.931px;\"><span style=\"font-weight: 400;\">idMoreThan<\/span><\/td>\n<td style=\"width: 167.347px;\"><span style=\"font-weight: 400;\">long<\/span><\/td>\n<td style=\"width: 481.611px;\"><span style=\"font-weight: 400;\">Anna k\u00f5ik uued kanded alates sellest v\u00e4\u00e4rtusest<\/span><\/td>\n<\/tr>\n<tr>\n<td style=\"width: 155.931px;\"><span style=\"font-weight: 400;\">deletedIdMoreThan<\/span><\/td>\n<td style=\"width: 167.347px;\"><span style=\"font-weight: 400;\">long<\/span><\/td>\n<td style=\"width: 481.611px;\"><span style=\"font-weight: 400;\">Anna k\u00f5ik kustutatud kanded alates sellest v\u00e4\u00e4rtusest<\/span><\/td>\n<\/tr>\n<tr>\n<td style=\"width: 155.931px;\"><span style=\"font-weight: 400;\">changedSince<\/span><\/td>\n<td style=\"width: 167.347px;\"><span style=\"font-weight: 400;\">long<\/span><\/td>\n<td style=\"width: 481.611px;\"><span style=\"font-weight: 400;\">Millisekundid alates millest n\u00e4ita muudatusi<\/span><\/td>\n<\/tr>\n<tr>\n<td style=\"width: 155.931px;\"><span style=\"font-weight: 400;\">getProjectGroupMap<\/span><\/td>\n<td style=\"width: 167.347px;\"><span style=\"font-weight: 400;\">boolean<\/span><\/td>\n<td style=\"width: 481.611px;\"><span style=\"font-weight: 400;\">Kui see on true, siis n\u00e4itab projektigruppe eraldi key-value paaridena<\/span><\/td>\n<\/tr>\n<\/tbody>\n<\/table>\n<p>&nbsp;<\/p>\n<p><strong>Struktuur:\u00a0<\/strong><\/p>\n<table>\n<tbody>\n<tr>\n<td style=\"width: 178px;\"><span style=\"font-weight: 400;\">long<\/span><\/td>\n<td style=\"width: 155px;\"><span style=\"font-weight: 400;\">id<\/span><\/td>\n<td style=\"width: 161px;\"><span style=\"font-weight: 400;\">kanderea id<\/span><\/td>\n<td style=\"width: 601px;\"><\/td>\n<\/tr>\n<tr>\n<td style=\"width: 178px;\"><span style=\"font-weight: 400;\">long<\/span><\/td>\n<td style=\"width: 155px;\"><span style=\"font-weight: 400;\">accountId<\/span><\/td>\n<td style=\"width: 161px;\"><span style=\"font-weight: 400;\">kanderea konto id<\/span><\/td>\n<td style=\"width: 601px;\"><\/td>\n<\/tr>\n<tr>\n<td style=\"width: 178px;\"><span style=\"font-weight: 400;\">long<\/span><\/td>\n<td style=\"width: 155px;\"><span style=\"font-weight: 400;\">transactionEntryId<\/span><\/td>\n<td style=\"width: 161px;\"><span style=\"font-weight: 400;\">n\u00e4itab millises kandes see kande rida on<\/span><\/td>\n<td style=\"width: 601px;\"><\/td>\n<\/tr>\n<tr>\n<td style=\"width: 178px;\"><span style=\"font-weight: 400;\">String<\/span><\/td>\n<td style=\"width: 155px;\"><span style=\"font-weight: 400;\">accountNumber<\/span><\/td>\n<td style=\"width: 161px;\"><span style=\"font-weight: 400;\">konto number<\/span><\/td>\n<td style=\"width: 601px;\"><\/td>\n<\/tr>\n<tr>\n<td style=\"width: 178px;\"><span style=\"font-weight: 400;\">String<\/span><\/td>\n<td style=\"width: 155px;\"><span style=\"font-weight: 400;\">description<\/span><\/td>\n<td style=\"width: 161px;\"><span style=\"font-weight: 400;\">kanderea kirjeldus<\/span><\/td>\n<td style=\"width: 601px;\"><\/td>\n<\/tr>\n<tr>\n<td style=\"width: 178px;\"><span style=\"font-weight: 400;\">Date<\/span><\/td>\n<td style=\"width: 155px;\"><span style=\"font-weight: 400;\">opDate<\/span><\/td>\n<td style=\"width: 161px;\"><span style=\"font-weight: 400;\">kanderea kuup\u00e4ev<\/span><\/td>\n<td style=\"width: 601px;\"><span style=\"font-weight: 400;\">yyyy-MM-dd<\/span><\/td>\n<\/tr>\n<tr>\n<td style=\"width: 178px;\"><span style=\"font-weight: 400;\">Decimal<\/span><\/td>\n<td style=\"width: 155px;\"><span style=\"font-weight: 400;\">initialBalance<\/span><\/td>\n<td style=\"width: 161px;\"><span style=\"font-weight: 400;\">algsaldo<\/span><\/td>\n<td style=\"width: 601px;\"><\/td>\n<\/tr>\n<tr>\n<td style=\"width: 178px;\"><span style=\"font-weight: 400;\">Decimal<\/span><\/td>\n<td style=\"width: 155px;\"><span style=\"font-weight: 400;\">debitSum<\/span><\/td>\n<td style=\"width: 161px;\"><span style=\"font-weight: 400;\">deebit summa<\/span><\/td>\n<td style=\"width: 601px;\"><\/td>\n<\/tr>\n<tr>\n<td style=\"width: 178px;\"><span style=\"font-weight: 400;\">Decimal<\/span><\/td>\n<td style=\"width: 155px;\"><span style=\"font-weight: 400;\">creditSum<\/span><\/td>\n<td style=\"width: 161px;\"><span style=\"font-weight: 400;\">kreedit summa<\/span><\/td>\n<td style=\"width: 601px;\"><\/td>\n<\/tr>\n<tr>\n<td style=\"width: 178px;\"><span style=\"font-weight: 400;\">Decimal<\/span><\/td>\n<td style=\"width: 155px;\"><span style=\"font-weight: 400;\">closingBalance<\/span><\/td>\n<td style=\"width: 161px;\"><span style=\"font-weight: 400;\">l\u00f5ppsaldo<\/span><\/td>\n<td style=\"width: 601px;\"><\/td>\n<\/tr>\n<tr>\n<td style=\"width: 178px;\"><span style=\"font-weight: 400;\">String<\/span><\/td>\n<td style=\"width: 155px;\"><span style=\"font-weight: 400;\">typeCode<\/span><\/td>\n<td style=\"width: 161px;\"><span style=\"font-weight: 400;\">kande t\u00fc\u00fcp<\/span><\/td>\n<td style=\"width: 601px;\"><span style=\"font-weight: 400;\">Kui tahad t\u00e4psemalt n\u00e4ha, kus nad on defineeritud, siis saab seda eraldi vaadata API dictionary all <a href=\"https:\/\/www.erplybooks.com\/et\/api-dictionary\/\">siin<\/a>\u00a0<\/span><\/td>\n<\/tr>\n<tr>\n<td style=\"width: 178px;\"><span style=\"font-weight: 400;\">String<\/span><\/td>\n<td style=\"width: 155px;\"><span style=\"font-weight: 400;\">code<\/span><\/td>\n<td style=\"width: 161px;\"><span style=\"font-weight: 400;\">kande kood<\/span><\/td>\n<td style=\"width: 601px;\"><\/td>\n<\/tr>\n<tr>\n<td style=\"width: 178px;\"><span style=\"font-weight: 400;\">List &lt;Long&gt;<\/span><\/td>\n<td style=\"width: 155px;\"><span style=\"font-weight: 400;\">projects<\/span><\/td>\n<td style=\"width: 161px;\"><span style=\"font-weight: 400;\">projekt<\/span><\/td>\n<td style=\"width: 601px;\"><span style=\"font-weight: 400;\">Kuvab k\u00f5ikide dimensioonide id-sid. Vaata projects p\u00e4ringut, kui soovid leida vasted: https:\/\/api.erplybooks.com\/api\/projects<\/span><\/td>\n<\/tr>\n<tr>\n<td style=\"width: 178px;\"><span style=\"font-weight: 400;\">long<\/span><\/td>\n<td style=\"width: 155px;\"><span style=\"font-weight: 400;\">projectId<\/span><\/td>\n<td style=\"width: 161px;\"><span style=\"font-weight: 400;\">projekti id<\/span><\/td>\n<td style=\"width: 601px;\"><span style=\"font-weight: 400;\">Esimene dimensioon. Kui on mitu, siis seda v\u00e4lja tuleks eirata<\/span><\/td>\n<\/tr>\n<tr>\n<td style=\"width: 178px;\"><span style=\"font-weight: 400;\">String<\/span><\/td>\n<td style=\"width: 155px;\"><span style=\"font-weight: 400;\">transactionDescription<\/span><\/td>\n<td style=\"width: 161px;\"><span style=\"font-weight: 400;\">kande kirjeldus<\/span><\/td>\n<td style=\"width: 601px;\"><\/td>\n<\/tr>\n<tr>\n<td style=\"width: 178px;\"><span style=\"font-weight: 400;\">String<\/span><\/td>\n<td style=\"width: 155px;\"><span style=\"font-weight: 400;\">projectName<\/span><\/td>\n<td style=\"width: 161px;\"><span style=\"font-weight: 400;\">projekti nimi<\/span><\/td>\n<td style=\"width: 601px;\"><\/td>\n<\/tr>\n<tr>\n<td style=\"width: 178px;\"><span style=\"font-weight: 400;\">String<\/span><\/td>\n<td style=\"width: 155px;\"><span style=\"font-weight: 400;\">contactName<\/span><\/td>\n<td style=\"width: 161px;\"><span style=\"font-weight: 400;\">kontakti nimi<\/span><\/td>\n<td style=\"width: 601px;\"><\/td>\n<\/tr>\n<tr>\n<td style=\"width: 178px;\"><span style=\"font-weight: 400;\">String<\/span><\/td>\n<td style=\"width: 155px;\"><span style=\"font-weight: 400;\">documentNumber<\/span><\/td>\n<td style=\"width: 161px;\"><span style=\"font-weight: 400;\">dokumendi number<\/span><\/td>\n<td style=\"width: 601px;\"><\/td>\n<\/tr>\n<tr>\n<td style=\"width: 178px;\"><span style=\"font-weight: 400;\">long<\/span><\/td>\n<td style=\"width: 155px;\"><span style=\"font-weight: 400;\">documentId<\/span><\/td>\n<td style=\"width: 161px;\"><span style=\"font-weight: 400;\">dokumendi id<\/span><\/td>\n<td style=\"width: 601px;\"><\/td>\n<\/tr>\n<tr>\n<td style=\"width: 178px;\"><span style=\"font-weight: 400;\">long<\/span><\/td>\n<td style=\"width: 155px;\"><span style=\"font-weight: 400;\">contactId<\/span><\/td>\n<td style=\"width: 161px;\"><span style=\"font-weight: 400;\">kontakti id<\/span><\/td>\n<td style=\"width: 601px;\"><\/td>\n<\/tr>\n<tr>\n<td style=\"width: 178px;\"><span style=\"font-weight: 400;\">long<\/span><\/td>\n<td style=\"width: 155px;\"><span style=\"font-weight: 400;\">paymentId<\/span><\/td>\n<td style=\"width: 161px;\"><span style=\"font-weight: 400;\">maksmise id<\/span><\/td>\n<td style=\"width: 601px;\"><\/td>\n<\/tr>\n<tr>\n<td style=\"width: 178px;\"><span style=\"font-weight: 400;\">long<\/span><\/td>\n<td style=\"width: 155px;\"><span style=\"font-weight: 400;\">taxRateId<\/span><\/td>\n<td style=\"width: 161px;\"><span style=\"font-weight: 400;\">km liigi id<\/span><\/td>\n<td style=\"width: 601px;\"><\/td>\n<\/tr>\n<tr>\n<td style=\"width: 178px;\"><span style=\"font-weight: 400;\">List&lt;Key-Value&gt;<\/span><\/td>\n<td style=\"width: 155px;\"><span style=\"font-weight: 400;\">projectGroups<\/span><\/td>\n<td style=\"width: 161px;\"><span style=\"font-weight: 400;\">projektigrupp<\/span><\/td>\n<td style=\"width: 601px;\"><span style=\"font-weight: 400;\">List&lt;Map.Entry&lt;String, String&gt;&gt; &#8211; key-value paarid projektigruppidest, kus key=projektigrupp ja value=projekti nimi<\/span><\/p>\n<p><span style=\"font-weight: 400;\"><strong>NB!<\/strong> Seda n\u00e4idatakse ainult siis, kui on kaasas p\u00e4ringu parameeter: <\/span><b>getProjectGroupMap=true<\/b><\/td>\n<\/tr>\n<tr>\n<td style=\"width: 178px;\"><span style=\"font-weight: 400;\">long<\/span><\/td>\n<td style=\"width: 155px;\"><span style=\"font-weight: 400;\">deletedAccountEntryId<\/span><\/td>\n<td style=\"width: 161px;\"><span style=\"font-weight: 400;\">kustutatud kande id<\/span><\/td>\n<td style=\"width: 601px;\"><span style=\"font-weight: 400;\">Kustutatud pearaamatu kandeid saab k\u00e4tte, kui teha eraldi p\u00e4ring eraldi andmebaasi<\/span><\/td>\n<\/tr>\n<\/tbody>\n<\/table>\n<p>&nbsp;<\/p>\n<p><span style=\"font-weight: 400;\">Pearaamatu API-t saab kasutada kolme erinevat moodi:\u00a0<\/span><\/p>\n<ul>\n<li style=\"font-weight: 400;\" aria-level=\"1\"><span style=\"font-weight: 400;\">dateFrom-dateTo: K\u00fcsi andmed kuup\u00e4evavahemikuga (k\u00f5ige v\u00e4hem soovitavam, sest sisaldab juba korra saadetud andmeid)<\/span><\/li>\n<li style=\"font-weight: 400;\" aria-level=\"1\"><span style=\"font-weight: 400;\">changedSince: K\u00fcsi andmeid alates viimasest muutmise hetkest (ei sobi \u00fclisuurtele andmemassidele andmebaasi optimeerimise m\u00f5ttes)<\/span><\/li>\n<li style=\"font-weight: 400;\" aria-level=\"1\"><span style=\"font-weight: 400;\">idMoreThan: K\u00fcsi lisatud ja kustutatud andmed alates viimati s\u00fcnkroniseeritud vahemikust<\/span><\/li>\n<\/ul>\n<p><span style=\"font-weight: 400;\"><strong>NB!<\/strong> Andmete s\u00fcnkroonis hoidmisel tuleb arvestada, et Books&#8217;is on v\u00f5imalik andmeid kustutada, kui see spetsiaalselt kasutajap\u00f5hiselt \u00e4ra ei keelata. Lisaks kande muutmine koos optimeerimispluginatega t\u00f6\u00f6tab selliselt, et kande rea muutmisel kustutatakse vana kanne ja lisatakse uus.\u00a0<\/span><\/p>\n<p>&nbsp;<\/p>\n<h3><span style=\"font-weight: 400;\">idMoreThan ehk anna k\u00f5ik konkreetsed muudatused<\/span><\/h3>\n<p><span style=\"font-weight: 400;\">Kuna andmete s\u00fcnkroonis hoidmiseks on vaja s\u00fcnkroniseerida uued ja kustutatud, siis tuleb teha kaks p\u00e4ringut:\u00a0<\/span><\/p>\n<ol>\n<li style=\"font-weight: 400;\" aria-level=\"1\"><span style=\"font-weight: 400;\">Lisa parameeter idMoreThan ja v\u00e4\u00e4rtuseks maksimaalne kande id, mis siiani andmelattu s\u00fcnkroniseeritud ja s\u00fcsteem tagastab k\u00f5ik uued tehingud, mis on tehtud peale toda tehingut. Vt struktuurist id<\/span><\/li>\n<li style=\"font-weight: 400;\" aria-level=\"1\"><span style=\"font-weight: 400;\">Lisa parameeter deletedIdMoreThan ja v\u00e4\u00e4rtuseks maksimaalne kustutatud kande id, mis siiani andmelattu s\u00fcnkroniseeritud ja s\u00fcsteem tagastab k\u00f5ik uued kustutatud tehingud. Vt struktuurist deletedAccountEntryId<\/span><\/li>\n<\/ol>\n<p><span style=\"font-weight: 400;\"><strong>NB!<\/strong> T\u00f6\u00f6tab ainult koos optimeerimispluginatega.\u00a0<\/span><\/p>\n<p>&nbsp;<\/p>\n<h3><span style=\"font-weight: 400;\">dateFrom-dateTo ehk kuup\u00e4evavahemikuga p\u00e4ring<\/span><\/h3>\n<p><span style=\"font-weight: 400;\">K\u00f5ige v\u00e4hem soovitam lahendus, kus k\u00fcsitakse andmed pidevalt vahemikus X kuni t\u00e4na. \u00dcldiselt X hoitakse lukustamiskuup\u00e4evana.\u00a0<\/span><\/p>\n<p>&nbsp;<\/p>\n<h3><span style=\"font-weight: 400;\">changedSince ehk muutmishetkep\u00f5hine p\u00e4ring<\/span><\/h3>\n<p><span style=\"font-weight: 400;\">M\u00e4\u00e4ra changedSince=viimanemillisekundkuhumaanis\u00fcnkroniseeritud. S\u00fcsteem tagastab tollest hetkest toimunud muudatused. Seejuures kustutatud kanded on -1ga l\u00e4bi korrutatud.\u00a0<\/span><\/p>\n<p><span style=\"font-weight: 400;\"><strong>NB!<\/strong> T\u00f6\u00f6tab ainult koos optimeerimispluginatega ning s\u00fcsteem toimib vaid siis kui eraldi kasutajatoega see aktiveerida. Lisainfo <\/span><a href=\"mailto:support@erplybooks.com\"><span style=\"font-weight: 400;\">support@erplybooks.com<\/span><\/a><span style=\"font-weight: 400;\">.\u00a0<\/span><\/p>\n","protected":false},"excerpt":{"rendered":"<p>Andmeladu &nbsp; ERPLY Books andmeladu saab kasutada API kadu. See v\u00f5imaldab s\u00fcnkroniseerida\u00a0andmed oma andmelattu kahel erineval viisil:\u00a0 Aruandegeneraator K\u00fcsida pearaamatu API kaudu Antud juhendis kirjeldame, kuidas andmeladu pearaamatu API-ga kasutada. Aruandegeneraatori API-st ligip\u00e4\u00e4semiseks vaata juhendit siit.\u00a0 &nbsp; Pearaamatu API \u00fcldinfo Andmelao p\u00e4ring on j\u00e4rgmine: N\u00e4idis URL: https:\/\/api.erplybooks.com\/api\/account_entries\/v2 Request Method: GET &nbsp; Parameetrid: accountId String Konto [&hellip;]<\/p>\n","protected":false},"author":13,"featured_media":0,"parent":0,"menu_order":9,"comment_status":"closed","ping_status":"closed","template":"","meta":{"_et_pb_use_builder":"","_et_pb_old_content":"","_et_gb_content_width":"","footnotes":""},"categories":[459],"tags":[513,113],"class_list":["post-21825","page","type-page","status-publish","hentry","category-integratsioonid","tag-andmed","tag-ladu"],"_links":{"self":[{"href":"https:\/\/www.erplybooks.com\/et\/wp-json\/wp\/v2\/pages\/21825","targetHints":{"allow":["GET"]}}],"collection":[{"href":"https:\/\/www.erplybooks.com\/et\/wp-json\/wp\/v2\/pages"}],"about":[{"href":"https:\/\/www.erplybooks.com\/et\/wp-json\/wp\/v2\/types\/page"}],"author":[{"embeddable":true,"href":"https:\/\/www.erplybooks.com\/et\/wp-json\/wp\/v2\/users\/13"}],"replies":[{"embeddable":true,"href":"https:\/\/www.erplybooks.com\/et\/wp-json\/wp\/v2\/comments?post=21825"}],"version-history":[{"count":0,"href":"https:\/\/www.erplybooks.com\/et\/wp-json\/wp\/v2\/pages\/21825\/revisions"}],"wp:attachment":[{"href":"https:\/\/www.erplybooks.com\/et\/wp-json\/wp\/v2\/media?parent=21825"}],"wp:term":[{"taxonomy":"category","embeddable":true,"href":"https:\/\/www.erplybooks.com\/et\/wp-json\/wp\/v2\/categories?post=21825"},{"taxonomy":"post_tag","embeddable":true,"href":"https:\/\/www.erplybooks.com\/et\/wp-json\/wp\/v2\/tags?post=21825"}],"curies":[{"name":"wp","href":"https:\/\/api.w.org\/{rel}","templated":true}]}}