{"id":2167,"date":"2016-10-14T14:28:52","date_gmt":"2016-10-14T14:28:52","guid":{"rendered":"http:\/\/www.erplybooks.com\/?page_id=2167"},"modified":"2023-07-06T07:00:43","modified_gmt":"2023-07-06T07:00:43","slug":"pangareeglid","status":"publish","type":"page","link":"https:\/\/www.erplybooks.com\/et\/juhendid\/pangareeglid\/","title":{"rendered":"Pangareeglid"},"content":{"rendered":"<header class=\"entry-header\">\n<h1>Pangareeglid<\/h1>\n<p>&nbsp;<\/p>\n<p class=\"entry-title\" style=\"text-align: left;\">ERPLY Books v\u00f5imaldab pangav\u00e4ljav\u00f5tte l\u00e4bit\u00f6\u00f6tlemist automatiseerida v\u00e4ga suures mahus. Suurema osa t\u00f6\u00f6st teeb s\u00fcsteem automaatselt ise \u00e4ra, kuid osa tehinguid peab ise \u00f5igesse kohta m\u00e4\u00e4rama. Selleks on ERPLY Books&#8217;is pangareeglid.<\/p>\n<p>&nbsp;<\/p>\n<\/header>\n<div class=\"entry-content\">\n<p style=\"text-align: justify;\">Pangareeglid on m\u00f5eldud eelk\u00f5ige muude tehingute automatiseerimiseks. N\u00e4iteks saab \u00e4ra kirjeldada intressitulud, varieeruvad pangakulud, sularaha pankaviimised, palgav\u00e4ljamaksed, aruandvate isikute k\u00e4es olevad pangakaardid.<\/p>\n<p>&nbsp;<\/p>\n<p>Pangareeglite lisamiseks mine pealehele ja kirjuta otsingukasti <strong>&#8220;Pangareeglid&#8221;<\/strong>. Sealt avaneb v\u00f5imalus lisada uusi ridu ja lisada igale reale j\u00e4rgmiseid tingimusi:<\/p>\n<p><img loading=\"lazy\" decoding=\"async\" class=\"alignnone wp-image-20965 size-full\" src=\"https:\/\/www.erplybooks.com\/wp-content\/uploads\/2021\/04\/Screen-Shot-2021-04-22-at-13.56.18.png\" alt=\"pangareeglid\" width=\"1043\" height=\"489\" srcset=\"https:\/\/www.erplybooks.com\/wp-content\/uploads\/2021\/04\/Screen-Shot-2021-04-22-at-13.56.18.png 1043w, https:\/\/www.erplybooks.com\/wp-content\/uploads\/2021\/04\/Screen-Shot-2021-04-22-at-13.56.18-300x141.png 300w, https:\/\/www.erplybooks.com\/wp-content\/uploads\/2021\/04\/Screen-Shot-2021-04-22-at-13.56.18-1024x480.png 1024w, https:\/\/www.erplybooks.com\/wp-content\/uploads\/2021\/04\/Screen-Shot-2021-04-22-at-13.56.18-768x360.png 768w\" sizes=\"auto, (max-width: 1043px) 100vw, 1043px\" \/><\/p>\n<h5><strong>1. Reegli t\u00fc\u00fcp<\/strong><\/h5>\n<ul style=\"text-align: justify;\">\n<li><strong>Sisaldab<\/strong> \u2013 kirjeldus sisaldab soovitud s\u00f5nu<\/li>\n<li><strong>V\u00f5rdub<\/strong> \u2013 kirjeldus v\u00f5rdub soovitud s\u00f5naga<\/li>\n<li><strong>L\u00f5peb<\/strong> \u2013 kirjeldus l\u00f5ppeb soovitud s\u00f5naga<\/li>\n<li><strong>Algab<\/strong> \u2013 kirjeldus algab soovitud s\u00f5naga<\/li>\n<li><strong>J\u00e4rgmine &amp;\/ eelmine sisaldab<\/strong> \u2013 tehing ja sellele eelnev(ad)\/j\u00e4rgnev(ad) tehing(ud) sisaldavad soovitud s\u00f5na<\/li>\n<li><strong>Kontakt<\/strong> \u2013 kui see valida, siis pangav\u00e4ljav\u00f5tet l\u00e4bit\u00f6\u00f6tades p\u00fc\u00fcab programm siduda soovitud tehingu kontaktiga ja seej\u00e4rel kontaktiga seotud arvetega<\/li>\n<li><strong>Kontakti ettemaks<\/strong><\/li>\n<li><strong>Nimi ja kirjeldus v\u00f5rduvad<\/strong><\/li>\n<li><strong>Nimi ja kirjeldus sisaldavad<\/strong><\/li>\n<li><strong>Nimi ja kirjeldus algavad<\/strong><\/li>\n<li><strong>Nimi ja kirjeldus l\u00f5ppevad<\/strong><\/li>\n<li><strong>Nimi v\u00f5rdub<\/strong><\/li>\n<li><strong>Nimi sisaldab<\/strong><\/li>\n<li><strong>Nimi algab<\/strong><\/li>\n<li><strong>Nimi l\u00f5ppeb<\/strong><\/li>\n<li><strong>Kirjeldus algab ja l\u00f5peb (erista |-m\u00e4rgiga)<\/strong><\/li>\n<li><strong>Arve nr otsing kirjeldusest<\/strong><\/li>\n<li><strong>Arve \u00fchendamine sama kp maksega<\/strong><\/li>\n<li><strong>Nimi v\u00f5rdub kui v\u00f5tta maha sellele eelnev tekst<\/strong><\/li>\n<li><strong>Nimi v\u00f5rdub, kui eemaldada nimest see tekst<\/strong><\/li>\n<li><strong>Viitenumber v\u00f5rdub<\/strong><\/li>\n<li><strong>Viitenumber sisaldab<\/strong><\/li>\n<li><strong>Viitenumber algab<\/strong><\/li>\n<li><strong>Viitenumber l\u00f5ppeb<\/strong><\/li>\n<li><strong>Mitme konto \u00fchendamine %-ga summast<\/strong> \u2013 sisesta kirjelduse lahtrisse, mis kirjeldust peaks otsima ning kuidas see tuleks seepeale jaotada protsentuaalselt. Kui peaks otsima kirjeldust \u201ckaardimaksed\u201d, millest peaks olema -1.8% pangakulud, siis kirjelduse lahtrisse sisestada \u201ckaardimaksed|57000:-1.8\u201d, kus \u201ckaardimaksed\u201d on kirjeldus, | on eraldaja, 57000 on pangakulude konto number ja -1.8 on protsent. 57000 saab arvutatud summa ja \u00fclej\u00e4\u00e4nu pannakse kontole, mis on m\u00e4rgitud \u201ckonto&#8221; lahtrisse.<\/li>\n<li><strong>Mitme konto \u00fchendamine konkreetse summaga<\/strong> \u2013 sisesta kirjelduse lahtrisse, mis kirjeldust peaks otsima ning kuidas see seepeale jaotada. Sisestus on analoogne eelmise reaga, kuid -1.8 poleks antud juhul protsent vaid summa.<\/li>\n<li><strong>Mitme konto \u00fchendamine otsides konkreetset kirjeldust<\/strong> \u2013 makse kirjelduse all on kirjas \u00a0teine summa, mis maksega seotud on. Kirjeldusse tuleb sisestada sarnaselt eelneva kahe v\u00f5imalusega nii konto kui ka kirjeldus, mille j\u00e4rgi makse \u00e4ra tunda: \u201ckaardimaksed:|57000:-1*TT:\u201d. Antud juhul kui makse sisaldab kirjeldus \u201ckaardimaksed\u201d ja kui makse kirjelduse alt leitakse kirjeldus \u201cTT:\u201d, siis kirjeldusele \u201cTT:\u201d j\u00e4rgnev number pannakse kontole numbriga 57000.<\/li>\n<li><strong>Sisaldab (mitu vastet \u2013 eralda \u2018|\u2019-ga)<\/strong><\/li>\n<li><strong>Arve \u00fchendamine l\u00e4bi arve kirjelduse<\/strong> \u2013 sisesta kliendi nimi<\/li>\n<li><strong>Arvega \u00fchendamise eesliide<\/strong><\/li>\n<\/ul>\n<h5><strong>2. Kirjeldus<\/strong><\/h5>\n<p>Otsib vastavat teksti pangamakse kirjelduse alt<\/p>\n<h5><strong>3. Konto<\/strong><\/h5>\n<p>Saad m\u00e4\u00e4rata konto, millel makse kajastada<\/p>\n<h5><strong>4. Projekt<\/strong><\/h5>\n<p>Saad m\u00e4\u00e4rata projekti, mis lisatakse maksele<\/p>\n<h5><strong>5. KM<\/strong><\/h5>\n<p>Saad \u00fchendada kindlad tehingud koheselt k\u00e4ibemaksuga, ilma selle jaoks eraldi arvet koostamata<\/p>\n<h5><strong>6. Klient \/ Hankija <\/strong><\/h5>\n<p>Kontakt, kellega makse \u00fchendada<\/p>\n<p style=\"text-align: justify;\">Kui oled lisanud pangareeglid, siis programm ei p\u00fc\u00fca enam automaatselt \u00f5ppida eelnevatest muudest tehingutest. Ehk teisis\u00f5nu pangareeglid on k\u00f5rgema t\u00e4htsusega reeglid kui ise\u00f5ppiv algoritm (ise\u00f5ppiv algoritm ei \u00fchenda automaatselt projektidega jne).<\/p>\n<p>&nbsp;<\/p>\n<\/div>\n<h3>N\u00e4ited<\/h3>\n<p>&nbsp;<\/p>\n<div class=\"entry-content\">\n<p style=\"text-align: justify;\"><strong>N\u00e4ide 1. Pangateenustasu<\/strong><\/p>\n<p style=\"text-align: justify;\">Tehing pangav\u00e4ljav\u00f5ttel:<\/p>\n<ul>\n<li style=\"list-style-type: none;\">\n<ul>\n<li style=\"list-style-type: none;\">\n<ul>\n<li style=\"text-align: justify;\">Summa: <strong>1.2 EUR<\/strong><\/li>\n<li style=\"text-align: justify;\">Kirjeldus: <strong>Pangateenus<\/strong><\/li>\n<\/ul>\n<\/li>\n<\/ul>\n<\/li>\n<\/ul>\n<p style=\"text-align: justify;\">Tuleks teha j\u00e4rgmine pangareegel:<\/p>\n<p><img loading=\"lazy\" decoding=\"async\" class=\"alignnone size-full wp-image-24259\" src=\"https:\/\/www.erplybooks.com\/wp-content\/uploads\/2021\/10\/Screenshot-2021-10-26-at-11.39.36.png\" alt=\"\" width=\"2070\" height=\"96\" srcset=\"https:\/\/www.erplybooks.com\/wp-content\/uploads\/2021\/10\/Screenshot-2021-10-26-at-11.39.36.png 2070w, https:\/\/www.erplybooks.com\/wp-content\/uploads\/2021\/10\/Screenshot-2021-10-26-at-11.39.36-1280x59.png 1280w, https:\/\/www.erplybooks.com\/wp-content\/uploads\/2021\/10\/Screenshot-2021-10-26-at-11.39.36-980x45.png 980w, https:\/\/www.erplybooks.com\/wp-content\/uploads\/2021\/10\/Screenshot-2021-10-26-at-11.39.36-480x22.png 480w\" sizes=\"auto, (min-width: 0px) and (max-width: 480px) 480px, (min-width: 481px) and (max-width: 980px) 980px, (min-width: 981px) and (max-width: 1280px) 1280px, (min-width: 1281px) 2070px, 100vw\" \/><\/p>\n<p style=\"text-align: justify;\">T\u00fc\u00fcp = V\u00f5rdub<br \/>\nKirjeldus = Pangateenus<br \/>\nKonto = Pangakulu<br \/>\nProjekt &#8211; j\u00e4tta t\u00fchjaks<br \/>\nK\u00e4ibemaks &#8211; t\u00fchjaks j\u00e4tta<br \/>\nKlient\/Hankija &#8211; t\u00fchjaks j\u00e4tta<\/p>\n<p>&nbsp;<\/p>\n<p style=\"text-align: justify;\"><strong>N\u00e4ide 2. T\u00f6\u00f6tasu<\/strong><\/p>\n<p style=\"text-align: justify;\">Tehing pangav\u00e4ljav\u00f5ttel:<\/p>\n<ul>\n<li style=\"list-style-type: none;\">\n<ul>\n<li style=\"list-style-type: none;\">\n<ul>\n<li style=\"text-align: justify;\">Summa: <strong>872 EUR<\/strong><\/li>\n<li style=\"text-align: justify;\">Kirjeldus: <strong>2021 Jaanuari t\u00f6\u00f6tasu<\/strong><\/li>\n<li style=\"text-align: justify;\">Isik: <strong>Jaan Tamm<\/strong><\/li>\n<\/ul>\n<\/li>\n<\/ul>\n<\/li>\n<\/ul>\n<p>Tuleks teha j\u00e4rgmine pangareegel:<\/p>\n<p><img loading=\"lazy\" decoding=\"async\" class=\"alignnone size-full wp-image-24265\" src=\"https:\/\/www.erplybooks.com\/wp-content\/uploads\/2021\/10\/Screenshot-2021-10-26-at-11.52.18.png\" alt=\"\" width=\"2064\" height=\"94\" srcset=\"https:\/\/www.erplybooks.com\/wp-content\/uploads\/2021\/10\/Screenshot-2021-10-26-at-11.52.18.png 2064w, https:\/\/www.erplybooks.com\/wp-content\/uploads\/2021\/10\/Screenshot-2021-10-26-at-11.52.18-1280x58.png 1280w, https:\/\/www.erplybooks.com\/wp-content\/uploads\/2021\/10\/Screenshot-2021-10-26-at-11.52.18-980x45.png 980w, https:\/\/www.erplybooks.com\/wp-content\/uploads\/2021\/10\/Screenshot-2021-10-26-at-11.52.18-480x22.png 480w\" sizes=\"auto, (min-width: 0px) and (max-width: 480px) 480px, (min-width: 481px) and (max-width: 980px) 980px, (min-width: 981px) and (max-width: 1280px) 1280px, (min-width: 1281px) 2064px, 100vw\" \/><\/p>\n<p style=\"text-align: justify;\">T\u00fc\u00fcp = Sisaldab<br \/>\nKirjeldus = T\u00f6\u00f6tasu<br \/>\nKonto \u00a0= Palgav\u00f5lg<br \/>\nProjekt = v\u00f5ib t\u00fchjaks j\u00e4tta v\u00f5i m\u00e4\u00e4rata projekt<br \/>\nK\u00e4ibemaks &#8211; j\u00e4tta t\u00fchjaks<br \/>\nKlient\/Hankija &#8211; v\u00f5ib j\u00e4tta t\u00fchjaks<\/p>\n<p>Kui kasutad projekte ja t\u00f6\u00f6tajad on seotud erinevate projektidega, siis tuleb teha iga t\u00f6\u00f6taja jaoks eraldi rida ja m\u00e4\u00e4rata talle projekt. Kui k\u00f5ik t\u00f6\u00f6tajad on seotud \u00fche projektiga, siis v\u00f5ib klient\/hankija lahtri t\u00fchjaks j\u00e4tta ja m\u00e4\u00e4rata ainult projekt. Nii toimides saavad pangatehingute kanded (pangakonto ja palgav\u00f5la konto) juurde projekti.<\/p>\n<p>&nbsp;<\/p>\n<p style=\"text-align: justify;\"><strong>N\u00e4ide 3. Kaardimaksetehingu sidumine aruandva isikuga<\/strong><\/p>\n<p style=\"text-align: justify;\">Tehing pangav\u00e4ljav\u00f5ttel:<\/p>\n<ul>\n<li style=\"list-style-type: none;\">\n<ul>\n<li style=\"list-style-type: none;\">\n<ul>\n<li style=\"text-align: justify;\">Summa: <strong>12 EUR<\/strong><\/li>\n<li style=\"text-align: justify;\">Kirjeldus: <strong>03\/01\/2015 11:19 kaart\u2026123456 Schiphol Restaurant\/AMSTERDAM\/NLD #344355<\/strong><\/li>\n<\/ul>\n<\/li>\n<\/ul>\n<\/li>\n<\/ul>\n<p style=\"text-align: justify;\">Siin on n\u00e4ha, et Schipholi lennujaamas tehti mingi kulu. Ettev\u00f5tjana ma tean, et see on firma kaart, mis kuulub t\u00f6\u00f6tajale Jaan Tamm (kaardi tunneb \u00e4ra selle numbrite kaudu: 123456). Jaan k\u00e4is Amsterdamis ja tegi erinevaid kulusid, mis on meil juba eelnevalt m\u00e4\u00e4ratud aruandva isiku dokumendi all. Seega meil on soov \u00fchendada antud tehing aruandva isiku arvega. Seega tuleks teha j\u00e4rgmine pangareegel:<\/p>\n<p><img loading=\"lazy\" decoding=\"async\" class=\"alignnone size-full wp-image-24277\" src=\"https:\/\/www.erplybooks.com\/wp-content\/uploads\/2021\/10\/Screenshot-2021-10-26-at-12.15.58.png\" alt=\"\" width=\"2066\" height=\"92\" srcset=\"https:\/\/www.erplybooks.com\/wp-content\/uploads\/2021\/10\/Screenshot-2021-10-26-at-12.15.58.png 2066w, https:\/\/www.erplybooks.com\/wp-content\/uploads\/2021\/10\/Screenshot-2021-10-26-at-12.15.58-1280x57.png 1280w, https:\/\/www.erplybooks.com\/wp-content\/uploads\/2021\/10\/Screenshot-2021-10-26-at-12.15.58-980x44.png 980w, https:\/\/www.erplybooks.com\/wp-content\/uploads\/2021\/10\/Screenshot-2021-10-26-at-12.15.58-480x21.png 480w\" sizes=\"auto, (min-width: 0px) and (max-width: 480px) 480px, (min-width: 481px) and (max-width: 980px) 980px, (min-width: 981px) and (max-width: 1280px) 1280px, (min-width: 1281px) 2066px, 100vw\" \/><\/p>\n<p style=\"text-align: justify;\">T\u00fc\u00fcp = Kontakt<br \/>\nKirjeldus = 123456<br \/>\nKonto &#8211; j\u00e4tta t\u00fchjaks<br \/>\nProjekt &#8211; j\u00e4tta t\u00fchjaks<br \/>\nK\u00e4ibemaks &#8211; j\u00e4tta t\u00fchjaks<br \/>\nKlient \/ Hankija = Jaan Tamm<\/p>\n<p>&nbsp;<\/p>\n<p style=\"text-align: justify;\"><strong>N\u00e4ide 4. Kaardimaksetehingute \u00fclekandmine pangakontole<\/strong><\/p>\n<p style=\"text-align: justify;\">Tehing pangav\u00e4ljav\u00f5ttel:<\/p>\n<ul>\n<li style=\"list-style-type: none;\">\n<ul>\n<li style=\"list-style-type: none;\">\n<ul>\n<li style=\"text-align: justify;\">Summa: <strong>218.34 EUR<\/strong><\/li>\n<li style=\"text-align: justify;\">Kirjeldus: <strong>EL MC KK? 14.07.14? TERM:010? NR:XXXXXX? SUMMA:220.50? TT:2.16<\/strong><\/li>\n<\/ul>\n<\/li>\n<\/ul>\n<\/li>\n<\/ul>\n<p style=\"text-align: justify;\">Kui arvutada, siis on n\u00e4ha, et 218.34 = 220.5 &#8211; 2.16 \u2013 \u00fcks osa sellest on kaardimaksete laekumine ja teine osa on pangakulu. Kui pangakulu konto on 57000, siis peaksime looma j\u00e4rgmise pangareegli:<\/p>\n<p><img loading=\"lazy\" decoding=\"async\" class=\"alignnone size-full wp-image-24283\" src=\"https:\/\/www.erplybooks.com\/wp-content\/uploads\/2021\/10\/Screenshot-2021-10-26-at-12.23.45.png\" alt=\"\" width=\"2356\" height=\"94\" srcset=\"https:\/\/www.erplybooks.com\/wp-content\/uploads\/2021\/10\/Screenshot-2021-10-26-at-12.23.45.png 2356w, https:\/\/www.erplybooks.com\/wp-content\/uploads\/2021\/10\/Screenshot-2021-10-26-at-12.23.45-1280x51.png 1280w, https:\/\/www.erplybooks.com\/wp-content\/uploads\/2021\/10\/Screenshot-2021-10-26-at-12.23.45-980x39.png 980w, https:\/\/www.erplybooks.com\/wp-content\/uploads\/2021\/10\/Screenshot-2021-10-26-at-12.23.45-480x19.png 480w\" sizes=\"auto, (min-width: 0px) and (max-width: 480px) 480px, (min-width: 481px) and (max-width: 980px) 980px, (min-width: 981px) and (max-width: 1280px) 1280px, (min-width: 1281px) 2356px, 100vw\" \/><\/p>\n<p style=\"text-align: justify;\">T\u00fc\u00fcp = Mitme konto \u00fchendamine otsides konkreetset kirjeldust<br \/>\nKirjeldus = ? SUMMA:|57000:-1*TT: (kirjeldus on koostatud antud n\u00e4ite kirjelduse rea p\u00f5hjal. Kirjeldus tuleb koostada vastavalt nii nagu on Sinu ettev\u00f5tte pangafailis. Selleks soovitame alla laadida Notepad ++, et saaksid v\u00e4\u00e4rtused kopeerida)<br \/>\nKonto &#8211; Kaarditerminal<br \/>\nProjekt &#8211; j\u00e4tta t\u00fchjaks<br \/>\nKM &#8211; j\u00e4tta t\u00fchjaks<br \/>\nKlient \/ Hankija &#8211; j\u00e4tta t\u00fchjaks<\/p>\n<\/div>\n<p>&nbsp;<\/p>\n<p>Soovitus: Et kirjeldused oleksid t\u00e4psed ja vastaksid Sinu pangakontol toodud kirjeldustele, siis soovitame selleks alla laadida Notepad ++ ja v\u00e4\u00e4rtused kopeerida sealt.<\/p>\n<p style=\"text-align: right;\"><em>Uuendatud 26.10.2021<\/em><\/p>\n","protected":false},"excerpt":{"rendered":"<p>Pangareeglid &nbsp; ERPLY Books v\u00f5imaldab pangav\u00e4ljav\u00f5tte l\u00e4bit\u00f6\u00f6tlemist automatiseerida v\u00e4ga suures mahus. Suurema osa t\u00f6\u00f6st teeb s\u00fcsteem automaatselt ise \u00e4ra, kuid osa tehinguid peab ise \u00f5igesse kohta m\u00e4\u00e4rama. Selleks on ERPLY Books&#8217;is pangareeglid. &nbsp; Pangareeglid on m\u00f5eldud eelk\u00f5ige muude tehingute automatiseerimiseks. N\u00e4iteks saab \u00e4ra kirjeldada intressitulud, varieeruvad pangakulud, sularaha pankaviimised, palgav\u00e4ljamaksed, aruandvate isikute k\u00e4es olevad pangakaardid. [&hellip;]<\/p>\n","protected":false},"author":1,"featured_media":0,"parent":3312,"menu_order":41,"comment_status":"closed","ping_status":"closed","template":"","meta":{"_et_pb_use_builder":"","_et_pb_old_content":"","_et_gb_content_width":"","footnotes":""},"categories":[456],"tags":[724,572],"class_list":["post-2167","page","type-page","status-publish","hentry","category-pank","tag-pank","tag-reeglid"],"_links":{"self":[{"href":"https:\/\/www.erplybooks.com\/et\/wp-json\/wp\/v2\/pages\/2167","targetHints":{"allow":["GET"]}}],"collection":[{"href":"https:\/\/www.erplybooks.com\/et\/wp-json\/wp\/v2\/pages"}],"about":[{"href":"https:\/\/www.erplybooks.com\/et\/wp-json\/wp\/v2\/types\/page"}],"author":[{"embeddable":true,"href":"https:\/\/www.erplybooks.com\/et\/wp-json\/wp\/v2\/users\/1"}],"replies":[{"embeddable":true,"href":"https:\/\/www.erplybooks.com\/et\/wp-json\/wp\/v2\/comments?post=2167"}],"version-history":[{"count":0,"href":"https:\/\/www.erplybooks.com\/et\/wp-json\/wp\/v2\/pages\/2167\/revisions"}],"up":[{"embeddable":true,"href":"https:\/\/www.erplybooks.com\/et\/wp-json\/wp\/v2\/pages\/3312"}],"wp:attachment":[{"href":"https:\/\/www.erplybooks.com\/et\/wp-json\/wp\/v2\/media?parent=2167"}],"wp:term":[{"taxonomy":"category","embeddable":true,"href":"https:\/\/www.erplybooks.com\/et\/wp-json\/wp\/v2\/categories?post=2167"},{"taxonomy":"post_tag","embeddable":true,"href":"https:\/\/www.erplybooks.com\/et\/wp-json\/wp\/v2\/tags?post=2167"}],"curies":[{"name":"wp","href":"https:\/\/api.w.org\/{rel}","templated":true}]}}