{"id":2154,"date":"2016-10-14T14:13:22","date_gmt":"2016-10-14T11:13:22","guid":{"rendered":"http:\/\/www.erplybooks.com\/?page_id=2154"},"modified":"2023-07-04T11:34:19","modified_gmt":"2023-07-04T11:34:19","slug":"eelarve-koostamine","status":"publish","type":"page","link":"https:\/\/www.erplybooks.com\/et\/juhendid\/eelarve-koostamine\/","title":{"rendered":"Eelarve koostamine ja j\u00e4lgimine"},"content":{"rendered":"<h1>Eelarve koostamine ja j\u00e4lgimine<\/h1>\n<p>&nbsp;<\/p>\n<p style=\"text-align: justify;\"><span style=\"font-weight: 400;\">ERPLY Books&#8217;i toimub eelarve koostamine ja j\u00e4lgimine eelarve moodulis. See v\u00f5imaldab j\u00e4rgmist:<\/span><\/p>\n<ul style=\"text-align: justify;\">\n<li style=\"font-weight: 400;\"><span style=\"font-weight: 400;\">sisestada prognoositavat tulemust kontode l\u00f5ikes<\/span><\/li>\n<li style=\"font-weight: 400;\"><span style=\"font-weight: 400;\">v\u00f5rrelda prognoositavat tulemust kontode l\u00f5ikes<\/span><\/li>\n<\/ul>\n<p>&nbsp;<\/p>\n<h2 style=\"text-align: justify;\">Eelarve koostamine<\/h2>\n<p>&nbsp;<\/p>\n<p style=\"text-align: justify;\"><span style=\"font-weight: 400;\">Eelarve lisamiseks kirjuta pealehe otsingusse <b>\u201cEelarvem\u00e4\u00e4raja\u201d<\/b>.<\/span><\/p>\n<p>&nbsp;<\/p>\n<p style=\"text-align: justify;\"><img loading=\"lazy\" decoding=\"async\" class=\"alignnone wp-image-22276 size-full\" src=\"https:\/\/www.erplybooks.com\/wp-content\/uploads\/2021\/06\/Screenshot-2021-06-30-at-10.43.52.png\" alt=\"Eelarve koostamine\" width=\"376\" height=\"242\" srcset=\"https:\/\/www.erplybooks.com\/wp-content\/uploads\/2021\/06\/Screenshot-2021-06-30-at-10.43.52.png 376w, https:\/\/www.erplybooks.com\/wp-content\/uploads\/2021\/06\/Screenshot-2021-06-30-at-10.43.52-300x193.png 300w\" sizes=\"auto, (max-width: 376px) 100vw, 376px\" \/><\/p>\n<p>&nbsp;<\/p>\n<p style=\"text-align: justify;\"><span style=\"font-weight: 400;\">Saad valida kuup\u00e4eva vahemiku (soovitavalt kuu algus ja l\u00f5pp) ning projekti (valikuline) ning vajuta\u00a0<strong>&#8220;OK&#8221;<\/strong>.<\/span><\/p>\n<p style=\"text-align: justify;\"><span style=\"font-weight: 400;\">J\u00e4rgnevas aknas m\u00e4\u00e4ra summa lahtrisse valitud kuu prognoositavad l\u00f5pusaldod ja vajuta\u00a0<b>\u201cSalvesta\u201d<\/b> nuppu. Sisesta nii k\u00f5ikide kuude saldod, alustada tuleb jaanuarist. Veebruari tulud\/kulud peavad olema l\u00f5ppsaldod, mitte sisaldama vaid veebruaris tehtud k\u00e4ivet: kui jaanuari prognoositav m\u00fc\u00fck on 10 000 ja veebruaris 8000, siis veebruari prognoosilahtrisse tuleks kirjutada 18 000. Kui soovid ainult tulude\/kulude v\u00f5rdlust, siis j\u00e4ta bilansikontod nulliks.<\/span><\/p>\n<p>&nbsp;<\/p>\n<p><img loading=\"lazy\" decoding=\"async\" class=\"alignnone wp-image-22220 size-full\" src=\"https:\/\/www.erplybooks.com\/wp-content\/uploads\/2021\/06\/Screenshot-2021-06-30-at-09.26.16.png\" alt=\"Eelarve koostamine\" width=\"553\" height=\"495\" srcset=\"https:\/\/www.erplybooks.com\/wp-content\/uploads\/2021\/06\/Screenshot-2021-06-30-at-09.26.16.png 553w, https:\/\/www.erplybooks.com\/wp-content\/uploads\/2021\/06\/Screenshot-2021-06-30-at-09.26.16-480x430.png 480w\" sizes=\"auto, (min-width: 0px) and (max-width: 480px) 480px, (min-width: 481px) 553px, 100vw\" \/><\/p>\n<p>&nbsp;<\/p>\n<p>&nbsp;<\/p>\n<h2 style=\"text-align: justify;\">Eelarve v\u00f5rdlus reaalsusega<\/h2>\n<p>&nbsp;<\/p>\n<p style=\"text-align: justify;\"><span style=\"font-weight: 400;\">V\u00f5rdluse vaatamiseks tuleb pealehe otsingukasti kirjutada <b>\u201cV\u00f5rdle eelarvet saldoaruandega\u201d.<\/b><\/span><\/p>\n<p style=\"text-align: justify;\"><span style=\"font-weight: 400;\">Seej\u00e4rel k\u00fcsib programm l\u00f5ppkuup\u00e4eva ja projekti. N\u00e4iteks, kui tahad v\u00f5rrelda juuni saldosid, siis m\u00e4rgi kuup\u00e4evaks 30.06.2021.<\/span><\/p>\n<p>&nbsp;<\/p>\n<p style=\"text-align: justify;\"><img loading=\"lazy\" decoding=\"async\" class=\"alignnone wp-image-22270 size-full\" src=\"https:\/\/www.erplybooks.com\/wp-content\/uploads\/2021\/06\/Screenshot-2021-06-30-at-10.32.14.png\" alt=\"Eelarve koostamine\" width=\"866\" height=\"395\" srcset=\"https:\/\/www.erplybooks.com\/wp-content\/uploads\/2021\/06\/Screenshot-2021-06-30-at-10.32.14.png 866w, https:\/\/www.erplybooks.com\/wp-content\/uploads\/2021\/06\/Screenshot-2021-06-30-at-10.32.14-480x219.png 480w\" sizes=\"auto, (min-width: 0px) and (max-width: 480px) 480px, (min-width: 481px) 866px, 100vw\" \/><\/p>\n<p>&nbsp;<\/p>\n<p>Kuvatud aruandes on n\u00e4idatu saldoaruande numbrid, eelarves m\u00e4\u00e4ratud numbrid, nende vahe ja eelarve t\u00e4itmise protsent.<\/p>\n<p>Rohelisena on n\u00e4idatud eelarve t\u00e4itmse protsent siis, kui eesm\u00e4rgid on saavutatud v\u00f5i suuremad. Punased on need, mille puhul eesm\u00e4rki ei saavutatud.<\/p>\n<p>Lisav\u00f5imaluste kohta eelarve moodulis loe t\u00e4psemalt <a href=\"https:\/\/www.erplybooks.com\/et\/juhendid\/lisainformatsiooni-lisamise-voimalused-moodulitesse\/\">siit<\/a>!<\/p>\n","protected":false},"excerpt":{"rendered":"<p>Eelarve koostamine ja j\u00e4lgimine &nbsp; ERPLY Books&#8217;i toimub eelarve koostamine ja j\u00e4lgimine eelarve moodulis. See v\u00f5imaldab j\u00e4rgmist: sisestada prognoositavat tulemust kontode l\u00f5ikes v\u00f5rrelda prognoositavat tulemust kontode l\u00f5ikes &nbsp; Eelarve koostamine &nbsp; Eelarve lisamiseks kirjuta pealehe otsingusse \u201cEelarvem\u00e4\u00e4raja\u201d. &nbsp; &nbsp; Saad valida kuup\u00e4eva vahemiku (soovitavalt kuu algus ja l\u00f5pp) ning projekti (valikuline) ning vajuta\u00a0&#8220;OK&#8221;. J\u00e4rgnevas aknas [&hellip;]<\/p>\n","protected":false},"author":1,"featured_media":0,"parent":3312,"menu_order":24,"comment_status":"closed","ping_status":"closed","template":"","meta":{"_et_pb_use_builder":"","_et_pb_old_content":"","_et_gb_content_width":"","footnotes":""},"categories":[451],"tags":[631,632],"class_list":["post-2154","page","type-page","status-publish","hentry","category-aruandlus","tag-eelarve","tag-eelarve-koostamine"],"_links":{"self":[{"href":"https:\/\/www.erplybooks.com\/et\/wp-json\/wp\/v2\/pages\/2154","targetHints":{"allow":["GET"]}}],"collection":[{"href":"https:\/\/www.erplybooks.com\/et\/wp-json\/wp\/v2\/pages"}],"about":[{"href":"https:\/\/www.erplybooks.com\/et\/wp-json\/wp\/v2\/types\/page"}],"author":[{"embeddable":true,"href":"https:\/\/www.erplybooks.com\/et\/wp-json\/wp\/v2\/users\/1"}],"replies":[{"embeddable":true,"href":"https:\/\/www.erplybooks.com\/et\/wp-json\/wp\/v2\/comments?post=2154"}],"version-history":[{"count":0,"href":"https:\/\/www.erplybooks.com\/et\/wp-json\/wp\/v2\/pages\/2154\/revisions"}],"up":[{"embeddable":true,"href":"https:\/\/www.erplybooks.com\/et\/wp-json\/wp\/v2\/pages\/3312"}],"wp:attachment":[{"href":"https:\/\/www.erplybooks.com\/et\/wp-json\/wp\/v2\/media?parent=2154"}],"wp:term":[{"taxonomy":"category","embeddable":true,"href":"https:\/\/www.erplybooks.com\/et\/wp-json\/wp\/v2\/categories?post=2154"},{"taxonomy":"post_tag","embeddable":true,"href":"https:\/\/www.erplybooks.com\/et\/wp-json\/wp\/v2\/tags?post=2154"}],"curies":[{"name":"wp","href":"https:\/\/api.w.org\/{rel}","templated":true}]}}