{"id":2110,"date":"2016-10-14T13:20:17","date_gmt":"2016-10-14T10:20:17","guid":{"rendered":"http:\/\/www.erplybooks.com\/?page_id=2110"},"modified":"2023-07-04T13:15:24","modified_gmt":"2023-07-04T13:15:24","slug":"e-mailide-jalgimine","status":"publish","type":"page","link":"https:\/\/www.erplybooks.com\/et\/juhendid\/e-mailide-jalgimine\/","title":{"rendered":"E-mailide j\u00e4lgimine"},"content":{"rendered":"<h1>E-mailide j\u00e4lgimine<\/h1>\n<p>&nbsp;<\/p>\n<p style=\"text-align: justify;\">ERPLY Books&#8217;is\u00a0mugav e-mailide j\u00e4lgimine. Kontrolli saadetud e-mailide avamist ja kirjade tagasitulemist e. \u201c<em>bounc&#8217;<\/em>imist\u201d. Kirjade tagasitulemisel v\u00f5ib olla mitmeid erinevaid p\u00f5hjuseid: musta nimekirja sattumine, adressaatide nimekirja suurus jms. Avatud ning tagasitulnud e-mailide teave v\u00f5ib kirjasaatjale olulist infot anda, kuidas edaspidi oma arveldamist j\u00e4tkata.<\/p>\n<p>&nbsp;<\/p>\n<p style=\"text-align: justify;\">E-mailide <span style=\"color: #0000ff;\"><strong>STAATUSED<\/strong><\/span> ja nende seletused:<\/p>\n<ul>\n<li style=\"text-align: justify;\"><strong>Kinnitatud<\/strong> (<em>Confirmed<\/em>) &#8211; saaja on saanud e-maili k\u00e4tte ehk e-mail on laekunud saaja postkasti<\/li>\n<li style=\"text-align: justify;\"><strong>Kinnitatud ja avatud<\/strong> (<em>Confirmed and Opened<\/em>) &#8211; e-mail on j\u00f5udnud saajani ning see on avatud<\/li>\n<li style=\"text-align: justify;\"><strong>Ootel <\/strong>(<em>Pending<\/em>) &#8211; e-mail ei ole veel kohale j\u00f5udnud ega eba\u00f5nnestunud<\/li>\n<li style=\"text-align: justify;\"><strong>Eba\u00f5nnestunud <\/strong>(<em>Unsuccessful<\/em>) &#8211; kirja saatmine eba\u00f5nnestus, aga proovitakse uuesti saata<\/li>\n<li style=\"text-align: justify;\"><strong>Nurjunud<\/strong> (<em>Failed<\/em>) &#8211; e-mail on nurjunud siis, kui seda ei suudetud v\u00e4lja saata ning seda enam ka ei proovita<\/li>\n<li><\/li>\n<\/ul>\n<p style=\"text-align: justify;\">E-mailide kohta info saamiseks ava\u00a0<b>\u201cAruanded\u201d &gt; \u201cAruandegeneraator\u201d<\/b>. Selles moodulis on v\u00f5imalik andmebaasidest soovitud infot leida ja moodustada soovitud kujul aruanne.<\/p>\n<p style=\"text-align: justify;\">P\u00e4ringu tegemiseks on minimaalselt vajalik t\u00e4ita kaks lahtrit:<\/p>\n<ul style=\"text-align: justify;\">\n<li><span style=\"color: #000000;\"><span style=\"color: #0000ff;\"><b>TABELID<\/b><\/span>\u00a0\u2013 <span style=\"color: #333333;\">m\u00e4\u00e4rab, millisest andmebaasitabelist p\u00e4ringuid tehakse. Siin saad valida n\u00e4iteks infot e-mailide, arvete ja kontaktide kohta.<\/span><\/span><\/li>\n<\/ul>\n<ul style=\"text-align: justify;\">\n<li><span style=\"color: #0000ff;\"><b>V\u00c4LJUNDID<\/b><\/span> \u2013 tabelitel, mida aruandegeneraatori kaudu p\u00e4rida saab, on palju erinevaid andmeid ning \u00fcldjuhul ei ole vaja neid k\u00f5iki korraga kuvada. Vali ainult need andmed, mida Sa soovid n\u00e4ha koostatavas aruandes.<\/li>\n<\/ul>\n<p>&nbsp;<\/p>\n<p style=\"text-align: justify;\">J\u00e4rgneval pildil on n\u00e4idatud p\u00e4ringu koostamine, kus soovitakse saadetud e-maili kohta teada saada j\u00e4rgnevat infot: loomiskuup\u00e4ev, kliendi nimi, teema, saatja, saaja ja dokumendi staatus.<\/p>\n<p>&nbsp;<\/p>\n<p><img loading=\"lazy\" decoding=\"async\" class=\"alignnone wp-image-20252 size-full\" src=\"https:\/\/www.erplybooks.com\/wp-content\/uploads\/2021\/01\/Screen-Shot-2021-01-15-at-12.15.40.png\" alt=\"E-mailide j\u00e4lgimine\" width=\"1188\" height=\"290\" srcset=\"https:\/\/www.erplybooks.com\/wp-content\/uploads\/2021\/01\/Screen-Shot-2021-01-15-at-12.15.40.png 1188w, https:\/\/www.erplybooks.com\/wp-content\/uploads\/2021\/01\/Screen-Shot-2021-01-15-at-12.15.40-300x73.png 300w, https:\/\/www.erplybooks.com\/wp-content\/uploads\/2021\/01\/Screen-Shot-2021-01-15-at-12.15.40-1024x250.png 1024w, https:\/\/www.erplybooks.com\/wp-content\/uploads\/2021\/01\/Screen-Shot-2021-01-15-at-12.15.40-768x187.png 768w\" sizes=\"auto, (max-width: 1188px) 100vw, 1188px\" \/><\/p>\n<p>&nbsp;<\/p>\n<p style=\"text-align: justify;\"><b>N\u00e4ide 1.<\/b> Soovid n\u00e4ha k\u00f5iki avamata e-maile.<\/p>\n<p style=\"text-align: justify;\">Otsingu t\u00e4psustamiseks vajuta nuppu <strong>\u201cLisa filter\u201d<\/strong>. Seej\u00e4rel ilmub uus rida, millel tuleb t\u00e4ita t\u00e4psustavad v\u00e4ljad:<\/p>\n<p style=\"text-align: justify;\"><b>Parameeter<\/b> \u2013 vali, millist parameetrit t\u00e4psustada soovid. Antud n\u00e4ite puhul vali<span style=\"color: #0000ff;\">\u00a0<b>\u201cE-mail.dokumendi staatus\u201d<\/b><\/span><\/p>\n<p style=\"text-align: justify;\"><b>T\u00fc\u00fcp<\/b> \u2013 vali operatsioon, mida parameetriga teostada. Antud olukorras pane sinna <span style=\"color: #0000ff;\"><b>\u201cEi v\u00f5rdu\u201d<\/b><\/span><\/p>\n<p style=\"text-align: justify;\"><b>V\u00e4\u00e4rtus<\/b> \u2013 vali v\u00e4\u00e4rtus, millega parameetrit v\u00f5rrelda. Antud olukorras on selleks <span style=\"color: #0000ff;\"><b>\u201cKinnitatud ja avatud\u201d<\/b><\/span><\/p>\n<p><img loading=\"lazy\" decoding=\"async\" class=\"alignnone wp-image-20264 size-full\" src=\"https:\/\/www.erplybooks.com\/wp-content\/uploads\/2021\/01\/Screen-Shot-2021-01-15-at-12.59.45.png\" alt=\"\" width=\"1194\" height=\"463\" srcset=\"https:\/\/www.erplybooks.com\/wp-content\/uploads\/2021\/01\/Screen-Shot-2021-01-15-at-12.59.45.png 1194w, https:\/\/www.erplybooks.com\/wp-content\/uploads\/2021\/01\/Screen-Shot-2021-01-15-at-12.59.45-300x116.png 300w, https:\/\/www.erplybooks.com\/wp-content\/uploads\/2021\/01\/Screen-Shot-2021-01-15-at-12.59.45-1024x397.png 1024w, https:\/\/www.erplybooks.com\/wp-content\/uploads\/2021\/01\/Screen-Shot-2021-01-15-at-12.59.45-768x298.png 768w\" sizes=\"auto, (max-width: 1194px) 100vw, 1194px\" \/><\/p>\n<p>&nbsp;<\/p>\n<p style=\"text-align: justify;\"><b>N\u00e4ide 2.<\/b> Kui Sul on soov uurida m\u00e4\u00e4ratud perioodil avamata e-maile, siis pead lisama aruandegeneraatorisse t\u00e4iendava parameetri. N\u00e4iteks soovid n\u00e4ha e-maile, mida ei ole avatud ning milles sisalduva arve kuup\u00e4ev on hilisem kui 31.12.2019. Vajuta<strong>\u00a0&#8220;Lisa filter&#8221;<\/strong> nuppu ja t\u00e4ida j\u00e4rgnev:<\/p>\n<p style=\"text-align: justify;\"><strong>Parameeter<\/strong>\u00a0 &#8211; vali\u00a0<span style=\"color: #0000ff;\"><b>\u201cArved.Kuup\u00e4ev\u201d<\/b><\/span><\/p>\n<p style=\"text-align: justify;\"><strong>T\u00fc\u00fcp &#8211;\u00a0<\/strong> vali\u00a0<span style=\"color: #0000ff;\"><b>\u201cRohkem kui\u201d<\/b><\/span><\/p>\n<p style=\"text-align: justify;\"><strong>V\u00e4\u00e4rtus<\/strong> &#8211; vali \u00a0<span style=\"color: #0000ff;\"><b>\u201c31.12.2020\u201d<\/b><\/span><\/p>\n<p style=\"text-align: justify;\">Selline otsing kuvab k\u00f5ik alates 01.01.2021 saadetud e-mailid, mis pole laekunud adressaadi postkasti ja pole ka avatud.<\/p>\n<p>&nbsp;<\/p>\n<p><img loading=\"lazy\" decoding=\"async\" class=\"alignnone wp-image-20270 size-full\" src=\"https:\/\/www.erplybooks.com\/wp-content\/uploads\/2021\/01\/Screen-Shot-2021-01-15-at-13.06.19.png\" alt=\"\" width=\"1208\" height=\"342\" srcset=\"https:\/\/www.erplybooks.com\/wp-content\/uploads\/2021\/01\/Screen-Shot-2021-01-15-at-13.06.19.png 1208w, https:\/\/www.erplybooks.com\/wp-content\/uploads\/2021\/01\/Screen-Shot-2021-01-15-at-13.06.19-300x85.png 300w, https:\/\/www.erplybooks.com\/wp-content\/uploads\/2021\/01\/Screen-Shot-2021-01-15-at-13.06.19-1024x290.png 1024w, https:\/\/www.erplybooks.com\/wp-content\/uploads\/2021\/01\/Screen-Shot-2021-01-15-at-13.06.19-768x217.png 768w\" sizes=\"auto, (max-width: 1208px) 100vw, 1208px\" \/><\/p>\n","protected":false},"excerpt":{"rendered":"<p>E-mailide j\u00e4lgimine &nbsp; ERPLY Books&#8217;is\u00a0mugav e-mailide j\u00e4lgimine. Kontrolli saadetud e-mailide avamist ja kirjade tagasitulemist e. \u201cbounc&#8217;imist\u201d. Kirjade tagasitulemisel v\u00f5ib olla mitmeid erinevaid p\u00f5hjuseid: musta nimekirja sattumine, adressaatide nimekirja suurus jms. Avatud ning tagasitulnud e-mailide teave v\u00f5ib kirjasaatjale olulist infot anda, kuidas edaspidi oma arveldamist j\u00e4tkata. &nbsp; E-mailide STAATUSED ja nende seletused: Kinnitatud (Confirmed) &#8211; saaja [&hellip;]<\/p>\n","protected":false},"author":1,"featured_media":0,"parent":3312,"menu_order":19,"comment_status":"closed","ping_status":"closed","template":"","meta":{"_et_pb_use_builder":"","_et_pb_old_content":"","_et_gb_content_width":"","footnotes":""},"categories":[453],"tags":[593,672],"class_list":["post-2110","page","type-page","status-publish","hentry","category-nouded-ja-volad","tag-e-mail-2","tag-jalgimine"],"_links":{"self":[{"href":"https:\/\/www.erplybooks.com\/et\/wp-json\/wp\/v2\/pages\/2110","targetHints":{"allow":["GET"]}}],"collection":[{"href":"https:\/\/www.erplybooks.com\/et\/wp-json\/wp\/v2\/pages"}],"about":[{"href":"https:\/\/www.erplybooks.com\/et\/wp-json\/wp\/v2\/types\/page"}],"author":[{"embeddable":true,"href":"https:\/\/www.erplybooks.com\/et\/wp-json\/wp\/v2\/users\/1"}],"replies":[{"embeddable":true,"href":"https:\/\/www.erplybooks.com\/et\/wp-json\/wp\/v2\/comments?post=2110"}],"version-history":[{"count":0,"href":"https:\/\/www.erplybooks.com\/et\/wp-json\/wp\/v2\/pages\/2110\/revisions"}],"up":[{"embeddable":true,"href":"https:\/\/www.erplybooks.com\/et\/wp-json\/wp\/v2\/pages\/3312"}],"wp:attachment":[{"href":"https:\/\/www.erplybooks.com\/et\/wp-json\/wp\/v2\/media?parent=2110"}],"wp:term":[{"taxonomy":"category","embeddable":true,"href":"https:\/\/www.erplybooks.com\/et\/wp-json\/wp\/v2\/categories?post=2110"},{"taxonomy":"post_tag","embeddable":true,"href":"https:\/\/www.erplybooks.com\/et\/wp-json\/wp\/v2\/tags?post=2110"}],"curies":[{"name":"wp","href":"https:\/\/api.w.org\/{rel}","templated":true}]}}