{"id":21031,"date":"2021-04-27T10:16:26","date_gmt":"2021-04-27T10:16:26","guid":{"rendered":"https:\/\/www.erplybooks.com\/?page_id=21031"},"modified":"2023-07-06T06:21:56","modified_gmt":"2023-07-06T06:21:56","slug":"bilansi-saldod","status":"publish","type":"page","link":"https:\/\/www.erplybooks.com\/et\/bilansi-saldod\/","title":{"rendered":"Bilansi saldode v\u00f5rdlus"},"content":{"rendered":"<h1>Bilansi saldode v\u00f5rdlus<\/h1>\n<p>&nbsp;<\/p>\n<p>J\u00e4rgnev juhend kirjeldab, kuidas v\u00f5rrelda, kas klientide ja hankijate saldod bilansis klapivad Kliendi ja Hankija raportiga.<\/p>\n<h3>Klientide saldode v\u00f5rdlus<\/h3>\n<p>1.Ava\u00a0<strong>&#8220;M\u00fc\u00fck&#8221; &gt; &#8220;Kliendi raport&#8221;. <\/strong>Vali kuup\u00e4ev ja pane linnuke <strong>&#8220;Otsi kande kuup\u00e4eva j\u00e4rgi?&#8221;<\/strong> ette. Siin n\u00e4ed k\u00f5ikide klientide kohta 2 tulpa, mida tuleb bilansiga v\u00f5rrelda:<\/p>\n<ul>\n<li style=\"list-style-type: none;\">\n<ul>\n<li style=\"list-style-type: none;\">\n<ul>\n<li>Ettemaks<\/li>\n<li>Saldo<\/li>\n<\/ul>\n<\/li>\n<\/ul>\n<\/li>\n<\/ul>\n<p>2. Ava\u00a0<strong>&#8220;Aruanded&#8221; &gt; &#8220;Bilanss&#8221;. <\/strong>Vali sama kuup\u00e4ev ja v\u00f5rdel, kas Kliendi raportis kuvatud ettemaksete ja v\u00f5la summa on samad.<\/p>\n<h5><strong>Mis kontosid v\u00f5rrelda?<\/strong><\/h5>\n<p>Kliendi raportis kasutatud kontod on m\u00e4\u00e4ratud s\u00fcsteemikontode all. Ava\u00a0<strong>&#8220;S\u00e4tted&#8221; &gt; &#8220;S\u00fcsteemikontod&#8221;<\/strong>. J\u00e4rgneval pildil on n\u00e4ha, et klientide jaoks on seadistatud kaks kontot: n\u00f5uete jaoks &#8220;13000 &#8211; N\u00f5uded ostjatele&#8221; ja ettemaksete jaoks &#8220;21200 &#8211; Klientide ettemaksed&#8221;.<\/p>\n<p><img loading=\"lazy\" decoding=\"async\" class=\"alignnone wp-image-21008 size-full\" src=\"https:\/\/www.erplybooks.com\/wp-content\/uploads\/2021\/04\/Screenshot-2021-04-27-at-12.17.14.png\" alt=\"bilansi saldod\" width=\"463\" height=\"432\" srcset=\"https:\/\/www.erplybooks.com\/wp-content\/uploads\/2021\/04\/Screenshot-2021-04-27-at-12.17.14.png 463w, https:\/\/www.erplybooks.com\/wp-content\/uploads\/2021\/04\/Screenshot-2021-04-27-at-12.17.14-300x280.png 300w\" sizes=\"auto, (max-width: 463px) 100vw, 463px\" \/><\/p>\n<p>Nende kontode saldosid bilansis ongi vaja v\u00f5rrelda Kliendi raportiga ja nende saldod peavad olema samad Kliendi raporti saldodega.<\/p>\n<h3>Hankijate saldode v\u00f5rdlus<\/h3>\n<p>1.Ava\u00a0<strong>&#8220;Ost&#8221; &gt; &#8220;Hankija raport. <\/strong>Vali kuup\u00e4ev ja pane linnuke <strong>&#8220;Otsi kande kuup\u00e4eva j\u00e4rgi?&#8221;<\/strong> ette. Siin kuvatakse k\u00f5ikide hankijate kohta 2 tulpa, mida tuleb bilansiga v\u00f5rrelda:<\/p>\n<ul>\n<li style=\"list-style-type: none;\">\n<ul>\n<li style=\"list-style-type: none;\">\n<ul>\n<li>Ettemaks<\/li>\n<li>Saldo<\/li>\n<\/ul>\n<\/li>\n<\/ul>\n<\/li>\n<\/ul>\n<p>2. Ava\u00a0<strong>&#8220;Aruanded&#8221; &gt; &#8220;Bilanss&#8221;. <\/strong>Vali sama kuup\u00e4ev ja v\u00f5rdle, kas Hankija raportis kuvatud ettemaksete ja v\u00f5la summad on samad.<\/p>\n<h5><strong>Mis kontosid v\u00f5rrelda?<\/strong><\/h5>\n<p>Hankija raportis kuvatud kontod on m\u00e4\u00e4ratud s\u00fcsteemkontode all. Ava\u00a0<strong>&#8220;S\u00e4tted&#8221; &gt; &#8220;S\u00fcsteemikontod&#8221;<\/strong>. J\u00e4rgneval pildil on n\u00e4ha, et hankijate ettemaksete jaoks on seadistatud konto &#8220;16200 &#8211; Ettemaksed tarnijatele&#8221; ja hankijate v\u00f5lgade jaoks on seadistatud konto &#8220;21300 &#8211; V\u00f5lad tarnijatele&#8221;.<\/p>\n<p>Lisaks sellele kuvatakse Hankija raportis ka aruandvate isikute v\u00f5lad, mis on seadistatud kontole &#8220;14040- Aruandev isik&#8221;.<\/p>\n<p><img loading=\"lazy\" decoding=\"async\" class=\"alignnone size-full wp-image-21020\" src=\"https:\/\/www.erplybooks.com\/wp-content\/uploads\/2021\/04\/Screenshot-2021-04-27-at-12.17.14-2.png\" alt=\"\" width=\"463\" height=\"432\" srcset=\"https:\/\/www.erplybooks.com\/wp-content\/uploads\/2021\/04\/Screenshot-2021-04-27-at-12.17.14-2.png 463w, https:\/\/www.erplybooks.com\/wp-content\/uploads\/2021\/04\/Screenshot-2021-04-27-at-12.17.14-2-300x280.png 300w\" sizes=\"auto, (max-width: 463px) 100vw, 463px\" \/><\/p>\n<p>Nende kolme konto saldod bilansis peavad klappima Hankija raporti ettemakse ja v\u00f5la sadodega.<\/p>\n<h3>Mida teha, kui bilansi saldod ei klapi?<\/h3>\n<p>1.Kontrolli, kas algsaldode sisestamise kuup\u00e4evaga saldod klapivad<\/p>\n<p>2. Vaata eelnevate perioodide saldosid ja leidke \u00fcles kuup\u00e4ev, kus saldod klappisid. Saldode vahe on tekkinud peale seda kuup\u00e4eva.<\/p>\n<p>3. Eelnevalt v\u00e4lja toodud s\u00fcsteemikontode all m\u00e4\u00e4ratud kontodel ei tohiks olla kasutatud k\u00e4sikandeid, kuna need ei kajastu Kliendi ja hankija raportis. Ava\u00a0<strong>&#8220;RMP&#8221; &gt; &#8220;Pearaamat&#8221;, <\/strong>vali v\u00f5rreldav konto ja t\u00fc\u00fcbiks vali\u00a0<strong>&#8220;K\u00e4sikanded&#8221;<\/strong>. Sellega saad kontrollida, kas Sul esineb k\u00e4sikandeid, mis valitud bilansi kontole erineva saldo v\u00f5ivad tekitada.<\/p>\n<p><img loading=\"lazy\" decoding=\"async\" class=\"alignnone size-full wp-image-21035\" src=\"https:\/\/www.erplybooks.com\/wp-content\/uploads\/2021\/04\/Screenshot-2021-04-29-at-15.56.09.png\" alt=\"\" width=\"1409\" height=\"259\" srcset=\"https:\/\/www.erplybooks.com\/wp-content\/uploads\/2021\/04\/Screenshot-2021-04-29-at-15.56.09.png 1409w, https:\/\/www.erplybooks.com\/wp-content\/uploads\/2021\/04\/Screenshot-2021-04-29-at-15.56.09-300x55.png 300w, https:\/\/www.erplybooks.com\/wp-content\/uploads\/2021\/04\/Screenshot-2021-04-29-at-15.56.09-1024x188.png 1024w, https:\/\/www.erplybooks.com\/wp-content\/uploads\/2021\/04\/Screenshot-2021-04-29-at-15.56.09-768x141.png 768w\" sizes=\"auto, (max-width: 1409px) 100vw, 1409px\" \/><\/p>\n<p>4. Ava\u00a0<strong>&#8220;RMP&#8221; &gt; &#8220;Kanded&#8221;<\/strong> ja vali\u00a0<strong>&#8220;Milliseid n\u00e4idata?&#8221; <\/strong>lahtrist\u00a0<strong>&#8220;Kanne pole tasakaalus&#8221;\u00a0<\/strong>ja vaata \u00fcle kuvatud kanded.<\/p>\n<p><img loading=\"lazy\" decoding=\"async\" class=\"alignnone size-full wp-image-21041\" src=\"https:\/\/www.erplybooks.com\/wp-content\/uploads\/2021\/04\/Screenshot-2021-04-29-at-15.57.12.png\" alt=\"\" width=\"1405\" height=\"196\" srcset=\"https:\/\/www.erplybooks.com\/wp-content\/uploads\/2021\/04\/Screenshot-2021-04-29-at-15.57.12.png 1405w, https:\/\/www.erplybooks.com\/wp-content\/uploads\/2021\/04\/Screenshot-2021-04-29-at-15.57.12-300x42.png 300w, https:\/\/www.erplybooks.com\/wp-content\/uploads\/2021\/04\/Screenshot-2021-04-29-at-15.57.12-1024x143.png 1024w, https:\/\/www.erplybooks.com\/wp-content\/uploads\/2021\/04\/Screenshot-2021-04-29-at-15.57.12-768x107.png 768w\" sizes=\"auto, (max-width: 1405px) 100vw, 1405px\" \/><\/p>\n","protected":false},"excerpt":{"rendered":"<p>Bilansi saldode v\u00f5rdlus &nbsp; J\u00e4rgnev juhend kirjeldab, kuidas v\u00f5rrelda, kas klientide ja hankijate saldod bilansis klapivad Kliendi ja Hankija raportiga. Klientide saldode v\u00f5rdlus 1.Ava\u00a0&#8220;M\u00fc\u00fck&#8221; &gt; &#8220;Kliendi raport&#8221;. Vali kuup\u00e4ev ja pane linnuke &#8220;Otsi kande kuup\u00e4eva j\u00e4rgi?&#8221; ette. Siin n\u00e4ed k\u00f5ikide klientide kohta 2 tulpa, mida tuleb bilansiga v\u00f5rrelda: Ettemaks Saldo 2. Ava\u00a0&#8220;Aruanded&#8221; &gt; &#8220;Bilanss&#8221;. Vali [&hellip;]<\/p>\n","protected":false},"author":14,"featured_media":0,"parent":0,"menu_order":18,"comment_status":"closed","ping_status":"closed","template":"","meta":{"_et_pb_use_builder":"","_et_pb_old_content":"","_et_gb_content_width":"","footnotes":""},"categories":[453],"tags":[33,665,910],"class_list":["post-21031","page","type-page","status-publish","hentry","category-nouded-ja-volad","tag-bilanss","tag-saldo","tag-vordlus"],"_links":{"self":[{"href":"https:\/\/www.erplybooks.com\/et\/wp-json\/wp\/v2\/pages\/21031","targetHints":{"allow":["GET"]}}],"collection":[{"href":"https:\/\/www.erplybooks.com\/et\/wp-json\/wp\/v2\/pages"}],"about":[{"href":"https:\/\/www.erplybooks.com\/et\/wp-json\/wp\/v2\/types\/page"}],"author":[{"embeddable":true,"href":"https:\/\/www.erplybooks.com\/et\/wp-json\/wp\/v2\/users\/14"}],"replies":[{"embeddable":true,"href":"https:\/\/www.erplybooks.com\/et\/wp-json\/wp\/v2\/comments?post=21031"}],"version-history":[{"count":0,"href":"https:\/\/www.erplybooks.com\/et\/wp-json\/wp\/v2\/pages\/21031\/revisions"}],"wp:attachment":[{"href":"https:\/\/www.erplybooks.com\/et\/wp-json\/wp\/v2\/media?parent=21031"}],"wp:term":[{"taxonomy":"category","embeddable":true,"href":"https:\/\/www.erplybooks.com\/et\/wp-json\/wp\/v2\/categories?post=21031"},{"taxonomy":"post_tag","embeddable":true,"href":"https:\/\/www.erplybooks.com\/et\/wp-json\/wp\/v2\/tags?post=21031"}],"curies":[{"name":"wp","href":"https:\/\/api.w.org\/{rel}","templated":true}]}}