{"id":2085,"date":"2016-10-12T19:08:57","date_gmt":"2016-10-12T19:08:57","guid":{"rendered":"http:\/\/www.erplybooks.com\/?page_id=2085"},"modified":"2023-07-06T07:00:23","modified_gmt":"2023-07-06T07:00:23","slug":"laekumiste-haldamine","status":"publish","type":"page","link":"https:\/\/www.erplybooks.com\/et\/juhendid\/laekumiste-haldamine\/","title":{"rendered":"Laekumiste haldamine ERPLY kasutajatele"},"content":{"rendered":"<h1 style=\"text-align: justify;\">Laekumiste haldamine ERPLY kasutajatele<\/h1>\n<p>&nbsp;<\/p>\n<p>K\u00e4esolev juhend tutvustab\u00a0<a href=\"http:\/\/ee.erply.com\">ERPLY<\/a> kasutajatele, kuidas toimub laekumiste haldamine ERPLY Books&#8217;is.\u00a0V\u00e4lja on toodud k\u00f5ik erinevad v\u00f5imalused, kuidas klientidega saab arveldada.<\/p>\n<p>&nbsp;<\/p>\n<h2 style=\"text-align: justify;\">Pangalaekumine arvete eest<\/h2>\n<p style=\"text-align: justify;\">Kui klient maksab arve eest pangas, siis pangaimpordis vali makse, vali makset\u00fc\u00fcbiks <strong>&#8220;M\u00fc\u00fcgiarve&#8221;<\/strong> ja vajuta<strong> \u201cOtsi arve(d), mis tasuti&#8221;<\/strong>. Avaneb uus aken, kust vali arved ja vajuta <strong>\u201cLingi makse arve(te)ga\u201d<\/strong>.<\/p>\n<p>&nbsp;<\/p>\n<h2 style=\"text-align: justify;\">Pangalaekumine kreeditarvete eest<\/h2>\n<p style=\"text-align: justify;\">Pangaimpordis vali makse ning muuda makse t\u00fc\u00fcp <strong>&#8220;M\u00fc\u00fcgiarve&#8221;<\/strong>-ks. Kui kliendile makstakse kreeditarve eest, siis peame programmile \u00fctlema, et tegu on m\u00fc\u00fcgiarve laekumisega, mitte muu v\u00e4ljamaksega. Ostukreediti puhul toimi analoogselt.<\/p>\n<p>&nbsp;<\/p>\n<h2 style=\"text-align: justify;\">Mitte panka laekunud summad arvete eest<\/h2>\n<p style=\"text-align: justify;\">Siin on j\u00e4rgmised laekumiste v\u00f5imalused:<\/p>\n<ul style=\"text-align: justify;\">\n<li>sularahas<\/li>\n<li>pangakaardiga<\/li>\n<li>kinkekaardiga<\/li>\n<li>selliste pankade laekumised, mille kohta puudub ERPLY Books&#8217;is tugi<\/li>\n<li>tasaarveldamine<\/li>\n<li>kreeditarvega<\/li>\n<li>muud laekumiste viisid<\/li>\n<\/ul>\n<p style=\"text-align: justify;\">Selliste laekumiste puhul mine <strong>&#8220;M\u00fc\u00fck&#8221; &gt; &#8220;M\u00fc\u00fcgiarved&#8221; &gt; &#8220;Laekumata arved&#8221;<\/strong>, vali arve, vajuta <strong>\u201cLisa makse\u201d<\/strong> ja sisesta laekumise andmed.<\/p>\n<p style=\"text-align: justify;\"><strong>NB!:<\/strong> Kui makstakse mitme arve eest korraga, siis mine pangaimpordi moodulisse ja pankade nimekirjast vali <strong>\u201cLisa k\u00e4sitsi sissetulek\u201d<\/strong>.<\/p>\n<p>&nbsp;<\/p>\n<h2 style=\"text-align: justify;\">Ettemaksu lisamine<\/h2>\n<p style=\"text-align: justify;\">Ettemaks v\u00f5ib tekkida kolmel erineval juhul:<\/p>\n<p>1. Arvest tekkinud ettemaks:<\/p>\n<ul>\n<li style=\"list-style-type: none;\">\n<ul>\n<li>juhul kui arvest tekib ettemaks, siis tekib k\u00fcsimus, kas soovid selle sealt eraldada v\u00f5i j\u00e4tta arve k\u00fclge?\n<ul>\n<li>kui ei soovi eraldada, siis lihtsalt seo makse arvega (pangaimpordis v\u00f5i laekumata arvete moodulis)<\/li>\n<li>kui soovid eraldada, siis:\n<ul>\n<li>pangalaekumine &#8211; pangaimpordis seo makse arvega ning seej\u00e4rel vajuta <strong>\u201cLisa tegevus\u201d<\/strong> ja teisele reale lisa ettemaks<\/li>\n<li>mittepangast laekumine &#8211; laekumata arvete moodulis lisa arvele makse arve eest tasutud ulatuses ning eraldi ettemaks kliendile (kokku kaks makset)<\/li>\n<\/ul>\n<\/li>\n<\/ul>\n<\/li>\n<\/ul>\n<\/li>\n<\/ul>\n<p>2. Ettemaks ilma dokumendita:<\/p>\n<ul>\n<li style=\"list-style-type: none;\">\n<ul>\n<li>Pangaimpordi moodulis \u00e4ra otsi arveid, vaid vali kliendi lahtrist klient<\/li>\n<li>Kui on mittepangast laekumine mine laekumata arvete peale, vajuta ilma midagi valimata <strong>\u201cLisa makse\u201d<\/strong> ja sealt vali klient ning m\u00e4rgi summa<\/li>\n<\/ul>\n<\/li>\n<\/ul>\n<p>3. Ettemaks ettemaksuarve v\u00f5i tellimuse eest:<\/p>\n<ul>\n<li style=\"list-style-type: none;\">\n<ul>\n<li>Kui on soov siduda ettemaks ettemaksuarve v\u00f5i tellimusega, siis vajuta pangaimpordis paremat hiireklahvi makse peal ja vali <strong>\u201cOtsi arved, mis tasuti (tellimus)\u201d<\/strong> v\u00f5i <strong>\u201cOtsi arved, mis tasuti (ettemaksuarve)\u201d<\/strong>.<\/li>\n<\/ul>\n<\/li>\n<\/ul>\n<p>&nbsp;<\/p>\n<h2 style=\"text-align: justify;\">Ettemaksu kasutamine<\/h2>\n<p style=\"text-align: justify;\">Ettemaksu saab kasutada kahe erineva v\u00f5imalusega:<\/p>\n<p>1. Kasuta \u00e4ra ettemaks<\/p>\n<ul>\n<li style=\"list-style-type: none;\">\n<ul>\n<li>mine laekumata arved, vali arve ja vajuta <strong>\u201cSeo ettemaksuga\u201d<\/strong><\/li>\n<\/ul>\n<\/li>\n<\/ul>\n<p>2. Eemalda ettemaks ja lisa uus makse &#8211; vajalik kui eelmise perioodi ettemaksu vaja kasutada<\/p>\n<ul>\n<li style=\"list-style-type: none;\">\n<ul>\n<li>lisa kliendile tagasimakse \u00e4rakasutamise kuup\u00e4evaga<\/li>\n<li>lisa arvele makse \u00e4rakasutamise kuup\u00e4evaga<\/li>\n<\/ul>\n<\/li>\n<\/ul>\n<p style=\"text-align: justify;\"><strong>NB:<\/strong> lukustatud perioodi ettemaksude kasutamiseks on soovitatav kasutada teist varianti.<\/p>\n<p>&nbsp;<\/p>\n<h2>Tellimuse sidumine laekumisega<\/h2>\n<p><span style=\"font-weight: 400;\">Antud peat\u00fckk kirjeldab protsessi, kui soovid kasutada ERPLY laos tellimusi ning siduda need tellimused laekumistega ERPLY Booksis.\u00a0<\/span><\/p>\n<p><span style=\"font-weight: 400;\">Selle protsessi puhul on oluline protsessi j\u00e4rjekord. Esmalt on vaja veenduda, et tellimused s\u00fcnkroniseeritakse ERPLY laost ERPLY Booksi. Selleks peab olema aktiveeritud reegel number <\/span><b>25<\/b><span style=\"font-weight: 400;\"> ERPLY kassa ja lao s\u00e4tete alt (S\u00e4tted -&gt; ERPLY kassa &amp; lao s\u00e4tted)<\/span><\/p>\n<p><span style=\"font-weight: 400;\">Selle reegliga s\u00fcnkroniseeritakse ERPLY lao tellimused ERPLY Booksi:\u00a0\u00a0<\/span><\/p>\n<p><img loading=\"lazy\" decoding=\"async\" class=\"alignnone size-full wp-image-30028\" src=\"https:\/\/www.erplybooks.com\/wp-content\/uploads\/2023\/04\/Screenshot-2023-04-03-at-10.22.59.png\" alt=\"\" width=\"260\" height=\"35\" \/><\/p>\n<p><span style=\"font-weight: 400;\">Peale reegli aktiveerimist salvesta muudatused ning logi kontolt v\u00e4lja ja seej\u00e4rel tagasi sisse.<\/span><\/p>\n<p><span style=\"text-decoration: underline;\"><strong>Protsessi kirjeldus<\/strong><\/span><\/p>\n<p><span style=\"font-weight: 400;\">Kui tellimus on ERPLY laost ERPLY Booksi s\u00fcnkroniseeritud, <\/span><span style=\"font-weight: 400;\">siis saab laekumise ERPLY Booksis siduda tellimusega ja laekumine liigub automaatselt ERPLY lattu tellimuse k\u00fclge.\u00a0<\/span><\/p>\n<p><b>Oluline on j\u00e4lgida, et ERPLY laos ei m\u00e4rgitaks tellimust enne arveks kui ERPLY Booksis on tellimusel laekumine k\u00fcljes, sest ainult siis liigub laekumine automaatselt arve k\u00fclge.\u00a0<\/b><span style=\"font-weight: 400;\">Vastasel juhul (kui vajutada enne laos tellimus arveks kui laekumine on k\u00fcljes) tekitab see olukorra, kus laekumine on k\u00fcljes ainult tellimusel, mitte arvel. <\/span><\/p>\n<p><span style=\"font-weight: 400;\">Kui aga protsessi \u00f5iges j\u00e4rjekorras teha, siis liigub arve koos laekumisega uuesti ERPLY Booksi tagasi.\u00a0<\/span><\/p>\n<p>&nbsp;<\/p>\n<h2>Laekumise viis vastavalt valuutale<\/h2>\n<p>Kui soovid, et laekumise viis valitakse vastavalt valuutale, siis on v\u00f5imalik selle jaoks lisada erireegel\u00a0<b>\u2018\u2019M\u00e4\u00e4ra parameetrid ERPLY s\u00fcnk jaoks\u2019\u2019<\/b>\u00a0alla<\/p>\n<p>1. Ava pealehelt \u2018<strong>\u2019M\u00e4\u00e4ra parameetrid ERPLY s\u00fcnk jaoks\u2019\u2019<\/strong><\/p>\n<p>2. Lisa uus rida:<\/p>\n<p><b>Reegel<\/b>: PARAM_REPLACE_PAYMENT_TYPE<\/p>\n<ul>\n<li><b>Value<\/b>: lao makse t\u00fc\u00fcbi id<\/li>\n<li><b>AlternativeValue<\/b>: valuuta (nt EUR, SEK)<\/li>\n<li><b>AlternativeValue2<\/b>: kirjuta siia lao makse t\u00fc\u00fcbi id<\/li>\n<li><b>AlternativeValue3<\/b>: kirjeldus<\/li>\n<li><b>AlternativeValue4<\/b>: kui \u2018\u2019true\u2019\u2019, siis asendatakse see peamise valuutaga<\/li>\n<\/ul>\n<p>3. Salvesta ja logi kontolt v\u00e4lja ning tagasi sisse<\/p>\n<p>&nbsp;<\/p>\n<h3 style=\"text-align: justify;\">Raha tagastamine<\/h3>\n<p style=\"text-align: justify;\">Raha saab tagastada j\u00e4rgmistest tehingutest:<\/p>\n<ul style=\"text-align: justify;\">\n<li>arve eest raha tagastamine:\n<ul>\n<li>(pangaimpordis) kuna programm arvab, et v\u00e4ljaminek v\u00f5iks olla seotud ostuarvega v\u00f5i muu kulu\/laenumakse vms tehinguga, siis ta vaikimisi ei paku sidumisv\u00f5imalust m\u00fc\u00fcgiarvega. Selle jaoks vali pangaimpordis paremal \u00fclal t\u00fc\u00fcbiks <strong>\u201cM\u00fc\u00fcgiarve\u201d<\/strong>. Sealt lingi analoogselt arvega nagu tavap\u00e4rases pangaimpordis (kui arve eest on t\u00e4issummas makstud, siis tema n\u00e4gemiseks vali\u00a0<strong>\u201cMilliseid n\u00e4idata\u201d<\/strong> v\u00e4ljalt <strong>\u201cN\u00e4ita k\u00f5iki\u201d<\/strong>).<\/li>\n<li>(kui on mittepangast laekumine) mine laekumata arved, otsi arve \u00fcles (kui arve eest on t\u00e4issummas makstud, siis tema n\u00e4gemiseks vali\u00a0<strong>\u201cMilliseid n\u00e4idata\u201d<\/strong> v\u00e4ljalt <strong>\u201cN\u00e4ita k\u00f5iki\u201d<\/strong>)<\/li>\n<\/ul>\n<\/li>\n<li>ettemaksu tagastamine (ei ole seotud tellimuse\/ettemaksuarvega):\n<ul>\n<li>mine laekumata arved, lisa ettemaks kliendile negatiivse summaga (pangaimpordis tehingut ei toetata);<\/li>\n<li><strong>NB:<\/strong> kui tagastad raha juba kasutatud ettemaksu\/tellimuse eest, siis tuleb toimida j\u00e4rgnevalt:\n<ul>\n<li>juhul kui ERPLY pani kogu \u00fclej\u00e4\u00e4nud summa loodud arvele, siis tuleb arvele negatiivne laekumine panna;<\/li>\n<li>kui ERPLY j\u00e4ttis ettemaksu ettemaksuarvele, siis tuleb ERPLY\u2019s minna ettemaksuarve peale ja vajutada lisa laekumine ning lisa sealt negatiivne laekumine.<\/li>\n<li>kui ERPLY tegi makse kaheks ning \u00fclej\u00e4\u00e4nud ettemaks pole \u00fchegi dokumendiga seotud, siis v\u00f5id toimida ka Books&#8217;is &#8211; lisada laekumata arvete alt negatiivse ettemaksu.<\/li>\n<\/ul>\n<\/li>\n<li>raha tagastamine ettemaksuaarve\/tellimuse eest:\n<ul>\n<li>ERPLY Books tehingut ei toeta, mine lao poole peal tellimuse peale ja lisa negatiivne makse.<\/li>\n<\/ul>\n<\/li>\n<li>ettemaksu t\u00f5stmine arvelt kliendile\n<ul>\n<li>Kui on tekkinud olukord, et arve on \u00fclemakstud (arvel on ettemakse), siis saad selle t\u00f5sta kliendi ettemaksuks, et sellega katta tema teisi laekumata arveid. Selleks eemalda arvelt ettemaks (lisaarvele vastavas summas negatiivne laekumine) ja seej\u00e4rel lisa ettemakse kliendile (Lisa ainult kliendile positiivne laekumine. Seda saad teha, kui oled maksmata arvete all ja vajuta nupule <strong>&#8220;Lisa makse&#8221;<\/strong> ilma et oleks \u00fchtegi arvet eelnevalt m\u00e4rkinud).<\/li>\n<\/ul>\n<\/li>\n<\/ul>\n<\/li>\n<\/ul>\n<p>&nbsp;<\/p>\n<h3 style=\"text-align: justify;\">Ostu-m\u00fc\u00fcgiarvete tasaarveldamine<\/h3>\n<p style=\"text-align: justify;\">Otsi ERPLY Books&#8217;i pealehelt <strong>\u201cTasaarvelda ostu-m\u00fc\u00fcgiarveid\u201d<\/strong>. Sealt vali tasaarveldamise kuup\u00e4ev, vali seej\u00e4rel m\u00fc\u00fcgiarved, seej\u00e4rel ostuarved ja kinnita tulemust.<\/p>\n<p style=\"text-align: justify;\"><strong>NB:<\/strong> Selline kasutusjuht on tarvilik olukorras, kus esitad tasaarveldamise taotluse oma klient-hankijale. Kui nemad esitavad Sulle tasaarvelduse ettepaneku ja see ei vasta sellele, mis ERPLY Books automaatselt koostaks, siis pane nimetatud arvetele k\u00e4sitsi peale laekumised tasaarveldamise kontole (nii ostu- kui m\u00fc\u00fcgiarvetele).<\/p>\n<p>&nbsp;<\/p>\n<h3 style=\"text-align: justify;\">M\u00fc\u00fcgiarve &#8211; kreeditarve tasaarveldamine<\/h3>\n<p style=\"text-align: justify;\">Mine laekumata arved, lisa laekumine tasaarvelduse kontole m\u00fc\u00fcgiarvele ja analoogselt (kuid negatiivse summaga) kreeditarvele.<\/p>\n","protected":false},"excerpt":{"rendered":"<p>Laekumiste haldamine ERPLY kasutajatele &nbsp; K\u00e4esolev juhend tutvustab\u00a0ERPLY kasutajatele, kuidas toimub laekumiste haldamine ERPLY Books&#8217;is.\u00a0V\u00e4lja on toodud k\u00f5ik erinevad v\u00f5imalused, kuidas klientidega saab arveldada. &nbsp; Pangalaekumine arvete eest Kui klient maksab arve eest pangas, siis pangaimpordis vali makse, vali makset\u00fc\u00fcbiks &#8220;M\u00fc\u00fcgiarve&#8221; ja vajuta \u201cOtsi arve(d), mis tasuti&#8221;. Avaneb uus aken, kust vali arved ja vajuta [&hellip;]<\/p>\n","protected":false},"author":1,"featured_media":0,"parent":3312,"menu_order":35,"comment_status":"closed","ping_status":"closed","template":"","meta":{"_et_pb_use_builder":"","_et_pb_old_content":"","_et_gb_content_width":"","footnotes":""},"categories":[455],"tags":[55,541,503,946],"class_list":["post-2085","page","type-page","status-publish","hentry","category-maksed-ja-ettemaksed","tag-erply","tag-haldamine","tag-kasutaja","tag-laekumine"],"_links":{"self":[{"href":"https:\/\/www.erplybooks.com\/et\/wp-json\/wp\/v2\/pages\/2085","targetHints":{"allow":["GET"]}}],"collection":[{"href":"https:\/\/www.erplybooks.com\/et\/wp-json\/wp\/v2\/pages"}],"about":[{"href":"https:\/\/www.erplybooks.com\/et\/wp-json\/wp\/v2\/types\/page"}],"author":[{"embeddable":true,"href":"https:\/\/www.erplybooks.com\/et\/wp-json\/wp\/v2\/users\/1"}],"replies":[{"embeddable":true,"href":"https:\/\/www.erplybooks.com\/et\/wp-json\/wp\/v2\/comments?post=2085"}],"version-history":[{"count":0,"href":"https:\/\/www.erplybooks.com\/et\/wp-json\/wp\/v2\/pages\/2085\/revisions"}],"up":[{"embeddable":true,"href":"https:\/\/www.erplybooks.com\/et\/wp-json\/wp\/v2\/pages\/3312"}],"wp:attachment":[{"href":"https:\/\/www.erplybooks.com\/et\/wp-json\/wp\/v2\/media?parent=2085"}],"wp:term":[{"taxonomy":"category","embeddable":true,"href":"https:\/\/www.erplybooks.com\/et\/wp-json\/wp\/v2\/categories?post=2085"},{"taxonomy":"post_tag","embeddable":true,"href":"https:\/\/www.erplybooks.com\/et\/wp-json\/wp\/v2\/tags?post=2085"}],"curies":[{"name":"wp","href":"https:\/\/api.w.org\/{rel}","templated":true}]}}