{"id":2082,"date":"2016-10-12T19:04:24","date_gmt":"2016-10-12T19:04:24","guid":{"rendered":"http:\/\/www.erplybooks.com\/?page_id=2082"},"modified":"2023-07-06T06:59:18","modified_gmt":"2023-07-06T06:59:18","slug":"kaibedeklaratsiooni-lisa","status":"publish","type":"page","link":"https:\/\/www.erplybooks.com\/et\/juhendid\/kaibedeklaratsiooni-lisa\/","title":{"rendered":"K\u00e4ibedeklaratsiooni lisa (KMD Lisa) ERPLY raamatupidamise abil"},"content":{"rendered":"<p>J\u00e4rgnevas\u00a0videos n\u00e4eme, kuidas k\u00e4ib k\u00e4ibedeklaratsiooni lisa (KMD Lisa) esitamine ERPLY raamatupidamise abil.<\/p>\n<p><iframe loading=\"lazy\" title=\"KMD Lisa ERPLY raamatupidamine abil\" width=\"1080\" height=\"608\" src=\"https:\/\/www.youtube.com\/embed\/nePhP5Nh0o4?feature=oembed\"  allow=\"accelerometer; autoplay; clipboard-write; encrypted-media; gyroscope; picture-in-picture\" allowfullscreen><\/iframe><\/p>\n<p>Eelnevas videos on v\u00e4lja toodud, et on lisaks olemas ka \u00fcks video arvete importimise koht. Siin see on:<\/p>\n<p><iframe loading=\"lazy\" title=\"How to import initial balances to ERPLY Accounting\" width=\"1080\" height=\"608\" src=\"https:\/\/www.youtube.com\/embed\/_vnTNXCDS5E?feature=oembed\"  allow=\"accelerometer; autoplay; clipboard-write; encrypted-media; gyroscope; picture-in-picture\" allowfullscreen><\/iframe><\/p>\n","protected":false},"excerpt":{"rendered":"<p>J\u00e4rgnevas\u00a0videos n\u00e4eme, kuidas k\u00e4ib k\u00e4ibedeklaratsiooni lisa (KMD Lisa) esitamine ERPLY raamatupidamise abil. Eelnevas videos on v\u00e4lja toodud, et on lisaks olemas ka \u00fcks video arvete importimise koht. Siin see on:<\/p>\n","protected":false},"author":1,"featured_media":0,"parent":3312,"menu_order":33,"comment_status":"closed","ping_status":"closed","template":"","meta":{"_et_pb_use_builder":"","_et_pb_old_content":"","_et_gb_content_width":"","footnotes":""},"categories":[458],"tags":[81,99,463,846],"class_list":["post-2082","page","type-page","status-publish","hentry","category-kaibemaks","tag-kaibedeklaratsioon","tag-kmd","tag-lisa","tag-raamatupidamistarkvara"],"_links":{"self":[{"href":"https:\/\/www.erplybooks.com\/et\/wp-json\/wp\/v2\/pages\/2082","targetHints":{"allow":["GET"]}}],"collection":[{"href":"https:\/\/www.erplybooks.com\/et\/wp-json\/wp\/v2\/pages"}],"about":[{"href":"https:\/\/www.erplybooks.com\/et\/wp-json\/wp\/v2\/types\/page"}],"author":[{"embeddable":true,"href":"https:\/\/www.erplybooks.com\/et\/wp-json\/wp\/v2\/users\/1"}],"replies":[{"embeddable":true,"href":"https:\/\/www.erplybooks.com\/et\/wp-json\/wp\/v2\/comments?post=2082"}],"version-history":[{"count":0,"href":"https:\/\/www.erplybooks.com\/et\/wp-json\/wp\/v2\/pages\/2082\/revisions"}],"up":[{"embeddable":true,"href":"https:\/\/www.erplybooks.com\/et\/wp-json\/wp\/v2\/pages\/3312"}],"wp:attachment":[{"href":"https:\/\/www.erplybooks.com\/et\/wp-json\/wp\/v2\/media?parent=2082"}],"wp:term":[{"taxonomy":"category","embeddable":true,"href":"https:\/\/www.erplybooks.com\/et\/wp-json\/wp\/v2\/categories?post=2082"},{"taxonomy":"post_tag","embeddable":true,"href":"https:\/\/www.erplybooks.com\/et\/wp-json\/wp\/v2\/tags?post=2082"}],"curies":[{"name":"wp","href":"https:\/\/api.w.org\/{rel}","templated":true}]}}