{"id":20765,"date":"2021-03-17T11:37:48","date_gmt":"2021-03-17T11:37:48","guid":{"rendered":"https:\/\/www.erplybooks.com\/?page_id=20765"},"modified":"2026-04-28T11:32:11","modified_gmt":"2026-04-28T11:32:11","slug":"tellimuse-lopetamine","status":"publish","type":"page","link":"https:\/\/www.erplybooks.com\/et\/tellimuse-lopetamine\/","title":{"rendered":"Tellimuse l\u00f5petamine"},"content":{"rendered":"<h1>Tellimuse l\u00f5petamine<\/h1>\n<p>&nbsp;<\/p>\n<p><span style=\"font-weight: 400;\">Tellimuse l\u00f5petamine ERPLY Books&#8217;is toimib j\u00e4rgenevate sammude abil:<\/span><span style=\"font-weight: 400;\"><br \/>\n<\/span><\/p>\n<p><span style=\"font-weight: 400;\">1. Ava <a href=\"https:\/\/accounting.erply.com\/\">tarkvaras<\/a>\u00a0<\/span><b>\u201cS\u00e4tted\u201d &gt; \u201cHinnakiri\u201d <\/b>ja vali <b>\u201cL\u00f5peta tellimine\u201d.<\/b> Peale seda tuleb teile kinnituskiri e-mailile, mille kinnitamisel vahetub konto tasuta paketile.<\/p>\n<p><img loading=\"lazy\" decoding=\"async\" class=\"alignnone wp-image-20785 size-medium\" src=\"https:\/\/www.erplybooks.com\/wp-content\/uploads\/2021\/03\/Screen-Shot-2021-03-17-at-13.02.16-1-179x300.png\" alt=\"tellimuse l\u00f5petamine\" width=\"179\" height=\"300\" srcset=\"https:\/\/www.erplybooks.com\/wp-content\/uploads\/2021\/03\/Screen-Shot-2021-03-17-at-13.02.16-1-179x300.png 179w, https:\/\/www.erplybooks.com\/wp-content\/uploads\/2021\/03\/Screen-Shot-2021-03-17-at-13.02.16-1.png 256w\" sizes=\"auto, (max-width: 179px) 100vw, 179px\" \/><\/p>\n<p><img loading=\"lazy\" decoding=\"async\" class=\"size-full wp-image-20774 alignnone\" src=\"https:\/\/www.erplybooks.com\/wp-content\/uploads\/2021\/03\/Screen-Shot-2021-03-17-at-13.03.28.png\" alt=\"\" width=\"382\" height=\"94\" srcset=\"https:\/\/www.erplybooks.com\/wp-content\/uploads\/2021\/03\/Screen-Shot-2021-03-17-at-13.03.28.png 382w, https:\/\/www.erplybooks.com\/wp-content\/uploads\/2021\/03\/Screen-Shot-2021-03-17-at-13.03.28-300x74.png 300w\" sizes=\"auto, (max-width: 382px) 100vw, 382px\" \/><\/p>\n<p>&nbsp;<\/p>\n<p><span style=\"font-weight: 400;\">2.Peale seda lisa tugikasutaja. Ava <b>\u201cS\u00e4tted\u201d &gt; \u201c\u00dcldised s\u00e4tted\u201d<\/b>\u00a0 ja vajuta sinist nuppu <b>\u201cLisa tugikasutaja\u201d<\/b>. Sellega annad Books&#8217;ile juurdep\u00e4\u00e4su ja saame Sinu ettev\u00f5tte \u00e4ra kustutada.<\/span><\/p>\n<p>&nbsp;<\/p>\n<p><img loading=\"lazy\" decoding=\"async\" class=\"alignnone size-full wp-image-20767\" src=\"https:\/\/www.erplybooks.com\/wp-content\/uploads\/2021\/03\/Screen-Shot-2021-03-17-at-13.05.16.png\" alt=\"\" width=\"322\" height=\"50\" srcset=\"https:\/\/www.erplybooks.com\/wp-content\/uploads\/2021\/03\/Screen-Shot-2021-03-17-at-13.05.16.png 322w, https:\/\/www.erplybooks.com\/wp-content\/uploads\/2021\/03\/Screen-Shot-2021-03-17-at-13.05.16-300x47.png 300w\" sizes=\"auto, (max-width: 322px) 100vw, 322px\" \/><\/p>\n<p><span style=\"font-weight: 400;\">3. Ava <\/span><b>\u201cS\u00e4tted\u201d &gt; \u201cFirma andmed\u201d<\/b><span style=\"font-weight: 400;\">. Lisa ettev\u00f5tte nime l\u00f5ppu \u201c<\/span><b>Kustutada\u201d <\/b><span style=\"font-weight: 400;\">ja salvesta.<\/span><\/p>\n<p>4. <span style=\"font-weight: 400;\">Ava\u00a0<\/span><b>\u201cS\u00e4tted\u201d &gt; \u201cHinnakiri\u201d<\/b><span style=\"font-weight: 400;\">. Keri alla ja vali\u00a0<\/span><b>\u201cEemalda volitus\u201d<\/b><\/p>\n<p>&nbsp;<\/p>\n<p><span style=\"font-weight: 400;\">Kui Sul on hinnakirjas <\/span><b>Maksemeetod: \u201cErilahendus\u201d<\/b><span style=\"font-weight: 400;\"> , siis palun v\u00f5ta \u00fchendust meie kasutajatoega <\/span><a href=\"mailto:support@erplybooks.com\"><span style=\"font-weight: 400;\">support@erplybooks.com<\/span><\/a><span style=\"font-weight: 400;\"> ja lisa samuti tugikasutaja oma ettev\u00f5ttesse, et Books saaks Sinu ettev\u00f5tte kustutada.<\/span><\/p>\n","protected":false},"excerpt":{"rendered":"<p>Tellimuse l\u00f5petamine &nbsp; Tellimuse l\u00f5petamine ERPLY Books&#8217;is toimib j\u00e4rgenevate sammude abil: 1. Ava tarkvaras\u00a0\u201cS\u00e4tted\u201d &gt; \u201cHinnakiri\u201d ja vali \u201cL\u00f5peta tellimine\u201d. Peale seda tuleb teile kinnituskiri e-mailile, mille kinnitamisel vahetub konto tasuta paketile. &nbsp; 2.Peale seda lisa tugikasutaja. Ava \u201cS\u00e4tted\u201d &gt; \u201c\u00dcldised s\u00e4tted\u201d\u00a0 ja vajuta sinist nuppu \u201cLisa tugikasutaja\u201d. Sellega annad Books&#8217;ile juurdep\u00e4\u00e4su ja saame Sinu [&hellip;]<\/p>\n","protected":false},"author":14,"featured_media":0,"parent":0,"menu_order":0,"comment_status":"closed","ping_status":"closed","template":"","meta":{"_et_pb_use_builder":"","_et_pb_old_content":"","_et_gb_content_width":"","footnotes":""},"categories":[450],"tags":[897,193],"class_list":["post-20765","page","type-page","status-publish","hentry","category-seadistused","tag-lopetamine","tag-tellimus"],"_links":{"self":[{"href":"https:\/\/www.erplybooks.com\/et\/wp-json\/wp\/v2\/pages\/20765","targetHints":{"allow":["GET"]}}],"collection":[{"href":"https:\/\/www.erplybooks.com\/et\/wp-json\/wp\/v2\/pages"}],"about":[{"href":"https:\/\/www.erplybooks.com\/et\/wp-json\/wp\/v2\/types\/page"}],"author":[{"embeddable":true,"href":"https:\/\/www.erplybooks.com\/et\/wp-json\/wp\/v2\/users\/14"}],"replies":[{"embeddable":true,"href":"https:\/\/www.erplybooks.com\/et\/wp-json\/wp\/v2\/comments?post=20765"}],"version-history":[{"count":0,"href":"https:\/\/www.erplybooks.com\/et\/wp-json\/wp\/v2\/pages\/20765\/revisions"}],"wp:attachment":[{"href":"https:\/\/www.erplybooks.com\/et\/wp-json\/wp\/v2\/media?parent=20765"}],"wp:term":[{"taxonomy":"category","embeddable":true,"href":"https:\/\/www.erplybooks.com\/et\/wp-json\/wp\/v2\/categories?post=20765"},{"taxonomy":"post_tag","embeddable":true,"href":"https:\/\/www.erplybooks.com\/et\/wp-json\/wp\/v2\/tags?post=20765"}],"curies":[{"name":"wp","href":"https:\/\/api.w.org\/{rel}","templated":true}]}}