{"id":2069,"date":"2016-10-12T18:57:02","date_gmt":"2016-10-12T18:57:02","guid":{"rendered":"http:\/\/www.erplybooks.com\/?page_id=2069"},"modified":"2023-07-06T06:59:49","modified_gmt":"2023-07-06T06:59:49","slug":"laekumata-arvete-meeldetuletused","status":"publish","type":"page","link":"https:\/\/www.erplybooks.com\/et\/juhendid\/laekumata-arvete-meeldetuletused\/","title":{"rendered":"Laekumata arvete meeldetuletused"},"content":{"rendered":"<h1>Laekumata arvete meeldetuletused<\/h1>\n<p>&nbsp;<\/p>\n<p style=\"text-align: justify;\">Laekumata arvete meeldetuletused klientidele v\u00f5ivad olla raamatupidaja jaoks \u00fcsna aegan\u00f5udvad.\u00a0ERPLY Books on suutnud selle protsessi olulisel m\u00e4\u00e4ral automatiseerida ning meeldetuletuste saatmine ei n\u00f5ua enam nii palju raamatupidaja aega. Nii saab ettev\u00f5te keskenduda rohkem oma p\u00f5hitegevusele!<\/p>\n<p style=\"text-align: justify;\">ERPLY Books on mooduli v\u00e4ljat\u00f6\u00f6tamisel silmas pidanud mitmeid praktilisi lahendusi. N\u00e4iteks k\u00f5ikidele v\u00f5lgnejatele korraga meeldetuletuse saatmine ning v\u00f5lgnejate eristamine kuup\u00e4evade, projektide v\u00f5i klientide alusel. J\u00e4rgima peab vaid j\u00e4rgnevaid etappe ning ajakulu on minimaalne.<\/p>\n<p>&nbsp;<\/p>\n<h3 style=\"text-align: justify;\">\u00dcle t\u00e4htaja v\u00f5lad<\/h3>\n<p style=\"text-align: justify;\">Esimese asjana peab \u00fcles leidma \u00fcle t\u00e4htaja olevad arved. Parim viis nende leidmiseks on minna Books&#8217;is\u00a0<strong>&#8220;M\u00fc\u00fck&#8221;<\/strong>\u00a0&gt;<strong>\u00a0&#8220;Kliendi raport&#8221;<\/strong>.<\/p>\n<p style=\"text-align: justify;\">Vajutades \u201c<strong>Kliendi raportile<\/strong>\u201d avaneb \u201c<strong>\u00dcle t\u00e4htaja v\u00f5lad (m\u00fc\u00fck)<\/strong>\u201d moodul. Seal on v\u00e4lja toodud k\u00f5ik arved, mille tasumise kuup\u00e4ev on l\u00e4inud \u00fcle t\u00e4htaja. Vajadusel saab arvete loetelu spetsiifilisemaks teha &#8211; n\u00e4iteks saab eraldada arved kuup\u00e4evade, kliendi nime v\u00f5i projekti j\u00e4rgi.<\/p>\n<p style=\"text-align: justify;\"><img loading=\"lazy\" decoding=\"async\" class=\"alignnone wp-image-5529\" src=\"https:\/\/www.erplybooks.com\/wp-content\/uploads\/2016\/10\/Capture94-300x162.png\" alt=\"Laekumata arvete meeldetuletused\" width=\"900\" height=\"486\" srcset=\"https:\/\/www.erplybooks.com\/wp-content\/uploads\/2016\/10\/Capture94-300x162.png 300w, https:\/\/www.erplybooks.com\/wp-content\/uploads\/2016\/10\/Capture94.png 1302w\" sizes=\"auto, (max-width: 900px) 100vw, 900px\" \/><\/p>\n<p>&nbsp;<\/p>\n<p style=\"text-align: justify;\"><strong>K\u00f5igepealt tuleb m\u00e4rgistada kliendid, kellega soovitakse edasi tegeleda. <\/strong>Selle jaoks tuleb arvete ette lisada \u201clinnuke\u201d.<\/p>\n<p style=\"text-align: justify;\">Alamen\u00fc\u00fcst saab valida j\u00e4rgnevate variantide vahel:<\/p>\n<p style=\"text-align: justify;\">E-mail, PDF, Excel, CSV. Kui eksportida vastavad arved PDF formaati, siis avaneb v\u00f5imalus kogu \u00fcle t\u00e4htaja v\u00f5lgade raport v\u00e4lja printida. Valides E-maili, on v\u00f5imalik see raport kerge vaevaga edasi saata ning Exceli ja CSV eksport t\u00e4hendab seda, et raport laetakse arvutisse vastavates formaatides (xlsx v\u00f5i csv).<\/p>\n<p>&nbsp;<\/p>\n<p style=\"text-align: justify;\">Vajutades<strong>\u00a0Prindi &amp; Saada<\/strong> avaneb rippmen\u00fc\u00fc, mille valikud on j\u00e4rgnevalt pildilt n\u00e4ha:<\/p>\n<p style=\"text-align: justify;\"><img loading=\"lazy\" decoding=\"async\" class=\"alignnone wp-image-5530\" src=\"https:\/\/www.erplybooks.com\/wp-content\/uploads\/2016\/10\/Capture95-300x161.png\" alt=\"Laekumata arvete meeldetuletused\" width=\"926\" height=\"497\" srcset=\"https:\/\/www.erplybooks.com\/wp-content\/uploads\/2016\/10\/Capture95-300x161.png 300w, https:\/\/www.erplybooks.com\/wp-content\/uploads\/2016\/10\/Capture95-768x412.png 768w, https:\/\/www.erplybooks.com\/wp-content\/uploads\/2016\/10\/Capture95-1024x550.png 1024w, https:\/\/www.erplybooks.com\/wp-content\/uploads\/2016\/10\/Capture95.png 1304w\" sizes=\"auto, (max-width: 926px) 100vw, 926px\" \/><\/p>\n<p>&nbsp;<\/p>\n<p style=\"text-align: justify;\"><img loading=\"lazy\" decoding=\"async\" class=\"alignnone wp-image-2072\" src=\"https:\/\/www.erplybooks.com\/wp-content\/uploads\/2016\/10\/i.png\" alt=\"i\" width=\"25\" height=\"25\" \/>\u00a0&#8211; Klikkides n\u00e4idatud lingile on v\u00f5imalik avanenud aknas k\u00f5iki kliendiga seotud andmeid ( n\u00e4iteks \u00fcldandmed, kontaktandmed ja pangaandmed ) lisada ning muuta.<\/p>\n<p style=\"text-align: justify;\">\u00a0<img loading=\"lazy\" decoding=\"async\" class=\"alignnone wp-image-2073\" src=\"https:\/\/www.erplybooks.com\/wp-content\/uploads\/2016\/10\/phone.png\" alt=\"phone\" width=\"25\" height=\"25\" \/>\u00a0&#8211; Klikkides vastavale ikoonile, kuvab programm ekraanile kliendi telefoninumbri koos v\u00f5imalusega lisada k\u00f5ne kohta m\u00e4rkmeid. N\u00e4iteks klient vastas\/ei vastanud, klient lubas koheselt \u00e4ra maksta\/n\u00e4dala jooksul \u00e4ra maksta;<\/p>\n<p style=\"text-align: justify;\"><img loading=\"lazy\" decoding=\"async\" class=\"alignnone wp-image-2074\" src=\"https:\/\/www.erplybooks.com\/wp-content\/uploads\/2016\/10\/envelope.png\" alt=\"envelope\" width=\"25\" height=\"25\" \/>\u00a0&#8211; Klikkides n\u00e4idatud \u00fcmbriku peale, saab kliendile saata konkreetse saldoteatise\/meeldetuletuse. E-mailide saatmiseks peavad klientide e-mailide aadressid olema sisestatud ERPLY Books\u2019i. Lihtsaim viis on vajutades arve ees olevale \u201c<strong>i<\/strong>\u201d ikoonile. Kui Books&#8217;is pole kliendile lisatud e-maili aadressi, pakub programm lahenduseks saldoteatise\/meeldetuletuse v\u00e4lja printida, et see postiga saata.<\/p>\n","protected":false},"excerpt":{"rendered":"<p>Laekumata arvete meeldetuletused &nbsp; Laekumata arvete meeldetuletused klientidele v\u00f5ivad olla raamatupidaja jaoks \u00fcsna aegan\u00f5udvad.\u00a0ERPLY Books on suutnud selle protsessi olulisel m\u00e4\u00e4ral automatiseerida ning meeldetuletuste saatmine ei n\u00f5ua enam nii palju raamatupidaja aega. Nii saab ettev\u00f5te keskenduda rohkem oma p\u00f5hitegevusele! ERPLY Books on mooduli v\u00e4ljat\u00f6\u00f6tamisel silmas pidanud mitmeid praktilisi lahendusi. N\u00e4iteks k\u00f5ikidele v\u00f5lgnejatele korraga meeldetuletuse saatmine [&hellip;]<\/p>\n","protected":false},"author":1,"featured_media":0,"parent":3312,"menu_order":34,"comment_status":"closed","ping_status":"closed","template":"","meta":{"_et_pb_use_builder":"","_et_pb_old_content":"","_et_gb_content_width":"","footnotes":""},"categories":[453],"tags":[29,944,945],"class_list":["post-2069","page","type-page","status-publish","hentry","category-nouded-ja-volad","tag-arved","tag-laekumata","tag-meeldetuletus"],"_links":{"self":[{"href":"https:\/\/www.erplybooks.com\/et\/wp-json\/wp\/v2\/pages\/2069","targetHints":{"allow":["GET"]}}],"collection":[{"href":"https:\/\/www.erplybooks.com\/et\/wp-json\/wp\/v2\/pages"}],"about":[{"href":"https:\/\/www.erplybooks.com\/et\/wp-json\/wp\/v2\/types\/page"}],"author":[{"embeddable":true,"href":"https:\/\/www.erplybooks.com\/et\/wp-json\/wp\/v2\/users\/1"}],"replies":[{"embeddable":true,"href":"https:\/\/www.erplybooks.com\/et\/wp-json\/wp\/v2\/comments?post=2069"}],"version-history":[{"count":0,"href":"https:\/\/www.erplybooks.com\/et\/wp-json\/wp\/v2\/pages\/2069\/revisions"}],"up":[{"embeddable":true,"href":"https:\/\/www.erplybooks.com\/et\/wp-json\/wp\/v2\/pages\/3312"}],"wp:attachment":[{"href":"https:\/\/www.erplybooks.com\/et\/wp-json\/wp\/v2\/media?parent=2069"}],"wp:term":[{"taxonomy":"category","embeddable":true,"href":"https:\/\/www.erplybooks.com\/et\/wp-json\/wp\/v2\/categories?post=2069"},{"taxonomy":"post_tag","embeddable":true,"href":"https:\/\/www.erplybooks.com\/et\/wp-json\/wp\/v2\/tags?post=2069"}],"curies":[{"name":"wp","href":"https:\/\/api.w.org\/{rel}","templated":true}]}}