{"id":20634,"date":"2021-03-10T10:31:26","date_gmt":"2021-03-10T10:31:26","guid":{"rendered":"https:\/\/www.erplybooks.com\/?page_id=20634"},"modified":"2023-07-05T07:48:09","modified_gmt":"2023-07-05T07:48:09","slug":"woocommerce-integratsioon","status":"publish","type":"page","link":"https:\/\/www.erplybooks.com\/et\/woocommerce-integratsioon\/","title":{"rendered":"WooCommerce integratsioon"},"content":{"rendered":"<h1>WooCommerce integratsioon<\/h1>\n<p>&nbsp;<\/p>\n<p>Erply Books\u2019i ja WooCommerce integratsioon v\u00f5imaldab s\u00fcnkroniseerida tellimusi, kliente ja tooteid ERPLY Books\u2019i ja h\u00f5lpsasti hallata toodete tellimisprotsessi ERPLY Books\u2019is.<\/p>\n<p>&nbsp;<\/p>\n<h3>Kuidas integratsioon toimib?<\/h3>\n<p>&nbsp;<\/p>\n<p>ERPLY Books on lihtsasti kasutatav, kuid sealjuures v\u00e4ga v\u00f5imas raamatupidamistarkvara. M\u00fc\u00fces oma tooteid l\u00e4bi WooCommerce <a href=\"https:\/\/woocommerce.com\/\">platvormi<\/a>, saad lihtsalt hallata makseid, krediitkaardi makseid ja koostada tellimustest m\u00fc\u00fcgiarved ERPLY Books\u2019is. WooCommerce integratsioon on m\u00f5eldud kliendile, kes ei vaja ladu, kuid saab hallata tellimisprotsessi ja teha ka kogu \u00fclej\u00e4\u00e4nud raamatupidamise ERPLY Books\u2019is.<\/p>\n<p><strong>K\u00f5ik e-poe tellimused n\u00e4evad v\u00e4lja j\u00e4rgnevalt:<\/strong><\/p>\n<ul>\n<li style=\"font-weight: 400;\" aria-level=\"1\"><span style=\"font-weight: 400;\">(WooCommerce) Klient soovib midagi ja j\u00f5uab kodulehele &#8211; k\u00f5ik tooted k\u00e4ivad l\u00e4bi WooCommerce-i, ehk ERPLY Books v\u00f5tab tooted WooCommerce-st mitte vastupidi<\/span><\/li>\n<li style=\"font-weight: 400;\" aria-level=\"1\"><span style=\"font-weight: 400;\">(WooCommerce) klient kinnitab tellimuse<\/span><\/li>\n<li style=\"font-weight: 400;\" aria-level=\"1\"><span style=\"font-weight: 400;\">(WooCommerce, ERPLY Books) J\u00e4rgmiseks ootame laekumist. Kui klient maksab l\u00e4bi WooCommerce-i krediitkaardiga, siis haldab laekumist WooCommerce. Kui klient maksab panga\u00fclekandega, siis saab seda hallata l\u00e4bi pangaimpordi ERPLY Books\u2019is<\/span><\/li>\n<li style=\"font-weight: 400;\" aria-level=\"1\"><span style=\"font-weight: 400;\">(ERPLY Books) Kui tellimus on laekunud, saab kaubad pakkida\/teenus osutada ja tellimusest arve luua. Selle jaoks saab ERPLY Books\u2019is v\u00e4lja v\u00f5tta tellimused, mis on makstud, kuid millest pole arvet koostatud<\/span><\/li>\n<li style=\"font-weight: 400;\" aria-level=\"1\"><span style=\"font-weight: 400;\">(ERPLY Books) Kui kliendil on pretensioone jm j\u00e4relp\u00e4rimist, saab neid tehinguid j\u00e4lgida puhtalt ERPLY Books\u2019is &#8211; koostada arvest kreeditarve, tagastada raha jne.<\/span><\/li>\n<li style=\"font-weight: 400;\" aria-level=\"1\"><span style=\"font-weight: 400;\">(ERPLY Books) Kui tellimus ei laekugi, siis saab selle Books\u2019i poolel t\u00fchistada (muuta staatus eba\u00f5nnestunuks)<\/span><\/li>\n<\/ul>\n<p>&nbsp;<\/p>\n<h3><span style=\"font-weight: 400;\">Kuidas \u00fchendada?<\/span><\/h3>\n<p>&nbsp;<\/p>\n<p><span style=\"text-decoration: underline;\"><strong>NB! Kui kasutad Erply lao integratsiooni, siis tuleb WooCommerce \u00fchendus luua l\u00e4bi Erply lao.\u00a0<\/strong><\/span><\/p>\n<p>Kui ERPLY Books ja WooCommerce on kasutusvalmis, siis tuleb luua \u00fchendus nende vahel.<\/p>\n<p>Esmalt logi WooCommerce. Ava s\u00e4tted <em>(Settings)<\/em> ja lisa uus <strong>API token<\/strong> ERPLY Books\u2019i jaoks. <strong>\u201cSettings\u201d<\/strong>\u00a0alt tuleb selleks valida kas <strong>\u201cAPI\u201d<\/strong> v\u00f5i <strong>\u201cAdvanced\u201d <\/strong>(olenevalt versioonist):<\/p>\n<ol>\n<li><strong>\u201cAPI\u201d <\/strong>puhul\u00a0tee linnuke <strong>\u201cEnable the REST API\u201d<\/strong> ette<\/li>\n<li><strong>\u201cAdvanced\u201d <\/strong>puhul\u00a0vali\u00a0<strong>\u201cREST API\u201d <\/strong>ja vajuta\u00a0<strong>\u201cAdd key\u201d<\/strong><\/li>\n<\/ol>\n<p>N\u00fc\u00fcd saad luua uue v\u00f5tme. T\u00e4ida j\u00e4rgnevad kolm lahtrit: lisa kirjeldus <em>(n\u00e4iteks ERPLY Books)<\/em>, vali kasutaja, <strong>\u201cPermission<\/strong>\u201d lahtrisse vali \u201cRead \/ Write\u201d. Seej\u00e4rel vajuta nuppu <strong>\u201cGenerate API Key\u201d\u00a0<\/strong>ja Sulle moodustakse turvav\u00f5ti <em>(Consumer key)<\/em> ja salav\u00f5ti <em>(Consumer secret)<\/em>.<\/p>\n<p>Seej\u00e4rel logi sisse ERPLY Books\u2019i:<\/p>\n<ol>\n<li>Uue konto loomiseks mine <b>\u201cRMP\u201d &gt; \u201cKontoplaan\u201d<\/b> ja vajuta all paremal nurgas <b>\u201c+\u201d<\/b> nuppu. Seej\u00e4rel loo kontod erinevate laekumiste viiside jaoks (nt PayPal. Stripe, Maksekeskus jne).<\/li>\n<li>Kui soovid tellimused s\u00fcnkida arvetena, siis kirjuta pealehe otsingu lahtrisse <b>\u201cGlobaalsed Atribuudid\u201d<\/b>. Avanenud moodulis vajuta <b>\u201c+ Lisa\u201d <\/b>ning nime lahtrisse sisesta <b>\u201cGLOBAL_WOOCOMMERCE_SYNC_AS_INVOICE\u201d<\/b> ja v\u00e4\u00e4rtuse lahtrisse <b>\u201ctrue\u201d\u00a0<\/b>ja salvesta.<\/li>\n<li>N\u00fc\u00fcd kopeeri ja kleebi need m\u00e4rgis\u00fcmbolid ERPLY Books\u2019i. Ava <b>\u201cS\u00e4tted\u201d &gt; \u201cIntegratsioonid\u201d\u00a0 <\/b>ja vajuta WooCommerce ikooni taga olevat nuppu <b>\u201cHalda\u201d.\u00a0<\/b>Avanenud aknasse kleepige Woocomerce turvav\u00f5ti, salav\u00f5ti ja API link. Seej\u00e4rel salvesta.&nbsp;\n<p><img loading=\"lazy\" decoding=\"async\" class=\"alignnone wp-image-20649 \" src=\"https:\/\/www.erplybooks.com\/wp-content\/uploads\/2021\/03\/Screen-Shot-2021-03-10-at-14.14.43.png\" alt=\"\" width=\"602\" height=\"272\" srcset=\"https:\/\/www.erplybooks.com\/wp-content\/uploads\/2021\/03\/Screen-Shot-2021-03-10-at-14.14.43.png 752w, https:\/\/www.erplybooks.com\/wp-content\/uploads\/2021\/03\/Screen-Shot-2021-03-10-at-14.14.43-300x136.png 300w\" sizes=\"auto, (max-width: 602px) 100vw, 602px\" \/><\/li>\n<li>Peale integratsiooni loomist mine\u00a0 <b>\u201cS\u00e4tted\u201d &gt; \u201cAlgandmed\u201d &gt; \u201cS\u00fcsteemikontod\u201d<\/b>. Avanenud aknas on n\u00e4ha s\u00fcsteemikonto t\u00fc\u00fcbid, kus on ka WooCommerce oma. Seal tuleb vahetada konto number vastavalt sellele, kuhu klient soovib, et laekumine tuleks. Seej\u00e4rel vajutage all paremas nurgas rohelist salvestamise ikooni.<\/li>\n<li>Juhul kui tellimus on WooCommerce&#8217;st\u00a0kustutatud, siis see tuleb k\u00e4sitsi ka Books\u2019is \u00e4ra kustutada.<\/li>\n<li><span style=\"font-weight: 400;\">Automaatse s\u00fcnkroniseerimise jaoks muuda tarkvara keel inglise keelseks. Seej\u00e4rel pane pealehel otsingu lahtrisse <\/span><b>\u201cAutomatic sync for integrations\u201d<\/b><span style=\"font-weight: 400;\">. Vajuta <\/span><b>\u201c+ Add\u201d<\/b><span style=\"font-weight: 400;\">, lisa soovitud nimi <\/span><b>\u201cName\u201d<\/b><span style=\"font-weight: 400;\"> lahtrisse, <\/span><b>\u201cType\u201d<\/b><span style=\"font-weight: 400;\"> lahtrisse vali <\/span><b>\u201cWooCommerce\u201d<\/b><span style=\"font-weight: 400;\">. Lahtrisse <\/span><b>\u201cAlignment\u201d<\/b><span style=\"font-weight: 400;\"> (j\u00e4rjekord), kirjuta, mis tunnil soovid, et s\u00fcnkroniseerimine toimuks. Arvestus toimub Iirimaa aja j\u00e4rgi ja s\u00fcnkroniseerimine toimub Eesti aja j\u00e4rgi 2h hiljem (kella keeramisel 1h hiljem). Seega kui m\u00e4\u00e4rad ajaks n\u00e4iteks kell 23.00, siis s\u00fcnkroniseerimine toimub 01.00 \u00f6\u00f6sel. <\/span><b>\u201cHow many hours\u201d<\/b><span style=\"font-weight: 400;\"> lahtrisse kirjuta, mitu tundi tagasi soovid s\u00fcnkroniseerida. N\u00e4iteks, kui soovid, et tarkvara s\u00fcnkroniseeriks alati viimased 3 p\u00e4eva, siis kirjuta lahtrisse \u201c72\u201d. <\/span><\/li>\n<\/ol>\n<p>&nbsp;<\/p>\n<h3><span style=\"font-weight: 400;\">Kuidas s\u00fcnkroniseerida?<\/span><\/h3>\n<p>&nbsp;<\/p>\n<p>Ava ERPLY Books\u2019is <b>\u201cS\u00e4tted\u201d &gt; \u201cIntegratsioonid\u201d <\/b>ja vajuta Woocommerce ikooni taga olevat nuppu <b>\u201cS\u00fcnkroniseeri\u201d. <\/b>Seej\u00e4rel saad valida perioodi, mida s\u00fcnkroniseerida soovid.<\/p>\n<h3><\/h3>\n<h3><span style=\"font-weight: 400;\">Mida s\u00fcnkroniseeritakse?<\/span><\/h3>\n<p>&nbsp;<\/p>\n<p>Woocommerce\u2019st s\u00fcnkroniseeritakse tellimused. Tellimused on v\u00f5imalik ka arvetena s\u00fcnkroniseerida.<\/p>\n<p>Tellimustel ja arvetel on k\u00f5ik vajalik informatsioon:<\/p>\n<ul>\n<li>klientide andmete uuendused<\/li>\n<li>tellimuste \/ arvete uuendused<\/li>\n<li>k\u00f5ik toote read<\/li>\n<\/ul>\n<p>Kui Sa soovid, et tellimused s\u00fcnkroniseeritakse arvetena, siis lisa selleks ERPLY Books\u2019i globaalne parameeter: GLOBAL_WOOCOMMERCE_SYNC_AS_INVOICE<br \/>\nTr\u00fcki pealehe otsingukasti <strong>\u201cGlobaalsed Atribuudid\u201d<\/strong>, lisa nime lahtrisse see parameeter, v\u00e4\u00e4rtuse lahtrisse kirjuta <strong>\u201ctrue\u201d<\/strong> ning salvesta.<\/p>\n<p>&nbsp;<\/p>\n<p><img loading=\"lazy\" decoding=\"async\" class=\"alignnone wp-image-20642\" src=\"https:\/\/www.erplybooks.com\/wp-content\/uploads\/2021\/03\/Screen-Shot-2021-03-10-at-12.33.44.png\" alt=\"\" width=\"327\" height=\"70\" \/>\u00a0 \u00a0 \u00a0 \u00a0 \u00a0 \u00a0 \u00a0 \u00a0 \u00a0 \u00a0 \u00a0 \u00a0 \u00a0 \u00a0 \u00a0 \u00a0 \u00a0 \u00a0 \u00a0 \u00a0 \u00a0 \u00a0 \u00a0 \u00a0 \u00a0 \u00a0 \u00a0 \u00a0 \u00a0 \u00a0 \u00a0\u00a0<img loading=\"lazy\" decoding=\"async\" class=\"alignnone wp-image-20635\" src=\"https:\/\/www.erplybooks.com\/wp-content\/uploads\/2021\/03\/Screen-Shot-2021-03-10-at-12.32.28.png\" alt=\"\" width=\"286\" height=\"80\" \/><\/p>\n","protected":false},"excerpt":{"rendered":"<p>WooCommerce integratsioon &nbsp; Erply Books\u2019i ja WooCommerce integratsioon v\u00f5imaldab s\u00fcnkroniseerida tellimusi, kliente ja tooteid ERPLY Books\u2019i ja h\u00f5lpsasti hallata toodete tellimisprotsessi ERPLY Books\u2019is. &nbsp; Kuidas integratsioon toimib? &nbsp; ERPLY Books on lihtsasti kasutatav, kuid sealjuures v\u00e4ga v\u00f5imas raamatupidamistarkvara. M\u00fc\u00fces oma tooteid l\u00e4bi WooCommerce platvormi, saad lihtsalt hallata makseid, krediitkaardi makseid ja koostada tellimustest m\u00fc\u00fcgiarved ERPLY [&hellip;]<\/p>\n","protected":false},"author":14,"featured_media":0,"parent":0,"menu_order":0,"comment_status":"closed","ping_status":"closed","template":"","meta":{"_et_pb_use_builder":"","_et_pb_old_content":"","_et_gb_content_width":"","footnotes":""},"categories":[459],"tags":[750,758],"class_list":["post-20634","page","type-page","status-publish","hentry","category-integratsioonid","tag-integratsioon-2","tag-woocommerce-2"],"_links":{"self":[{"href":"https:\/\/www.erplybooks.com\/et\/wp-json\/wp\/v2\/pages\/20634","targetHints":{"allow":["GET"]}}],"collection":[{"href":"https:\/\/www.erplybooks.com\/et\/wp-json\/wp\/v2\/pages"}],"about":[{"href":"https:\/\/www.erplybooks.com\/et\/wp-json\/wp\/v2\/types\/page"}],"author":[{"embeddable":true,"href":"https:\/\/www.erplybooks.com\/et\/wp-json\/wp\/v2\/users\/14"}],"replies":[{"embeddable":true,"href":"https:\/\/www.erplybooks.com\/et\/wp-json\/wp\/v2\/comments?post=20634"}],"version-history":[{"count":0,"href":"https:\/\/www.erplybooks.com\/et\/wp-json\/wp\/v2\/pages\/20634\/revisions"}],"wp:attachment":[{"href":"https:\/\/www.erplybooks.com\/et\/wp-json\/wp\/v2\/media?parent=20634"}],"wp:term":[{"taxonomy":"category","embeddable":true,"href":"https:\/\/www.erplybooks.com\/et\/wp-json\/wp\/v2\/categories?post=20634"},{"taxonomy":"post_tag","embeddable":true,"href":"https:\/\/www.erplybooks.com\/et\/wp-json\/wp\/v2\/tags?post=20634"}],"curies":[{"name":"wp","href":"https:\/\/api.w.org\/{rel}","templated":true}]}}