{"id":2062,"date":"2016-10-12T18:45:21","date_gmt":"2016-10-12T15:45:21","guid":{"rendered":"http:\/\/www.erplybooks.com\/?page_id=2062"},"modified":"2026-03-25T07:59:32","modified_gmt":"2026-03-25T07:59:32","slug":"massmuudatuste-tegemine","status":"publish","type":"page","link":"https:\/\/www.erplybooks.com\/et\/juhendid\/massmuudatuste-tegemine\/","title":{"rendered":"Massmuudatuste tegemine"},"content":{"rendered":"<div id=\"action-panel-details\" class=\"action-panel-content yt-uix-expander yt-card yt-card-has-padding yt-uix-expander-collapsed\">\n<div id=\"watch-description\" class=\"yt-uix-button-panel\">\n<div id=\"watch-description-content\">\n<div id=\"watch-description-clip\">\n<div id=\"watch-description-text\" class=\"\">\n<h1>Massmuudatuste tegemine<\/h1>\n<p><strong>NB! See juhend n\u00e4itab aegunud funktsionaalsust. Uuemates versioonides toetatakse vaikimisi hulgiredigeerimise v\u00f5imalust <a href=\"https:\/\/www.erplybooks.com\/et\/andmete-muutmine-aruandegeneraatoris\/\">aruandegeneraatori <\/a>kaudu.<\/strong><\/p>\n<p>&nbsp;<\/p>\n<p id=\"eow-description\" class=\"\">J\u00e4rgnev video n\u00e4itab, kui lihtne on massmuudatuste tegemine ERPLY finantsis. Vaata l\u00e4hemalt, kui lihtne on muuta\/parandada mitut kannet\/arvet ja palju muid tegevusi korraga ERPLY finantsis.<\/p>\n<p><iframe loading=\"lazy\" title=\"Massmuudatuste tegemine ERPLY finantsis\" width=\"1080\" height=\"608\" src=\"https:\/\/www.youtube.com\/embed\/-wmLwA4wo2I?feature=oembed\"  allow=\"accelerometer; autoplay; clipboard-write; encrypted-media; gyroscope; picture-in-picture; web-share\" referrerpolicy=\"strict-origin-when-cross-origin\" allowfullscreen><\/iframe><\/p>\n<p class=\"\">K\u00fcsimuste korral kirjuta meile\u00a0<a href=\"mailto:info@erplybooks.com\">info@erplybooks.com<\/a>.<\/p>\n<\/div>\n<\/div>\n<\/div>\n<\/div>\n<\/div>\n","protected":false},"excerpt":{"rendered":"<p>Massmuudatuste tegemine NB! See juhend n\u00e4itab aegunud funktsionaalsust. Uuemates versioonides toetatakse vaikimisi hulgiredigeerimise v\u00f5imalust aruandegeneraatori kaudu. &nbsp; J\u00e4rgnev video n\u00e4itab, kui lihtne on massmuudatuste tegemine ERPLY finantsis. Vaata l\u00e4hemalt, kui lihtne on muuta\/parandada mitut kannet\/arvet ja palju muid tegevusi korraga ERPLY finantsis. K\u00fcsimuste korral kirjuta meile\u00a0info@erplybooks.com.<\/p>\n","protected":false},"author":1,"featured_media":0,"parent":3312,"menu_order":46,"comment_status":"closed","ping_status":"closed","template":"","meta":{"_et_pb_use_builder":"","_et_pb_old_content":"","_et_gb_content_width":"","footnotes":""},"categories":[460],"tags":[783],"class_list":["post-2062","page","type-page","status-publish","hentry","category-vigade-parandus","tag-muudatused"],"_links":{"self":[{"href":"https:\/\/www.erplybooks.com\/et\/wp-json\/wp\/v2\/pages\/2062","targetHints":{"allow":["GET"]}}],"collection":[{"href":"https:\/\/www.erplybooks.com\/et\/wp-json\/wp\/v2\/pages"}],"about":[{"href":"https:\/\/www.erplybooks.com\/et\/wp-json\/wp\/v2\/types\/page"}],"author":[{"embeddable":true,"href":"https:\/\/www.erplybooks.com\/et\/wp-json\/wp\/v2\/users\/1"}],"replies":[{"embeddable":true,"href":"https:\/\/www.erplybooks.com\/et\/wp-json\/wp\/v2\/comments?post=2062"}],"version-history":[{"count":0,"href":"https:\/\/www.erplybooks.com\/et\/wp-json\/wp\/v2\/pages\/2062\/revisions"}],"up":[{"embeddable":true,"href":"https:\/\/www.erplybooks.com\/et\/wp-json\/wp\/v2\/pages\/3312"}],"wp:attachment":[{"href":"https:\/\/www.erplybooks.com\/et\/wp-json\/wp\/v2\/media?parent=2062"}],"wp:term":[{"taxonomy":"category","embeddable":true,"href":"https:\/\/www.erplybooks.com\/et\/wp-json\/wp\/v2\/categories?post=2062"},{"taxonomy":"post_tag","embeddable":true,"href":"https:\/\/www.erplybooks.com\/et\/wp-json\/wp\/v2\/tags?post=2062"}],"curies":[{"name":"wp","href":"https:\/\/api.w.org\/{rel}","templated":true}]}}