{"id":19129,"date":"2020-11-11T11:49:25","date_gmt":"2020-11-11T11:49:25","guid":{"rendered":"http:\/\/www.erplybooks.com\/?page_id=19129"},"modified":"2026-02-04T10:55:14","modified_gmt":"2026-02-04T10:55:14","slug":"erply-ladu-integratsioon","status":"publish","type":"page","link":"https:\/\/www.erplybooks.com\/et\/erply-ladu-integratsioon\/","title":{"rendered":"ERPLY LADU INTEGRATSIOON"},"content":{"rendered":"<h1>ERPLY Ladu integratsioon<\/h1>\r\n<p>&nbsp;<\/p>\r\n<p><strong>Juhul, kui juhendi abil ERPLY lao seadistamine ei \u00f5nnestu v\u00f5i tekib k\u00fcsimusi, siis meiepoolne konsultatsioon v\u00f5i juurutus on tasuline teenus 75EUR\/h+KM. Vastava sooviga palume p\u00f6\u00f6rduda support@erplybooks.com.<\/strong><\/p>\r\n<p>&nbsp;<\/p>\r\n<p><a href=\"https:\/\/www.erplybooks.com\/et\/uhenduse-loomine\/\">1. \u00dchenduse loomine<\/a><a style=\"font-size: inherit;\" href=\"https:\/\/www.erplybooks.com\/et\/raamatupidamiskanded\/\"><br class=\"mobile-break\" \/><br \/>2. Raamatupidamiskanded<\/a><a style=\"font-size: inherit;\" href=\"https:\/\/www.erplybooks.com\/et\/mis-tehinguid-sunkroniseeritakse\/\"><br class=\"mobile-break\" \/><br \/>3. Mis tehinguid s\u00fcnkroniseeritakse?<\/a><a style=\"font-size: inherit;\" href=\"https:\/\/www.erplybooks.com\/et\/algandmete-sunkroniseerimine\/\"><br class=\"mobile-break\" \/><br \/>4. Algandmete s\u00fcnkroniseerimine<\/a><a style=\"font-size: inherit;\" href=\"https:\/\/www.erplybooks.com\/et\/raamatupidamiskontode-seadistamine\/\"><br class=\"mobile-break\" \/><br \/>5. Raamatupidamiskontode seadistamine<\/a><a style=\"font-size: inherit;\" href=\"https:\/\/www.erplybooks.com\/et\/juhendid\/dimensioonid-erply-laost\/\"><br class=\"mobile-break\" \/><br \/>6. Dimensioonid<\/a><a style=\"font-size: inherit;\" href=\"https:\/\/www.erplybooks.com\/et\/muud-voimalused\/\"><br class=\"mobile-break\" \/><br \/>7. Lisav\u00f5imalused<\/a><a style=\"font-size: inherit;\" href=\"https:\/\/www.erplybooks.com\/et\/sularahatehingud\/\"><br class=\"mobile-break\" \/><br \/>8. Sularaha tehingud<\/a><a style=\"font-size: inherit;\" href=\"https:\/\/www.erplybooks.com\/et\/kannete-ja-tehingute-kuupaevad\/\"><br class=\"mobile-break\" \/><br \/>9. Kannete ja tehingute kuup\u00e4evad<\/a><a style=\"font-size: inherit;\" href=\"https:\/\/www.erplybooks.com\/et\/automaatne-sunkroniseerimine\/\"><br class=\"mobile-break\" \/><br \/>10. Automaatne s\u00fcnkroniseerimine<\/a><a style=\"font-size: inherit;\" href=\"https:\/\/www.erplybooks.com\/et\/kasitsi-sunkroniseerimine\/\"><br class=\"mobile-break\" \/><br \/>11. K\u00e4sitsi s\u00fcnkroniseerimine<\/a><a style=\"font-size: inherit;\" href=\"https:\/\/www.erplybooks.com\/et\/esimene-sunkroniseerimine\/\"> <br class=\"mobile-break\" \/><br \/>12. Esimene s\u00fcnkroniseerimine<\/a><a style=\"font-size: inherit;\" href=\"https:\/\/www.erplybooks.com\/et\/laovaartuste-kontroll\/\"> <br class=\"mobile-break\" \/><br \/>13. Laov\u00e4\u00e4rtuse kontroll<\/a><a style=\"font-size: inherit;\" href=\"https:\/\/www.erplybooks.com\/et\/uued-andmed-ja-tingimused\/\"> <br class=\"mobile-break\" \/><br \/>14. Uued andmed ja tingimused<\/a><a style=\"font-size: inherit;\" href=\"https:\/\/www.erplybooks.com\/et\/lao-kontode-seadistamine\/\"> <br class=\"mobile-break\" \/><br \/>15. Lao kontode seadistamine<\/a><a style=\"font-size: inherit;\" href=\"https:\/\/www.erplybooks.com\/et\/lao-kontode-seadistamine\/\"> <br class=\"mobile-break\" \/><br \/><\/a><a href=\"https:\/\/www.erplybooks.com\/et\/juhendid\/lao-vahekonto\/\">16. Lao vahekonto\u00a0<\/a><a style=\"font-size: inherit;\" href=\"https:\/\/www.erplybooks.com\/et\/raamatupidamiskanded\/\"> <br class=\"mobile-break\" \/><br \/><\/a><a href=\"https:\/\/www.erplybooks.com\/et\/juhendid\/lao-korrigeerimiskonto\/\">17. Lao korrigeerimiskonto<\/a><a style=\"font-size: inherit;\" href=\"https:\/\/www.erplybooks.com\/et\/raamatupidamiskanded\/\"><br \/><\/a><a href=\"https:\/\/www.erplybooks.com\/et\/juhendid\/veateadete-haldamine-erply-lao-sunkroniseerimisel\/\">18. Veateadete haldamine Erply lao s\u00fcnkroniseerimisel<\/a><\/p>\r\n<p><a href=\"https:\/\/www.erplybooks.com\/et\/laoga-seotud-protsesside-kajastamine-saatelehtedena\/\">19. Laoga seotud protsesside kajastamine saatelehtedena\u00a0<\/a><\/p>\r\n<p><a href=\"https:\/\/www.erplybooks.com\/et\/ostuarvete-sunkroniseerimine-booksist-erplyi-lattu\/\">20. Ostuarvete s\u00fcnkroniseerimine Books&#8217;ist ERPLY&#8217;i lattu\u00a0<\/a><\/p>\r\n<p>&nbsp;<\/p>\r\n<p>&nbsp;<\/p>\r\n<p>&nbsp;<\/p>\r\n<p>&nbsp;<\/p>\r\n<p>&nbsp;<\/p>\r\n\r\n<p>&nbsp;<\/p>\r\n","protected":false},"excerpt":{"rendered":"<p>ERPLY Ladu integratsioon &nbsp; Juhul, kui juhendi abil ERPLY lao seadistamine ei \u00f5nnestu v\u00f5i tekib k\u00fcsimusi, siis meiepoolne konsultatsioon v\u00f5i juurutus on tasuline teenus 75EUR\/h+KM. Vastava sooviga palume p\u00f6\u00f6rduda support@erplybooks.com. &nbsp; 1. \u00dchenduse loomine2. Raamatupidamiskanded3. Mis tehinguid s\u00fcnkroniseeritakse?4. Algandmete s\u00fcnkroniseerimine5. Raamatupidamiskontode seadistamine6. Dimensioonid7. Lisav\u00f5imalused8. Sularaha tehingud9. Kannete ja tehingute kuup\u00e4evad10. Automaatne s\u00fcnkroniseerimine11. K\u00e4sitsi s\u00fcnkroniseerimine 12. [&hellip;]<\/p>\n","protected":false},"author":13,"featured_media":0,"parent":0,"menu_order":0,"comment_status":"closed","ping_status":"closed","template":"","meta":{"_et_pb_use_builder":"","_et_pb_old_content":"","_et_gb_content_width":"","footnotes":""},"categories":[459],"tags":[750,85,113],"class_list":["post-19129","page","type-page","status-publish","hentry","category-integratsioonid","tag-integratsioon-2","tag-kassa","tag-ladu"],"_links":{"self":[{"href":"https:\/\/www.erplybooks.com\/et\/wp-json\/wp\/v2\/pages\/19129","targetHints":{"allow":["GET"]}}],"collection":[{"href":"https:\/\/www.erplybooks.com\/et\/wp-json\/wp\/v2\/pages"}],"about":[{"href":"https:\/\/www.erplybooks.com\/et\/wp-json\/wp\/v2\/types\/page"}],"author":[{"embeddable":true,"href":"https:\/\/www.erplybooks.com\/et\/wp-json\/wp\/v2\/users\/13"}],"replies":[{"embeddable":true,"href":"https:\/\/www.erplybooks.com\/et\/wp-json\/wp\/v2\/comments?post=19129"}],"version-history":[{"count":0,"href":"https:\/\/www.erplybooks.com\/et\/wp-json\/wp\/v2\/pages\/19129\/revisions"}],"wp:attachment":[{"href":"https:\/\/www.erplybooks.com\/et\/wp-json\/wp\/v2\/media?parent=19129"}],"wp:term":[{"taxonomy":"category","embeddable":true,"href":"https:\/\/www.erplybooks.com\/et\/wp-json\/wp\/v2\/categories?post=19129"},{"taxonomy":"post_tag","embeddable":true,"href":"https:\/\/www.erplybooks.com\/et\/wp-json\/wp\/v2\/tags?post=19129"}],"curies":[{"name":"wp","href":"https:\/\/api.w.org\/{rel}","templated":true}]}}