{"id":19115,"date":"2020-11-10T17:07:53","date_gmt":"2020-11-10T17:07:53","guid":{"rendered":"http:\/\/www.erplybooks.com\/?page_id=19115"},"modified":"2026-02-04T12:51:20","modified_gmt":"2026-02-04T12:51:20","slug":"laovaartuste-kontroll","status":"publish","type":"page","link":"https:\/\/www.erplybooks.com\/et\/laovaartuste-kontroll\/","title":{"rendered":"Laov\u00e4\u00e4rtuste kontroll"},"content":{"rendered":"<h1>Laov\u00e4\u00e4rtuste kontroll<\/h1>\r\n<p>&nbsp;<\/p>\r\n<p><span style=\"font-weight: 400;\"><b>Laov\u00e4\u00e4rtus<\/b> = algsaldo + arvelev\u00f5tmine + ost &#8211; m\u00fc\u00fck &#8211; mahakandmine + lao liikumine sisse &#8211; lao liikumine v\u00e4lja<\/span><\/p>\r\n<ul>\r\n<li>laohind ostudokumentidelt<\/li>\r\n<li>lao sissetulekud<\/li>\r\n<li>ladudevahelised liikumised sisse<\/li>\r\n<li>ladudevahelised liikumised v\u00e4lja<\/li>\r\n<li>kaubakulu m\u00fc\u00fcgiarvetelt<\/li>\r\n<li>lao mahakandmised<\/li>\r\n<\/ul>\r\n<p>&nbsp;<\/p>\r\n<p><span style=\"font-weight: 400;\">K\u00f5ik need tehingud s\u00fcnkroniseeritakse ERPLY Books&#8217;i, kui seda soovid. Kaubakulu v\u00f5ib erineda, kui Sul FIFO hinnad muutuvad ajas. Sellest ja teistest p\u00f5hjustest tulenevalt tuleb laov\u00e4\u00e4rtuse korrektseks s\u00fcnkroniseerimiseks silmas pidada j\u00e4rgmist:<\/span><\/p>\r\n<ul>\r\n<li>Kui Sul on saatelehti, siis peab s\u00fcnkroniseerima saatelehti.<\/li>\r\n<li>S\u00fcnkroniseerima peab k\u00f5iki laotransaktsioone (mahakandmised, arvelev\u00f5tmised ja ladudevahelised liikumised).<\/li>\r\n<li>Kui Sul FIFO hinnad muutuvad pidevalt ja laoj\u00e4\u00e4k on m\u00fc\u00fcgi hetkel pidevalt negatiivne, kuna laokulu tekib tehtud m\u00fc\u00fcgitehingule hiljem (hetkel, kui lattu v\u00f5etakse kaubad arvele ja sellega tekib uuesti positiivne laoj\u00e4\u00e4k), siis v\u00f5ib s\u00fcnkroniseerimise hetkel kaubakulu olla null. Selle jaoks on v\u00f5imalik peale panna automaatse kaubakulu kontrollimise funktsioon, mis k\u00e4ib iga \u00f6\u00f6 kontrollimas, kas kaubakulu on muutunud 30 p\u00e4eva vanustel m\u00fc\u00fcgiarvetel. Kirjuta Pealehe otsingukasti <b>\u201cKaubakulude korrigeerija\u201d<\/b> ja lisa sinna rida 30 p\u00e4eva kohta. V\u00f5id lisada ka mitu rida, n\u00e4iteks 30, 60 ja 90 p\u00e4eva kohta. Seej\u00e4rel salvesta.<\/li>\r\n<\/ul>\r\n<h4><strong>NB! Kaubakulude korrigeerija t\u00f6\u00f6tab vaid juhul, kui perioodi ja dokumente ei lukustata.<\/strong><\/h4>\r\n<p><img loading=\"lazy\" decoding=\"async\" class=\"alignnone wp-image-5098\" src=\"https:\/\/www.erplybooks.com\/wp-content\/uploads\/2020\/11\/Screen-Shot-2020-10-08-at-14.30.40.png\" alt=\"Laov\u00e4\u00e4rtuste kontroll\" width=\"389\" height=\"190\" \/><\/p>\r\n<ul>\r\n<li>\u00c4ra muuda tooteid ERPLY&#8217;s laotoodetest mittelaotoodeteks \u2013 see v\u00f5ib tekitada vigu laov\u00e4\u00e4rtuse hindamisel.<\/li>\r\n<li>V\u00f5ta lisanduvate kulude arved ERPLY Books&#8217;is arvele korrektselt. Loe l\u00e4hemalt \u00fcldise kasutusjuhendi punktist 5.7.1.<\/li>\r\n<li>\u00c4ra kustuta vanu dokumente ERPLYs! Kuna laokande kuup\u00e4ev tekib dokumendi kinnitamise hetkel, siis vana dokumendi kustutamine ja uuega asendamine ajab laov\u00e4\u00e4rtused sassi.<\/li>\r\n<li>Kui ladudevaheline liikumine toimub hiljem kui selle m\u00fc\u00fck, siis m\u00fc\u00fcgiarve kinnitamise ja ladudevahelise liikumise vahelisel ajal on m\u00fc\u00fcgiarve kaubakulu null. Sellest tulenevalt tuleks j\u00e4lgida, et \u00fcheski laos ei l\u00e4heks laosaldo negatiivseks (olenemata, kas k\u00f5ikides ladudes olev saldo kokku on positiivne).<\/li>\r\n<\/ul>\r\n<p>&nbsp;<\/p>\r\n<p><span style=\"font-weight: 400;\">Kui laov\u00e4\u00e4rtusele (kontrollida saab n\u00e4iteks 30 p\u00e4eva vanu laov\u00e4\u00e4rtusi t\u00e4nu kaubakulu kontrollfunktsioonile) j\u00e4\u00e4b siiski m\u00e4rkimisv\u00e4\u00e4rne vahe sisse, siis kontrolli, ega Sa pole teinud korrigeerimiskandeid ERPLY Books&#8217;i. Kui siiski j\u00e4\u00e4b m\u00e4rkimisv\u00e4\u00e4rne vahe sisse, siis vii laov\u00e4\u00e4rtuste kontroll \u00fcle tehinguliikide haaval, et n\u00e4ha kust vahe tekib. Selle jaoks saad koostada aruandegeneraatoris j\u00e4rgmise aruande (v\u00e4ljundisse Kanded.T\u00fc\u00fcp, Pearaamat.Deebet, Pearaamat.Kreedit):<\/span><\/p>\r\n<p>&nbsp;<\/p>\r\n<p><img loading=\"lazy\" decoding=\"async\" class=\"alignnone wp-image-30561 size-full\" src=\"https:\/\/www.erplybooks.com\/wp-content\/uploads\/2023\/05\/Screenshot-2023-05-10-at-09.49.08.png\" alt=\"\" width=\"1610\" height=\"367\" srcset=\"https:\/\/www.erplybooks.com\/wp-content\/uploads\/2023\/05\/Screenshot-2023-05-10-at-09.49.08.png 1610w, https:\/\/www.erplybooks.com\/wp-content\/uploads\/2023\/05\/Screenshot-2023-05-10-at-09.49.08-1280x292.png 1280w, https:\/\/www.erplybooks.com\/wp-content\/uploads\/2023\/05\/Screenshot-2023-05-10-at-09.49.08-980x223.png 980w, https:\/\/www.erplybooks.com\/wp-content\/uploads\/2023\/05\/Screenshot-2023-05-10-at-09.49.08-480x109.png 480w\" sizes=\"auto, (min-width: 0px) and (max-width: 480px) 480px, (min-width: 481px) and (max-width: 980px) 980px, (min-width: 981px) and (max-width: 1280px) 1280px, (min-width: 1281px) 1610px, 100vw\" \/><\/p>\r\n<p>&nbsp;<\/p>\r\n<p><span style=\"font-weight: 400;\">V\u00f5rdluse saab teha j\u00e4rgmiselt:<\/span><\/p>\r\n<ul>\r\n<li>Ostuarvete deebetv\u00e4\u00e4rtus tuleb laos olevate ostude pealt (sisse summa).<\/li>\r\n<li>M\u00fc\u00fcgiarvete kreedit tuleb arvete kaubakulust (v\u00e4lja summa).<\/li>\r\n<li>K\u00e4sikannete deebet on arvelev\u00f5tmised ja ladudevahelised liikumised (sisse summa).<\/li>\r\n<li>K\u00e4sikannete kreedit on mahakandmised ja ladudevahelised liikumised (v\u00e4lja summa).<\/li>\r\n<\/ul>\r\n<p>&nbsp;<\/p>\r\n<p>Laov\u00e4\u00e4rtuste v\u00f5rdlemisel on abiks j\u00e4rgnev <a href=\"https:\/\/www.erplybooks.com\/wp-content\/uploads\/2017\/04\/Laov%C3%A4%C3%A4rtuse-kontroll.pdf\">skeem<\/a>.\u00a0<\/p>\r\n<p>Meiepoolne t\u00e4iendav laov\u00e4\u00e4rtuste anal\u00fc\u00fcs on lisatasu eest, mille hind on 75\u20ac\/h + KM.\u00a0<\/p>\r\n","protected":false},"excerpt":{"rendered":"<p>Laov\u00e4\u00e4rtuste kontroll &nbsp; Laov\u00e4\u00e4rtus = algsaldo + arvelev\u00f5tmine + ost &#8211; m\u00fc\u00fck &#8211; mahakandmine + lao liikumine sisse &#8211; lao liikumine v\u00e4lja laohind ostudokumentidelt lao sissetulekud ladudevahelised liikumised sisse ladudevahelised liikumised v\u00e4lja kaubakulu m\u00fc\u00fcgiarvetelt lao mahakandmised &nbsp; K\u00f5ik need tehingud s\u00fcnkroniseeritakse ERPLY Books&#8217;i, kui seda soovid. Kaubakulu v\u00f5ib erineda, kui Sul FIFO hinnad muutuvad ajas. [&hellip;]<\/p>\n","protected":false},"author":13,"featured_media":0,"parent":0,"menu_order":0,"comment_status":"closed","ping_status":"closed","template":"","meta":{"_et_pb_use_builder":"","_et_pb_old_content":"","_et_gb_content_width":"","footnotes":""},"categories":[460],"tags":[785,113,784],"class_list":["post-19115","page","type-page","status-publish","hentry","category-vigade-parandus","tag-kontroll","tag-ladu","tag-vaartus"],"_links":{"self":[{"href":"https:\/\/www.erplybooks.com\/et\/wp-json\/wp\/v2\/pages\/19115","targetHints":{"allow":["GET"]}}],"collection":[{"href":"https:\/\/www.erplybooks.com\/et\/wp-json\/wp\/v2\/pages"}],"about":[{"href":"https:\/\/www.erplybooks.com\/et\/wp-json\/wp\/v2\/types\/page"}],"author":[{"embeddable":true,"href":"https:\/\/www.erplybooks.com\/et\/wp-json\/wp\/v2\/users\/13"}],"replies":[{"embeddable":true,"href":"https:\/\/www.erplybooks.com\/et\/wp-json\/wp\/v2\/comments?post=19115"}],"version-history":[{"count":0,"href":"https:\/\/www.erplybooks.com\/et\/wp-json\/wp\/v2\/pages\/19115\/revisions"}],"wp:attachment":[{"href":"https:\/\/www.erplybooks.com\/et\/wp-json\/wp\/v2\/media?parent=19115"}],"wp:term":[{"taxonomy":"category","embeddable":true,"href":"https:\/\/www.erplybooks.com\/et\/wp-json\/wp\/v2\/categories?post=19115"},{"taxonomy":"post_tag","embeddable":true,"href":"https:\/\/www.erplybooks.com\/et\/wp-json\/wp\/v2\/tags?post=19115"}],"curies":[{"name":"wp","href":"https:\/\/api.w.org\/{rel}","templated":true}]}}