{"id":19101,"date":"2020-11-10T16:47:02","date_gmt":"2020-11-10T16:47:02","guid":{"rendered":"http:\/\/www.erplybooks.com\/?page_id=19101"},"modified":"2023-07-05T11:04:28","modified_gmt":"2023-07-05T11:04:28","slug":"esimene-sunkroniseerimine","status":"publish","type":"page","link":"https:\/\/www.erplybooks.com\/et\/esimene-sunkroniseerimine\/","title":{"rendered":"Esimene s\u00fcnkroniseerimine"},"content":{"rendered":"<h1>Esimene s\u00fcnkroniseerimine<\/h1>\n<p>&nbsp;<\/p>\n<p><span style=\"font-weight: 400;\">Esimene s\u00fcnkroniseerimine tuleb teha <span style=\"color: #0000ff;\"><strong>ALATI K\u00c4SITSI<\/strong>.<\/span><\/span><\/p>\n<h3>Kohustuslikud tingimused<\/h3>\n<p><span style=\"font-weight: 400;\">Enne s\u00fcnkroniseerimist peavad kindlasti olemas olema j\u00e4rgnevad seadistused:<\/span><\/p>\n<ul>\n<li><b>Kaubaartikkel<\/b> \u2013 \u201cS\u00e4tted\u201d &gt; \u201cERPLY Kassa &amp; Lao s\u00e4tted\u201d &gt; \u201cVali artikkel laoga seotud arvetele\u201d<\/li>\n<li><b>Teenusartikkel<\/b> \u2013 \u201cS\u00e4tted\u201d &gt; \u201cERPLY Kassa &amp; Lao s\u00e4tted\u201d &gt; \u201cVali artikkel teenusarvetele\u201d<\/li>\n<li><b>Ekspordi KM liik<\/b> \u2013 \u201cS\u00e4tted\u201d &gt; \u201cKM liigid\u201d<\/li>\n<li><b>Peamine KM liik<\/b> \u2013 \u201cS\u00e4tted\u201d &gt; \u201cKM liigid\u201d<\/li>\n<li><b>Ligip\u00e4\u00e4s ERPLY API&#8217;le<\/b> \u2013 selle saad m\u00e4\u00e4rata ERPLY Lao kasutaja\u00f5igustes<\/li>\n<\/ul>\n<p><span style=\"font-weight: 400;\">Kui oled kasutanud <a href=\"http:\/\/ee.erply.com\">ERPLY Ladu<\/a> pikemat aega, siis tasub enne esimest s\u00fcnkroniseerimist panna periood lukku, et varasemaid tehinguid mitte segada olemasolevatega. Selleks ava\u00a0<b>\u201cS\u00e4tted\u201d &gt; \u201c\u00dcldised s\u00e4tted\u201d &gt; \u201cPeriood lukustatud kuni\u201d<\/b> ja m\u00e4\u00e4ra lukustamise kuup\u00e4ev.<\/span><\/p>\n<p><span style=\"font-weight: 400;\">Kui Sul on palju andmeid (tuhandeid arveid), v\u00f5ib esimene s\u00fcnkroniseerimine v\u00f5tta aega \u00fcle tunni. Sellises olukorras ava s\u00fcnkroniseerimise moodul, vali lisav\u00f5imalused ja tee s\u00fcnkroniseerimine kolmes etapis. <\/span><\/p>\n<p><span style=\"font-weight: 400;\">S\u00fcnkroniseeri ainult:<\/span><\/p>\n<ol>\n<li>M\u00fc\u00fcgiarved ja oota v\u00e4hemalt \u00fcks tund.<\/li>\n<li>Ostuarved ja oota v\u00e4hemalt \u00fcks tund.<\/li>\n<li>Laekumised.<\/li>\n<\/ol>\n","protected":false},"excerpt":{"rendered":"<p>Esimene s\u00fcnkroniseerimine &nbsp; Esimene s\u00fcnkroniseerimine tuleb teha ALATI K\u00c4SITSI. Kohustuslikud tingimused Enne s\u00fcnkroniseerimist peavad kindlasti olemas olema j\u00e4rgnevad seadistused: Kaubaartikkel \u2013 \u201cS\u00e4tted\u201d &gt; \u201cERPLY Kassa &amp; Lao s\u00e4tted\u201d &gt; \u201cVali artikkel laoga seotud arvetele\u201d Teenusartikkel \u2013 \u201cS\u00e4tted\u201d &gt; \u201cERPLY Kassa &amp; Lao s\u00e4tted\u201d &gt; \u201cVali artikkel teenusarvetele\u201d Ekspordi KM liik \u2013 \u201cS\u00e4tted\u201d &gt; \u201cKM liigid\u201d [&hellip;]<\/p>\n","protected":false},"author":13,"featured_media":0,"parent":0,"menu_order":0,"comment_status":"closed","ping_status":"closed","template":"","meta":{"_et_pb_use_builder":"","_et_pb_old_content":"","_et_gb_content_width":"","footnotes":""},"categories":[449],"tags":[786],"class_list":["post-19101","page","type-page","status-publish","hentry","category-juhendid","tag-sunkroniseerimine"],"_links":{"self":[{"href":"https:\/\/www.erplybooks.com\/et\/wp-json\/wp\/v2\/pages\/19101","targetHints":{"allow":["GET"]}}],"collection":[{"href":"https:\/\/www.erplybooks.com\/et\/wp-json\/wp\/v2\/pages"}],"about":[{"href":"https:\/\/www.erplybooks.com\/et\/wp-json\/wp\/v2\/types\/page"}],"author":[{"embeddable":true,"href":"https:\/\/www.erplybooks.com\/et\/wp-json\/wp\/v2\/users\/13"}],"replies":[{"embeddable":true,"href":"https:\/\/www.erplybooks.com\/et\/wp-json\/wp\/v2\/comments?post=19101"}],"version-history":[{"count":0,"href":"https:\/\/www.erplybooks.com\/et\/wp-json\/wp\/v2\/pages\/19101\/revisions"}],"wp:attachment":[{"href":"https:\/\/www.erplybooks.com\/et\/wp-json\/wp\/v2\/media?parent=19101"}],"wp:term":[{"taxonomy":"category","embeddable":true,"href":"https:\/\/www.erplybooks.com\/et\/wp-json\/wp\/v2\/categories?post=19101"},{"taxonomy":"post_tag","embeddable":true,"href":"https:\/\/www.erplybooks.com\/et\/wp-json\/wp\/v2\/tags?post=19101"}],"curies":[{"name":"wp","href":"https:\/\/api.w.org\/{rel}","templated":true}]}}