{"id":19077,"date":"2020-11-10T16:25:13","date_gmt":"2020-11-10T16:25:13","guid":{"rendered":"http:\/\/www.erplybooks.com\/?page_id=19077"},"modified":"2023-07-11T07:31:57","modified_gmt":"2023-07-11T07:31:57","slug":"automaatne-sunkroniseerimine","status":"publish","type":"page","link":"https:\/\/www.erplybooks.com\/et\/automaatne-sunkroniseerimine\/","title":{"rendered":"Automaatne s\u00fcnkroniseerimine"},"content":{"rendered":"<h1>Automaatne s\u00fcnkroniseerimine<\/h1>\n<p>&nbsp;<\/p>\n<h3>Kellaaeg<\/h3>\n<p>&nbsp;<\/p>\n<p><span style=\"font-weight: 400;\">Vaikimisi toimub automaatne s\u00fcnkroniseerimine <a href=\"http:\/\/ee.erply.com\">ERPLYst<\/a> automaatselt \u00fcks kord p\u00e4evas, kuid seda on v\u00f5imalik seadistada ka n\u00e4iteks iga 10 minuti v\u00f5i tunni aja tagant.<\/span><\/p>\n<p>Selle seadistamiseks kirjuta pealehe otsingukasti <b> \u201cAutomaatne ERPLY<\/b> <strong>s\u00fcnkroniseerimine\u201d<\/strong>.<\/p>\n<p>&nbsp;<\/p>\n<p><img loading=\"lazy\" decoding=\"async\" class=\"alignnone wp-image-28214 size-full\" src=\"https:\/\/www.erplybooks.com\/wp-content\/uploads\/2022\/08\/image1-5.png\" alt=\"\" width=\"727\" height=\"223\" srcset=\"https:\/\/www.erplybooks.com\/wp-content\/uploads\/2022\/08\/image1-5.png 727w, https:\/\/www.erplybooks.com\/wp-content\/uploads\/2022\/08\/image1-5-480x147.png 480w\" sizes=\"auto, (min-width: 0px) and (max-width: 480px) 480px, (min-width: 481px) 727px, 100vw\" \/><\/p>\n<p>&nbsp;<\/p>\n<p>Avanenud moodulis vajuta\u00a0<b>\u201c+ Lisa\u201d<\/b> nuppu ja tekkinud uuele reale lisa:<\/p>\n<ul>\n<li><b>Nimi <\/b>&#8211; m\u00e4\u00e4ra ise<\/li>\n<li><strong>Hetkel aktiivne<\/strong>\u00a0&#8211; m\u00e4\u00e4ra\u00a0<b>\u201cJah\u201d<\/b><\/li>\n<li><b>J\u00e4rjekord<\/b>\u00a0 &#8211; Arvestus toimub UTC aja j\u00e4rgi ja s\u00fcnkimine toimub Eesti aja j\u00e4rgi 2h hiljem (kella keeramisel 1h). N\u00e4iteks kui paned 19, siis s\u00fcnkroniseerimine toimub 19:00 UTC ehk talvise Eesti aja j\u00e4rgi 21:00 ning suvise aja j\u00e4rgi 22:00.<\/li>\n<\/ul>\n<p>Peale andmete sisestamist vajuta\u00a0<strong>&#8220;Salvesta&#8221;<\/strong> nuppu. Siia moodulisse saad lisada ka mitu erinevat rida, millel on erinevad kellaajad.<\/p>\n<p><span style=\"font-weight: 400;\">Kui soovite, et automaatset s\u00fcnkroniseerimist ei toimuks, siis valige keskmiselt veerult <\/span><b>Jah<\/b><span style=\"font-weight: 400;\"> asemel <\/span><b>Ei<\/b><span style=\"font-weight: 400;\">.<\/span><\/p>\n<p>&nbsp;<\/p>\n<h3>Mida s\u00fcnkroniseeritakse?<\/h3>\n<p>&nbsp;<\/p>\n<p><span style=\"font-weight: 400;\">Iga j\u00e4rgmise s\u00fcnkroniseerimisega tuuakse Books&#8217;i \u00fcle k\u00f5ik ERPLY tehingutega tehtud <span style=\"color: #0000ff;\"><b>MUUDATUSED<\/b><\/span>, mida oled laos teinud peale eelmise s\u00fcnkroniseerimise hetke:<\/span><\/p>\n<p><b>Lisamised <\/b>&#8211; n\u00e4iteks lisad uue arve v\u00f5i laekumise<br \/>\n<b>Muudatused <\/b>&#8211; n\u00e4iteks muudad varasemat arvet v\u00f5i laekumist<br \/>\n<b>Kustutamised <\/b>&#8211; n\u00e4iteks kustutad varasema laekumise<\/p>\n<p><span style=\"font-weight: 400;\"><b>N\u00e4ide.<\/b> Kui Sa muudad varasema perioodi tehingut, siis ei pea varasemat perioodi t\u00e4ies ulatuses uuesti s\u00fcnkima. N\u00e4iteks kui muudad t\u00e4na \u00a001.03.2020 arvet <span style=\"font-weight: 400;\">ERPLY&#8217;s, siis ei ole vaja uuesti s\u00fcnkroniseerida kogu perioodi alates 01.03.2020, vaid j\u00e4rgmise s\u00fcnkroniseerimisega kajastatakse 01.03.2020 tehingu muudatus ERPLY Booksis.<\/span><\/span><\/p>\n<p><span style=\"font-weight: 400;\"><br \/>\n<span style=\"font-weight: 400;\">Kui soovid, et varasema perioodi muudatusi ei s\u00fcngitaks Books&#8217;i, siis saate Books&#8217;is andmed lukustada. Selleks ava\u00a0<b>\u201cS\u00e4tted\u201d &gt; \u201c\u00dcldised s\u00e4tted\u201d &gt; \u201cPeriood lukustatud kuni\u201d<\/b> ja m\u00e4\u00e4ra kuup\u00e4ev. See on vajalik n\u00e4iteks siis, kui oled eelmise majandusaasta l\u00f5petanud ja ei soovi sinna enam kajastada laos tehtud muudatusi.<\/span><br \/>\n<\/span><\/p>\n","protected":false},"excerpt":{"rendered":"<p>Automaatne s\u00fcnkroniseerimine &nbsp; Kellaaeg &nbsp; Vaikimisi toimub automaatne s\u00fcnkroniseerimine ERPLYst automaatselt \u00fcks kord p\u00e4evas, kuid seda on v\u00f5imalik seadistada ka n\u00e4iteks iga 10 minuti v\u00f5i tunni aja tagant. Selle seadistamiseks kirjuta pealehe otsingukasti \u201cAutomaatne ERPLY s\u00fcnkroniseerimine\u201d. &nbsp; &nbsp; Avanenud moodulis vajuta\u00a0\u201c+ Lisa\u201d nuppu ja tekkinud uuele reale lisa: Nimi &#8211; m\u00e4\u00e4ra ise Hetkel aktiivne\u00a0&#8211; m\u00e4\u00e4ra\u00a0\u201cJah\u201d [&hellip;]<\/p>\n","protected":false},"author":13,"featured_media":0,"parent":0,"menu_order":14,"comment_status":"closed","ping_status":"closed","template":"","meta":{"_et_pb_use_builder":"","_et_pb_old_content":"","_et_gb_content_width":"","footnotes":""},"categories":[450],"tags":[664,786],"class_list":["post-19077","page","type-page","status-publish","hentry","category-seadistused","tag-automaatne","tag-sunkroniseerimine"],"_links":{"self":[{"href":"https:\/\/www.erplybooks.com\/et\/wp-json\/wp\/v2\/pages\/19077","targetHints":{"allow":["GET"]}}],"collection":[{"href":"https:\/\/www.erplybooks.com\/et\/wp-json\/wp\/v2\/pages"}],"about":[{"href":"https:\/\/www.erplybooks.com\/et\/wp-json\/wp\/v2\/types\/page"}],"author":[{"embeddable":true,"href":"https:\/\/www.erplybooks.com\/et\/wp-json\/wp\/v2\/users\/13"}],"replies":[{"embeddable":true,"href":"https:\/\/www.erplybooks.com\/et\/wp-json\/wp\/v2\/comments?post=19077"}],"version-history":[{"count":0,"href":"https:\/\/www.erplybooks.com\/et\/wp-json\/wp\/v2\/pages\/19077\/revisions"}],"wp:attachment":[{"href":"https:\/\/www.erplybooks.com\/et\/wp-json\/wp\/v2\/media?parent=19077"}],"wp:term":[{"taxonomy":"category","embeddable":true,"href":"https:\/\/www.erplybooks.com\/et\/wp-json\/wp\/v2\/categories?post=19077"},{"taxonomy":"post_tag","embeddable":true,"href":"https:\/\/www.erplybooks.com\/et\/wp-json\/wp\/v2\/tags?post=19077"}],"curies":[{"name":"wp","href":"https:\/\/api.w.org\/{rel}","templated":true}]}}