{"id":19067,"date":"2020-11-10T16:15:07","date_gmt":"2020-11-10T16:15:07","guid":{"rendered":"http:\/\/www.erplybooks.com\/?page_id=19067"},"modified":"2023-07-05T11:24:57","modified_gmt":"2023-07-05T11:24:57","slug":"kannete-ja-tehingute-kuupaevad","status":"publish","type":"page","link":"https:\/\/www.erplybooks.com\/et\/kannete-ja-tehingute-kuupaevad\/","title":{"rendered":"Kannete ja tehingute kuup\u00e4evad"},"content":{"rendered":"<h1>Kannete ja tehingute kuup\u00e4evad<\/h1>\n<p>&nbsp;<\/p>\n<p><span style=\"font-weight: 400;\"><a href=\"http:\/\/ee.erply.com\">ERPLYs<\/a> on kannete kuup\u00e4evad lukus ja neid ei saa kasutaja m\u00f5jutada. See on hetk, mil tehing kinnitatakse ja seet\u00f5ttu v\u00f5ib see ka erineda tehingu tegelikust kuup\u00e4evast. Vaikimisi s\u00fcnkroniseeritakse tehingud \u00fcle nii, et dokumendi ja ka kande kuup\u00e4evaks on dokumendi kuup\u00e4ev. Kui soovid, et s\u00fcnkroniseerimine toimuks selliselt, et dokumendi kuup\u00e4ev on \u00fcks ja kande kuup\u00e4ev oleks lao kandekuup\u00e4ev, siis kirjuta sellest <a href=\"mailto:support@erplybooks.com\">support@erplybooks.com<\/a>.<\/span><\/p>\n<p><span style=\"font-weight: 400;\">Kannete kuup\u00e4evade erinevusest ERPLY&#8217;s ja Books&#8217;is on ka v\u00f5imalik olukord, kus ERPLY m\u00fc\u00fck-laok\u00e4ive ja ERPLY Books&#8217;i m\u00fc\u00fcgiraport ei klapi omavahel. FIFO laoarvestuse metoodika t\u00f5ttu on see arusaadav olukord ning raamatupidamises tuleks j\u00e4lgida ERPLY m\u00fc\u00fck-m\u00fc\u00fcgik\u00e4ive ja ERPLY Books&#8217;i m\u00fc\u00fcgiraporti klappivust.<\/span><\/p>\n<p><span style=\"font-weight: 400;\">Kui soovid n\u00e4ha tehinguid, mis j\u00e4\u00e4vad lao kande t\u00f5ttu \u00fchte kuusse ning m\u00fc\u00fcgik\u00e4ibe aruande j\u00e4rgi teise, siis selleks saad koostada aruandegeneraatoris j\u00e4rgmise aruande (v\u00e4ljundisse Kanded.T\u00fc\u00fcp, Pearaamat.Deebet, Pearaamat.Kreedit):<\/span><\/p>\n<p>&nbsp;<\/p>\n<p><img loading=\"lazy\" decoding=\"async\" class=\"alignnone wp-image-30553 size-full\" src=\"https:\/\/www.erplybooks.com\/wp-content\/uploads\/2023\/05\/Screenshot-2023-05-10-at-09.32.16.png\" alt=\"\" width=\"1600\" height=\"369\" srcset=\"https:\/\/www.erplybooks.com\/wp-content\/uploads\/2023\/05\/Screenshot-2023-05-10-at-09.32.16.png 1600w, https:\/\/www.erplybooks.com\/wp-content\/uploads\/2023\/05\/Screenshot-2023-05-10-at-09.32.16-1280x295.png 1280w, https:\/\/www.erplybooks.com\/wp-content\/uploads\/2023\/05\/Screenshot-2023-05-10-at-09.32.16-980x226.png 980w, https:\/\/www.erplybooks.com\/wp-content\/uploads\/2023\/05\/Screenshot-2023-05-10-at-09.32.16-480x111.png 480w\" sizes=\"auto, (min-width: 0px) and (max-width: 480px) 480px, (min-width: 481px) and (max-width: 980px) 980px, (min-width: 981px) and (max-width: 1280px) 1280px, (min-width: 1281px) 1600px, 100vw\" \/><\/p>\n","protected":false},"excerpt":{"rendered":"<p>Kannete ja tehingute kuup\u00e4evad &nbsp; ERPLYs on kannete kuup\u00e4evad lukus ja neid ei saa kasutaja m\u00f5jutada. See on hetk, mil tehing kinnitatakse ja seet\u00f5ttu v\u00f5ib see ka erineda tehingu tegelikust kuup\u00e4evast. Vaikimisi s\u00fcnkroniseeritakse tehingud \u00fcle nii, et dokumendi ja ka kande kuup\u00e4evaks on dokumendi kuup\u00e4ev. Kui soovid, et s\u00fcnkroniseerimine toimuks selliselt, et dokumendi kuup\u00e4ev on [&hellip;]<\/p>\n","protected":false},"author":13,"featured_media":0,"parent":0,"menu_order":0,"comment_status":"closed","ping_status":"closed","template":"","meta":{"_et_pb_use_builder":"","_et_pb_old_content":"","_et_gb_content_width":"","footnotes":""},"categories":[450],"tags":[561,555,590,835],"class_list":["post-19067","page","type-page","status-publish","hentry","category-seadistused","tag-kanded","tag-kanne","tag-kuupaev","tag-tehing"],"_links":{"self":[{"href":"https:\/\/www.erplybooks.com\/et\/wp-json\/wp\/v2\/pages\/19067","targetHints":{"allow":["GET"]}}],"collection":[{"href":"https:\/\/www.erplybooks.com\/et\/wp-json\/wp\/v2\/pages"}],"about":[{"href":"https:\/\/www.erplybooks.com\/et\/wp-json\/wp\/v2\/types\/page"}],"author":[{"embeddable":true,"href":"https:\/\/www.erplybooks.com\/et\/wp-json\/wp\/v2\/users\/13"}],"replies":[{"embeddable":true,"href":"https:\/\/www.erplybooks.com\/et\/wp-json\/wp\/v2\/comments?post=19067"}],"version-history":[{"count":0,"href":"https:\/\/www.erplybooks.com\/et\/wp-json\/wp\/v2\/pages\/19067\/revisions"}],"wp:attachment":[{"href":"https:\/\/www.erplybooks.com\/et\/wp-json\/wp\/v2\/media?parent=19067"}],"wp:term":[{"taxonomy":"category","embeddable":true,"href":"https:\/\/www.erplybooks.com\/et\/wp-json\/wp\/v2\/categories?post=19067"},{"taxonomy":"post_tag","embeddable":true,"href":"https:\/\/www.erplybooks.com\/et\/wp-json\/wp\/v2\/tags?post=19067"}],"curies":[{"name":"wp","href":"https:\/\/api.w.org\/{rel}","templated":true}]}}