{"id":19008,"date":"2020-11-05T20:15:07","date_gmt":"2020-11-05T20:15:07","guid":{"rendered":"http:\/\/www.erplybooks.com\/?page_id=19008"},"modified":"2023-07-11T07:20:38","modified_gmt":"2023-07-11T07:20:38","slug":"muud-voimalused","status":"publish","type":"page","link":"https:\/\/www.erplybooks.com\/et\/muud-voimalused\/","title":{"rendered":"Lisav\u00f5imalused"},"content":{"rendered":"<h1>ERPLY Ladu lisav\u00f5imalused<\/h1>\n<p>&nbsp;<\/p>\n<p><span style=\"font-weight: 400;\">Kui Sa avad\u00a0<b>\u201cS\u00e4tted\u201d &gt; \u201cERPLY kassa &amp; lao s\u00e4tted\u201d<\/b>, siis\u00a0<\/span><b style=\"font-size: inherit;\">\u201cMuud v\u00f5imalused\u201d<\/b><span style=\"font-size: inherit;\"> all saad m\u00e4\u00e4rata ERPLY Ladu lisav\u00f5imalused. Saad m\u00e4\u00e4rata, mida <a href=\"http:\/\/ee.erply.com\">ERPLY<\/a>&#8216;st ERPLY Books&#8217;i s\u00fcngitakse ja teisi seadistusi. Seadistuse aktiveerimiseks m\u00e4\u00e4ra selle ette linnuke ja salvesta.<\/span><\/p>\n<p>&nbsp;<\/p>\n<p><img loading=\"lazy\" decoding=\"async\" class=\"alignnone wp-image-30329 \" src=\"https:\/\/www.erplybooks.com\/wp-content\/uploads\/2023\/04\/Screenshot-2023-04-19-at-09.59.02.png\" alt=\"\" width=\"673\" height=\"447\" \/><\/p>\n<p>&nbsp;<\/p>\n<p>&nbsp;<\/p>\n<ul>\n<li><b>S\u00fcnkroniseeri saatelehti?<\/b>\n<ul>\n<li style=\"list-style-type: none;\">\n<ul>\n<li>LINNUKE: uutel s\u00fcnkroniseerimistel s\u00fcnkroniseeritakse ka saatelehed. Varem koostatud saatelehti ei s\u00fcnkroniseerita &#8211; kui on soov neid saada, tuleb pikem periood s\u00fcnkroniseerida.<\/li>\n<li>T\u00dcHI: uutel s\u00fcnkroniseerimistel ei s\u00fcnkroniseerita enam saatelehti. Vanad tuleb k\u00e4sitsi eemaldada Booksist.<\/li>\n<\/ul>\n<\/li>\n<\/ul>\n<\/li>\n<li><b>\u00c4ra s\u00fcnkroniseeri ostusaatelehti?<\/b>\n<ul>\n<li style=\"list-style-type: none;\">\n<ul>\n<li>Vaikimisi s\u00fcnkroniseeritakse ostusaatelehed (aga ainult siis, kui on m\u00e4rgitud, et saatelehti \u00fcldiselt s\u00fcnkroniseeritakse).<\/li>\n<li>LINNUKE: uutel s\u00fcnkroniseerimistel ei s\u00fcnkroniseerita ostusaatelehti. Varem s\u00fcnkroniseeritud saatelehti ei kustutata, need tuleb k\u00e4sitsi eemaldada.<\/li>\n<li>T\u00dcHI: uutel s\u00fcnkroniseerimistel s\u00fcnkroniseeritakse ka ostusaatelehed, kui saatelehtede s\u00fcnkroniseerimine on m\u00e4rgitud.<\/li>\n<\/ul>\n<\/li>\n<\/ul>\n<\/li>\n<li><b>\u00c4ra s\u00fcnkroniseeri ERPLY\u2019st ostuarveid?<\/b>\n<ul>\n<li style=\"list-style-type: none;\">\n<ul>\n<li>Vaikimisi ostuarved s\u00fcnkroniseeritakse. Aga kui ostuarved sisestatakse lattu poolikult (n\u00e4iteks ilma lisanduvate kulude v\u00f5i puuduliku arve numbriga), siis on v\u00f5imalik nende s\u00fcnkroniseerimine v\u00e4listada.<\/li>\n<li>LINNUKE: uutel s\u00fcnkroniseerimistel ei s\u00fcnkroniseerita ostuarveid. Varem s\u00fcnkroniseeritud ei kustutata.<\/li>\n<li>T\u00dcHI: j\u00e4rgnevate s\u00fcnkroniseerimistega s\u00fcnkroniseeritakse ostuarveid.<\/li>\n<\/ul>\n<\/li>\n<\/ul>\n<\/li>\n<li><b>S\u00fcnkroniseeri lisandunud laod projektideks?<\/b>\n<ul>\n<li style=\"list-style-type: none;\">\n<ul>\n<li>Kui tekib pidevalt uusi ladusid juurde, on m\u00f5istlik igal s\u00fcnkroniseerimisel kontrollida, kas on uusi ladusid ja uute ladude kohta luuakse Books&#8217;is projektid.<\/li>\n<li>Vaikimisi ei s\u00fcnkroniseerita uusi ladusid projektideks.<\/li>\n<\/ul>\n<\/li>\n<\/ul>\n<\/li>\n<li><b>Uuenda s\u00fcnkroniseerimise k\u00e4igus hankijate\/klientide kontaktandmeid?<\/b>\n<ul>\n<li style=\"list-style-type: none;\">\n<ul>\n<li>Kui Sul muutuvad pidevalt vanade hankijate v\u00f5i klientide kontaktandmed, siis on v\u00f5imalik neid igal s\u00fcnkroniseerimisel uuendada.<\/li>\n<li>Vaikimisi ei s\u00fcnkroniseerita kontaktandmete muutuseid (k\u00fcll aga s\u00fcnkroniseeritakse automaatselt k\u00f5ik uued hankijad).<\/li>\n<\/ul>\n<\/li>\n<\/ul>\n<\/li>\n<\/ul>\n<div class=\"sc-eXNvrr WinTy\">\n<div class=\"flow-message sc-kQsIoO bYbycy\" data-nr=\"65\">\n<div class=\"message\">\n<div class=\"sc-laTMn gkzICp\"><\/div>\n<\/div>\n<\/div>\n<\/div>\n<ul>\n<li style=\"list-style-type: none;\">\n<ul>\n<li class=\"p1\">Selle reegli (reegel number <strong>5. Uuenda s\u00fcnkroniseerimise k\u00e4igus klientide kontaktandmeid?<\/strong>) loogika seisneb selles, et see t\u00e4idab s\u00fcnkroniseerides t\u00fchjad v\u00e4ljad ja toob \u00fcle uued kliendid. See reegel on vajalik n\u00e4iteks sellises olukorras, kus kontaktide andmeid muudetakse ERPLY lao asemel ERPLY Booksis ning ei soovita, et laost info \u00fcle kirjutataks (n\u00e4iteks oled m\u00e4\u00e4ranud ise endale vajaliku emaili saldoteadete saatmiseks ja ei soovi, et s\u00fcnk kirjutaks seda emaili \u00fcle laos oleva kontakti emailiga).<span class=\"Apple-converted-space\">\u00a0<\/span><\/li>\n<\/ul>\n<\/li>\n<\/ul>\n<p><img loading=\"lazy\" decoding=\"async\" class=\"alignnone wp-image-30348 \" src=\"https:\/\/www.erplybooks.com\/wp-content\/uploads\/2023\/04\/Screenshot-2023-04-19-at-10.52.40-1.png\" alt=\"\" width=\"364\" height=\"32\" \/><\/p>\n<ul>\n<li style=\"list-style-type: none;\">\n<ul>\n<li class=\"p1\">Reegel number <strong>44. Kirjuta kliendid s\u00fcnkroniseerides \u00fcle<\/strong> aga ignoreerib k\u00f5iki ERPLY Booksis olevaid muudatusi ja kirjutab k\u00f5ik andmed laost \u00fcle.<\/li>\n<\/ul>\n<\/li>\n<\/ul>\n<p><img loading=\"lazy\" decoding=\"async\" class=\"alignnone wp-image-30336 \" src=\"https:\/\/www.erplybooks.com\/wp-content\/uploads\/2023\/04\/Screenshot-2023-04-19-at-10.52.28.png\" alt=\"\" width=\"272\" height=\"35\" \/><span class=\"Apple-converted-space\">\u00a0<\/span><\/p>\n<ul>\n<li><b>S\u00fcnkroniseeri lisandunud t\u00f6\u00f6tajad projektideks?<\/b>\n<ul>\n<li style=\"list-style-type: none;\">\n<ul>\n<li>Kui tekib pidevalt uusi t\u00f6\u00f6tajaid juurde ja soovid n\u00e4ha aruandlust t\u00f6\u00f6tajate l\u00f5ikes, siis saate s\u00fcnkroniseerimisel lisandunud t\u00f6\u00f6tajad lisada.<\/li>\n<\/ul>\n<\/li>\n<\/ul>\n<\/li>\n<li><b>S\u00fcnkroniseeri lisandunud projektid?<\/b>\n<ul>\n<li style=\"list-style-type: none;\">\n<ul>\n<li>Kui tekib pidevalt uusi projekte juurde ja soovid vaikimisi k\u00f5ik uued projektid Booksi s\u00fcnkroniseerida.<\/li>\n<\/ul>\n<\/li>\n<\/ul>\n<\/li>\n<li><b>S\u00fcnkroniseeri lisandunud laotooted?<\/b>\n<ul>\n<li style=\"list-style-type: none;\">\n<ul>\n<li>M\u00e4rki see, kui soovid n\u00e4ha tulusid-kulusid tootegruppide l\u00f5ikes.<\/li>\n<\/ul>\n<\/li>\n<\/ul>\n<\/li>\n<li><b>S\u00fcnkroniseeri lisandunud mitte-laotooted ning teenused?<\/b>\n<ul>\n<li style=\"list-style-type: none;\">\n<ul>\n<li>Kui soovid m\u00e4\u00e4rata eraldi tulu-kulukontosid mittelaotoodetele-teenustele ning need pidevalt muutuvad.<\/li>\n<\/ul>\n<\/li>\n<\/ul>\n<\/li>\n<li><b>M\u00e4\u00e4ra s\u00fcnkroniseeritud arvetele dokumendi t\u00fc\u00fcbi alusel korrektne k\u00e4ibemaksu liik?<\/b>\n<ul>\n<li style=\"list-style-type: none;\">\n<ul>\n<li>Kui m\u00fc\u00fcd v\u00f5i ostad Euroopa Liidust ning ei usalda ostu-m\u00fc\u00fcgiinimesi k\u00e4ibemaksu m\u00e4\u00e4ramisel, siis antud tingimuse alusel v\u00f5tab ERPLY Books k\u00f5ik arve read eraldi ette ning kontrollib, kas tegu on mittelaotoodete v\u00f5i teenustega, otsib neile vastavad tulu-kulukontod ning m\u00e4\u00e4rab vastavalt ERPLY dokumendi t\u00fc\u00fcbile EU k\u00e4ibemaksu, sealjuures eristab tooteid ja teenuseid. ERPLYs on arvete t\u00fc\u00fcbid j\u00e4rgmised: kodumaine, EL, EL k\u00e4ibemaksuga, EL v\u00e4line. Kodumaistele m\u00e4\u00e4rab ERPLY Books selle k\u00e4ibemaksu, mis on ERPLY laos arvele m\u00e4\u00e4ratud. EL arvetele m\u00e4\u00e4rab k\u00e4ibemaksu liigi ERPLY Booksi k\u00e4ibemaksu t\u00fc\u00fcbi j\u00e4rgi: kui tegemist on lao tootega, siis m\u00e4\u00e4ratakse km liik t\u00fc\u00fcbiga EU KM (tooted), mittelaotoodete puhul m\u00e4\u00e4ratakse km liik t\u00fc\u00fcbiga EU KM (teenused). EL v\u00e4liste dokumentide puhul m\u00e4\u00e4ratakse km liik t\u00fc\u00fcbiga Ekspordi KM v\u00f5i Impordi KM.<\/li>\n<\/ul>\n<\/li>\n<\/ul>\n<\/li>\n<li><b>Uuenda s\u00fcnkroniseerimisega valuutakursse ERPLY Laos?<\/b>\n<ul>\n<li style=\"list-style-type: none;\">\n<ul>\n<li>Kuna ERPLY Books&#8217;is on olemas igap\u00e4evaselt uuendatud valuutakursid, on v\u00f5imalik need s\u00fcnkroniseerida ka lattu.<\/li>\n<\/ul>\n<\/li>\n<\/ul>\n<\/li>\n<li><b>S\u00fcnkroniseeri lao mahakandmisi?<\/b>\n<ul>\n<li style=\"list-style-type: none;\">\n<ul>\n<li>LINNUKE: uutel s\u00fcnkroniseerimistel s\u00fcnkroniseeritakse ka mahakandmised. Varem tehtud mahakandmisi ei s\u00fcnkroniseerita, kui on soov need Books&#8217;i saada, tuleb pikem periood s\u00fcnkroniseerida (piisab n\u00e4iteks ostuarvete s\u00fcnkroniseerimisest).<\/li>\n<li>T\u00dcHI: kui v\u00f5tad linnukese maha, siis ei s\u00fcnkroniseerita uutel s\u00fcnkroniseerimistel mahakandmisi. Varem s\u00fcnkroniseeritud mahakandmised tuleb k\u00e4sitsi eemaldada.<\/li>\n<\/ul>\n<\/li>\n<\/ul>\n<\/li>\n<li><b>S\u00fcnkroniseeri lao arvelev\u00f5tmisi?<\/b>\n<ul>\n<li style=\"list-style-type: none;\">\n<ul>\n<li>LINNUKE: uutel s\u00fcnkroniseerimistel s\u00fcnkroniseeritakse ka lao arvelev\u00f5tmised. Varem tehtud arvelev\u00f5tmisi ei s\u00fcnkroniseerita, kui on soov neid Books&#8217;i saada, tuleb pikem periood s\u00fcnkroniseerida (piisab n\u00e4iteks ostuarvete s\u00fcnkroniseerimisest).<\/li>\n<li>T\u00dcHI: kui v\u00f5tad linnukese maha, siis ei s\u00fcnkroniseerita uutel s\u00fcnkroniseerimistel arvelev\u00f5tmisi. Varem s\u00fcnkronieeritud arvelev\u00f5tmised tuleb k\u00e4sitsi eemaldada.<\/li>\n<\/ul>\n<\/li>\n<\/ul>\n<\/li>\n<li><b>S\u00fcnkroniseeri ladudevahelisi liikumisi?<\/b>\n<ul>\n<li style=\"list-style-type: none;\">\n<ul>\n<li>LINNUKE: uutel s\u00fcnkroniseerimistel s\u00fcnkroniseeritakse ka ladudevahelised liikumised. Varem tehtud liikumisi ei s\u00fcnkroniseerita, kui on soov neid Books&#8217;i saada, tuleb pikem periood s\u00fcnkroniseerida (piisab n\u00e4iteks ostuarvete s\u00fcnkroniseerimisest).<\/li>\n<li>T\u00dcHI: kui v\u00f5tad linnukese maha, siis ei s\u00fcnkroniseerita uutel s\u00fcnkroniseerimistel ladudevahelisi liikumisi. Varem s\u00fcnkroniseeritud liikumised tuleb k\u00e4sitsi eemaldada.<\/li>\n<\/ul>\n<\/li>\n<\/ul>\n<\/li>\n<li><b>S\u00fcnkroniseeri kassa sularaha sisse-\/v\u00e4ljamakseid automaatselt (\u00e4ra unusta kontosid m\u00e4\u00e4rata eelnevalt)?<\/b>\n<ul>\n<li style=\"list-style-type: none;\">\n<ul>\n<li>Kui Sinu t\u00f6\u00f6tajad teevad lao poolel sularaha v\u00e4ljamakseid, siis tuleks seadistus peale panna, et sularaha liikumised lao poolelt automaatselt Books&#8217;i j\u00f5uaksid.<\/li>\n<li>Selleks, et seadistus korrektselt t\u00f6\u00f6taks, tuleb luua uus s\u00fcsteemikonto (\u201cS\u00e4tted\u201d &gt; \u201cAlgandmed\u201d &gt; \u201cS\u00fcsteemikontod\u201d), sellele m\u00e4\u00e4rata kontoplaanist konto ning kolmandasse veergu tuleb m\u00e4\u00e4rata identifikaator. Identifikaator tuleb k\u00f5igepealt m\u00e4\u00e4rata ERPLY Lao poolel. See v\u00f5ib olla nii nimi kui ka number. N\u00e4iteks kui t\u00f6\u00f6tajad viivad iga p\u00e4ev kassast raha panka, siis v\u00f5ib identifikaatoriks m\u00e4\u00e4rata \u201cpank\u201d ning iga kord kui selline sularaha v\u00e4ljamakse toimub, s\u00fcnkroniseeritakse see Books&#8217;i poolel vastavale kontole.<\/li>\n<\/ul>\n<\/li>\n<\/ul>\n<\/li>\n<li><b>Kirjuta arved s\u00fcnkroniseerides \u00fcle?<\/b>\n<ul>\n<li style=\"list-style-type: none;\">\n<ul>\n<li>S\u00fcnkroniseerimise k\u00e4igus kontrollitakse \u00fcle, kas \u00fcldinfo on sama (arve nr, summa, kuup\u00e4ev, klient), kui jah, siis andmeid ei s\u00fcnkroniseerita \u00fcle. Kui aga lisad ERPLY Books&#8217;is mingi uue seadistuse ning tahate muuta ka mineviku arveid sellega, siis peate seadistuse peale panema, nii rakendub seadistus k\u00f5igile s\u00fcnkroniseeritud arvetele. Vaikimisi ei s\u00fcnkroniseerita andmeid \u00fcle.<\/li>\n<\/ul>\n<\/li>\n<\/ul>\n<\/li>\n<li><b>S\u00fcnkroniseeri ostuarve koondv\u00e4\u00e4rtusi?<\/b>\n<ul>\n<li style=\"list-style-type: none;\">\n<ul>\n<li>Seadistus tuleks peale panna, kui Sul on ostuarveid, mille \u00fcmardus ERPLY Laos ei vasta sellega, mis on Books&#8217;is. Kui seadistus on peal, saad k\u00e4sitsi muudetud summad Books&#8217;i s\u00fcnkroniseerida. Vaikimisi s\u00fcnkroniseeritakse ostuarve koondsumma.<\/li>\n<\/ul>\n<\/li>\n<\/ul>\n<\/li>\n<li><b>Koondkannete loomisel kontrolli, et arve netosumma oleks sama, mis kliendile saadeti?<\/b>\n<ul>\n<li style=\"list-style-type: none;\">\n<ul>\n<li>Seadistus tuleks peale panna, kui netosummad erinevad Books&#8217;is ja ERPLY Laos. Kui lisad seadistuse, siis s\u00fcnkroniseerimise k\u00e4igus kontrollitakse \u00fcmardusi.<\/li>\n<\/ul>\n<\/li>\n<\/ul>\n<\/li>\n<li><b>S\u00fcnkroniseeri arved arve valuutas?<\/b>\n<ul>\n<li style=\"list-style-type: none;\">\n<ul>\n<li>Kui soovid arved saada Books&#8217;i arvel m\u00e4rgitud valuutas.<\/li>\n<\/ul>\n<\/li>\n<\/ul>\n<\/li>\n<li><b>M\u00e4\u00e4ra m\u00fc\u00fcgiarvele konkreetne p\u00e4ev kuus makset\u00e4htajaks?<\/b>\n<ul>\n<li style=\"list-style-type: none;\">\n<ul>\n<li>Annab v\u00f5imaluse m\u00e4\u00e4rata m\u00fc\u00fcgiarvetele vaikimisi t\u00e4htaja. Kui soovid vastavat seadistust kasutada, pead ERPLY Laos m\u00fc\u00fcgiarvel \u00e4ra m\u00e4\u00e4rama makset\u00e4htaja lahtri. N\u00e4iteks on makset\u00e4htaeg 10 p\u00e4eva. Kui oled m\u00e4rkinud ERPLY Booksi&#8217;s seadistuse \u201ckasuta kuu l\u00f5pu t\u00e4htaega\u201d, siis makset\u00e4htaeg ei saa olema arve kuup\u00e4ev + 10 p\u00e4eva, vaid j\u00e4rgmise kuu 10. kuup\u00e4ev. N\u00e4ide: arve loodi 2. m\u00e4rts ja selle t\u00e4htaeg on 10 p\u00e4eva. Books&#8217;is on m\u00e4\u00e4ratud seadistus \u201ckasuta kuu l\u00f5pu t\u00e4htaega\u201d. Seega Books&#8217;is saab makset\u00e4htaeg olema 10. aprill.<\/li>\n<\/ul>\n<\/li>\n<\/ul>\n<\/li>\n<li><strong>S\u00fcngi arvetega mitteseotud laokanded laokandekuup\u00e4evaga?<\/strong><\/li>\n<li><strong>S\u00fcnk. tarnekuup\u00e4ev arve kuup\u00e4evaks?<\/strong><\/li>\n<li><strong>S\u00fcnk. v\u00e4ljastamise kuup\u00e4ev kande kuup\u00e4evaks?<\/strong><\/li>\n<li><strong>S\u00fcnk. kauba saaja kliendiks?<\/strong><\/li>\n<li><b>S\u00fcnk. tellimused ja ettemaksuarved?<\/b>\n<ul>\n<li style=\"list-style-type: none;\">\n<ul>\n<li>LINNUKE: uutel s\u00fcnkroniseerimistel s\u00fcnkroniseeritakse ka tellimused ja ettemaksuarved. Varem koostatud tellimusi ja ettemaksuarveid ei s\u00fcnkroniseerita.<\/li>\n<li>T\u00dcHI: kui v\u00f5tad linnukese hiljem maha, siis uutel s\u00fcnkroniseerimistel enam tellimusi ja ettemaksuarveid ei s\u00fcnkroniseerita ning vanad tuleb k\u00e4sitsi kustutada.<\/li>\n<\/ul>\n<\/li>\n<\/ul>\n<\/li>\n<li><strong>S\u00fcnk. maksja kliendiks?<\/strong><\/li>\n<li><strong>Lisa makse t\u00fc\u00fcp makse kirjeldusse?<\/strong><\/li>\n<li><b>S\u00fcnk kassa projektiks?<\/b>\n<ul>\n<li>Kui Sul on mitu kassat v\u00f5i poodi, siis s\u00fcnkroniseeritakse need Books&#8217;is eraldi projektideks. Sealjuures tuleb neile m\u00e4\u00e4rata eraldi kontod.<\/li>\n<\/ul>\n<\/li>\n<li><strong>Lisa faktooringu atribuut kliendi kaardile?<\/strong><\/li>\n<li><strong>Lisa kliendi lukustuse atribuut kliendi kaardile?<\/strong><\/li>\n<li><strong>\u00c4ra n\u00e4ita erakliente?<\/strong><\/li>\n<li><strong>Kliendi s\u00fcnk.: m\u00e4\u00e4ra koodiks integratsioonikood?<\/strong><\/li>\n<li><strong>Kliendi s\u00fcnk.: valideeri email?<\/strong><\/li>\n<li><strong>Kliendi s\u00fcnk.: m\u00e4\u00e4ra koodiks kliendikood?<\/strong><\/li>\n<li><strong>\u00dchenda mittelaotooted tootegruppide kaudu kontode m\u00e4\u00e4ringust?<\/strong><\/li>\n<li><strong>Seo ettemaksuarved ja tellimused maksetega automaatselt pangaimpordis?<\/strong><\/li>\n<li><strong>Kliendi s\u00fcnk.: m\u00e4\u00e4ra kontaktisikuks email?<\/strong><\/li>\n<li><strong>\u00c4ra automatiseeri m\u00fc\u00fcgiarvete EU k\u00e4ibemaksu?<\/strong><\/li>\n<li><strong>Automatiseeri EU v\u00e4lised ostud?<\/strong><\/li>\n<li><strong>Automatiseeri EU v\u00e4lised m\u00fc\u00fcgid?<\/strong><\/li>\n<li><strong>\u00c4ra automatiseeri ostuarvete EU k\u00e4ibemaksu?<\/strong><\/li>\n<li><strong>Kirjuta laekumised s\u00fcnkroniseerides \u00fcle?<\/strong>\n<ul>\n<li style=\"list-style-type: none;\">\n<ul>\n<li>Ilma selle s\u00e4tteta kirjutatakse laekumised \u00fcle siis ja ainult siis, kui on toimunud muudatus j\u00e4rgmiste elementidega: laekumise summa, kuup\u00e4ev, laekumise konto, muutunud on klient v\u00f5i laekumisega seotud dokument. Kui pole toimunud selget muudatust, siis ei ole m\u00f5tet ka laekumist \u00fcle kirjutada. Seda s\u00e4tet tuleb aga kasutada n\u00e4iteks siis, kui muutsid kontode reeglistikku (lisasid klientidele n\u00f5uded ostjatele kontod) ja soovid laekumised \u00fcle kirjutada.<\/li>\n<\/ul>\n<\/li>\n<\/ul>\n<\/li>\n<li><strong>Kirjuta kliendid s\u00fcnkroniseerides \u00fcle?<\/strong><\/li>\n<li><strong>\u00c4ra saada automaatselt arveid, kui need on ERPLY&#8217;s saadetud juba?<\/strong><\/li>\n<li><strong>Lisa \u00fcmardus viimasele arve reale?<\/strong><\/li>\n<li><strong>\u00c4ra s\u00fcnkroniseeri kaubakulusid?<\/strong><\/li>\n<li><strong>\u00c4ra s\u00fcnkroniseeri laov\u00e4\u00e4rtust?<\/strong><\/li>\n<\/ul>\n","protected":false},"excerpt":{"rendered":"<p>ERPLY Ladu lisav\u00f5imalused &nbsp; Kui Sa avad\u00a0\u201cS\u00e4tted\u201d &gt; \u201cERPLY kassa &amp; lao s\u00e4tted\u201d, siis\u00a0\u201cMuud v\u00f5imalused\u201d all saad m\u00e4\u00e4rata ERPLY Ladu lisav\u00f5imalused. Saad m\u00e4\u00e4rata, mida ERPLY&#8216;st ERPLY Books&#8217;i s\u00fcngitakse ja teisi seadistusi. Seadistuse aktiveerimiseks m\u00e4\u00e4ra selle ette linnuke ja salvesta. &nbsp; &nbsp; &nbsp; S\u00fcnkroniseeri saatelehti? LINNUKE: uutel s\u00fcnkroniseerimistel s\u00fcnkroniseeritakse ka saatelehed. Varem koostatud saatelehti ei s\u00fcnkroniseerita [&hellip;]<\/p>\n","protected":false},"author":13,"featured_media":0,"parent":0,"menu_order":0,"comment_status":"closed","ping_status":"closed","template":"","meta":{"_et_pb_use_builder":"","_et_pb_old_content":"","_et_gb_content_width":"","footnotes":""},"categories":[450],"tags":[583],"class_list":["post-19008","page","type-page","status-publish","hentry","category-seadistused","tag-lisavoimalused"],"_links":{"self":[{"href":"https:\/\/www.erplybooks.com\/et\/wp-json\/wp\/v2\/pages\/19008","targetHints":{"allow":["GET"]}}],"collection":[{"href":"https:\/\/www.erplybooks.com\/et\/wp-json\/wp\/v2\/pages"}],"about":[{"href":"https:\/\/www.erplybooks.com\/et\/wp-json\/wp\/v2\/types\/page"}],"author":[{"embeddable":true,"href":"https:\/\/www.erplybooks.com\/et\/wp-json\/wp\/v2\/users\/13"}],"replies":[{"embeddable":true,"href":"https:\/\/www.erplybooks.com\/et\/wp-json\/wp\/v2\/comments?post=19008"}],"version-history":[{"count":0,"href":"https:\/\/www.erplybooks.com\/et\/wp-json\/wp\/v2\/pages\/19008\/revisions"}],"wp:attachment":[{"href":"https:\/\/www.erplybooks.com\/et\/wp-json\/wp\/v2\/media?parent=19008"}],"wp:term":[{"taxonomy":"category","embeddable":true,"href":"https:\/\/www.erplybooks.com\/et\/wp-json\/wp\/v2\/categories?post=19008"},{"taxonomy":"post_tag","embeddable":true,"href":"https:\/\/www.erplybooks.com\/et\/wp-json\/wp\/v2\/tags?post=19008"}],"curies":[{"name":"wp","href":"https:\/\/api.w.org\/{rel}","templated":true}]}}