{"id":18920,"date":"2020-11-03T20:05:21","date_gmt":"2020-11-03T20:05:21","guid":{"rendered":"http:\/\/www.erplybooks.com\/?page_id=18920"},"modified":"2023-07-11T08:58:26","modified_gmt":"2023-07-11T08:58:26","slug":"uhenduse-loomine","status":"publish","type":"page","link":"https:\/\/www.erplybooks.com\/et\/uhenduse-loomine\/","title":{"rendered":"\u00dchenduse loomine ERPLY&#8217;ga"},"content":{"rendered":"<h1>\u00dchenduse loomine ERPLY&#8217;ga<\/h1>\n<p>&nbsp;<\/p>\n<p><span style=\"font-weight: 400;\">ERPLY <a href=\"http:\/\/ee.erply.com\">lao<\/a> seadistamiseks ava Books&#8217;is <b>\u201cS\u00e4tted\u201d &gt; \u201cERPLY kassa &amp; lao s\u00e4tted\u201d<\/b>. Moodul n\u00e4eb v\u00e4lja j\u00e4rgmine:<\/span><\/p>\n<p><img loading=\"lazy\" decoding=\"async\" class=\"alignnone wp-image-19984 size-full\" src=\"https:\/\/www.erplybooks.com\/wp-content\/uploads\/2021\/01\/Screen-Shot-2021-01-06-at-13.42.59.png\" alt=\"ERPLY Kassa- ja Laotarkvara\" width=\"837\" height=\"592\" srcset=\"https:\/\/www.erplybooks.com\/wp-content\/uploads\/2021\/01\/Screen-Shot-2021-01-06-at-13.42.59.png 837w, https:\/\/www.erplybooks.com\/wp-content\/uploads\/2021\/01\/Screen-Shot-2021-01-06-at-13.42.59-300x212.png 300w, https:\/\/www.erplybooks.com\/wp-content\/uploads\/2021\/01\/Screen-Shot-2021-01-06-at-13.42.59-768x543.png 768w\" sizes=\"auto, (max-width: 837px) 100vw, 837px\" \/><\/p>\n<p><b>\u00a01.ERPLY&#8217;ga \u00fchenduse loomine.<\/b><\/p>\n<ol>\n<li style=\"list-style-type: none;\"><span style=\"font-weight: 400;\">Sisesta\u00a0<b>ERPLY kasutajanimi, parool ja kliendikood<\/b>, millega lattu sisse logid ja vajuta all paremal servas olevat rohelist salvesta\u00a0nuppu. Sellega on \u00fchendus loodud.<\/span><\/li>\n<\/ol>\n<p><b>2. Vali artikkel laoga seotud toodetele<\/b><\/p>\n<p><span style=\"font-weight: 400;\">Laost s\u00fcnkroniseeritakse k\u00f5ik tooted Booksi \u00fchele artiklile. M\u00e4\u00e4ra see artikkel siin.<\/span><\/p>\n<p><img loading=\"lazy\" decoding=\"async\" class=\"alignnone wp-image-19991 size-full\" src=\"https:\/\/www.erplybooks.com\/wp-content\/uploads\/2021\/01\/Screen-Shot-2021-01-06-at-13.53.09.png\" alt=\"\" width=\"364\" height=\"43\" srcset=\"https:\/\/www.erplybooks.com\/wp-content\/uploads\/2021\/01\/Screen-Shot-2021-01-06-at-13.53.09.png 364w, https:\/\/www.erplybooks.com\/wp-content\/uploads\/2021\/01\/Screen-Shot-2021-01-06-at-13.53.09-300x35.png 300w\" sizes=\"auto, (max-width: 364px) 100vw, 364px\" \/><\/p>\n<p><b>3. Vali artikkel teenusarvetele<\/b><\/p>\n<p><span style=\"font-weight: 400;\">Laost s\u00fcnkroniseeritakse k\u00f5ik teenused Booksi \u00fchele artiklile. M\u00e4\u00e4ra see artikkel siin.<\/span><\/p>\n<p><img loading=\"lazy\" decoding=\"async\" class=\"alignnone wp-image-19997 size-full\" src=\"https:\/\/www.erplybooks.com\/wp-content\/uploads\/2021\/01\/Screen-Shot-2021-01-06-at-13.54.40.png\" alt=\"\" width=\"358\" height=\"38\" srcset=\"https:\/\/www.erplybooks.com\/wp-content\/uploads\/2021\/01\/Screen-Shot-2021-01-06-at-13.54.40.png 358w, https:\/\/www.erplybooks.com\/wp-content\/uploads\/2021\/01\/Screen-Shot-2021-01-06-at-13.54.40-300x32.png 300w\" sizes=\"auto, (max-width: 358px) 100vw, 358px\" \/><\/p>\n<p><b>4. Kas soovid n\u00e4ha kliente v\u00f5i kasutada vaikimisi kliendi nime?<\/b><\/p>\n<p><span style=\"font-weight: 400;\">Vaikimisi s\u00fcnkroniseerib Books k\u00f5ik kliendid ERPLY\u2019st. Soovi korral saad valida vaikimisi kliendi nii, et Books seob k\u00f5ik m\u00fc\u00fcgiarved nimetatud kliendiga. Pole kohustuslik v\u00e4li, v\u00f5ib j\u00e4tta t\u00fchjaks.<\/span><\/p>\n<p>Loe t\u00e4psemalt \u00fchendamise kohta <a href=\"https:\/\/www.erplybooks.com\/et\/juhendid\/erply-booksi-seadistamine-kasutajatele\/\">siit<\/a>.<\/p>\n","protected":false},"excerpt":{"rendered":"<p>\u00dchenduse loomine ERPLY&#8217;ga &nbsp; ERPLY lao seadistamiseks ava Books&#8217;is \u201cS\u00e4tted\u201d &gt; \u201cERPLY kassa &amp; lao s\u00e4tted\u201d. Moodul n\u00e4eb v\u00e4lja j\u00e4rgmine: \u00a01.ERPLY&#8217;ga \u00fchenduse loomine. Sisesta\u00a0ERPLY kasutajanimi, parool ja kliendikood, millega lattu sisse logid ja vajuta all paremal servas olevat rohelist salvesta\u00a0nuppu. Sellega on \u00fchendus loodud. 2. Vali artikkel laoga seotud toodetele Laost s\u00fcnkroniseeritakse k\u00f5ik tooted Booksi [&hellip;]<\/p>\n","protected":false},"author":13,"featured_media":0,"parent":0,"menu_order":0,"comment_status":"closed","ping_status":"closed","template":"","meta":{"_et_pb_use_builder":"","_et_pb_old_content":"","_et_gb_content_width":"","footnotes":""},"categories":[450],"tags":[840,811],"class_list":["post-18920","page","type-page","status-publish","hentry","category-seadistused","tag-loomine","tag-uhendus"],"_links":{"self":[{"href":"https:\/\/www.erplybooks.com\/et\/wp-json\/wp\/v2\/pages\/18920","targetHints":{"allow":["GET"]}}],"collection":[{"href":"https:\/\/www.erplybooks.com\/et\/wp-json\/wp\/v2\/pages"}],"about":[{"href":"https:\/\/www.erplybooks.com\/et\/wp-json\/wp\/v2\/types\/page"}],"author":[{"embeddable":true,"href":"https:\/\/www.erplybooks.com\/et\/wp-json\/wp\/v2\/users\/13"}],"replies":[{"embeddable":true,"href":"https:\/\/www.erplybooks.com\/et\/wp-json\/wp\/v2\/comments?post=18920"}],"version-history":[{"count":0,"href":"https:\/\/www.erplybooks.com\/et\/wp-json\/wp\/v2\/pages\/18920\/revisions"}],"wp:attachment":[{"href":"https:\/\/www.erplybooks.com\/et\/wp-json\/wp\/v2\/media?parent=18920"}],"wp:term":[{"taxonomy":"category","embeddable":true,"href":"https:\/\/www.erplybooks.com\/et\/wp-json\/wp\/v2\/categories?post=18920"},{"taxonomy":"post_tag","embeddable":true,"href":"https:\/\/www.erplybooks.com\/et\/wp-json\/wp\/v2\/tags?post=18920"}],"curies":[{"name":"wp","href":"https:\/\/api.w.org\/{rel}","templated":true}]}}