{"id":18386,"date":"2020-09-29T11:54:21","date_gmt":"2020-09-29T11:54:21","guid":{"rendered":"http:\/\/www.erplybooks.com\/?page_id=18386"},"modified":"2023-07-18T11:03:58","modified_gmt":"2023-07-18T11:03:58","slug":"kontakt-2","status":"publish","type":"page","link":"https:\/\/www.erplybooks.com\/et\/kontakt-2\/","title":{"rendered":"Kontakt"},"content":{"rendered":"<h4><img loading=\"lazy\" decoding=\"async\" class=\"size-full wp-image-10531 aligncenter\" src=\"https:\/\/www.erplybooks.com\/wp-content\/uploads\/2016\/12\/eb_horizontal_black.png\" alt=\"\" width=\"198\" height=\"36\" \/><\/h4>\n<h2 style=\"text-align: center;\">V\u00f5ta meiega \u00fchendust!<\/h2>\n<p style=\"text-align: center;\">\u00dcldine email: <a href=\"mailto:info@erplybooks.com\">info@erplybooks.com<\/a><\/p>\n<p style=\"text-align: center;\">Kasutajatugi:<a href=\"mailto:support@erplybooks.com\"> support@erplybooks.com<\/a><\/p>\n<h4 style=\"text-align: center;\"><img loading=\"lazy\" decoding=\"async\" class=\" wp-image-32390 aligncenter\" src=\"https:\/\/www.erplybooks.com\/wp-content\/uploads\/2023\/07\/Screenshot-2023-07-18-at-2.00.49-PM.png\" alt=\"\" width=\"579\" height=\"310\" \/><\/h4>\n<p style=\"text-align: center;\">Salu tee 2\/10-2, Lohkva k\u00fcla, Luunja vald<\/p>\n<p style=\"text-align: center;\">Tartumaa, 62207<\/p>\n<p style=\"text-align: center;\">Eesti<\/p>\n","protected":false},"excerpt":{"rendered":"<p>V\u00f5ta meiega \u00fchendust! \u00dcldine email: info@erplybooks.com Kasutajatugi: support@erplybooks.com Salu tee 2\/10-2, Lohkva k\u00fcla, Luunja vald Tartumaa, 62207 Eesti<\/p>\n","protected":false},"author":3,"featured_media":0,"parent":0,"menu_order":0,"comment_status":"closed","ping_status":"closed","template":"","meta":{"_et_pb_use_builder":"","_et_pb_old_content":"","_et_gb_content_width":"","footnotes":""},"categories":[],"tags":[839,838],"class_list":["post-18386","page","type-page","status-publish","hentry","tag-kasutajatugi","tag-kontakt"],"_links":{"self":[{"href":"https:\/\/www.erplybooks.com\/et\/wp-json\/wp\/v2\/pages\/18386","targetHints":{"allow":["GET"]}}],"collection":[{"href":"https:\/\/www.erplybooks.com\/et\/wp-json\/wp\/v2\/pages"}],"about":[{"href":"https:\/\/www.erplybooks.com\/et\/wp-json\/wp\/v2\/types\/page"}],"author":[{"embeddable":true,"href":"https:\/\/www.erplybooks.com\/et\/wp-json\/wp\/v2\/users\/3"}],"replies":[{"embeddable":true,"href":"https:\/\/www.erplybooks.com\/et\/wp-json\/wp\/v2\/comments?post=18386"}],"version-history":[{"count":0,"href":"https:\/\/www.erplybooks.com\/et\/wp-json\/wp\/v2\/pages\/18386\/revisions"}],"wp:attachment":[{"href":"https:\/\/www.erplybooks.com\/et\/wp-json\/wp\/v2\/media?parent=18386"}],"wp:term":[{"taxonomy":"category","embeddable":true,"href":"https:\/\/www.erplybooks.com\/et\/wp-json\/wp\/v2\/categories?post=18386"},{"taxonomy":"post_tag","embeddable":true,"href":"https:\/\/www.erplybooks.com\/et\/wp-json\/wp\/v2\/tags?post=18386"}],"curies":[{"name":"wp","href":"https:\/\/api.w.org\/{rel}","templated":true}]}}