{"id":18009,"date":"2020-09-14T08:07:25","date_gmt":"2020-09-14T08:07:25","guid":{"rendered":"http:\/\/www.erplybooks.com\/?page_id=18009"},"modified":"2023-07-05T18:09:12","modified_gmt":"2023-07-05T18:09:12","slug":"mini-epood-on-valmis","status":"publish","type":"page","link":"https:\/\/www.erplybooks.com\/et\/mini-epood-on-valmis\/","title":{"rendered":"Teie mini e-pood on valmis!"},"content":{"rendered":"<p><span style=\"font-weight: 400;\"><br \/>\n<img loading=\"lazy\" decoding=\"async\" class=\" wp-image-5282 alignright\" src=\"https:\/\/www.erplybooks.com\/wp-content\/uploads\/2020\/09\/Reklaamtekst.png\" alt=\"\" width=\"359\" height=\"313\" \/><\/span><\/p>\n<p><span style=\"font-weight: 400;\">ERPLY Books&#8217;i mini e-poe kaudu saate m\u00fc\u00fca oma tooteid l\u00e4bi ERPLY Booksi.<\/span><span style=\"font-weight: 400;\">\u00a0Teil on oma tellimiskeskkond, kus saab tasuda krediitkaardiga v\u00f5i arve alusel.<\/span><\/p>\n<p><span style=\"font-weight: 400;\">Kodulehele saab lisada kuni 50 toodet.<\/span><\/p>\n<p><span style=\"font-weight: 400;\"><b>M\u00fc\u00fcgiprotsess mini e-poes:<\/b><\/span><\/p>\n<ol>\n<li style=\"text-align: justify;\">Klient valib toote<\/li>\n<li style=\"text-align: justify;\">Klient sisestab koguse, enda kontaktandmed ja n\u00f5ustub tingimustega<\/li>\n<li style=\"text-align: justify;\">Klient vajutab kas \u201cMaksa \u00fclekandega\u201d v\u00f5i \u201cKrediitkaart\u201d. V\u00f5imalik on kasutada Paypal&#8217;i maksekeskkonda<\/li>\n<li style=\"text-align: justify;\">Tellimus saadetakse kliendi e-mailile<\/li>\n<li style=\"text-align: justify;\">Teie haldate tellimusi l\u00e4bi mini e-poe<\/li>\n<\/ol>\n<h3>N\u00e4ited, mida mini e-poe kaudu m\u00fc\u00fca:<\/h3>\n<p><span style=\"font-weight: 400;\">Peamiselt on mini e-pood loodud ettev\u00f5tete jaoks, kes m\u00fc\u00fcvad \u00fcksikuid samalaadseid tooteid. M\u00f5ned n\u00e4ited:<\/span><\/p>\n<ul>\n<li style=\"text-align: justify;\">kinkekaardid<\/li>\n<li style=\"text-align: justify;\">konsultatsioon<\/li>\n<li style=\"text-align: justify;\">puumajad<\/li>\n<li style=\"text-align: justify;\">puu- ja briketitooted (nt 1 tihumeeter)<\/li>\n<li style=\"text-align: justify;\">kondiitritooted kaalu j\u00e4rgi<\/li>\n<li style=\"text-align: justify;\">kirjanikul oma raamat<\/li>\n<li style=\"text-align: justify;\">muusikul oma plaat<\/li>\n<li style=\"text-align: justify;\">lapsehoidjateenus tunnitasu alusel<\/li>\n<li style=\"text-align: justify;\">Youtuber, kes ei soovi Patreoni kasutada<\/li>\n<li style=\"text-align: justify;\">Elektrit\u00f6\u00f6de FIE oma teenuse jaoks hinnapakkumiste p\u00e4rimiseks<\/li>\n<li style=\"text-align: justify;\">Deposiidi alusel tehtud t\u00f6\u00f6d. N\u00e4iteks kolimisteenuse osutamisel k\u00fcsite 100 eur deposiiti, et v\u00e4ltida halbu kogemusi.<\/li>\n<li style=\"text-align: justify;\">jms<\/li>\n<\/ul>\n<p><span style=\"font-weight: 400;\">Mini e-poe kasutamine on kuni 100-le tellimusele \u00fches kuus tasuta. Kui vajate lisakonsultatsiooni, siis selle hind on 50 eur\/h.<\/span><\/p>\n<p><span style=\"font-weight: 400;\">Mini e-poe lahendus on kasutamisvalmis ja Te saate sellega alustada kohe! Aktiveerige see s\u00e4tete all v\u00f5i v\u00f5tke meiega \u00fchendust. <\/span><span style=\"font-weight: 400;\">Seadistamisest lugege l\u00e4hemalt <a href=\"https:\/\/www.erplybooks.com\/et\/miniepoe-juhend\/\"><strong>siit<\/strong><\/a><\/span><\/p>\n<h3>V\u00f5ttes mini e-poe, saate ERPLY Books&#8217;i t\u00e4islahenduse:<\/h3>\n<ul>\n<li style=\"text-align: justify;\">automaatne raamatupidamine<\/li>\n<li style=\"text-align: justify;\">loo tellimusest arve<\/li>\n<li style=\"text-align: justify;\">krediteeri arve<\/li>\n<li style=\"text-align: justify;\">Swedbank integratsioon:<br \/>\n<a href=\"https:\/\/www.erplybooks.com\/et\/miniepoe-juhend\/\">https:\/\/www.erplybooks.com\/et\/miniepoe-juhend\/<\/a>\/<\/li>\n<li style=\"text-align: =;\">e-mailide j\u00e4lgimine:<br \/>\n<a href=\" https:\/\/www.erplybooks.com\/et\/juhendid\/e-mailide-jalgimine\/\"> https:\/\/www.erplybooks.com\/et\/juhendid\/e-mailide-jalgimine\/<\/a><\/li>\n<\/ul>\n<p>Kui soovite rohkem infot mini e-poe kohta, siis v\u00f5tke meiega \u00fchendust <a href=\"mailto:info@erplybooks.com\">info@erplybooks.com<\/a><\/p>\n","protected":false},"excerpt":{"rendered":"<p>ERPLY Books&#8217;i mini e-poe kaudu saate m\u00fc\u00fca oma tooteid l\u00e4bi ERPLY Booksi.\u00a0Teil on oma tellimiskeskkond, kus saab tasuda krediitkaardiga v\u00f5i arve alusel. Kodulehele saab lisada kuni 50 toodet. M\u00fc\u00fcgiprotsess mini e-poes: Klient valib toote Klient sisestab koguse, enda kontaktandmed ja n\u00f5ustub tingimustega Klient vajutab kas \u201cMaksa \u00fclekandega\u201d v\u00f5i \u201cKrediitkaart\u201d. V\u00f5imalik on kasutada Paypal&#8217;i maksekeskkonda Tellimus [&hellip;]<\/p>\n","protected":false},"author":3,"featured_media":0,"parent":0,"menu_order":0,"comment_status":"closed","ping_status":"closed","template":"","meta":{"_et_pb_use_builder":"","_et_pb_old_content":"","_et_gb_content_width":"","footnotes":""},"categories":[450],"tags":[47],"class_list":["post-18009","page","type-page","status-publish","hentry","category-seadistused","tag-e-pood"],"_links":{"self":[{"href":"https:\/\/www.erplybooks.com\/et\/wp-json\/wp\/v2\/pages\/18009","targetHints":{"allow":["GET"]}}],"collection":[{"href":"https:\/\/www.erplybooks.com\/et\/wp-json\/wp\/v2\/pages"}],"about":[{"href":"https:\/\/www.erplybooks.com\/et\/wp-json\/wp\/v2\/types\/page"}],"author":[{"embeddable":true,"href":"https:\/\/www.erplybooks.com\/et\/wp-json\/wp\/v2\/users\/3"}],"replies":[{"embeddable":true,"href":"https:\/\/www.erplybooks.com\/et\/wp-json\/wp\/v2\/comments?post=18009"}],"version-history":[{"count":0,"href":"https:\/\/www.erplybooks.com\/et\/wp-json\/wp\/v2\/pages\/18009\/revisions"}],"wp:attachment":[{"href":"https:\/\/www.erplybooks.com\/et\/wp-json\/wp\/v2\/media?parent=18009"}],"wp:term":[{"taxonomy":"category","embeddable":true,"href":"https:\/\/www.erplybooks.com\/et\/wp-json\/wp\/v2\/categories?post=18009"},{"taxonomy":"post_tag","embeddable":true,"href":"https:\/\/www.erplybooks.com\/et\/wp-json\/wp\/v2\/tags?post=18009"}],"curies":[{"name":"wp","href":"https:\/\/api.w.org\/{rel}","templated":true}]}}