{"id":16335,"date":"2019-10-25T11:24:02","date_gmt":"2019-10-25T11:24:02","guid":{"rendered":"http:\/\/www.erplybooks.com\/?page_id=16335"},"modified":"2023-07-06T06:12:37","modified_gmt":"2023-07-06T06:12:37","slug":"aruanded-emailile-lisamoodul","status":"publish","type":"page","link":"https:\/\/www.erplybooks.com\/et\/aruanded-emailile-lisamoodul\/","title":{"rendered":"Aruanded e-mailile lisamoodul"},"content":{"rendered":"\r\n<h1>Aruanded e-mailile lisamoodul<\/h1>\r\n<p>&nbsp;<\/p>\r\n<p>Aruanded e-mailile lisamoodul muudab Su tegemised lihtsamaks! Oletame, et Sul on vaja iga kuu saata juhatusele kliendi raport kindlal kuup\u00e4eval ja kindlatel tingimustel. V\u00f5i siis oled raamatupidaja ja Sul on vaja saata iga kuu kasumiaruanne 30 ettev\u00f5ttele. Sama olukord: kindlal p\u00e4eval, kindlad tingimused. ERPLY Books&#8217;i lisamoodul teeb selle protsessi Sinu eest!<\/p>\r\n<p>&nbsp;<\/p>\r\n\r\n\r\n\r\n<h2>Lisamooduli seadistamise tingimused:\u00a0<\/h2>\r\n\r\n\r\n\r\n<p>&nbsp;<\/p>\r\n<ul class=\"wp-block-list\">\r\n<li>Aruande t\u00fc\u00fcp<\/li>\r\n<li>Parameetrid\r\n<ul>\r\n<li>Fikseeritud parameetrid<\/li>\r\n<li>Kuup\u00e4eva parameetrid:\r\n<ul>\r\n<li style=\"list-style-type: none;\">\r\n<ul>\r\n<li>Eile<\/li>\r\n<li>T\u00e4na<\/li>\r\n<li>Eelmine n\u00e4dal<\/li>\r\n<li>See n\u00e4dal<\/li>\r\n<li>Eelmine kuu<\/li>\r\n<li>K\u00e4esolev kuu<\/li>\r\n<li>Eelmine aasta<\/li>\r\n<li>K\u00e4esolev aasta<\/li>\r\n<li>Periood lukustatud kuni kuup\u00e4ev<\/li>\r\n<\/ul>\r\n<\/li>\r\n<\/ul>\r\n<\/li>\r\n<\/ul>\r\n<\/li>\r\n<li>Mis p\u00e4eval saata<\/li>\r\n<li>Adressaadid &#8211; eralda semikooloniga<\/li>\r\n<\/ul>\r\n<p>&nbsp;<\/p>\r\n\r\n\r\n\r\n<p>\u00dche aruande seadistamine maksab 10 EUR + k\u00e4ibemaks. Maksimaalne arve, mis teenuse eest esitatakse, on 299 EUR + k\u00e4ibemaks.<\/p>\r\n<p>K\u00fcsimuste korral kirjuta <a href=\"mailto:info@erplybooks.com\">info@erplybooks.com<\/a>.<\/p>\r\n","protected":false},"excerpt":{"rendered":"<p>Aruanded e-mailile lisamoodul &nbsp; Aruanded e-mailile lisamoodul muudab Su tegemised lihtsamaks! Oletame, et Sul on vaja iga kuu saata juhatusele kliendi raport kindlal kuup\u00e4eval ja kindlatel tingimustel. V\u00f5i siis oled raamatupidaja ja Sul on vaja saata iga kuu kasumiaruanne 30 ettev\u00f5ttele. Sama olukord: kindlal p\u00e4eval, kindlad tingimused. ERPLY Books&#8217;i lisamoodul teeb selle protsessi Sinu eest! [&hellip;]<\/p>\n","protected":false},"author":3,"featured_media":0,"parent":0,"menu_order":10,"comment_status":"closed","ping_status":"closed","template":"","meta":{"_et_pb_use_builder":"","_et_pb_old_content":"","_et_gb_content_width":"","footnotes":""},"categories":[451],"tags":[23,593,584],"class_list":["post-16335","page","type-page","status-publish","hentry","category-aruandlus","tag-aruanded","tag-e-mail-2","tag-moodul"],"_links":{"self":[{"href":"https:\/\/www.erplybooks.com\/et\/wp-json\/wp\/v2\/pages\/16335","targetHints":{"allow":["GET"]}}],"collection":[{"href":"https:\/\/www.erplybooks.com\/et\/wp-json\/wp\/v2\/pages"}],"about":[{"href":"https:\/\/www.erplybooks.com\/et\/wp-json\/wp\/v2\/types\/page"}],"author":[{"embeddable":true,"href":"https:\/\/www.erplybooks.com\/et\/wp-json\/wp\/v2\/users\/3"}],"replies":[{"embeddable":true,"href":"https:\/\/www.erplybooks.com\/et\/wp-json\/wp\/v2\/comments?post=16335"}],"version-history":[{"count":0,"href":"https:\/\/www.erplybooks.com\/et\/wp-json\/wp\/v2\/pages\/16335\/revisions"}],"wp:attachment":[{"href":"https:\/\/www.erplybooks.com\/et\/wp-json\/wp\/v2\/media?parent=16335"}],"wp:term":[{"taxonomy":"category","embeddable":true,"href":"https:\/\/www.erplybooks.com\/et\/wp-json\/wp\/v2\/categories?post=16335"},{"taxonomy":"post_tag","embeddable":true,"href":"https:\/\/www.erplybooks.com\/et\/wp-json\/wp\/v2\/tags?post=16335"}],"curies":[{"name":"wp","href":"https:\/\/api.w.org\/{rel}","templated":true}]}}