{"id":16333,"date":"2019-10-25T11:17:41","date_gmt":"2019-10-25T11:17:41","guid":{"rendered":"http:\/\/www.erplybooks.com\/?page_id=16333"},"modified":"2023-07-05T11:59:26","modified_gmt":"2023-07-05T11:59:26","slug":"ostuarvete-postkastis-erply-lao-arvete-loomine","status":"publish","type":"page","link":"https:\/\/www.erplybooks.com\/et\/ostuarvete-postkastis-erply-lao-arvete-loomine\/","title":{"rendered":"Ostuarvete postkastis ERPLY Lao arvete loomine"},"content":{"rendered":"\r\n<h1>Ostuarvete postkastis ERPLY Lao arvete loomine<\/h1>\r\n<p>&nbsp;<\/p>\r\n<p>Tihtipeale k\u00fcsitud k\u00fcsimus: Ostuarvete postkast on \u00e4ge, aga kas seda saab ka kasutada lao arvete jaoks? Jah, saab! Selle jaoks saab v\u00f5tta eraldi plugina, mis v\u00f5imaldab laomehel logida ERPLY Books&#8217;i, nii et ta n\u00e4eb \u00fcksnes endaga seotud ostuarveid ja Ostuarvete postkasti. Seejuures saab piiritleda, et Ostuarvete postkastis oleks n\u00e4htaval \u00fcksnes failid, mille kohta raamatupidaja on teinud m\u00e4rke, et tegu on laoarvega. Ostuarvete postkastist saab laomees valida faili ja luua arve \u2013 avaneb ERPLY lao ostuarve loomise aken v\u00f5i ostutellimuste otsingu aken.\u00a0<\/p>\r\n\r\n\r\n\r\n<p>Funktsionaalsus eeldab juurutust, sest on vaja selgeks teha raamatupidajale, millised \u00f5igused kasutajale m\u00e4\u00e4rata, kuidas laomees sisse logib jne \u2013 idee j\u00e4rgi peaks raamatupidaja \u00f5petama laomehi ehk juurutuse eesm\u00e4rk on teha protsess eelk\u00f5ige raamatupidajale selgeks.\u00a0<\/p>\r\n\r\n\r\n\r\n<p>Juurutuse hind on 249 EUR + k\u00e4ibemaks.\u00a0<\/p>\r\n","protected":false},"excerpt":{"rendered":"<p>Ostuarvete postkastis ERPLY Lao arvete loomine &nbsp; Tihtipeale k\u00fcsitud k\u00fcsimus: Ostuarvete postkast on \u00e4ge, aga kas seda saab ka kasutada lao arvete jaoks? Jah, saab! Selle jaoks saab v\u00f5tta eraldi plugina, mis v\u00f5imaldab laomehel logida ERPLY Books&#8217;i, nii et ta n\u00e4eb \u00fcksnes endaga seotud ostuarveid ja Ostuarvete postkasti. Seejuures saab piiritleda, et Ostuarvete postkastis oleks [&hellip;]<\/p>\n","protected":false},"author":3,"featured_media":0,"parent":0,"menu_order":0,"comment_status":"closed","ping_status":"closed","template":"","meta":{"_et_pb_use_builder":"","_et_pb_old_content":"","_et_gb_content_width":"","footnotes":""},"categories":[454],"tags":[589,113,497,675,850],"class_list":["post-16333","page","type-page","status-publish","hentry","category-ost","tag-arve","tag-ladu","tag-loo","tag-ostuarve","tag-postkast"],"_links":{"self":[{"href":"https:\/\/www.erplybooks.com\/et\/wp-json\/wp\/v2\/pages\/16333","targetHints":{"allow":["GET"]}}],"collection":[{"href":"https:\/\/www.erplybooks.com\/et\/wp-json\/wp\/v2\/pages"}],"about":[{"href":"https:\/\/www.erplybooks.com\/et\/wp-json\/wp\/v2\/types\/page"}],"author":[{"embeddable":true,"href":"https:\/\/www.erplybooks.com\/et\/wp-json\/wp\/v2\/users\/3"}],"replies":[{"embeddable":true,"href":"https:\/\/www.erplybooks.com\/et\/wp-json\/wp\/v2\/comments?post=16333"}],"version-history":[{"count":0,"href":"https:\/\/www.erplybooks.com\/et\/wp-json\/wp\/v2\/pages\/16333\/revisions"}],"wp:attachment":[{"href":"https:\/\/www.erplybooks.com\/et\/wp-json\/wp\/v2\/media?parent=16333"}],"wp:term":[{"taxonomy":"category","embeddable":true,"href":"https:\/\/www.erplybooks.com\/et\/wp-json\/wp\/v2\/categories?post=16333"},{"taxonomy":"post_tag","embeddable":true,"href":"https:\/\/www.erplybooks.com\/et\/wp-json\/wp\/v2\/tags?post=16333"}],"curies":[{"name":"wp","href":"https:\/\/api.w.org\/{rel}","templated":true}]}}