{"id":16327,"date":"2019-10-25T11:15:16","date_gmt":"2019-10-25T11:15:16","guid":{"rendered":"http:\/\/www.erplybooks.com\/?page_id=16327"},"modified":"2023-07-05T18:16:14","modified_gmt":"2023-07-05T18:16:14","slug":"valuutaaruanded","status":"publish","type":"page","link":"https:\/\/www.erplybooks.com\/et\/valuutaaruanded\/","title":{"rendered":"Valuutaaruanded"},"content":{"rendered":"\r\n<h1>Valuutaaruanded<\/h1>\r\n<p>&nbsp;<\/p>\r\n<p>Kui ettev\u00f5te toimetab eurodes, aga oleks vaja n\u00e4ha erinevaid aruandeid n\u00e4iteks dollarites, siis selle jaoks saab lisada valuutade aruande plugina \u2013 see v\u00f5imaldab otsida j\u00e4rgmistes aruannetes erinevate valuutade l\u00f5ikes:\u00a0<\/p>\r\n\r\n\r\n\r\n<ul class=\"wp-block-list\">\r\n<li>M\u00fc\u00fcgiarved<\/li>\r\n<li>Ostuarved<\/li>\r\n<li>Kasumiaruanne<\/li>\r\n<li>Bilanss<\/li>\r\n<li>Kasum 12 kuud<\/li>\r\n<li>Bilanss 12 kuud<\/li>\r\n<li>Pearaamat<\/li>\r\n<\/ul>\r\n\r\n\r\n\r\n<p>K\u00f5ikides aruannetes valib s\u00fcsteem valitud valuutakursi kuup\u00e4evaks l\u00f5pukuup\u00e4eva. Kui otsida 12 kuu aruandes, siis 31 detsember.\u00a0<\/p>\r\n\r\n\r\n\r\n<p>Plugina hind: 399 EUR + k\u00e4ibemaks kuni k\u00fcmne ettev\u00f5tte kohta ja 5 EUR iga lisaettev\u00f5tte kohta. <\/p>\r\n","protected":false},"excerpt":{"rendered":"<p>Valuutaaruanded &nbsp; Kui ettev\u00f5te toimetab eurodes, aga oleks vaja n\u00e4ha erinevaid aruandeid n\u00e4iteks dollarites, siis selle jaoks saab lisada valuutade aruande plugina \u2013 see v\u00f5imaldab otsida j\u00e4rgmistes aruannetes erinevate valuutade l\u00f5ikes:\u00a0 M\u00fc\u00fcgiarved Ostuarved Kasumiaruanne Bilanss Kasum 12 kuud Bilanss 12 kuud Pearaamat K\u00f5ikides aruannetes valib s\u00fcsteem valitud valuutakursi kuup\u00e4evaks l\u00f5pukuup\u00e4eva. Kui otsida 12 kuu aruandes, [&hellip;]<\/p>\n","protected":false},"author":3,"featured_media":0,"parent":0,"menu_order":0,"comment_status":"closed","ping_status":"closed","template":"","meta":{"_et_pb_use_builder":"","_et_pb_old_content":"","_et_gb_content_width":"","footnotes":""},"categories":[451],"tags":[610,709],"class_list":["post-16327","page","type-page","status-publish","hentry","category-aruandlus","tag-aruanne","tag-valuuta"],"_links":{"self":[{"href":"https:\/\/www.erplybooks.com\/et\/wp-json\/wp\/v2\/pages\/16327","targetHints":{"allow":["GET"]}}],"collection":[{"href":"https:\/\/www.erplybooks.com\/et\/wp-json\/wp\/v2\/pages"}],"about":[{"href":"https:\/\/www.erplybooks.com\/et\/wp-json\/wp\/v2\/types\/page"}],"author":[{"embeddable":true,"href":"https:\/\/www.erplybooks.com\/et\/wp-json\/wp\/v2\/users\/3"}],"replies":[{"embeddable":true,"href":"https:\/\/www.erplybooks.com\/et\/wp-json\/wp\/v2\/comments?post=16327"}],"version-history":[{"count":0,"href":"https:\/\/www.erplybooks.com\/et\/wp-json\/wp\/v2\/pages\/16327\/revisions"}],"wp:attachment":[{"href":"https:\/\/www.erplybooks.com\/et\/wp-json\/wp\/v2\/media?parent=16327"}],"wp:term":[{"taxonomy":"category","embeddable":true,"href":"https:\/\/www.erplybooks.com\/et\/wp-json\/wp\/v2\/categories?post=16327"},{"taxonomy":"post_tag","embeddable":true,"href":"https:\/\/www.erplybooks.com\/et\/wp-json\/wp\/v2\/tags?post=16327"}],"curies":[{"name":"wp","href":"https:\/\/api.w.org\/{rel}","templated":true}]}}