{"id":16323,"date":"2019-10-25T11:06:26","date_gmt":"2019-10-25T11:06:26","guid":{"rendered":"http:\/\/www.erplybooks.com\/?page_id=16323"},"modified":"2023-07-05T11:32:56","modified_gmt":"2023-07-05T11:32:56","slug":"kontaktide-loomine-otse-arve-peal","status":"publish","type":"page","link":"https:\/\/www.erplybooks.com\/et\/kontaktide-loomine-otse-arve-peal\/","title":{"rendered":"Kontaktide loomine ja muutmine otse arve peal"},"content":{"rendered":"\r\n<h1>Kontaktide loomine ja muutmine otse arve peal<\/h1>\r\n<p>&nbsp;<\/p>\r\n<p>Probleem: \u201eArvet luues tahaks kohe sisestada uue kontakti andmed, ilma selleks eraldi kontakti kaarti avamata. Pealegi huvitab mind ainult registrikood ja panga IBAN. Muu pole esialgu oluline. \u201c See on v\u00f5imalik lahendada lihtsa pluginaga, mille saab ise \u00e4ra seadistada.<\/p>\r\n<p>See sama n\u00e4ide siin on seadistatav j\u00e4rgmiselt:<\/p>\r\n<p>1) Mine pealehe otsingukasti, otsi sealt <strong>\u201eGlobaalsed atribuudid\u201c<\/strong><\/p>\r\n<p>2) Lisa uus rida:\u00a0<\/p>\r\n\r\n\r\n\r\n<ul>\r\n<li><strong>Nimi<\/strong>=GLOBAL_INVOICE_CUSTOMER_FIELDS\r\n\r\n<\/li>\r\n<li><strong>V\u00e4\u00e4rtus<\/strong>=registrationCode|bankIban<\/li>\r\n<\/ul>\r\n<p>Seej\u00e4rel salvesta ja logi kontolt v\u00e4lja ning tagasi sisse.\u00a0<\/p>\r\n<p><span style=\"font-weight: 400;\">Teise n\u00e4itena on v\u00f5imalik arvel seadistada kliendile vastav tunnus Identifikaatori lahtri j\u00e4rgi. N\u00e4iteks soovid kuvada, kas klient on lepinguline v\u00f5i mitte.\u00a0<\/span><\/p>\r\n<ol>\r\n<li style=\"font-weight: 400;\" aria-level=\"1\"><span style=\"font-weight: 400;\">Ava soovitud kliendi kliendikaart<\/span><\/li>\r\n<li style=\"font-weight: 400;\" aria-level=\"1\"><span style=\"font-weight: 400;\">Lisa kliendikaardi peal Identifikaatori lahtrisse n\u00e4iteks \u2018<strong>\u2019Lepinguline klient\u2019\u2019\u00a0<\/strong><\/span><\/li>\r\n<li style=\"font-weight: 400;\" aria-level=\"1\"><span style=\"font-weight: 400;\">Salvesta muudatused<\/span><\/li>\r\n<li style=\"font-weight: 400;\" aria-level=\"1\"><span style=\"font-weight: 400;\">V\u00e4rskenda lehte, et muudatused rakenduksid<\/span><\/li>\r\n<\/ol>\r\n<p>&nbsp;<\/p>\r\n<p><img loading=\"lazy\" decoding=\"async\" class=\"alignnone wp-image-29688 size-full\" src=\"https:\/\/www.erplybooks.com\/wp-content\/uploads\/2023\/01\/Screenshot-2023-01-13-at-12.32.11.png\" alt=\"\" width=\"2406\" height=\"1182\" srcset=\"https:\/\/www.erplybooks.com\/wp-content\/uploads\/2023\/01\/Screenshot-2023-01-13-at-12.32.11.png 2406w, https:\/\/www.erplybooks.com\/wp-content\/uploads\/2023\/01\/Screenshot-2023-01-13-at-12.32.11-1280x629.png 1280w, https:\/\/www.erplybooks.com\/wp-content\/uploads\/2023\/01\/Screenshot-2023-01-13-at-12.32.11-980x481.png 980w, https:\/\/www.erplybooks.com\/wp-content\/uploads\/2023\/01\/Screenshot-2023-01-13-at-12.32.11-480x236.png 480w\" sizes=\"auto, (min-width: 0px) and (max-width: 480px) 480px, (min-width: 481px) and (max-width: 980px) 980px, (min-width: 981px) and (max-width: 1280px) 1280px, (min-width: 1281px) 2406px, 100vw\" \/><\/p>\r\n<p><span style=\"font-weight: 400;\">J\u00e4rgmisena on vaja lisada ka Globaalsete Atribuutide alla vastav reegel.\u00a0<\/span><\/p>\r\n<ol>\r\n<li style=\"font-weight: 400;\" aria-level=\"1\"><span style=\"font-weight: 400;\">Ava pealehe otsingust <strong>Globaalsed Atribuudid<\/strong><\/span><\/li>\r\n<li style=\"font-weight: 400;\" aria-level=\"1\"><span style=\"font-weight: 400;\">Lisa uus rida:<\/span><\/li>\r\n<\/ol>\r\n<ul>\r\n<li style=\"font-weight: 400;\" aria-level=\"1\"><span style=\"font-weight: 400;\"><strong>Nimi<\/strong>=GLOBAL_INVOICE_CUSTOMER_FIELDS<\/span><\/li>\r\n<li style=\"font-weight: 400;\" aria-level=\"1\"><span style=\"font-weight: 400;\"><strong>V\u00e4\u00e4rtus<\/strong>=bankIban|actualAddress<\/span><\/li>\r\n<\/ul>\r\n<p><span style=\"font-weight: 400;\">N\u00fc\u00fcd avades arve ja valides kliendi kuvatakse Identifikaatori v\u00e4\u00e4rtus, antud juhul kuvatakse \u2018\u2019<strong>Lepinguline klient\u2019<\/strong>\u2019:<\/span><\/p>\r\n<p>&nbsp;<\/p>\r\n<p><img loading=\"lazy\" decoding=\"async\" class=\"alignnone wp-image-29694 size-full\" src=\"https:\/\/www.erplybooks.com\/wp-content\/uploads\/2023\/01\/Screenshot-2023-01-13-at-12.31.18.png\" alt=\"\" width=\"2250\" height=\"414\" srcset=\"https:\/\/www.erplybooks.com\/wp-content\/uploads\/2023\/01\/Screenshot-2023-01-13-at-12.31.18.png 2250w, https:\/\/www.erplybooks.com\/wp-content\/uploads\/2023\/01\/Screenshot-2023-01-13-at-12.31.18-1280x236.png 1280w, https:\/\/www.erplybooks.com\/wp-content\/uploads\/2023\/01\/Screenshot-2023-01-13-at-12.31.18-980x180.png 980w, https:\/\/www.erplybooks.com\/wp-content\/uploads\/2023\/01\/Screenshot-2023-01-13-at-12.31.18-480x88.png 480w\" sizes=\"auto, (min-width: 0px) and (max-width: 480px) 480px, (min-width: 481px) and (max-width: 980px) 980px, (min-width: 981px) and (max-width: 1280px) 1280px, (min-width: 1281px) 2250px, 100vw\" \/><\/p>\r\n\r\n\r\n\r\n<p>&nbsp;<\/p>\r\n<p>Erinevad v\u00e4ljad leiad <a href=\"https:\/\/www.erplybooks.com\/api\/\">API<\/a> lehelt.\u00a0<\/p>\r\n\r\n\r\n\r\n<p style=\"text-align: left;\">Kui soovid meiepoolset seadistamist, siis palume v\u00f5tta \u00fchendust <a href=\"mailto:info@erplybooks.com\">info@erplybooks.com<\/a>. V\u00e4ljade seadistamise hind kujuneb vastavalt hinnakirjale.\u00a0<\/p>\r\n","protected":false},"excerpt":{"rendered":"<p>Kontaktide loomine ja muutmine otse arve peal &nbsp; Probleem: \u201eArvet luues tahaks kohe sisestada uue kontakti andmed, ilma selleks eraldi kontakti kaarti avamata. Pealegi huvitab mind ainult registrikood ja panga IBAN. Muu pole esialgu oluline. \u201c See on v\u00f5imalik lahendada lihtsa pluginaga, mille saab ise \u00e4ra seadistada. See sama n\u00e4ide siin on seadistatav j\u00e4rgmiselt: 1) [&hellip;]<\/p>\n","protected":false},"author":3,"featured_media":0,"parent":0,"menu_order":0,"comment_status":"closed","ping_status":"closed","template":"","meta":{"_et_pb_use_builder":"","_et_pb_old_content":"","_et_gb_content_width":"","footnotes":""},"categories":[449,450],"tags":[589,599,840,841],"class_list":["post-16323","page","type-page","status-publish","hentry","category-juhendid","category-seadistused","tag-arve","tag-kontaktid","tag-loomine","tag-muutmine"],"_links":{"self":[{"href":"https:\/\/www.erplybooks.com\/et\/wp-json\/wp\/v2\/pages\/16323","targetHints":{"allow":["GET"]}}],"collection":[{"href":"https:\/\/www.erplybooks.com\/et\/wp-json\/wp\/v2\/pages"}],"about":[{"href":"https:\/\/www.erplybooks.com\/et\/wp-json\/wp\/v2\/types\/page"}],"author":[{"embeddable":true,"href":"https:\/\/www.erplybooks.com\/et\/wp-json\/wp\/v2\/users\/3"}],"replies":[{"embeddable":true,"href":"https:\/\/www.erplybooks.com\/et\/wp-json\/wp\/v2\/comments?post=16323"}],"version-history":[{"count":0,"href":"https:\/\/www.erplybooks.com\/et\/wp-json\/wp\/v2\/pages\/16323\/revisions"}],"wp:attachment":[{"href":"https:\/\/www.erplybooks.com\/et\/wp-json\/wp\/v2\/media?parent=16323"}],"wp:term":[{"taxonomy":"category","embeddable":true,"href":"https:\/\/www.erplybooks.com\/et\/wp-json\/wp\/v2\/categories?post=16323"},{"taxonomy":"post_tag","embeddable":true,"href":"https:\/\/www.erplybooks.com\/et\/wp-json\/wp\/v2\/tags?post=16323"}],"curies":[{"name":"wp","href":"https:\/\/api.w.org\/{rel}","templated":true}]}}