{"id":16316,"date":"2019-10-25T11:01:52","date_gmt":"2019-10-25T11:01:52","guid":{"rendered":"http:\/\/www.erplybooks.com\/?page_id=16316"},"modified":"2024-11-22T10:18:02","modified_gmt":"2024-11-22T10:18:02","slug":"ettemaksu-kaibemaksu-lisafunktsionaalsus","status":"publish","type":"page","link":"https:\/\/www.erplybooks.com\/et\/ettemaksu-kaibemaksu-lisafunktsionaalsus\/","title":{"rendered":"Ettemaksu k\u00e4ibemaksu lisafunktsionaalsus"},"content":{"rendered":"\r\n<h1>Ettemaksu k\u00e4ibemaksu lisafunktsionaalsus<\/h1>\r\n<p>&nbsp;<\/p>\r\n<p>Etteruttavalt: Sul ei ole keelatud ettemaksu k\u00e4ibemaksu ise seadistada ja seda kasutada. K\u00fcll aga sellega on seotud mitmeid erinevaid n\u00fcansse, mist\u00f5ttu soovitame v\u00f5tta sellekohane abi seadistamisel.\u00a0<\/p>\r\n<p>&nbsp;<\/p>\r\n\r\n\r\n\r\n<h3>Ettemaksu k\u00e4ibemaksuga seotud n\u00fcansid:\u00a0<\/h3>\r\n\r\n\r\n\r\n<ul class=\"wp-block-list\">\r\n<li>On v\u00f5imalik seadistada, nii et iga ettemaks (saab eraldi m\u00e4\u00e4rata nii ostu- kui m\u00fc\u00fcgitehingutele) saab automaatselt seotuks k\u00e4ibemaksuga.<\/li>\r\n<li>Vaikimisi v\u00f5etakse k\u00e4ibemaks kontakti kaardilt.<\/li>\r\n<li>On v\u00f5imalik kasutada tellimuste protsessi, mis sisaldab j\u00e4rgnevat:\u00a0\r\n<ul>\r\n<li>kasutab automaatselt ettemaksu \u00e4ra, kui tellimusest tehakse arve;<\/li>\r\n<li>v\u00f5imaldab siduda arvete importimisel (l\u00e4bi API ja l\u00e4bi Exceli impordi) tellimuse ja arve omavahel \u2013 seejuures arvestab sellega, et ka osaline ettemaksu kasutamine on v\u00f5imalik;<\/li>\r\n<li>on v\u00f5imalik seadistada, nii et k\u00e4ibemaks v\u00f5etakse tellimuse pealt, kui tellimus tasutakse;<\/li>\r\n<li>on v\u00f5imalik seadistada, nii et tellimuse laekumised seoks ka osalise maksmise puhul automaatselt.<\/li>\r\n<\/ul>\r\n<\/li>\r\n<li>Ettemaksu k\u00e4ibemaks arvestatakse automaatselt k\u00e4ibedeklaratsiooni.\u00a0<\/li>\r\n<li>Selle jaoks, et eristada ettemaksu k\u00e4ibemaksu, tuleks filtreerida k\u00e4ibemaksuaruandes t\u00fc\u00fcbi lahtrit. Kui see puudub, siis on Sul vajalik lisaaruandluse funktsioonide alt kannete indeksite pluginat. <strong><a href=\"https:\/\/www.erplybooks.com\/et\/lisamoodulid\/koosta-ise-juhtimisaruanded-ja-kiirenda-paringute-kiirust-kumnetes-kordades\/\">Vt juhtimisaruannete lisav\u00f5imaluste lehelt l\u00e4he<\/a><\/strong><a href=\"https:\/\/www.erplybooks.com\/et\/lisamoodulid\/koosta-ise-juhtimisaruanded-ja-kiirenda-paringute-kiirust-kumnetes-kordades\/\"><strong>malt<\/strong><\/a><strong>.<\/strong> T\u00fc\u00fcbid lahtiseletatult:\u00a0\r\n<ul>\r\n<li>M\u00fc\u00fcgiarvete kanded \u2013 m\u00fc\u00fcgiarvetelt arvestatud k\u00e4ibemaks. Aruandes kuvatakse kande kuup\u00e4eva j\u00e4rgi.<\/li>\r\n<li>Ostuarvete kanded \u2013 ostuarvetelt arvestatud k\u00e4ibemaks. Aruandes kuvatakse kande kuup\u00e4eva j\u00e4rgi.\u00a0<\/li>\r\n<li>Laekumised va arved \u2013 n\u00e4itab mitte arvetega seotud laekumiste peal olevaid k\u00e4ibemaksusummasid. Aruandes positiivse summaga. St kui klient maksis 120 EUR ja k\u00e4ibemaks on 20%, siis aruandes n\u00e4itab 120\/1.2 = 100 EUR. Eeldades, et pole \u00fchtki muu raha tehingut koos k\u00e4ibemaksuga lisatud (n\u00e4iteks saad pangaimpordis valida tehingu, m\u00e4\u00e4rata konto ja k\u00e4ibemaksu \u2013 ilma arvet v\u00f5i kontakti sidumata; vajalik rohkem v\u00e4ljamaksete puhul, kus n\u00e4iteks krediitkaardiga makstud igakuised tehingud saab pangareeglitega automatiseerida \u2013 ilma selle jaoks eraldi ostudokumenti lisamata), siis see n\u00e4itab ettemaksu k\u00e4ibemaksu.\u00a0<\/li>\r\n<li>Maksmised va arved \u2013 analoogne \u201elaekumised va arved\u201c t\u00fc\u00fcbile<\/li>\r\n<li>M\u00fc\u00fcgiarvete laekumised \u2013 m\u00fc\u00fcgiarvete laekumised, mis on seotud k\u00e4ibemaksuga. N\u00e4idatakse aruandes negatiivse summaga. N\u00e4iteks arve maksmine on 120 EUR ja k\u00e4ibemaks 20%, siis aruandes kuvatakse -1 * 120 \/ 1.2 = -100 EUR. Siin pole vahet, kas tehingule on eelnenud ettemaks v\u00f5i mitte \u2013 t\u00e4htis on, et laekumine oleks seotud k\u00e4ibemaksuga. M\u00f5ned erinevad v\u00f5imalused, mil v\u00f5ib k\u00e4ibemaks peal olla m\u00fc\u00fcgiarvete laekumistel:\u00a0\r\n<ul>\r\n<li>Ettemaksu kasutamine<\/li>\r\n<li>Arve lootusetult makstuks m\u00e4rkimine<\/li>\r\n<li>Kinkekaardi kasutamine<\/li>\r\n<\/ul>\r\n<\/li>\r\n<li>Ostuarvete maksmised \u2013 analoogne \u201em\u00fc\u00fcgiarvete laekumised\u201c t\u00fc\u00fcbile<\/li>\r\n<\/ul>\r\n<\/li>\r\n<li>Ettemaksu k\u00e4ibemaksu saab seadistada riigip\u00f5hiselt \u2013 selliselt, et n\u00e4iteks k\u00f5ik L\u00e4ti kliendid saavad k\u00fclge \u201eEU KM teenused\u201c k\u00e4ibemaksuliigi ja Eesti kliendid saavad 20% k\u00e4ibemaksuliigi.\u00a0<\/li>\r\n<li>Ettemaksu kasutamisel m\u00e4\u00e4ratakse k\u00e4ibemaks automaatselt esialgse ettemaksu j\u00e4rgi.\u00a0<\/li>\r\n<li>Alati kui v\u00f5imalik, tuleks eelistada ettemaksu k\u00e4ibemaksu kasutamisel tellimuste lahendust \u2013 siis on olemas ettemaksuga seotud dokument ja n\u00e4iteks 1000 EUR aruandesse proovib Books m\u00e4\u00e4rata seotud dokumendi, mitte lihtsalt kirjelduse \u201eettemaks\u201c v\u00f5i \u201eettemaksu kasutamine\u201c.\u00a0<\/li>\r\n<\/ul>\r\n\r\n\r\n\r\n<p>Meiepoolse seadistuse hind 75EUR\/h+KM.<\/p>\r\n","protected":false},"excerpt":{"rendered":"<p>Ettemaksu k\u00e4ibemaksu lisafunktsionaalsus &nbsp; Etteruttavalt: Sul ei ole keelatud ettemaksu k\u00e4ibemaksu ise seadistada ja seda kasutada. K\u00fcll aga sellega on seotud mitmeid erinevaid n\u00fcansse, mist\u00f5ttu soovitame v\u00f5tta sellekohane abi seadistamisel.\u00a0 &nbsp; Ettemaksu k\u00e4ibemaksuga seotud n\u00fcansid:\u00a0 On v\u00f5imalik seadistada, nii et iga ettemaks (saab eraldi m\u00e4\u00e4rata nii ostu- kui m\u00fc\u00fcgitehingutele) saab automaatselt seotuks k\u00e4ibemaksuga. Vaikimisi v\u00f5etakse [&hellip;]<\/p>\n","protected":false},"author":3,"featured_media":0,"parent":0,"menu_order":0,"comment_status":"closed","ping_status":"closed","template":"","meta":{"_et_pb_use_builder":"","_et_pb_old_content":"","_et_gb_content_width":"","footnotes":""},"categories":[455],"tags":[57,83],"class_list":["post-16316","page","type-page","status-publish","hentry","category-maksed-ja-ettemaksed","tag-ettemaks","tag-kaibemaks"],"_links":{"self":[{"href":"https:\/\/www.erplybooks.com\/et\/wp-json\/wp\/v2\/pages\/16316","targetHints":{"allow":["GET"]}}],"collection":[{"href":"https:\/\/www.erplybooks.com\/et\/wp-json\/wp\/v2\/pages"}],"about":[{"href":"https:\/\/www.erplybooks.com\/et\/wp-json\/wp\/v2\/types\/page"}],"author":[{"embeddable":true,"href":"https:\/\/www.erplybooks.com\/et\/wp-json\/wp\/v2\/users\/3"}],"replies":[{"embeddable":true,"href":"https:\/\/www.erplybooks.com\/et\/wp-json\/wp\/v2\/comments?post=16316"}],"version-history":[{"count":0,"href":"https:\/\/www.erplybooks.com\/et\/wp-json\/wp\/v2\/pages\/16316\/revisions"}],"wp:attachment":[{"href":"https:\/\/www.erplybooks.com\/et\/wp-json\/wp\/v2\/media?parent=16316"}],"wp:term":[{"taxonomy":"category","embeddable":true,"href":"https:\/\/www.erplybooks.com\/et\/wp-json\/wp\/v2\/categories?post=16316"},{"taxonomy":"post_tag","embeddable":true,"href":"https:\/\/www.erplybooks.com\/et\/wp-json\/wp\/v2\/tags?post=16316"}],"curies":[{"name":"wp","href":"https:\/\/api.w.org\/{rel}","templated":true}]}}