{"id":16312,"date":"2019-10-25T10:55:24","date_gmt":"2019-10-25T10:55:24","guid":{"rendered":"http:\/\/www.erplybooks.com\/?page_id=16312"},"modified":"2024-08-13T07:20:11","modified_gmt":"2024-08-13T07:20:11","slug":"projektigruppide-aruandlus","status":"publish","type":"page","link":"https:\/\/www.erplybooks.com\/et\/projektigruppide-aruandlus\/","title":{"rendered":"Projektigruppide aruandlus"},"content":{"rendered":"\r\n<h1>Projektigruppide aruandlus<\/h1>\r\n<p>&nbsp;<\/p>\r\n<p>Vaikimisi projektigruppe kasutades saab vaadata projektigruppide l\u00f5ikes pearaamatut ja arveid. Esimest otse pearaamatust ja teist, kui see eraldi seadistada v\u00f5i kui Excelisse andmed v\u00f5tta. Need n\u00e4itavad andmeid tehingute l\u00f5ikes, nii et \u00fcks projektigrupp on \u00fcks veerg. K\u00fcll aga kui on vaja n\u00e4ha konkreetse projektigruppi l\u00f5ikes aruandlust \u2013 n\u00e4iteks osakondade l\u00f5ikes \u2013 siis selle jaoks on projektigruppide aruandluse plugin olemas. See sisaldab j\u00e4rgmist:\u00a0<\/p>\r\n\r\n\r\n\r\n<ul class=\"wp-block-list\">\r\n<li>Kasumiaruanne konkreetse projektigrupi l\u00f5ikes \u2013 siis alati kui kasumiaruannet avada, n\u00e4itab k\u00f5igepealt k\u00f5ike kokku ja seej\u00e4rel igat projekti eraldi veerus. See t\u00e4hendaks osakondade n\u00e4ite puhul, et iga osakond oleks eraldi veerus kuvatuna ja saate lihtsa vaevaga kontrollida osakondade tulusid, kulusid ja kasumit.\u00a0<\/li>\r\n<li>Graafik: klientidele m\u00fc\u00fcdud summad perioodis projektigrupi l\u00f5ikes<\/li>\r\n<li>Graafik: hankijatelt ostetud summad perioodis projektigrupi l\u00f5ikes<\/li>\r\n<li>Graafik: kliendigruppidele m\u00fc\u00fcdud summad perioodis projektigrupi l\u00f5ikes<\/li>\r\n<li>Graafik: hankijagruppidelt ostetud summad perioodis projektigrupi l\u00f5ikes<\/li>\r\n<li>Graafik: m\u00fc\u00fcgitulu kuude l\u00f5ikes konkreetsel aastal projektigrupi l\u00f5ikes<\/li>\r\n<li>Graafik: kulud kuude l\u00f5ikes konkreetsel aastal projektigrupi l\u00f5ikes<\/li>\r\n<li>Graafik: konkreetse konto k\u00e4ive kuude l\u00f5ikes konkreetsel aastal projektigrupi l\u00f5ikes<\/li>\r\n<\/ul>\r\n\r\n\r\n\r\n<p>Plugina eeldus: eeldab lisaaruannete pluginat. Ilma selleta ei saa seda aktiveerida, sest plugin kasutab lisaaruannete pluginat.\u00a0<\/p>\r\n\r\n\r\n\r\n<p>Plugina hind: 599 EUR + k\u00e4ibemaks.\u00a0<\/p>\r\n<p>T\u00e4psemalt loe funktsionaalsusest <a href=\"https:\/\/www.erplybooks.com\/et\/juhendid\/projektigruppide-aruanne\/\">siit<\/a>.\u00a0<\/p>\r\n","protected":false},"excerpt":{"rendered":"<p>Projektigruppide aruandlus &nbsp; Vaikimisi projektigruppe kasutades saab vaadata projektigruppide l\u00f5ikes pearaamatut ja arveid. Esimest otse pearaamatust ja teist, kui see eraldi seadistada v\u00f5i kui Excelisse andmed v\u00f5tta. Need n\u00e4itavad andmeid tehingute l\u00f5ikes, nii et \u00fcks projektigrupp on \u00fcks veerg. K\u00fcll aga kui on vaja n\u00e4ha konkreetse projektigruppi l\u00f5ikes aruandlust \u2013 n\u00e4iteks osakondade l\u00f5ikes \u2013 siis [&hellip;]<\/p>\n","protected":false},"author":3,"featured_media":0,"parent":0,"menu_order":0,"comment_status":"closed","ping_status":"closed","template":"","meta":{"_et_pb_use_builder":"","_et_pb_old_content":"","_et_gb_content_width":"","footnotes":""},"categories":[451],"tags":[815,704,861],"class_list":["post-16312","page","type-page","status-publish","hentry","category-aruandlus","tag-aruandlus","tag-grupid","tag-projekt"],"_links":{"self":[{"href":"https:\/\/www.erplybooks.com\/et\/wp-json\/wp\/v2\/pages\/16312","targetHints":{"allow":["GET"]}}],"collection":[{"href":"https:\/\/www.erplybooks.com\/et\/wp-json\/wp\/v2\/pages"}],"about":[{"href":"https:\/\/www.erplybooks.com\/et\/wp-json\/wp\/v2\/types\/page"}],"author":[{"embeddable":true,"href":"https:\/\/www.erplybooks.com\/et\/wp-json\/wp\/v2\/users\/3"}],"replies":[{"embeddable":true,"href":"https:\/\/www.erplybooks.com\/et\/wp-json\/wp\/v2\/comments?post=16312"}],"version-history":[{"count":0,"href":"https:\/\/www.erplybooks.com\/et\/wp-json\/wp\/v2\/pages\/16312\/revisions"}],"wp:attachment":[{"href":"https:\/\/www.erplybooks.com\/et\/wp-json\/wp\/v2\/media?parent=16312"}],"wp:term":[{"taxonomy":"category","embeddable":true,"href":"https:\/\/www.erplybooks.com\/et\/wp-json\/wp\/v2\/categories?post=16312"},{"taxonomy":"post_tag","embeddable":true,"href":"https:\/\/www.erplybooks.com\/et\/wp-json\/wp\/v2\/tags?post=16312"}],"curies":[{"name":"wp","href":"https:\/\/api.w.org\/{rel}","templated":true}]}}