{"id":16308,"date":"2019-10-25T10:40:55","date_gmt":"2019-10-25T10:40:55","guid":{"rendered":"http:\/\/www.erplybooks.com\/?page_id=16308"},"modified":"2023-08-14T09:39:41","modified_gmt":"2023-08-14T09:39:41","slug":"%d0%b0%d0%b2%d1%82%d0%be%d0%bc%d0%b0%d1%82%d0%b8%d0%b7%d0%b8%d1%80%d1%83%d0%b9%d1%82%d0%b5-%d1%80%d0%b0%d0%b1%d0%be%d1%82%d1%83-%d0%b1%d1%83%d1%85%d0%b3%d0%b0%d0%bb%d1%82%d0%b5%d1%80%d0%b0-%d0%be","status":"publish","type":"page","link":"https:\/\/www.erplybooks.com\/et\/%d0%b0%d0%b2%d1%82%d0%be%d0%bc%d0%b0%d1%82%d0%b8%d0%b7%d0%b8%d1%80%d1%83%d0%b9%d1%82%d0%b5-%d1%80%d0%b0%d0%b1%d0%be%d1%82%d1%83-%d0%b1%d1%83%d1%85%d0%b3%d0%b0%d0%bb%d1%82%d0%b5%d1%80%d0%b0-%d0%be\/","title":{"rendered":"Automatiseeri raamatupidaja \u00fcks p\u00e4ev n\u00e4dalas"},"content":{"rendered":"\r\n<h1>Automatiseeri raamatupidaja \u00fcks p\u00e4ev n\u00e4dalas<\/h1>\r\n<p>&nbsp;<\/p>\r\n<p>Kui kasutad k\u00f5iki protsesse m\u00f5istlikult, siis on v\u00f5imalik automatiseerida v\u00e4hemalt \u00fcks raamatupidaja t\u00f6\u00f6p\u00e4ev n\u00e4dalast. Kui k\u00f5ike korrektselt teha, on v\u00f5imalik ka automatiseerida rohkem. Kuid siinkohal r\u00e4\u00e4gime \u00fche p\u00e4eva automatiseerimisest kui reaalsest olukorrast, mis on v\u00f5imalik saavutada kui v\u00f5tta raamatupidaja t\u00f6\u00f6 automatiseerimise plugin ja t\u00f6\u00f6protsesside automatiseerimise juurutus.\u00a0<\/p>\r\n<p>Multiorganisatsioon siin ja edaspidi t\u00e4hendab olukorda, kus on vaja majandada mitut organisatsiooni korraga. Stiilis raamatupidajal on 30 ettev\u00f5tet ja on vaja meeles pidada iga ettev\u00f5tte erip\u00e4rasid.\u00a0<\/p>\r\n<p><em>Multiorganisatsiooni plugin<\/em>\u00a0on t\u00f6\u00f6vahend, mis n\u00e4itab, mis ettev\u00f5tetes on tehtud millised vajalikud t\u00f6\u00f6protsessid konkreetsel kuul. Nimekiri protsessidest, mis kuvatakse iga ettev\u00f5tte kohta:\u00a0<\/p>\r\n<ul>\r\n<li>Ootel failid\r\n<ul>\r\n<li><strong>Kirjeldus<\/strong>: mitu faili ootab ostuarvete postkastis<\/li>\r\n<li><strong>Topeltklikk<\/strong>: avab konkreetse organisatsiooni ostuarvete postkasti<\/li>\r\n<\/ul>\r\n<\/li>\r\n<li>Ootel maksed\r\n<ul>\r\n<li><strong>Kirjeldus<\/strong>: mitu automaatselt imporditud pangatehingut, mida ei suudetud automaatselt siduda, ootab pangaimpordis. N\u00e4iteks kui Sul on Swedbank automaatne \u00fchendus aktiveeritud, siis saad hommikul vaadata, mis ettev\u00f5tetes on viimase 24h jooksul tulnud uusi makseid, mida Books pole suutnud automaatselt siduda.<\/li>\r\n<li><strong>Topeltklikk<\/strong>: avab konkreetse organisatsiooni pangaimpordi<\/li>\r\n<\/ul>\r\n<\/li>\r\n<li>Mitu m\u00fc\u00fcgiarvet on koostatud\r\n<ul>\r\n<li><strong>Kirjeldus<\/strong>: kuna s\u00f5ltuvalt ettev\u00f5tete erip\u00e4radest ei saa paika panna \u00fchtset m\u00fc\u00fcgiarvete struktuuri mudelit, siis on v\u00e4lja toodud loodud arvete kogused ning antud teatud loogilised hinnangud, kas arveid on loodud nii palju kui peab v\u00f5i mitte. J\u00e4relt\u00f5lgendus j\u00e4\u00e4b enda teha, sest raamatupidaja teab oma ettev\u00f5tteid paremini. Kogused on v\u00f5etud kustutamata arvete pealt ja ei sisalda infot, kas arved on v\u00e4lja saadetud.\u00a0<\/li>\r\n<li><strong>Andmekirjeldus<\/strong>:\u00a0\r\n<ul>\r\n<li>N\u00e4itab mitu m\u00fc\u00fcgiarvet on tehtud perioodis<\/li>\r\n<li>N\u00e4itab mitu m\u00fc\u00fcgiarvet tehti eelmine periood<\/li>\r\n<li>Kui eelmine periood ei olnud arveid ja valitud periood ei ole arveid, siis n\u00e4itab valgena<\/li>\r\n<li>Kui valitud periood on arvete hulk v\u00e4hemalt 75% sama nagu eelmine periood, siis n\u00e4itab rohelisena<\/li>\r\n<li>Kui valitud periood on arveid v\u00e4hem kui 75% sellest, mis oli eelmine periood, siis n\u00e4itab oran\u017eina<\/li>\r\n<li>Kui valitud periood on arveid v\u00e4hem kui 50% sellest, mis oli eelmine periood, siis n\u00e4itab punasena<\/li>\r\n<\/ul>\r\n<\/li>\r\n<\/ul>\r\n<\/li>\r\n<li>Mitu ostuarvet on koostatud\r\n<ul>\r\n<li><strong>Kirjeldus<\/strong>: kuna s\u00f5ltuvalt ettev\u00f5tete erip\u00e4radest ei saa paika panna \u00fchtset ostuarvete struktuuri mudelit, siis on v\u00e4lja toodud loodud arvete kogused ning antud teatud loogilised hinnangud, kas arveid on loodud nii palju kui peab v\u00f5i mitte. Kogused on v\u00f5etud kustutamata arvete pealt. Kui on soovi uurida, kas statistiliselt k\u00f5ik ostuarved on loodud, siis vaata puuduvate arvete otsingu moodulit.\u00a0<\/li>\r\n<li><strong>Andmekirjeldus<\/strong>:\u00a0\r\n<ul>\r\n<li>N\u00e4itab mitu ostuarvet on tehtud perioodis<\/li>\r\n<li>N\u00e4itab mitu ostuarvet tehti eelmine periood<\/li>\r\n<li>Kui eelmine periood ei olnud arveid ja valitud periood ei ole arveid, siis n\u00e4itab valgena<\/li>\r\n<li>Kui valitud periood on arvete hulk v\u00e4hemalt 75% sama nagu eelmine periood, siis n\u00e4itab rohelisena<\/li>\r\n<li>Kui valitud periood on arveid v\u00e4hem kui 75% sellest, mis oli eelmine periood, siis n\u00e4itab oran\u017eina<\/li>\r\n<li>Kui valitud periood on arveid v\u00e4hem kui 50% sellest, mis oli eelmine periood, siis n\u00e4itab punasena<\/li>\r\n<\/ul>\r\n<\/li>\r\n<\/ul>\r\n<\/li>\r\n<li>Mitu kannet on tehtud\r\n<ul>\r\n<li><strong>Kirjeldus<\/strong>: v\u00f5imaldab kontrollida, mitu kannet on \u00fcldiselt tehtud. Kas v\u00f5i selle jaoks, et lihtsamini oma klientidele arveid saata.<\/li>\r\n<li><strong>Andmekirjeldus<\/strong>:\u00a0\r\n<ul>\r\n<li>N\u00e4itab mitu kannet on tehtud perioodis<\/li>\r\n<li>N\u00e4itab mitu kannet tehti eelmisesse perioodi\u00a0<\/li>\r\n<\/ul>\r\n<\/li>\r\n<\/ul>\r\n<\/li>\r\n<li>Mitu amortisatsioonikannet on tehtud\r\n<ul>\r\n<li><strong>Topeltklikk:\u00a0<\/strong>avab amortisatsioonimooduli konkreetses organisatsioonis<\/li>\r\n<li><strong>Andmekirjeldus<\/strong>:\u00a0\r\n<ul>\r\n<li>N\u00e4itab mitu kannet on tehtud perioodis<\/li>\r\n<li>N\u00e4itab mitu kannet tehti eelmisesse perioodi<\/li>\r\n<li>Kui eelmine ja valitud periood ei olnud \u00fchtki kannet, siis n\u00e4itab valgena<\/li>\r\n<li>Kui eelmine periood oli kandeid ja valitud periood pole, siis n\u00e4itab punasena<\/li>\r\n<li>Kui valitud perioodis on kandeid, siis n\u00e4itab rohelisena<\/li>\r\n<\/ul>\r\n<\/li>\r\n<\/ul>\r\n<\/li>\r\n<li>Mitu palgakannet on tehtud\r\n<ul>\r\n<li>N\u00e4itab mitu kannet on tehtud perioodis<\/li>\r\n<li>N\u00e4itab mitu kannet tehti eelmisesse perioodi<\/li>\r\n<li>Kui eelmine ja valitud periood ei olnud \u00fchtki kannet, siis n\u00e4itab valgena<\/li>\r\n<li>Kui eelmine periood oli kandeid ja valitud periood pole, siis n\u00e4itab punasena<\/li>\r\n<li>Kui valitud perioodis on kandeid, siis n\u00e4itab rohelisena<\/li>\r\n<\/ul>\r\n<\/li>\r\n<li>Rahakontode lukustamiskuup\u00e4evad \u2013 m\u00f5istlik on hakata lukustama rahakontosid, kui mingi p\u00e4eva seisuga on pangaimport tehtud. Seega kui on vaja kindlustada, et 20. juuniks on k\u00f5ik mai kuu toimingud tehtud, peaksid ka k\u00f5ik rahakontod lukus olema\r\n<ul>\r\n<li>N\u00e4itab iga rahakontot ja tema lukustamiskuup\u00e4eva.<\/li>\r\n<li>N\u00e4itab rohelisena neid rahakontosid, mille lukustamiskuup\u00e4ev j\u00e4\u00e4b valitud perioodi sisse.<\/li>\r\n<\/ul>\r\n<\/li>\r\n<\/ul>\r\n<p><strong>Puuduvate ostuarvete otsing<\/strong><\/p>\r\n<p>Iga kuu peab telefonioperaator saatma arve. Aga kui on 30 ettev\u00f5tet, siis kuidas kontrollida lihtsalt, mis arved on puudu ja millistes ettev\u00f5tetes? Selle jaoks oleme loonud puuduvate ostuarvete otsingu. See \u00fctleb vastavalt statistikale, mis arved millises ettev\u00f5tetes puudu on.\u00a0<\/p>\r\n<p>&nbsp;<\/p>\r\n<h2>Protsesside automatiseerimine raamatupidaja jaoks<\/h2>\r\n<p>Protsessid, mis tuleb l\u00e4bi k\u00e4ia, et olla kindel, et kasutad k\u00f5iki \u00f5igeid protsesse:\u00a0<\/p>\r\n<ul>\r\n<li>Pangaeksport \u2013 t\u00f6\u00f6protsess peab olema kasutusel igas ettev\u00f5ttes, kus v\u00f5imalik. Tihtipeale m\u00f5eldakse, et funktsioon on m\u00f5eldud \u00fcksnes suurtele firmadele.\u00a0<\/li>\r\n<li>Pangaimport \u2013 teoorias on v\u00f5imalik pangaimport ka 100% automatiseerida, kuid reaalne elu n\u00e4itab, et ikka ja j\u00e4lle tekib tehinguid stiilis \u201e\u00dclle maksab Kalle eest\u00bb ja kirjutab \u00fclekandesse lihtsalt \u201c\u00fclekanne\u201c, mida pole v\u00f5imalik automatiseerida.\u00a0\r\n<ul>\r\n<li>kui on ettev\u00f5tteid, kus saab t\u00f6\u00f6le panna panga automaatse s\u00fcnkroniseerimise, pannakse see t\u00f6\u00f6le.\u00a0<\/li>\r\n<li>Kui on muid pankasid, mille pangav\u00e4ljav\u00f5tted saadab ettev\u00f5tte juht emailiga, siis saab need saata otse Books\u2019i.<\/li>\r\n<li>Pangareeglid \u2013 vaatame \u00fcle m\u00f5ne ettev\u00f5tte tehingud ning koostame koos pangareegleid, et protsess saaks selgeks.\u00a0<\/li>\r\n<\/ul>\r\n<\/li>\r\n<li>Ostuarvete postkast \u2013 k\u00f5ige v\u00f5imsam funktsioon ERPLY Books\u2019is. Selle jaoks teeme eraldi koolituse ning teeme kindlaks, et k\u00f5ik selle n\u00fcansid saavad selgeks. Kui korrektselt funktsiooni \u00e4ra kasutada, saab automatiseerida kuni 80% ostuarvetele minevast ajast.\u00a0<\/li>\r\n<\/ul>\r\n<p>Plugina hind: 599 EUR + k\u00e4ibemaks \u00fche raamatupidaja kohta.\u00a0<\/p>\r\n<p>Juurutuse hind: 599 EUR + k\u00e4ibemaks \u00fche p\u00e4eva juurutuse kohta.\u00a0<\/p>\r\n","protected":false},"excerpt":{"rendered":"<p>Automatiseeri raamatupidaja \u00fcks p\u00e4ev n\u00e4dalas &nbsp; Kui kasutad k\u00f5iki protsesse m\u00f5istlikult, siis on v\u00f5imalik automatiseerida v\u00e4hemalt \u00fcks raamatupidaja t\u00f6\u00f6p\u00e4ev n\u00e4dalast. Kui k\u00f5ike korrektselt teha, on v\u00f5imalik ka automatiseerida rohkem. Kuid siinkohal r\u00e4\u00e4gime \u00fche p\u00e4eva automatiseerimisest kui reaalsest olukorrast, mis on v\u00f5imalik saavutada kui v\u00f5tta raamatupidaja t\u00f6\u00f6 automatiseerimise plugin ja t\u00f6\u00f6protsesside automatiseerimise juurutus.\u00a0 Multiorganisatsioon siin ja [&hellip;]<\/p>\n","protected":false},"author":3,"featured_media":0,"parent":0,"menu_order":16,"comment_status":"closed","ping_status":"closed","template":"","meta":{"_et_pb_use_builder":"","_et_pb_old_content":"","_et_gb_content_width":"","footnotes":""},"categories":[450],"tags":[854,171,173,852],"class_list":["post-16308","page","type-page","status-publish","hentry","category-seadistused","tag-automatiseerimine","tag-raamatupidaja","tag-raamatupidamine","tag-too"],"_links":{"self":[{"href":"https:\/\/www.erplybooks.com\/et\/wp-json\/wp\/v2\/pages\/16308","targetHints":{"allow":["GET"]}}],"collection":[{"href":"https:\/\/www.erplybooks.com\/et\/wp-json\/wp\/v2\/pages"}],"about":[{"href":"https:\/\/www.erplybooks.com\/et\/wp-json\/wp\/v2\/types\/page"}],"author":[{"embeddable":true,"href":"https:\/\/www.erplybooks.com\/et\/wp-json\/wp\/v2\/users\/3"}],"replies":[{"embeddable":true,"href":"https:\/\/www.erplybooks.com\/et\/wp-json\/wp\/v2\/comments?post=16308"}],"version-history":[{"count":0,"href":"https:\/\/www.erplybooks.com\/et\/wp-json\/wp\/v2\/pages\/16308\/revisions"}],"wp:attachment":[{"href":"https:\/\/www.erplybooks.com\/et\/wp-json\/wp\/v2\/media?parent=16308"}],"wp:term":[{"taxonomy":"category","embeddable":true,"href":"https:\/\/www.erplybooks.com\/et\/wp-json\/wp\/v2\/categories?post=16308"},{"taxonomy":"post_tag","embeddable":true,"href":"https:\/\/www.erplybooks.com\/et\/wp-json\/wp\/v2\/tags?post=16308"}],"curies":[{"name":"wp","href":"https:\/\/api.w.org\/{rel}","templated":true}]}}