{"id":16296,"date":"2019-10-25T10:29:54","date_gmt":"2019-10-25T10:29:54","guid":{"rendered":"http:\/\/www.erplybooks.com\/?page_id=16296"},"modified":"2023-07-05T12:29:14","modified_gmt":"2023-07-05T12:29:14","slug":"pangasaldo-kinnitamine-pangaimpordis","status":"publish","type":"page","link":"https:\/\/www.erplybooks.com\/et\/pangasaldo-kinnitamine-pangaimpordis\/","title":{"rendered":"Pangasaldo kinnitamine pangaimpordis"},"content":{"rendered":"\r\n<h1>Pangasaldo kinnitamine pangaimpordis<\/h1>\r\n<p>&nbsp;<\/p>\r\n<p>Oletame, et teete pangaimpordis k\u00f5ik tehingud \u00e4ra eilse seisuga. P\u00e4rast salvestamist on pangasaldo paigas \u2013 kontrollida saab seda eraldi \u00fcle saldoaruandest. Seej\u00e4rel minge\u00a0 kontoplaani ja pange pangakonto lukku eilse seisuga.\u00a0<\/p>\r\n\r\n\r\n\r\n<p>K\u00f5ik see on v\u00f5imalik viia otse pangaimporti: p\u00e4rast salvestamist kontrollib\u00a0 s\u00fcsteem, et eilse seisuga said k\u00f5ik tehingud salvestatud. Seej\u00e4rel k\u00fcsib s\u00fcsteem tagatoast, mis on pangakonto saldo eilse seisuga ja k\u00fcsib s\u00fcsteemis kohe p\u00e4rast salvestamist: \u201ekas konto saldo on XX seisuga YY EUR?\u201c. Ning kui \u00fctlete jah, siis lukustatakse pangakonto \u00e4ra.\u00a0<\/p>\r\n\r\n\r\n\r\n<p>Plugina hind: 99 EUR + k\u00e4ibemaks \u00fche ettev\u00f5tte kohta. 399 EUR + k\u00e4ibemaks raamatupidajale, kellel see vaja seadistada k\u00f5ikide ettev\u00f5tete l\u00f5ikes.\u00a0<\/p>\r\n","protected":false},"excerpt":{"rendered":"<p>Pangasaldo kinnitamine pangaimpordis &nbsp; Oletame, et teete pangaimpordis k\u00f5ik tehingud \u00e4ra eilse seisuga. P\u00e4rast salvestamist on pangasaldo paigas \u2013 kontrollida saab seda eraldi \u00fcle saldoaruandest. Seej\u00e4rel minge\u00a0 kontoplaani ja pange pangakonto lukku eilse seisuga.\u00a0 K\u00f5ik see on v\u00f5imalik viia otse pangaimporti: p\u00e4rast salvestamist kontrollib\u00a0 s\u00fcsteem, et eilse seisuga said k\u00f5ik tehingud salvestatud. Seej\u00e4rel k\u00fcsib s\u00fcsteem [&hellip;]<\/p>\n","protected":false},"author":3,"featured_media":0,"parent":0,"menu_order":0,"comment_status":"closed","ping_status":"closed","template":"","meta":{"_et_pb_use_builder":"","_et_pb_old_content":"","_et_gb_content_width":"","footnotes":""},"categories":[456],"tags":[858,724,665],"class_list":["post-16296","page","type-page","status-publish","hentry","category-pank","tag-pangasaldo","tag-pank","tag-saldo"],"_links":{"self":[{"href":"https:\/\/www.erplybooks.com\/et\/wp-json\/wp\/v2\/pages\/16296","targetHints":{"allow":["GET"]}}],"collection":[{"href":"https:\/\/www.erplybooks.com\/et\/wp-json\/wp\/v2\/pages"}],"about":[{"href":"https:\/\/www.erplybooks.com\/et\/wp-json\/wp\/v2\/types\/page"}],"author":[{"embeddable":true,"href":"https:\/\/www.erplybooks.com\/et\/wp-json\/wp\/v2\/users\/3"}],"replies":[{"embeddable":true,"href":"https:\/\/www.erplybooks.com\/et\/wp-json\/wp\/v2\/comments?post=16296"}],"version-history":[{"count":0,"href":"https:\/\/www.erplybooks.com\/et\/wp-json\/wp\/v2\/pages\/16296\/revisions"}],"wp:attachment":[{"href":"https:\/\/www.erplybooks.com\/et\/wp-json\/wp\/v2\/media?parent=16296"}],"wp:term":[{"taxonomy":"category","embeddable":true,"href":"https:\/\/www.erplybooks.com\/et\/wp-json\/wp\/v2\/categories?post=16296"},{"taxonomy":"post_tag","embeddable":true,"href":"https:\/\/www.erplybooks.com\/et\/wp-json\/wp\/v2\/tags?post=16296"}],"curies":[{"name":"wp","href":"https:\/\/api.w.org\/{rel}","templated":true}]}}